{"id":12090,"date":"2020-11-10T15:21:14","date_gmt":"2020-11-10T20:21:14","guid":{"rendered":"https:\/\/arvivaesthetics.com\/?page_id=12090"},"modified":"2025-09-30T15:42:05","modified_gmt":"2025-09-30T20:42:05","slug":"afiliacion","status":"publish","type":"page","link":"https:\/\/arvivaesthetics.com\/es\/membership\/","title":{"rendered":"Afiliaci\u00f3n"},"content":{"rendered":"<p>[spb_text_block animation=&#8221;none&#8221; animation_delay=&#8221;0&#8243; simplified_controls=&#8221;yes&#8221; custom_css_percentage=&#8221;no&#8221; padding_vertical=&#8221;0&#8243; padding_horizontal=&#8221;0&#8243; margin_vertical=&#8221;0&#8243; custom_css=&#8221;margin-top: 0px;margin-bottom: 0px;&#8221; border_size=&#8221;0&#8243; border_styling_global=&#8221;default&#8221; width=&#8221;1\/1&#8243; el_position=&#8221;first last&#8221;]<\/p>\n<h1 style=\"text-align: center;\">Florida MedSpa Membership<\/h1>\n<p style=\"text-align: center;\">The MedSpa membership sign-up can be done at any of our three spa locations: <a href=\"\/miami\/\">Miami<\/a>, <a href=\"\/tampa\/\">Tampa<\/a>, or <a href=\"\/ocala\/\">Ocala<\/a>.<\/p>\n<h2 style=\"text-align: center;\"><strong>Arviv VIP Membership<\/strong><\/h2>\n<p style=\"text-align: center;\">\u00a0$199 per month and get a monthly service &#8211; in addition receive 20% off all services and 10% off all products, exclusions apply*.<\/p>\n<p style=\"text-align: center;\">Excludes packages and promotional pricing.<\/p>\n<p style=\"text-align: center;\">*Available in office purchase<\/p>\n<p style=\"text-align: center;\"><a class=\"purp-btn\" href=\"\/wp-content\/uploads\/2025\/09\/UPDATED-VIP-Monthly-Agreement-9-23-25.pdf\" target=\"_blank\" rel=\"noopener\">VIP AGREEMENT 2025<\/a><\/p>\n<p><img loading=\"lazy\" decoding=\"async\" class=\"aligncenter size-full wp-image-15906\" src=\"https:\/\/arvivaesthetics.com\/wp-content\/uploads\/2023\/02\/image1.jpeg\" alt=\"image1\" width=\"1536\" height=\"2048\" srcset=\"https:\/\/arvivaesthetics.com\/wp-content\/uploads\/2023\/02\/image1.jpeg 1536w, https:\/\/arvivaesthetics.com\/wp-content\/uploads\/2023\/02\/image1-225x300.jpeg 225w, https:\/\/arvivaesthetics.com\/wp-content\/uploads\/2023\/02\/image1-768x1024.jpeg 768w, https:\/\/arvivaesthetics.com\/wp-content\/uploads\/2023\/02\/image1-1152x1536.jpeg 1152w, https:\/\/arvivaesthetics.com\/wp-content\/uploads\/2023\/02\/image1-1280x1707.jpeg 1280w, https:\/\/arvivaesthetics.com\/wp-content\/uploads\/2023\/02\/image1-1000x1333.jpeg 1000w\" sizes=\"auto, (max-width: 1536px) 100vw, 1536px\" \/><\/p>\n<p>&nbsp;<\/p>\n<p><img loading=\"lazy\" decoding=\"async\" class=\"size-full wp-image-17458\" title=\"imageedit 7 8716386514\" src=\"https:\/\/arvivaesthetics.com\/wp-content\/uploads\/2024\/05\/imageedit_7_8716386514.jpg\" alt=\"imageedit 7 8716386514\" width=\"1275\" height=\"884\" srcset=\"https:\/\/arvivaesthetics.com\/wp-content\/uploads\/2024\/05\/imageedit_7_8716386514.jpg 1275w, https:\/\/arvivaesthetics.com\/wp-content\/uploads\/2024\/05\/imageedit_7_8716386514-300x208.jpg 300w, https:\/\/arvivaesthetics.com\/wp-content\/uploads\/2024\/05\/imageedit_7_8716386514-1024x710.jpg 1024w, https:\/\/arvivaesthetics.com\/wp-content\/uploads\/2024\/05\/imageedit_7_8716386514-768x532.jpg 768w, https:\/\/arvivaesthetics.com\/wp-content\/uploads\/2024\/05\/imageedit_7_8716386514-1000x693.jpg 1000w\" sizes=\"auto, (max-width: 1275px) 100vw, 1275px\" \/><\/p>\n<p>&nbsp;<\/p>\n<p><img loading=\"lazy\" decoding=\"async\" class=\"wp-image-17456 size-full aligncenter\" src=\"https:\/\/arvivaesthetics.com\/wp-content\/uploads\/2024\/05\/VIP_Front-1-1-scaled.jpg\" alt=\"\" width=\"1176\" height=\"2560\" srcset=\"https:\/\/arvivaesthetics.com\/wp-content\/uploads\/2024\/05\/VIP_Front-1-1-scaled.jpg 1176w, https:\/\/arvivaesthetics.com\/wp-content\/uploads\/2024\/05\/VIP_Front-1-1-138x300.jpg 138w, https:\/\/arvivaesthetics.com\/wp-content\/uploads\/2024\/05\/VIP_Front-1-1-470x1024.jpg 470w, https:\/\/arvivaesthetics.com\/wp-content\/uploads\/2024\/05\/VIP_Front-1-1-768x1672.jpg 768w, https:\/\/arvivaesthetics.com\/wp-content\/uploads\/2024\/05\/VIP_Front-1-1-706x1536.jpg 706w, https:\/\/arvivaesthetics.com\/wp-content\/uploads\/2024\/05\/VIP_Front-1-1-941x2048.jpg 941w, https:\/\/arvivaesthetics.com\/wp-content\/uploads\/2024\/05\/VIP_Front-1-1-1000x2176.jpg 1000w\" sizes=\"auto, (max-width: 1176px) 100vw, 1176px\" \/><\/p>\n<p style=\"text-align: center;\"><a class=\"purp-btn\" href=\"\/wp-content\/uploads\/2025\/09\/UPDATED-VIP-Monthly-Agreement-9-23-25.pdf\" target=\"_blank\" rel=\"noopener\">VIP AGREEMENT 2025<\/a><\/p>\n<p>[\/spb_text_block] [spb_blank_spacer height=&#8221;30px&#8221; width=&#8221;1\/1&#8243; el_position=&#8221;first last&#8221;]<\/p>\n","protected":false},"excerpt":{"rendered":"<p>[spb_text_block animation=&#8221;none&#8221; animation_delay=&#8221;0&#8243; simplified_controls=&#8221;yes&#8221; custom_css_percentage=&#8221;no&#8221; padding_vertical=&#8221;0&#8243; padding_horizontal=&#8221;0&#8243; margin_vertical=&#8221;0&#8243; custom_css=&#8221;margin-top: 0px;margin-bottom: 0px;&#8221; border_size=&#8221;0&#8243; border_styling_global=&#8221;default&#8221; width=&#8221;1\/1&#8243; el_position=&#8221;first last&#8221;] Florida MedSpa Membership The MedSpa membership sign-up can be done at any of our three spa locations: Miami, Tampa, or Ocala. Arviv VIP Membership \u00a0$199 per month and get a monthly service &#8211; in addition receive 20% off all services and 10% off all [&hellip;]<\/p>\n","protected":false},"author":32,"featured_media":0,"parent":0,"menu_order":0,"comment_status":"closed","ping_status":"closed","template":"","meta":{"footnotes":""},"class_list":["post-12090","page","type-page","status-publish","hentry"],"yoast_head":"<!-- This site is optimized with the Yoast SEO plugin v27.4 - https:\/\/yoast.com\/product\/yoast-seo-wordpress\/ -->\n<title>Florida MedSpa Membership \u2013 Sign Up Today &amp; Save!<\/title>\n<meta name=\"description\" content=\"Here at Arviv Medical Aesthetics we offer memberships for our Miami, Tampa, and Ocala MedSpa locations. View the benefits and sign up today.\" \/>\n<meta name=\"robots\" content=\"index, follow, max-snippet:-1, max-image-preview:large, max-video-preview:-1\" \/>\n<link rel=\"canonical\" href=\"https:\/\/arvivaesthetics.com\/es\/afiliacion\/\" \/>\n<meta property=\"og:locale\" content=\"es_MX\" \/>\n<meta property=\"og:type\" content=\"article\" \/>\n<meta property=\"og:title\" content=\"Florida MedSpa Membership \u2013 Sign Up Today &amp; Save!\" \/>\n<meta property=\"og:description\" content=\"Here at Arviv Medical Aesthetics we offer memberships for our Miami, Tampa, and Ocala MedSpa locations. View the benefits and sign up today.\" \/>\n<meta property=\"og:url\" content=\"https:\/\/arvivaesthetics.com\/es\/afiliacion\/\" \/>\n<meta property=\"og:site_name\" content=\"Arviv Medical Aesthetics\" \/>\n<meta property=\"article:publisher\" content=\"https:\/\/www.facebook.com\/arvivmedicalaesthetics\/\" \/>\n<meta property=\"article:modified_time\" content=\"2025-09-30T20:42:05+00:00\" \/>\n<meta property=\"og:image\" content=\"https:\/\/arvivaesthetics.com\/wp-content\/uploads\/2023\/02\/image1.jpeg\" \/>\n\t<meta property=\"og:image:width\" content=\"1536\" \/>\n\t<meta property=\"og:image:height\" content=\"2048\" \/>\n\t<meta property=\"og:image:type\" content=\"image\/jpeg\" \/>\n<meta name=\"twitter:card\" content=\"summary_large_image\" \/>\n<meta name=\"twitter:site\" content=\"@ArvivAesthetics\" \/>\n<meta name=\"twitter:label1\" content=\"Tiempo de lectura\" \/>\n\t<meta name=\"twitter:data1\" content=\"4 minutos\" \/>\n<script type=\"application\/ld+json\" class=\"yoast-schema-graph\">{\"@context\":\"https:\\\/\\\/schema.org\",\"@graph\":[{\"@type\":\"WebPage\",\"@id\":\"https:\\\/\\\/arvivaesthetics.com\\\/membership\\\/\",\"url\":\"https:\\\/\\\/arvivaesthetics.com\\\/membership\\\/\",\"name\":\"Florida MedSpa Membership \u2013 Sign Up Today & Save!\",\"isPartOf\":{\"@id\":\"https:\\\/\\\/arvivaesthetics.com\\\/#website\"},\"primaryImageOfPage\":{\"@id\":\"https:\\\/\\\/arvivaesthetics.com\\\/membership\\\/#primaryimage\"},\"image\":{\"@id\":\"https:\\\/\\\/arvivaesthetics.com\\\/membership\\\/#primaryimage\"},\"thumbnailUrl\":\"https:\\\/\\\/arvivaesthetics.com\\\/wp-content\\\/uploads\\\/2023\\\/02\\\/image1.jpeg\",\"datePublished\":\"2020-11-10T20:21:14+00:00\",\"dateModified\":\"2025-09-30T20:42:05+00:00\",\"description\":\"Here at Arviv Medical Aesthetics we offer memberships for our Miami, Tampa, and Ocala MedSpa locations. View the benefits and sign up today.\",\"breadcrumb\":{\"@id\":\"https:\\\/\\\/arvivaesthetics.com\\\/membership\\\/#breadcrumb\"},\"inLanguage\":\"es\",\"potentialAction\":[{\"@type\":\"ReadAction\",\"target\":[\"https:\\\/\\\/arvivaesthetics.com\\\/membership\\\/\"]}]},{\"@type\":\"ImageObject\",\"inLanguage\":\"es\",\"@id\":\"https:\\\/\\\/arvivaesthetics.com\\\/membership\\\/#primaryimage\",\"url\":\"https:\\\/\\\/arvivaesthetics.com\\\/wp-content\\\/uploads\\\/2023\\\/02\\\/image1.jpeg\",\"contentUrl\":\"https:\\\/\\\/arvivaesthetics.com\\\/wp-content\\\/uploads\\\/2023\\\/02\\\/image1.jpeg\"},{\"@type\":\"BreadcrumbList\",\"@id\":\"https:\\\/\\\/arvivaesthetics.com\\\/membership\\\/#breadcrumb\",\"itemListElement\":[{\"@type\":\"ListItem\",\"position\":1,\"name\":\"Home\",\"item\":\"https:\\\/\\\/arvivaesthetics.com\\\/\"},{\"@type\":\"ListItem\",\"position\":2,\"name\":\"Membership\"}]},{\"@type\":\"WebSite\",\"@id\":\"https:\\\/\\\/arvivaesthetics.com\\\/#website\",\"url\":\"https:\\\/\\\/arvivaesthetics.com\\\/\",\"name\":\"Arviv Medical Aesthetics\",\"description\":\"\",\"publisher\":{\"@id\":\"https:\\\/\\\/arvivaesthetics.com\\\/#organization\"},\"potentialAction\":[{\"@type\":\"SearchAction\",\"target\":{\"@type\":\"EntryPoint\",\"urlTemplate\":\"https:\\\/\\\/arvivaesthetics.com\\\/?s={search_term_string}\"},\"query-input\":{\"@type\":\"PropertyValueSpecification\",\"valueRequired\":true,\"valueName\":\"search_term_string\"}}],\"inLanguage\":\"es\"},{\"@type\":\"Organization\",\"@id\":\"https:\\\/\\\/arvivaesthetics.com\\\/#organization\",\"name\":\"Arviv Medical Aesthetics\",\"url\":\"https:\\\/\\\/arvivaesthetics.com\\\/\",\"logo\":{\"@type\":\"ImageObject\",\"inLanguage\":\"es\",\"@id\":\"https:\\\/\\\/arvivaesthetics.com\\\/#\\\/schema\\\/logo\\\/image\\\/\",\"url\":\"https:\\\/\\\/arvivaesthetics.com\\\/wp-content\\\/uploads\\\/2016\\\/11\\\/arvivIcon.png\",\"contentUrl\":\"https:\\\/\\\/arvivaesthetics.com\\\/wp-content\\\/uploads\\\/2016\\\/11\\\/arvivIcon.png\",\"width\":86,\"height\":42,\"caption\":\"Arviv Medical Aesthetics\"},\"image\":{\"@id\":\"https:\\\/\\\/arvivaesthetics.com\\\/#\\\/schema\\\/logo\\\/image\\\/\"},\"sameAs\":[\"https:\\\/\\\/www.facebook.com\\\/arvivmedicalaesthetics\\\/\",\"https:\\\/\\\/x.com\\\/ArvivAesthetics\",\"https:\\\/\\\/www.instagram.com\\\/arviv_aesthetics\\\/\",\"https:\\\/\\\/www.youtube.com\\\/user\\\/Arvivaesthetics\"]}]}<\/script>\n<!-- \/ Yoast SEO plugin. -->","yoast_head_json":{"title":"Membres\u00eda Florida MedSpa - \u00a1Reg\u00edstrese hoy y ahorre!","description":"En Arviv Medical Aesthetics ofrecemos membres\u00edas para nuestros MedSpa de Miami, Tampa y Ocala. Vea los beneficios e inscr\u00edbase hoy.","robots":{"index":"index","follow":"follow","max-snippet":"max-snippet:-1","max-image-preview":"max-image-preview:large","max-video-preview":"max-video-preview:-1"},"canonical":"https:\/\/arvivaesthetics.com\/es\/afiliacion\/","og_locale":"es_MX","og_type":"article","og_title":"Florida MedSpa Membership \u2013 Sign Up Today & Save!","og_description":"Here at Arviv Medical Aesthetics we offer memberships for our Miami, Tampa, and Ocala MedSpa locations. View the benefits and sign up today.","og_url":"https:\/\/arvivaesthetics.com\/es\/afiliacion\/","og_site_name":"Arviv Medical Aesthetics","article_publisher":"https:\/\/www.facebook.com\/arvivmedicalaesthetics\/","article_modified_time":"2025-09-30T20:42:05+00:00","og_image":[{"width":1536,"height":2048,"url":"https:\/\/arvivaesthetics.com\/wp-content\/uploads\/2023\/02\/image1.jpeg","type":"image\/jpeg"}],"twitter_card":"summary_large_image","twitter_site":"@ArvivAesthetics","twitter_misc":{"Tiempo de lectura":"4 minutos"},"schema":{"@context":"https:\/\/schema.org","@graph":[{"@type":"WebPage","@id":"https:\/\/arvivaesthetics.com\/membership\/","url":"https:\/\/arvivaesthetics.com\/membership\/","name":"Membres\u00eda Florida MedSpa - \u00a1Reg\u00edstrese hoy y ahorre!","isPartOf":{"@id":"https:\/\/arvivaesthetics.com\/#website"},"primaryImageOfPage":{"@id":"https:\/\/arvivaesthetics.com\/membership\/#primaryimage"},"image":{"@id":"https:\/\/arvivaesthetics.com\/membership\/#primaryimage"},"thumbnailUrl":"https:\/\/arvivaesthetics.com\/wp-content\/uploads\/2023\/02\/image1.jpeg","datePublished":"2020-11-10T20:21:14+00:00","dateModified":"2025-09-30T20:42:05+00:00","description":"En Arviv Medical Aesthetics ofrecemos membres\u00edas para nuestros MedSpa de Miami, Tampa y Ocala. Vea los beneficios e inscr\u00edbase hoy.","breadcrumb":{"@id":"https:\/\/arvivaesthetics.com\/membership\/#breadcrumb"},"inLanguage":"es","potentialAction":[{"@type":"ReadAction","target":["https:\/\/arvivaesthetics.com\/membership\/"]}]},{"@type":"ImageObject","inLanguage":"es","@id":"https:\/\/arvivaesthetics.com\/membership\/#primaryimage","url":"https:\/\/arvivaesthetics.com\/wp-content\/uploads\/2023\/02\/image1.jpeg","contentUrl":"https:\/\/arvivaesthetics.com\/wp-content\/uploads\/2023\/02\/image1.jpeg"},{"@type":"BreadcrumbList","@id":"https:\/\/arvivaesthetics.com\/membership\/#breadcrumb","itemListElement":[{"@type":"ListItem","position":1,"name":"Home","item":"https:\/\/arvivaesthetics.com\/"},{"@type":"ListItem","position":2,"name":"Membership"}]},{"@type":"WebSite","@id":"https:\/\/arvivaesthetics.com\/#website","url":"https:\/\/arvivaesthetics.com\/","name":"Arviv Est\u00e9tica M\u00e9dica","description":"","publisher":{"@id":"https:\/\/arvivaesthetics.com\/#organization"},"potentialAction":[{"@type":"SearchAction","target":{"@type":"EntryPoint","urlTemplate":"https:\/\/arvivaesthetics.com\/?s={search_term_string}"},"query-input":{"@type":"PropertyValueSpecification","valueRequired":true,"valueName":"search_term_string"}}],"inLanguage":"es"},{"@type":"Organization","@id":"https:\/\/arvivaesthetics.com\/#organization","name":"Arviv Est\u00e9tica M\u00e9dica","url":"https:\/\/arvivaesthetics.com\/","logo":{"@type":"ImageObject","inLanguage":"es","@id":"https:\/\/arvivaesthetics.com\/#\/schema\/logo\/image\/","url":"https:\/\/arvivaesthetics.com\/wp-content\/uploads\/2016\/11\/arvivIcon.png","contentUrl":"https:\/\/arvivaesthetics.com\/wp-content\/uploads\/2016\/11\/arvivIcon.png","width":86,"height":42,"caption":"Arviv Medical Aesthetics"},"image":{"@id":"https:\/\/arvivaesthetics.com\/#\/schema\/logo\/image\/"},"sameAs":["https:\/\/www.facebook.com\/arvivmedicalaesthetics\/","https:\/\/x.com\/ArvivAesthetics","https:\/\/www.instagram.com\/arviv_aesthetics\/","https:\/\/www.youtube.com\/user\/Arvivaesthetics"]}]}},"_links":{"self":[{"href":"https:\/\/arvivaesthetics.com\/es\/wp-json\/wp\/v2\/pages\/12090","targetHints":{"allow":["GET"]}}],"collection":[{"href":"https:\/\/arvivaesthetics.com\/es\/wp-json\/wp\/v2\/pages"}],"about":[{"href":"https:\/\/arvivaesthetics.com\/es\/wp-json\/wp\/v2\/types\/page"}],"author":[{"embeddable":true,"href":"https:\/\/arvivaesthetics.com\/es\/wp-json\/wp\/v2\/users\/32"}],"replies":[{"embeddable":true,"href":"https:\/\/arvivaesthetics.com\/es\/wp-json\/wp\/v2\/comments?post=12090"}],"version-history":[{"count":0,"href":"https:\/\/arvivaesthetics.com\/es\/wp-json\/wp\/v2\/pages\/12090\/revisions"}],"wp:attachment":[{"href":"https:\/\/arvivaesthetics.com\/es\/wp-json\/wp\/v2\/media?parent=12090"}],"curies":[{"name":"wp","href":"https:\/\/api.w.org\/{rel}","templated":true}]}}