{"id":12527,"date":"2021-01-12T13:04:38","date_gmt":"2021-01-12T18:04:38","guid":{"rendered":"https:\/\/arvivaesthetics.com\/?page_id=12527"},"modified":"2024-02-21T02:56:41","modified_gmt":"2024-02-21T07:56:41","slug":"emsculpt-neo","status":"publish","type":"page","link":"https:\/\/arvivaesthetics.com\/es\/tampa\/emsculpt-neo\/","title":{"rendered":"Tampa EMSCULPT NEO"},"content":{"rendered":"<p>[spb_row element_name=&#8221;Row&#8221; wrap_type=&#8221;full-width-contained&#8221; row_bg_type=&#8221;color&#8221; color_row_height=&#8221;content-height&#8221; bg_type=&#8221;cover&#8221; parallax_image_height=&#8221;content-height&#8221; parallax_image_movement=&#8221;fixed&#8221; parallax_image_speed=&#8221;standard&#8221; bg_video_loop=&#8221;yes&#8221; parallax_video_height=&#8221;window-height&#8221; row_top_style=&#8221;none&#8221; row_bottom_style=&#8221;none&#8221; parallax_video_overlay=&#8221;none&#8221; row_overlay_opacity=&#8221;0&#8243; remove_element_spacing=&#8221;no&#8221; row_col_spacing=&#8221;0&#8243; row_col_pos=&#8221;default&#8221; row_col_equal_heights=&#8221;no&#8221; row_expanding=&#8221;no&#8221; row_animation=&#8221;none&#8221; row_animation_delay=&#8221;0&#8243; minimize_row=&#8221;no&#8221; simplified_controls=&#8221;yes&#8221; custom_css_percentage=&#8221;no&#8221; custom_css=&#8221;margin-top: 0px;margin-bottom: 0px;&#8221; border_styling_global=&#8221;default&#8221; width=&#8221;1\/1&#8243; el_position=&#8221;first last&#8221;] [spb_blank_spacer height=&#8221;30px&#8221; width=&#8221;1\/1&#8243; el_position=&#8221;first last&#8221;] [spb_text_block animation=&#8221;none&#8221; animation_delay=&#8221;0&#8243; simplified_controls=&#8221;yes&#8221; custom_css_percentage=&#8221;no&#8221; padding_vertical=&#8221;0&#8243; padding_horizontal=&#8221;0&#8243; margin_vertical=&#8221;0&#8243; custom_css=&#8221;margin-top: 0px;margin-bottom: 0px;&#8221; border_size=&#8221;0&#8243; border_styling_global=&#8221;default&#8221; width=&#8221;1\/1&#8243; el_position=&#8221;first last&#8221;]<\/p>\n<p style=\"text-align: left;\"><img loading=\"lazy\" decoding=\"async\" class=\"wp-image-12581 alignleft\" src=\"https:\/\/arvivaesthetics.com\/wp-content\/uploads\/2021\/01\/imageedit_19_7908546445.jpg\" alt=\"imageedit_19_7908546445\" width=\"1000\" height=\"165\" srcset=\"https:\/\/arvivaesthetics.com\/wp-content\/uploads\/2021\/01\/imageedit_19_7908546445.jpg 1275w, https:\/\/arvivaesthetics.com\/wp-content\/uploads\/2021\/01\/imageedit_19_7908546445-300x50.jpg 300w, https:\/\/arvivaesthetics.com\/wp-content\/uploads\/2021\/01\/imageedit_19_7908546445-1024x169.jpg 1024w, https:\/\/arvivaesthetics.com\/wp-content\/uploads\/2021\/01\/imageedit_19_7908546445-768x127.jpg 768w, https:\/\/arvivaesthetics.com\/wp-content\/uploads\/2021\/01\/imageedit_19_7908546445-1000x165.jpg 1000w\" sizes=\"auto, (max-width: 1000px) 100vw, 1000px\" \/><\/p>\n<p><iframe loading=\"lazy\" title=\"YouTube video player\" src=\"https:\/\/www.youtube.com\/embed\/sTPSpgqnCXA\" width=\"100%\" height=\"350\" frameborder=\"0\" allowfullscreen=\"allowfullscreen\"><span data-mce-type=\"bookmark\" style=\"display: inline-block; width: 0px; overflow: hidden; line-height: 0;\" class=\"mce_SELRES_start\">\ufeff<\/span><span data-mce-type=\"bookmark\" style=\"display: inline-block; width: 0px; overflow: hidden; line-height: 0;\" class=\"mce_SELRES_start\">\ufeff<\/span><span data-mce-type=\"bookmark\" style=\"display: inline-block; width: 0px; overflow: hidden; line-height: 0;\" class=\"mce_SELRES_start\">\ufeff<\/span><span data-mce-type=\"bookmark\" style=\"display: inline-block; width: 0px; overflow: hidden; line-height: 0;\" class=\"mce_SELRES_start\">\ufeff<\/span><span data-mce-type=\"bookmark\" style=\"display: inline-block; width: 0px; overflow: hidden; line-height: 0;\" class=\"mce_SELRES_start\">\ufeff<\/span><span data-mce-type=\"bookmark\" style=\"display: inline-block; width: 0px; overflow: hidden; line-height: 0;\" class=\"mce_SELRES_start\">\ufeff<\/span><\/iframe><\/p>\n<p>[\/spb_text_block] [spb_blank_spacer height=&#8221;30px&#8221; width=&#8221;1\/1&#8243; el_position=&#8221;first last&#8221;] [spb_text_block animation=&#8221;none&#8221; animation_delay=&#8221;0&#8243; simplified_controls=&#8221;yes&#8221; custom_css_percentage=&#8221;no&#8221; padding_vertical=&#8221;0&#8243; padding_horizontal=&#8221;0&#8243; margin_vertical=&#8221;0&#8243; custom_css=&#8221;margin-top: 0px;margin-bottom: 0px;&#8221; border_size=&#8221;0&#8243; border_styling_global=&#8221;default&#8221; width=&#8221;1\/1&#8243; el_position=&#8221;first last&#8221;]<\/p>\n<h2 style=\"text-align: left;\"><strong>1. What is EMSCULPT NEO?<\/strong><\/h2>\n<p>EMSCULPT NEO is the first and only non-invasive body-shaping procedure that uses radiofrequency heating for fat reduction and high intensity focused electromagnetic energy (HIFEM\u00ae) for muscle strengthening and toning in a 30-minute session. The end result is more fat reduction and muscle growth than any single gold-standard product, for less time and less money. Best of all, EMSCULPT NEO has a broad patient appeal as it can treat patients up to BMI 35.<\/p>\n<h2 style=\"text-align: left;\"><strong>2. How does EMSCULPT NEO\u00a0work?<\/strong><\/h2>\n<p>EMSCULPT NEO is based on an applicator simultaneously emitting synchronized RF and HIFEM+ energies. Due to the radiofrequency heating, the muscle temperature quickly raises by several degrees. This prepares muscles for exposure to stress, similar to what a warm-up activity does before any workout. In less than 4 minutes, the temperature in subcutaneous fat reaches levels that cause apoptosis, i.e. fat cells are permanently damaged and slowly removed from the body. Clinical studies showed on average a 30% reduction in subcutaneous fat. Bypassing the brain limitations, HIFEM+ energy contracts 100% of the muscle fibers in the area at intensities that are not achievable during voluntary workouts. Extreme stress forces the muscle to adapt, resulting in an increase in the number and growth of muscle fibers and cells. On average the muscle volume increases by 25%.<\/p>\n<h2 style=\"text-align: left;\"><strong>3. Who is the right candidate for EMSCULPT NEO?<\/strong><\/h2>\n<p style=\"text-align: left;\">If you can benefit from less fat and more muscle, the EMSCULPT NEO procedure may be a great fit. Ask any EMSCULPT NEO provider for more details.<\/p>\n<h2 style=\"text-align: left;\"><strong>4. What areas can be treated with EMSCULPT NEO?<\/strong><\/h2>\n<p style=\"text-align: left;\">EMSCULPT NEO can be applied over the abdomen, buttocks, thighs, arms &amp; calves.<\/p>\n<h2 style=\"text-align: left;\"><strong>5. Does EMSCULPT NEO really work?<\/strong><\/h2>\n<p style=\"text-align: left;\">Yes! EMSCULPT NEO and the embedded high-intensity magnetic field (HIFEM) technology have been clinically tested for safety and efficacy through seven clinical studies*. Moreover, 30 scientific publications make HIFEM the most intensively researched body contouring technology since its introduction in 2018.<\/p>\n<h2 style=\"text-align: left;\"><strong>6. How is the EMSCULPT NEO procedure performed?<\/strong><\/h2>\n<p style=\"text-align: left;\">EMSCULPT NEO procedure is simple and easy. There is no pre-preparation required for this procedure. You will lay down while the applicators are applied over the treatment area for 30 minutes. During the treatment, you may feel intense yet tolerable muscle contractions along with a heating sensation that is comparable to a hot stone massage. Once the procedure is completed, you can immediately get back to your daily routine.<\/p>\n<h2 style=\"text-align: left;\"><strong>7. What is the protocol for EMSCULPT NEO?<\/strong><\/h2>\n<p style=\"text-align: left;\">Protocol for EMSCULPT NEO is usually four 30-minute treatments, scheduled 5-10 days apart. Consult your provider for details.<\/p>\n<h2><strong>8. How long does it take to see the final result of the EMSCULPT NEO procedure?<\/strong><\/h2>\n<p>Each patient\u2019s results may vary but the best time to see the final results is in 3 months after the last treatment.<\/p>\n<h2><strong>9. What is the downtime of EMSCULPT NEO?<\/strong><\/h2>\n<p>There is no downtime with this procedure. You can get back to your daily routine right after the treatment.<\/p>\n<h2><strong>10. Is EMSCULPT NEO suitable for patients with BMI up to 35?<\/strong><\/h2>\n<p>YES! EMSCULPT NEO can treat patients with BMI up to 35.<\/p>\n<h2><strong>11. What happens to the fat that is eliminated by the EMSCULPT NEO procedure? Will the fat come back?<\/strong><\/h2>\n<p>After the treatment, the dead fat cells are flushed out from the body through metabolic processes. The rest is flushed out by the body.<\/p>\n<h2><strong>12. Are there any special supplements or diets I need to follow before or after the EMSCULPT NEO treatment?<\/strong><\/h2>\n<p>EMSCULPT NEO treatment does not require any pre-treatment preparations. You can resume your regular lifestyle right after the treatment. It is recommended to follow a healthy lifestyle, balanced diet, and proper hydration for best results.<\/p>\n<h2>1<strong>3. Will I lose weight with EMSCULPT NEO?<\/strong><\/h2>\n<p>No, the EMSCULPT NEO procedure does not help with weight reduction. The therapy helps reduce your fat and build your muscles.<\/p>\n<h2><strong>14. Is EMSCULPT NEO painful?<\/strong><\/h2>\n<p>EMSCULPT NEO treatments may feel intense but should never be painful.<\/p>\n<h2><strong>15. How does EMSCULPT NEO compare to liposuction and non-invasive device alternatives?<\/strong><\/h2>\n<p>Liposuction cannot be compared with EMSCULPT NEO as EMSCULPT NEO is a completely non-invasive procedure. It\u00a0does not require surgery, needles, anesthesia, or any downtime. There is no other device in the aesthetic field that treats both fat and muscle in a single treatment.<\/p>\n<h2><strong>16. What if the patient has a lower BMI and is interested only in muscle building?<\/strong><\/h2>\n<p>Is there a benefit for EMSCULPT NEO\u00b4s slimmer patients? Even slimmer patients interested in muscle building can enjoy significant benefits when using the EMSCULPT NEO. Clinical studies showed on average a 25% growth in muscle mass.<\/p>\n<p>&nbsp;<\/p>\n<p>[\/spb_text_block] [spb_button button_text=&#8221;Call Us Now&#8221; button_size=&#8221;standard&#8221; button_colour=&#8221;accent&#8221; button_type=&#8221;standard&#8221; rounded=&#8221;no&#8221; button_dropshadow=&#8221;no&#8221; button_link=&#8221;tel:+18138550111&#8243; button_target=&#8221;_self&#8221; align=&#8221;left&#8221; animation=&#8221;none&#8221; animation_delay=&#8221;0&#8243; width=&#8221;1\/1&#8243; el_position=&#8221;first last&#8221;] [spb_blank_spacer height=&#8221;30px&#8221; width=&#8221;1\/1&#8243; el_position=&#8221;first last&#8221;] [spb_blank_spacer height=&#8221;30px&#8221; width=&#8221;1\/1&#8243; el_position=&#8221;first last&#8221;] [spb_text_block animation=&#8221;none&#8221; animation_delay=&#8221;0&#8243; simplified_controls=&#8221;yes&#8221; custom_css_percentage=&#8221;no&#8221; padding_vertical=&#8221;0&#8243; padding_horizontal=&#8221;0&#8243; margin_vertical=&#8221;0&#8243; custom_css=&#8221;margin-top: 0px;margin-bottom: 0px;&#8221; border_size=&#8221;0&#8243; border_styling_global=&#8221;default&#8221; width=&#8221;1\/2&#8243; el_position=&#8221;first&#8221;]<\/p>\n<p><img loading=\"lazy\" decoding=\"async\" class=\"size-medium wp-image-14143 alignleft\" src=\"https:\/\/arvivaesthetics.com\/wp-content\/uploads\/2021\/08\/IMG_3082-300x199.png\" alt=\"EMSCULPT NEO\" width=\"300\" height=\"199\" srcset=\"https:\/\/arvivaesthetics.com\/wp-content\/uploads\/2021\/08\/IMG_3082-300x199.png 300w, https:\/\/arvivaesthetics.com\/wp-content\/uploads\/2021\/08\/IMG_3082.png 600w\" sizes=\"auto, (max-width: 300px) 100vw, 300px\" \/><\/p>\n<p>[\/spb_text_block] [spb_raw_html width=&#8221;1\/2&#8243; el_position=&#8221;last&#8221;]JTNDcCUyMHN0eWxlJTNEJTIydGV4dC1hbGlnbiUzQSUyMGxlZnQlM0IlMjBwYWRkaW5nLXJpZ2h0JTNBJTIwMjBweCUzQiUyMiUzRSUzQ2lmcmFtZSUyMHdpZHRoJTNEJTIyMTAwJTI1JTIyJTIwaGVpZ2h0JTNEJTIyMzIwJTIyJTIwc3JjJTNEJTIyaHR0cHMlM0ElMkYlMkZ3d3cueW91dHViZS5jb20lMkZlbWJlZCUyRnFRb0RtdzFKZTIwJTIyJTIwdGl0bGUlM0QlMjJZb3VUdWJlJTIwdmlkZW8lMjBwbGF5ZXIlMjIlMjBmcmFtZWJvcmRlciUzRCUyMjAlMjIlMjBhbGxvdyUzRCUyMmFjY2VsZXJvbWV0ZXIlM0IlMjBhdXRvcGxheSUzQiUyMGNsaXBib2FyZC13cml0ZSUzQiUyMGVuY3J5cHRlZC1tZWRpYSUzQiUyMGd5cm9zY29wZSUzQiUyMHBpY3R1cmUtaW4tcGljdHVyZSUyMiUyMGFsbG93ZnVsbHNjcmVlbiUzRSUzQyUyRmlmcmFtZSUzRSUzQyUyRnAlM0U=[\/spb_raw_html] [spb_blank_spacer height=&#8221;30px&#8221; width=&#8221;1\/1&#8243; el_position=&#8221;first last&#8221;] [\/spb_row]<\/p>\n","protected":false},"excerpt":{"rendered":"<p>[spb_row element_name=&#8221;Row&#8221; wrap_type=&#8221;full-width-contained&#8221; row_bg_type=&#8221;color&#8221; color_row_height=&#8221;content-height&#8221; bg_type=&#8221;cover&#8221; parallax_image_height=&#8221;content-height&#8221; parallax_image_movement=&#8221;fixed&#8221; parallax_image_speed=&#8221;standard&#8221; bg_video_loop=&#8221;yes&#8221; parallax_video_height=&#8221;window-height&#8221; row_top_style=&#8221;none&#8221; row_bottom_style=&#8221;none&#8221; parallax_video_overlay=&#8221;none&#8221; row_overlay_opacity=&#8221;0&#8243; remove_element_spacing=&#8221;no&#8221; row_col_spacing=&#8221;0&#8243; row_col_pos=&#8221;default&#8221; row_col_equal_heights=&#8221;no&#8221; row_expanding=&#8221;no&#8221; row_animation=&#8221;none&#8221; row_animation_delay=&#8221;0&#8243; minimize_row=&#8221;no&#8221; simplified_controls=&#8221;yes&#8221; custom_css_percentage=&#8221;no&#8221; custom_css=&#8221;margin-top: 0px;margin-bottom: 0px;&#8221; border_styling_global=&#8221;default&#8221; width=&#8221;1\/1&#8243; el_position=&#8221;first last&#8221;] [spb_blank_spacer height=&#8221;30px&#8221; width=&#8221;1\/1&#8243; el_position=&#8221;first last&#8221;] [spb_text_block animation=&#8221;none&#8221; animation_delay=&#8221;0&#8243; simplified_controls=&#8221;yes&#8221; custom_css_percentage=&#8221;no&#8221; padding_vertical=&#8221;0&#8243; padding_horizontal=&#8221;0&#8243; margin_vertical=&#8221;0&#8243; custom_css=&#8221;margin-top: 0px;margin-bottom: 0px;&#8221; border_size=&#8221;0&#8243; border_styling_global=&#8221;default&#8221; width=&#8221;1\/1&#8243; el_position=&#8221;first last&#8221;] \ufeff\ufeff\ufeff\ufeff\ufeff\ufeff [\/spb_text_block] [spb_blank_spacer height=&#8221;30px&#8221; width=&#8221;1\/1&#8243; el_position=&#8221;first last&#8221;] [&hellip;]<\/p>\n","protected":false},"author":32,"featured_media":0,"parent":171,"menu_order":0,"comment_status":"closed","ping_status":"closed","template":"","meta":{"footnotes":""},"class_list":["post-12527","page","type-page","status-publish","hentry"],"yoast_head":"<!-- This site is optimized with the Yoast SEO plugin v27.5 - https:\/\/yoast.com\/product\/yoast-seo-wordpress\/ -->\n<title>Emsculpt Neo\u00ae Tampa, FL Non-Surgical Fat Removal | Arviv Medical Aesthetics<\/title>\n<meta name=\"description\" content=\"Arviv Medical Aesthetics offers Emsculpt Neo\u00ae in Tampa, FL - a body shaping technique to reduce fat &amp; build muscle for toned abs + non-surgical butt lift.\" \/>\n<meta name=\"robots\" content=\"index, follow, max-snippet:-1, max-image-preview:large, max-video-preview:-1\" \/>\n<link rel=\"canonical\" href=\"https:\/\/arvivaesthetics.com\/es\/tampa\/emsculpt-neo\/\" \/>\n<meta property=\"og:locale\" content=\"es_MX\" \/>\n<meta property=\"og:type\" content=\"article\" \/>\n<meta property=\"og:title\" content=\"Emsculpt Neo\u00ae Tampa, FL Non-Surgical Fat Removal | Arviv Medical Aesthetics\" \/>\n<meta property=\"og:description\" content=\"Arviv Medical Aesthetics offers Emsculpt Neo\u00ae in Tampa, FL - a body shaping technique to reduce fat &amp; build muscle for toned abs + non-surgical butt lift.\" \/>\n<meta property=\"og:url\" content=\"https:\/\/arvivaesthetics.com\/es\/tampa\/emsculpt-neo\/\" \/>\n<meta property=\"og:site_name\" content=\"Arviv Medical Aesthetics\" \/>\n<meta property=\"article:publisher\" content=\"https:\/\/www.facebook.com\/arvivmedicalaesthetics\/\" \/>\n<meta property=\"article:modified_time\" content=\"2024-02-21T07:56:41+00:00\" \/>\n<meta property=\"og:image\" content=\"https:\/\/arvivaesthetics.com\/wp-content\/uploads\/2021\/01\/imageedit_19_7908546445.jpg\" \/>\n<meta name=\"twitter:card\" content=\"summary_large_image\" \/>\n<meta name=\"twitter:site\" content=\"@ArvivAesthetics\" \/>\n<meta name=\"twitter:label1\" content=\"Tiempo de lectura\" \/>\n\t<meta name=\"twitter:data1\" content=\"5 minutos\" \/>\n<script type=\"application\/ld+json\" class=\"yoast-schema-graph\">{\"@context\":\"https:\\\/\\\/schema.org\",\"@graph\":[{\"@type\":\"WebPage\",\"@id\":\"https:\\\/\\\/arvivaesthetics.com\\\/tampa\\\/emsculpt-neo\\\/\",\"url\":\"https:\\\/\\\/arvivaesthetics.com\\\/tampa\\\/emsculpt-neo\\\/\",\"name\":\"Emsculpt Neo\u00ae Tampa, FL Non-Surgical Fat Removal | Arviv Medical Aesthetics\",\"isPartOf\":{\"@id\":\"https:\\\/\\\/arvivaesthetics.com\\\/#website\"},\"primaryImageOfPage\":{\"@id\":\"https:\\\/\\\/arvivaesthetics.com\\\/tampa\\\/emsculpt-neo\\\/#primaryimage\"},\"image\":{\"@id\":\"https:\\\/\\\/arvivaesthetics.com\\\/tampa\\\/emsculpt-neo\\\/#primaryimage\"},\"thumbnailUrl\":\"https:\\\/\\\/arvivaesthetics.com\\\/wp-content\\\/uploads\\\/2021\\\/01\\\/imageedit_19_7908546445.jpg\",\"datePublished\":\"2021-01-12T18:04:38+00:00\",\"dateModified\":\"2024-02-21T07:56:41+00:00\",\"description\":\"Arviv Medical Aesthetics offers Emsculpt Neo\u00ae in Tampa, FL - a body shaping technique to reduce fat & build muscle for toned abs + non-surgical butt lift.\",\"breadcrumb\":{\"@id\":\"https:\\\/\\\/arvivaesthetics.com\\\/tampa\\\/emsculpt-neo\\\/#breadcrumb\"},\"inLanguage\":\"es\",\"potentialAction\":[{\"@type\":\"ReadAction\",\"target\":[\"https:\\\/\\\/arvivaesthetics.com\\\/tampa\\\/emsculpt-neo\\\/\"]}]},{\"@type\":\"ImageObject\",\"inLanguage\":\"es\",\"@id\":\"https:\\\/\\\/arvivaesthetics.com\\\/tampa\\\/emsculpt-neo\\\/#primaryimage\",\"url\":\"https:\\\/\\\/arvivaesthetics.com\\\/wp-content\\\/uploads\\\/2021\\\/01\\\/imageedit_19_7908546445.jpg\",\"contentUrl\":\"https:\\\/\\\/arvivaesthetics.com\\\/wp-content\\\/uploads\\\/2021\\\/01\\\/imageedit_19_7908546445.jpg\"},{\"@type\":\"BreadcrumbList\",\"@id\":\"https:\\\/\\\/arvivaesthetics.com\\\/tampa\\\/emsculpt-neo\\\/#breadcrumb\",\"itemListElement\":[{\"@type\":\"ListItem\",\"position\":1,\"name\":\"Home\",\"item\":\"https:\\\/\\\/arvivaesthetics.com\\\/\"},{\"@type\":\"ListItem\",\"position\":2,\"name\":\"Tampa Med Spa for Injectables &#038; Cosmetic Treatments\",\"item\":\"https:\\\/\\\/arvivaesthetics.com\\\/tampa\\\/\"},{\"@type\":\"ListItem\",\"position\":3,\"name\":\"Tampa EMSCULPT NEO\u00ae\"}]},{\"@type\":\"WebSite\",\"@id\":\"https:\\\/\\\/arvivaesthetics.com\\\/#website\",\"url\":\"https:\\\/\\\/arvivaesthetics.com\\\/\",\"name\":\"Arviv Medical Aesthetics\",\"description\":\"\",\"publisher\":{\"@id\":\"https:\\\/\\\/arvivaesthetics.com\\\/#organization\"},\"potentialAction\":[{\"@type\":\"SearchAction\",\"target\":{\"@type\":\"EntryPoint\",\"urlTemplate\":\"https:\\\/\\\/arvivaesthetics.com\\\/?s={search_term_string}\"},\"query-input\":{\"@type\":\"PropertyValueSpecification\",\"valueRequired\":true,\"valueName\":\"search_term_string\"}}],\"inLanguage\":\"es\"},{\"@type\":\"Organization\",\"@id\":\"https:\\\/\\\/arvivaesthetics.com\\\/#organization\",\"name\":\"Arviv Medical Aesthetics\",\"url\":\"https:\\\/\\\/arvivaesthetics.com\\\/\",\"logo\":{\"@type\":\"ImageObject\",\"inLanguage\":\"es\",\"@id\":\"https:\\\/\\\/arvivaesthetics.com\\\/#\\\/schema\\\/logo\\\/image\\\/\",\"url\":\"https:\\\/\\\/arvivaesthetics.com\\\/wp-content\\\/uploads\\\/2016\\\/11\\\/arvivIcon.png\",\"contentUrl\":\"https:\\\/\\\/arvivaesthetics.com\\\/wp-content\\\/uploads\\\/2016\\\/11\\\/arvivIcon.png\",\"width\":86,\"height\":42,\"caption\":\"Arviv Medical Aesthetics\"},\"image\":{\"@id\":\"https:\\\/\\\/arvivaesthetics.com\\\/#\\\/schema\\\/logo\\\/image\\\/\"},\"sameAs\":[\"https:\\\/\\\/www.facebook.com\\\/arvivmedicalaesthetics\\\/\",\"https:\\\/\\\/x.com\\\/ArvivAesthetics\",\"https:\\\/\\\/www.instagram.com\\\/arviv_aesthetics\\\/\",\"https:\\\/\\\/www.youtube.com\\\/user\\\/Arvivaesthetics\"]}]}<\/script>\n<!-- \/ Yoast SEO plugin. -->","yoast_head_json":{"title":"Emsculpt Neo\u00ae Tampa, FL Eliminaci\u00f3n de Grasa No Quir\u00fargica | Arviv Medical Aesthetics","description":"Arviv Medical Aesthetics ofrece Emsculpt Neo \u00ae en Tampa, FL - una t\u00e9cnica de modelado corporal para reducir la grasa y construir m\u00fasculo para abdominales tonificados + levantamiento de gl\u00fateos no quir\u00fargico.","robots":{"index":"index","follow":"follow","max-snippet":"max-snippet:-1","max-image-preview":"max-image-preview:large","max-video-preview":"max-video-preview:-1"},"canonical":"https:\/\/arvivaesthetics.com\/es\/tampa\/emsculpt-neo\/","og_locale":"es_MX","og_type":"article","og_title":"Emsculpt Neo\u00ae Tampa, FL Non-Surgical Fat Removal | Arviv Medical Aesthetics","og_description":"Arviv Medical Aesthetics offers Emsculpt Neo\u00ae in Tampa, FL - a body shaping technique to reduce fat & build muscle for toned abs + non-surgical butt lift.","og_url":"https:\/\/arvivaesthetics.com\/es\/tampa\/emsculpt-neo\/","og_site_name":"Arviv Medical Aesthetics","article_publisher":"https:\/\/www.facebook.com\/arvivmedicalaesthetics\/","article_modified_time":"2024-02-21T07:56:41+00:00","og_image":[{"url":"https:\/\/arvivaesthetics.com\/wp-content\/uploads\/2021\/01\/imageedit_19_7908546445.jpg","type":"","width":"","height":""}],"twitter_card":"summary_large_image","twitter_site":"@ArvivAesthetics","twitter_misc":{"Tiempo de lectura":"5 minutos"},"schema":{"@context":"https:\/\/schema.org","@graph":[{"@type":"WebPage","@id":"https:\/\/arvivaesthetics.com\/tampa\/emsculpt-neo\/","url":"https:\/\/arvivaesthetics.com\/tampa\/emsculpt-neo\/","name":"Emsculpt Neo\u00ae Tampa, FL Eliminaci\u00f3n de Grasa No Quir\u00fargica | Arviv Medical Aesthetics","isPartOf":{"@id":"https:\/\/arvivaesthetics.com\/#website"},"primaryImageOfPage":{"@id":"https:\/\/arvivaesthetics.com\/tampa\/emsculpt-neo\/#primaryimage"},"image":{"@id":"https:\/\/arvivaesthetics.com\/tampa\/emsculpt-neo\/#primaryimage"},"thumbnailUrl":"https:\/\/arvivaesthetics.com\/wp-content\/uploads\/2021\/01\/imageedit_19_7908546445.jpg","datePublished":"2021-01-12T18:04:38+00:00","dateModified":"2024-02-21T07:56:41+00:00","description":"Arviv Medical Aesthetics ofrece Emsculpt Neo \u00ae en Tampa, FL - una t\u00e9cnica de modelado corporal para reducir la grasa y construir m\u00fasculo para abdominales tonificados + levantamiento de gl\u00fateos no quir\u00fargico.","breadcrumb":{"@id":"https:\/\/arvivaesthetics.com\/tampa\/emsculpt-neo\/#breadcrumb"},"inLanguage":"es","potentialAction":[{"@type":"ReadAction","target":["https:\/\/arvivaesthetics.com\/tampa\/emsculpt-neo\/"]}]},{"@type":"ImageObject","inLanguage":"es","@id":"https:\/\/arvivaesthetics.com\/tampa\/emsculpt-neo\/#primaryimage","url":"https:\/\/arvivaesthetics.com\/wp-content\/uploads\/2021\/01\/imageedit_19_7908546445.jpg","contentUrl":"https:\/\/arvivaesthetics.com\/wp-content\/uploads\/2021\/01\/imageedit_19_7908546445.jpg"},{"@type":"BreadcrumbList","@id":"https:\/\/arvivaesthetics.com\/tampa\/emsculpt-neo\/#breadcrumb","itemListElement":[{"@type":"ListItem","position":1,"name":"Home","item":"https:\/\/arvivaesthetics.com\/"},{"@type":"ListItem","position":2,"name":"Tampa Med Spa for Injectables &#038; Cosmetic Treatments","item":"https:\/\/arvivaesthetics.com\/tampa\/"},{"@type":"ListItem","position":3,"name":"Tampa EMSCULPT NEO\u00ae"}]},{"@type":"WebSite","@id":"https:\/\/arvivaesthetics.com\/#website","url":"https:\/\/arvivaesthetics.com\/","name":"Arviv Est\u00e9tica M\u00e9dica","description":"","publisher":{"@id":"https:\/\/arvivaesthetics.com\/#organization"},"potentialAction":[{"@type":"SearchAction","target":{"@type":"EntryPoint","urlTemplate":"https:\/\/arvivaesthetics.com\/?s={search_term_string}"},"query-input":{"@type":"PropertyValueSpecification","valueRequired":true,"valueName":"search_term_string"}}],"inLanguage":"es"},{"@type":"Organization","@id":"https:\/\/arvivaesthetics.com\/#organization","name":"Arviv Est\u00e9tica M\u00e9dica","url":"https:\/\/arvivaesthetics.com\/","logo":{"@type":"ImageObject","inLanguage":"es","@id":"https:\/\/arvivaesthetics.com\/#\/schema\/logo\/image\/","url":"https:\/\/arvivaesthetics.com\/wp-content\/uploads\/2016\/11\/arvivIcon.png","contentUrl":"https:\/\/arvivaesthetics.com\/wp-content\/uploads\/2016\/11\/arvivIcon.png","width":86,"height":42,"caption":"Arviv Medical Aesthetics"},"image":{"@id":"https:\/\/arvivaesthetics.com\/#\/schema\/logo\/image\/"},"sameAs":["https:\/\/www.facebook.com\/arvivmedicalaesthetics\/","https:\/\/x.com\/ArvivAesthetics","https:\/\/www.instagram.com\/arviv_aesthetics\/","https:\/\/www.youtube.com\/user\/Arvivaesthetics"]}]}},"_links":{"self":[{"href":"https:\/\/arvivaesthetics.com\/es\/wp-json\/wp\/v2\/pages\/12527","targetHints":{"allow":["GET"]}}],"collection":[{"href":"https:\/\/arvivaesthetics.com\/es\/wp-json\/wp\/v2\/pages"}],"about":[{"href":"https:\/\/arvivaesthetics.com\/es\/wp-json\/wp\/v2\/types\/page"}],"author":[{"embeddable":true,"href":"https:\/\/arvivaesthetics.com\/es\/wp-json\/wp\/v2\/users\/32"}],"replies":[{"embeddable":true,"href":"https:\/\/arvivaesthetics.com\/es\/wp-json\/wp\/v2\/comments?post=12527"}],"version-history":[{"count":0,"href":"https:\/\/arvivaesthetics.com\/es\/wp-json\/wp\/v2\/pages\/12527\/revisions"}],"up":[{"embeddable":true,"href":"https:\/\/arvivaesthetics.com\/es\/wp-json\/wp\/v2\/pages\/171"}],"wp:attachment":[{"href":"https:\/\/arvivaesthetics.com\/es\/wp-json\/wp\/v2\/media?parent=12527"}],"curies":[{"name":"wp","href":"https:\/\/api.w.org\/{rel}","templated":true}]}}