{"id":13592,"date":"2021-06-07T12:13:33","date_gmt":"2021-06-07T17:13:33","guid":{"rendered":"https:\/\/arvivaesthetics.com\/?page_id=13592"},"modified":"2025-12-19T16:44:11","modified_gmt":"2025-12-19T21:44:11","slug":"relleno-restylane","status":"publish","type":"page","link":"https:\/\/arvivaesthetics.com\/es\/miami\/restylane-filler\/","title":{"rendered":"Restylane\u00ae en Miami, FL"},"content":{"rendered":"<p>[spb_row element_name=&#8221;Row&#8221; wrap_type=&#8221;full-width-stretch&#8221; row_bg_type=&#8221;color&#8221; color_row_height=&#8221;content-height&#8221; bg_type=&#8221;cover&#8221; parallax_image_height=&#8221;content-height&#8221; parallax_image_movement=&#8221;fixed&#8221; parallax_image_speed=&#8221;standard&#8221; bg_video_loop=&#8221;yes&#8221; parallax_video_height=&#8221;window-height&#8221; row_top_style=&#8221;none&#8221; row_bottom_style=&#8221;none&#8221; parallax_video_overlay=&#8221;none&#8221; row_overlay_opacity=&#8221;0&#8243; remove_element_spacing=&#8221;no&#8221; row_col_spacing=&#8221;0&#8243; row_col_pos=&#8221;default&#8221; row_col_equal_heights=&#8221;no&#8221; row_expanding=&#8221;no&#8221; row_animation=&#8221;none&#8221; row_animation_delay=&#8221;0&#8243; minimize_row=&#8221;no&#8221; simplified_controls=&#8221;yes&#8221; custom_css_percentage=&#8221;no&#8221; custom_css=&#8221;margin-top: 0px;margin-bottom: 0px;&#8221; border_styling_global=&#8221;default&#8221; width=&#8221;1\/1&#8243; el_position=&#8221;first last&#8221;] [spb_text_block animation=&#8221;none&#8221; animation_delay=&#8221;0&#8243; simplified_controls=&#8221;yes&#8221; custom_css_percentage=&#8221;no&#8221; padding_vertical=&#8221;0&#8243; padding_horizontal=&#8221;0&#8243; margin_vertical=&#8221;0&#8243; custom_css=&#8221;margin-top: 0px;margin-bottom: 0px;&#8221; border_size=&#8221;0&#8243; border_styling_global=&#8221;default&#8221; width=&#8221;1\/1&#8243; el_position=&#8221;first last&#8221;]<\/p>\n<div class=\"first-image-wrapper\"><img loading=\"lazy\" decoding=\"async\" class=\"aligncenter size-full wp-image-249\" src=\"https:\/\/arvivaesthetics.com\/wp-content\/uploads\/2016\/11\/injectables-2.jpg\" alt=\"co2_header\" width=\"1920\" height=\"683\" \/><\/div>\n<p>[\/spb_text_block] [\/spb_row] [spb_row element_name=&#8221;Row&#8221; wrap_type=&#8221;full-width-stretch&#8221; row_bg_type=&#8221;color&#8221; row_bg_color=&#8221;#3fbbc3&#8243; color_row_height=&#8221;content-height&#8221; bg_type=&#8221;cover&#8221; parallax_image_height=&#8221;content-height&#8221; parallax_image_movement=&#8221;fixed&#8221; parallax_image_speed=&#8221;standard&#8221; bg_video_loop=&#8221;yes&#8221; parallax_video_height=&#8221;window-height&#8221; row_top_style=&#8221;none&#8221; row_bottom_style=&#8221;none&#8221; parallax_video_overlay=&#8221;none&#8221; row_overlay_opacity=&#8221;0&#8243; remove_element_spacing=&#8221;no&#8221; row_col_spacing=&#8221;0&#8243; row_col_pos=&#8221;default&#8221; row_col_equal_heights=&#8221;no&#8221; row_expanding=&#8221;no&#8221; row_animation=&#8221;none&#8221; row_animation_delay=&#8221;0&#8243; minimize_row=&#8221;no&#8221; simplified_controls=&#8221;yes&#8221; custom_css_percentage=&#8221;no&#8221; custom_css=&#8221;margin-top: 0px;margin-bottom: 0px;&#8221; border_styling_global=&#8221;default&#8221; width=&#8221;1\/1&#8243; el_position=&#8221;first last&#8221;] [spb_text_block animation=&#8221;none&#8221; animation_delay=&#8221;0&#8243; simplified_controls=&#8221;yes&#8221; custom_css_percentage=&#8221;no&#8221; padding_vertical=&#8221;0&#8243; padding_horizontal=&#8221;0&#8243; margin_vertical=&#8221;0&#8243; custom_css=&#8221;margin-top: 0px;margin-bottom: 0px;&#8221; border_size=&#8221;0&#8243; border_styling_global=&#8221;default&#8221; width=&#8221;1\/1&#8243; el_position=&#8221;first last&#8221;]<\/p>\n<h3 class=\"service-titles\">Call (813) 855-0111 to schedule your consultation at our Miami office.<\/h3>\n<p>[\/spb_text_block] [\/spb_row] [spb_text_block animation=&#8221;none&#8221; animation_delay=&#8221;0&#8243; simplified_controls=&#8221;yes&#8221; custom_css_percentage=&#8221;no&#8221; padding_vertical=&#8221;0&#8243; padding_horizontal=&#8221;0&#8243; margin_vertical=&#8221;0&#8243; custom_css=&#8221;margin-top: 0px;margin-bottom: 0px;&#8221; border_size=&#8221;0&#8243; border_styling_global=&#8221;default&#8221; width=&#8221;1\/1&#8243; el_position=&#8221;first last&#8221;]<\/p>\n<div class=\"service-spacer\"><\/div>\n<p>[\/spb_text_block] [spb_text_block animation=&#8221;none&#8221; animation_delay=&#8221;0&#8243; simplified_controls=&#8221;yes&#8221; custom_css_percentage=&#8221;no&#8221; padding_vertical=&#8221;0&#8243; padding_horizontal=&#8221;87&#8243; margin_vertical=&#8221;0&#8243; custom_css=&#8221;margin-top: 0px;margin-bottom: 0px;padding-left: 87px;padding-right: 87px;&#8221; border_size=&#8221;0&#8243; border_styling_global=&#8221;default&#8221; width=&#8221;1\/2&#8243; el_position=&#8221;first&#8221;]<\/p>\n<h2>What Is Restylane\u00ae?<\/h2>\n<p>Restylane\u00ae is an injectable filler made with hyaluronic acid, a naturally occurring substance in your body. It is used to correct many issues, from dark undereye circles and wrinkles and fine lines to places that have lost volume over time, like the lips or back of the hands. Talk to Dr. Arviv about your concerns to see which type of Restylane\u00ae in Miami is right for you.<\/p>\n<h2>Restylane\u00ae Candidates<\/h2>\n<p>The ideal candidates for Restylane\u00ae Miami are in good health, over the age of 22, and have these concerns:<\/p>\n<ul>\n<li>Aging of the face<\/li>\n<li>Thinning skin on the face<\/li>\n<li>Under eye bags<\/li>\n<li>Under eye hollowness or sunken appearance<\/li>\n<\/ul>\n<p>[\/spb_text_block] [spb_image image=&#8221;13594&#8243; image_size=&#8221;full&#8221; frame=&#8221;noframe&#8221; caption_pos=&#8221;hover&#8221; remove_rounded=&#8221;yes&#8221; fullwidth=&#8221;no&#8221; overflow_mode=&#8221;none&#8221; link_target=&#8221;_self&#8221; lightbox=&#8221;no&#8221; intro_animation=&#8221;none&#8221; animation_delay=&#8221;200&#8243; width=&#8221;1\/2&#8243; el_position=&#8221;last&#8221;][\/spb_image] [spb_text_block animation=&#8221;none&#8221; animation_delay=&#8221;0&#8243; simplified_controls=&#8221;yes&#8221; custom_css_percentage=&#8221;no&#8221; padding_vertical=&#8221;0&#8243; padding_horizontal=&#8221;0&#8243; margin_vertical=&#8221;0&#8243; custom_css=&#8221;margin-top: 0px;margin-bottom: 0px;&#8221; border_size=&#8221;0&#8243; border_styling_global=&#8221;default&#8221; width=&#8221;1\/1&#8243; el_position=&#8221;first last&#8221;]<\/p>\n<h2>Restylane\u00ae Procedure<\/h2>\n<p>At your consultation, you&#8217;ll discuss your concerns with Dr. Arviv. After examining and discussing risks and benefits, you&#8217;ll receive a treatment plan for the appropriate Restylane\u00ae products for your particular needs.<\/p>\n<h3>How Does Restylane\u00ae Work?<\/h3>\n<p>Restylane\u00ae works by restoring volume beneath your skin where collagen and other tissue have been lost. The hyaluronic acid in Restylane\u00ae adheres to the skin while the water provides increased volume. The result is younger, fuller, smoother skin.<\/p>\n<h3>Restylane and Hyaluronic Acid<\/h3>\n<p>Restylane\u00ae is a hyaluronic acid filler that can restore the natural-looking fullness of youth in aging skin. Though hyaluronic acid is naturally produced in the body, it decreases over time. Restylane\u00ae provides fullness, elasticity, and hydration.<\/p>\n<h3>The Restylane\u00ae Filler Types Available<\/h3>\n<p>At Arviv Medical Aesthetics in Miami, FL, we offer:<\/p>\n<ul>\n<li style=\"font-weight: 400;\" aria-level=\"1\">Restylane\u00ae<\/li>\n<li style=\"font-weight: 400;\" aria-level=\"1\">Restylane\u00ae Kysse<\/li>\n<li style=\"font-weight: 400;\" aria-level=\"1\">Restylane\u00ae Silk<\/li>\n<li style=\"font-weight: 400;\" aria-level=\"1\">Restylane\u00ae Lyft<\/li>\n<li style=\"font-weight: 400;\" aria-level=\"1\">Restylane\u00ae Defyne<\/li>\n<li style=\"font-weight: 400;\" aria-level=\"1\">Restylane\u00ae Refyne<\/li>\n<\/ul>\n<h3>Restylane\u00ae for Facial Aging and Enhancements<\/h3>\n<p>Dr. Tali Arviv recommends Restylane\u00ae for use when inevitable signs of aging appear. It is highly effective for the lines around the mouth, lips, nasolabial folds, dark circles, and more.<\/p>\n<h3>Non-Surgical Nose Jobs Using Restylane\u00ae<\/h3>\n<p>A liquid rhinoplasty or non-surgical nose job is possible with Restylane\u00ae. Rather than using surgery, Restylane\u00ae can be injected to correct the appearance of depressions, bumps, or other issues.<\/p>\n<h3>Restylane\u00ae Kysse For Lip Augmentation and Mouth Wrinkles<\/h3>\n<p>Restylane\u00ae Kysse has XpresHan Technology that allows you to maintain natural expression while getting all the aesthetic benefits of a filler. Restylane\u00ae Kysse helps with the volume, texture, definition of the cupid&#8217;s bow.<\/p>\n<h3>Restylane\u00ae Silk for Lip Augmentation and Mouth Wrinkles<\/h3>\n<p>Restylane\u00ae Silk is used to treat wrinkles around the lips and lip thinning. When used for the lips, it improves fullness, projection, shape, and symmetry.<\/p>\n<h3>Restylane\u00ae Lyft for Hands and Cheeks<\/h3>\n<p>Hands show the telltale signs of aging. Restylane\u00ae Lyft is explicitly formulated for volume loss in the midface and back of hands. This formula is thicker, providing additional lift of sagging skin.<\/p>\n<h3>Restylane\u00ae Defyne for Deeply Set Facial Lines<\/h3>\n<p>Restylane\u00ae Defyne is an FDA-approved filler for deeply set facial lines that can last up to 12 months. Since it moves with your face, it creates a much more natural look.<\/p>\n<h3>Restylane\u00ae Refyne for Laugh Lines<\/h3>\n<p>Despite the name, most people don&#8217;t find laugh lines funny. Let us transform your marionette lines with Restylane\u00ae Refyne.<\/p>\n<h3>How Much Do Restylane\u00ae Treatments Cost?<\/h3>\n<p>Our injectables, including Restylane\u00ae Miami, generally cost from $700-$800 per vial. However, the total cost of your treatment depends upon several factors, including the number of sessions, the amount of product, and membership in our<a href=\"https:\/\/arvivaesthetics.com\/miami\/med-spa-membership\/\"> VIP Membership Program.<\/a><\/p>\n<h3>Recovery &amp; Results<\/h3>\n<p>Restylane\u00ae requires minimal downtime. Patients may experience some mild side effects like swelling, bruising, redness, or lumps or tenderness at the injection site that should subside within 7-14 days. Though it varies from patient to patient, results will last for approximately 18 months.<\/p>\n<h3>Contact Arviv Medical Aesthetics for Miami Restylane\u00ae<\/h3>\n<p>Call us at (813) 855-0111 \u00a0today for an appointment for Restylane\u00ae in Miami, FL.<\/p>\n<p style=\"text-align: right;\"><em><span style=\"color: #d1d1d1;\">Featured Image: <a style=\"color: #d1d1d1;\" href=\"https:\/\/www.shutterstock.com\/g\/kpakook\">Kpakook\/Shutterstock<\/a><\/span><\/em><\/p>\n<p>[\/spb_text_block] [spb_text_block animation=&#8221;none&#8221; animation_delay=&#8221;0&#8243; simplified_controls=&#8221;yes&#8221; custom_css_percentage=&#8221;no&#8221; padding_vertical=&#8221;0&#8243; padding_horizontal=&#8221;0&#8243; margin_vertical=&#8221;0&#8243; custom_css=&#8221;margin-top: 0px;margin-bottom: 0px;&#8221; border_size=&#8221;0&#8243; border_styling_global=&#8221;default&#8221; width=&#8221;1\/1&#8243; el_position=&#8221;first last&#8221;]<\/p>\n<p style=\"text-align: center;\"><strong>Prices are subject to change and personalized prices will be provided upon consultation.<\/strong><\/p>\n<p>[\/spb_text_block]<\/p>\n","protected":false},"excerpt":{"rendered":"<p>[spb_row element_name=&#8221;Row&#8221; wrap_type=&#8221;full-width-stretch&#8221; row_bg_type=&#8221;color&#8221; color_row_height=&#8221;content-height&#8221; bg_type=&#8221;cover&#8221; parallax_image_height=&#8221;content-height&#8221; parallax_image_movement=&#8221;fixed&#8221; parallax_image_speed=&#8221;standard&#8221; bg_video_loop=&#8221;yes&#8221; parallax_video_height=&#8221;window-height&#8221; row_top_style=&#8221;none&#8221; row_bottom_style=&#8221;none&#8221; parallax_video_overlay=&#8221;none&#8221; row_overlay_opacity=&#8221;0&#8243; remove_element_spacing=&#8221;no&#8221; row_col_spacing=&#8221;0&#8243; row_col_pos=&#8221;default&#8221; row_col_equal_heights=&#8221;no&#8221; row_expanding=&#8221;no&#8221; row_animation=&#8221;none&#8221; row_animation_delay=&#8221;0&#8243; minimize_row=&#8221;no&#8221; simplified_controls=&#8221;yes&#8221; custom_css_percentage=&#8221;no&#8221; custom_css=&#8221;margin-top: 0px;margin-bottom: 0px;&#8221; border_styling_global=&#8221;default&#8221; width=&#8221;1\/1&#8243; el_position=&#8221;first last&#8221;] [spb_text_block animation=&#8221;none&#8221; animation_delay=&#8221;0&#8243; simplified_controls=&#8221;yes&#8221; custom_css_percentage=&#8221;no&#8221; padding_vertical=&#8221;0&#8243; padding_horizontal=&#8221;0&#8243; margin_vertical=&#8221;0&#8243; custom_css=&#8221;margin-top: 0px;margin-bottom: 0px;&#8221; border_size=&#8221;0&#8243; border_styling_global=&#8221;default&#8221; width=&#8221;1\/1&#8243; el_position=&#8221;first last&#8221;] [\/spb_text_block] [\/spb_row] [spb_row element_name=&#8221;Row&#8221; wrap_type=&#8221;full-width-stretch&#8221; row_bg_type=&#8221;color&#8221; row_bg_color=&#8221;#3fbbc3&#8243; color_row_height=&#8221;content-height&#8221; bg_type=&#8221;cover&#8221; parallax_image_height=&#8221;content-height&#8221; parallax_image_movement=&#8221;fixed&#8221; parallax_image_speed=&#8221;standard&#8221; [&hellip;]<\/p>\n","protected":false},"author":32,"featured_media":0,"parent":18731,"menu_order":0,"comment_status":"closed","ping_status":"closed","template":"","meta":{"footnotes":""},"class_list":["post-13592","page","type-page","status-publish","hentry"],"yoast_head":"<!-- This site is optimized with the Yoast SEO plugin v27.4 - https:\/\/yoast.com\/product\/yoast-seo-wordpress\/ -->\n<title>Restylane\u00ae in Miami, FL Injectables | Miami, FL | Arviv Medical Aesthetics<\/title>\n<meta name=\"description\" content=\"Restylane\u00ae is a clear gel formulation of hyaluronic acid that works immediately by adding volume to smooth away wrinkles. Get Restylane Miami cost &amp; info at Arviv Medical Aesthetics - Miami Beach &amp; Ft. Lauderdale areas.\" \/>\n<meta name=\"robots\" content=\"index, follow, max-snippet:-1, max-image-preview:large, max-video-preview:-1\" \/>\n<link rel=\"canonical\" href=\"https:\/\/arvivaesthetics.com\/es\/miami\/relleno-restylane\/\" \/>\n<meta property=\"og:locale\" content=\"es_MX\" \/>\n<meta property=\"og:type\" content=\"article\" \/>\n<meta property=\"og:title\" content=\"Restylane\u00ae in Miami, FL Injectables | Miami, FL | Arviv Medical Aesthetics\" \/>\n<meta property=\"og:description\" content=\"Restylane\u00ae is a clear gel formulation of hyaluronic acid that works immediately by adding volume to smooth away wrinkles. Get Restylane Miami cost &amp; info at Arviv Medical Aesthetics - Miami Beach &amp; Ft. Lauderdale areas.\" \/>\n<meta property=\"og:url\" content=\"https:\/\/arvivaesthetics.com\/es\/miami\/relleno-restylane\/\" \/>\n<meta property=\"og:site_name\" content=\"Arviv Medical Aesthetics\" \/>\n<meta property=\"article:publisher\" content=\"https:\/\/www.facebook.com\/arvivmedicalaesthetics\/\" \/>\n<meta property=\"article:modified_time\" content=\"2025-12-19T21:44:11+00:00\" \/>\n<meta property=\"og:image\" content=\"https:\/\/arvivaesthetics.com\/wp-content\/uploads\/2016\/11\/co2_header.jpg\" \/>\n\t<meta property=\"og:image:width\" content=\"1920\" \/>\n\t<meta property=\"og:image:height\" content=\"683\" \/>\n\t<meta property=\"og:image:type\" content=\"image\/jpeg\" \/>\n<meta name=\"twitter:card\" content=\"summary_large_image\" \/>\n<meta name=\"twitter:site\" content=\"@ArvivAesthetics\" \/>\n<meta name=\"twitter:label1\" content=\"Tiempo de lectura\" \/>\n\t<meta name=\"twitter:data1\" content=\"4 minutos\" \/>\n<script type=\"application\/ld+json\" class=\"yoast-schema-graph\">{\"@context\":\"https:\\\/\\\/schema.org\",\"@graph\":[{\"@type\":\"WebPage\",\"@id\":\"https:\\\/\\\/arvivaesthetics.com\\\/miami\\\/restylane-filler\\\/\",\"url\":\"https:\\\/\\\/arvivaesthetics.com\\\/miami\\\/restylane-filler\\\/\",\"name\":\"Restylane\u00ae in Miami, FL Injectables | Miami, FL | Arviv Medical Aesthetics\",\"isPartOf\":{\"@id\":\"https:\\\/\\\/arvivaesthetics.com\\\/#website\"},\"primaryImageOfPage\":{\"@id\":\"https:\\\/\\\/arvivaesthetics.com\\\/miami\\\/restylane-filler\\\/#primaryimage\"},\"image\":{\"@id\":\"https:\\\/\\\/arvivaesthetics.com\\\/miami\\\/restylane-filler\\\/#primaryimage\"},\"thumbnailUrl\":\"https:\\\/\\\/arvivaesthetics.com\\\/wp-content\\\/uploads\\\/2016\\\/11\\\/injectables-2.jpg\",\"datePublished\":\"2021-06-07T17:13:33+00:00\",\"dateModified\":\"2025-12-19T21:44:11+00:00\",\"description\":\"Restylane\u00ae is a clear gel formulation of hyaluronic acid that works immediately by adding volume to smooth away wrinkles. Get Restylane Miami cost & info at Arviv Medical Aesthetics - Miami Beach & Ft. Lauderdale areas.\",\"breadcrumb\":{\"@id\":\"https:\\\/\\\/arvivaesthetics.com\\\/miami\\\/restylane-filler\\\/#breadcrumb\"},\"inLanguage\":\"es\",\"potentialAction\":[{\"@type\":\"ReadAction\",\"target\":[\"https:\\\/\\\/arvivaesthetics.com\\\/miami\\\/restylane-filler\\\/\"]}]},{\"@type\":\"ImageObject\",\"inLanguage\":\"es\",\"@id\":\"https:\\\/\\\/arvivaesthetics.com\\\/miami\\\/restylane-filler\\\/#primaryimage\",\"url\":\"https:\\\/\\\/arvivaesthetics.com\\\/wp-content\\\/uploads\\\/2016\\\/11\\\/injectables-2.jpg\",\"contentUrl\":\"https:\\\/\\\/arvivaesthetics.com\\\/wp-content\\\/uploads\\\/2016\\\/11\\\/injectables-2.jpg\"},{\"@type\":\"BreadcrumbList\",\"@id\":\"https:\\\/\\\/arvivaesthetics.com\\\/miami\\\/restylane-filler\\\/#breadcrumb\",\"itemListElement\":[{\"@type\":\"ListItem\",\"position\":1,\"name\":\"Home\",\"item\":\"https:\\\/\\\/arvivaesthetics.com\\\/\"},{\"@type\":\"ListItem\",\"position\":2,\"name\":\"Miami\",\"item\":\"https:\\\/\\\/arvivaesthetics.com\\\/miami\\\/\"},{\"@type\":\"ListItem\",\"position\":3,\"name\":\"Restylane\u00ae in Miami, FL\"}]},{\"@type\":\"WebSite\",\"@id\":\"https:\\\/\\\/arvivaesthetics.com\\\/#website\",\"url\":\"https:\\\/\\\/arvivaesthetics.com\\\/\",\"name\":\"Arviv Medical Aesthetics\",\"description\":\"\",\"publisher\":{\"@id\":\"https:\\\/\\\/arvivaesthetics.com\\\/#organization\"},\"potentialAction\":[{\"@type\":\"SearchAction\",\"target\":{\"@type\":\"EntryPoint\",\"urlTemplate\":\"https:\\\/\\\/arvivaesthetics.com\\\/?s={search_term_string}\"},\"query-input\":{\"@type\":\"PropertyValueSpecification\",\"valueRequired\":true,\"valueName\":\"search_term_string\"}}],\"inLanguage\":\"es\"},{\"@type\":\"Organization\",\"@id\":\"https:\\\/\\\/arvivaesthetics.com\\\/#organization\",\"name\":\"Arviv Medical Aesthetics\",\"url\":\"https:\\\/\\\/arvivaesthetics.com\\\/\",\"logo\":{\"@type\":\"ImageObject\",\"inLanguage\":\"es\",\"@id\":\"https:\\\/\\\/arvivaesthetics.com\\\/#\\\/schema\\\/logo\\\/image\\\/\",\"url\":\"https:\\\/\\\/arvivaesthetics.com\\\/wp-content\\\/uploads\\\/2016\\\/11\\\/arvivIcon.png\",\"contentUrl\":\"https:\\\/\\\/arvivaesthetics.com\\\/wp-content\\\/uploads\\\/2016\\\/11\\\/arvivIcon.png\",\"width\":86,\"height\":42,\"caption\":\"Arviv Medical Aesthetics\"},\"image\":{\"@id\":\"https:\\\/\\\/arvivaesthetics.com\\\/#\\\/schema\\\/logo\\\/image\\\/\"},\"sameAs\":[\"https:\\\/\\\/www.facebook.com\\\/arvivmedicalaesthetics\\\/\",\"https:\\\/\\\/x.com\\\/ArvivAesthetics\",\"https:\\\/\\\/www.instagram.com\\\/arviv_aesthetics\\\/\",\"https:\\\/\\\/www.youtube.com\\\/user\\\/Arvivaesthetics\"]}]}<\/script>\n<!-- \/ Yoast SEO plugin. -->","yoast_head_json":{"title":"Restylane\u00ae en Miami, FL Inyectables | Miami, FL | Arviv Medical Aesthetics","description":"Restylane\u00ae es una formulaci\u00f3n de gel transparente de \u00e1cido hialur\u00f3nico que act\u00faa inmediatamente agregando volumen para alisar las arrugas. Obtenga informaci\u00f3n y costos de Restylane Miami en Arviv Medical Aesthetics - Miami Beach &amp; Ft. Lauderdale.","robots":{"index":"index","follow":"follow","max-snippet":"max-snippet:-1","max-image-preview":"max-image-preview:large","max-video-preview":"max-video-preview:-1"},"canonical":"https:\/\/arvivaesthetics.com\/es\/miami\/relleno-restylane\/","og_locale":"es_MX","og_type":"article","og_title":"Restylane\u00ae in Miami, FL Injectables | Miami, FL | Arviv Medical Aesthetics","og_description":"Restylane\u00ae is a clear gel formulation of hyaluronic acid that works immediately by adding volume to smooth away wrinkles. Get Restylane Miami cost & info at Arviv Medical Aesthetics - Miami Beach & Ft. Lauderdale areas.","og_url":"https:\/\/arvivaesthetics.com\/es\/miami\/relleno-restylane\/","og_site_name":"Arviv Medical Aesthetics","article_publisher":"https:\/\/www.facebook.com\/arvivmedicalaesthetics\/","article_modified_time":"2025-12-19T21:44:11+00:00","og_image":[{"width":1920,"height":683,"url":"https:\/\/arvivaesthetics.com\/wp-content\/uploads\/2016\/11\/co2_header.jpg","type":"image\/jpeg"}],"twitter_card":"summary_large_image","twitter_site":"@ArvivAesthetics","twitter_misc":{"Tiempo de lectura":"4 minutos"},"schema":{"@context":"https:\/\/schema.org","@graph":[{"@type":"WebPage","@id":"https:\/\/arvivaesthetics.com\/miami\/restylane-filler\/","url":"https:\/\/arvivaesthetics.com\/miami\/restylane-filler\/","name":"Restylane\u00ae en Miami, FL Inyectables | Miami, FL | Arviv Medical Aesthetics","isPartOf":{"@id":"https:\/\/arvivaesthetics.com\/#website"},"primaryImageOfPage":{"@id":"https:\/\/arvivaesthetics.com\/miami\/restylane-filler\/#primaryimage"},"image":{"@id":"https:\/\/arvivaesthetics.com\/miami\/restylane-filler\/#primaryimage"},"thumbnailUrl":"https:\/\/arvivaesthetics.com\/wp-content\/uploads\/2016\/11\/injectables-2.jpg","datePublished":"2021-06-07T17:13:33+00:00","dateModified":"2025-12-19T21:44:11+00:00","description":"Restylane\u00ae es una formulaci\u00f3n de gel transparente de \u00e1cido hialur\u00f3nico que act\u00faa inmediatamente agregando volumen para alisar las arrugas. Obtenga informaci\u00f3n y costos de Restylane Miami en Arviv Medical Aesthetics - Miami Beach &amp; Ft. Lauderdale.","breadcrumb":{"@id":"https:\/\/arvivaesthetics.com\/miami\/restylane-filler\/#breadcrumb"},"inLanguage":"es","potentialAction":[{"@type":"ReadAction","target":["https:\/\/arvivaesthetics.com\/miami\/restylane-filler\/"]}]},{"@type":"ImageObject","inLanguage":"es","@id":"https:\/\/arvivaesthetics.com\/miami\/restylane-filler\/#primaryimage","url":"https:\/\/arvivaesthetics.com\/wp-content\/uploads\/2016\/11\/injectables-2.jpg","contentUrl":"https:\/\/arvivaesthetics.com\/wp-content\/uploads\/2016\/11\/injectables-2.jpg"},{"@type":"BreadcrumbList","@id":"https:\/\/arvivaesthetics.com\/miami\/restylane-filler\/#breadcrumb","itemListElement":[{"@type":"ListItem","position":1,"name":"Home","item":"https:\/\/arvivaesthetics.com\/"},{"@type":"ListItem","position":2,"name":"Miami","item":"https:\/\/arvivaesthetics.com\/miami\/"},{"@type":"ListItem","position":3,"name":"Restylane\u00ae in Miami, FL"}]},{"@type":"WebSite","@id":"https:\/\/arvivaesthetics.com\/#website","url":"https:\/\/arvivaesthetics.com\/","name":"Arviv Est\u00e9tica M\u00e9dica","description":"","publisher":{"@id":"https:\/\/arvivaesthetics.com\/#organization"},"potentialAction":[{"@type":"SearchAction","target":{"@type":"EntryPoint","urlTemplate":"https:\/\/arvivaesthetics.com\/?s={search_term_string}"},"query-input":{"@type":"PropertyValueSpecification","valueRequired":true,"valueName":"search_term_string"}}],"inLanguage":"es"},{"@type":"Organization","@id":"https:\/\/arvivaesthetics.com\/#organization","name":"Arviv Est\u00e9tica M\u00e9dica","url":"https:\/\/arvivaesthetics.com\/","logo":{"@type":"ImageObject","inLanguage":"es","@id":"https:\/\/arvivaesthetics.com\/#\/schema\/logo\/image\/","url":"https:\/\/arvivaesthetics.com\/wp-content\/uploads\/2016\/11\/arvivIcon.png","contentUrl":"https:\/\/arvivaesthetics.com\/wp-content\/uploads\/2016\/11\/arvivIcon.png","width":86,"height":42,"caption":"Arviv Medical Aesthetics"},"image":{"@id":"https:\/\/arvivaesthetics.com\/#\/schema\/logo\/image\/"},"sameAs":["https:\/\/www.facebook.com\/arvivmedicalaesthetics\/","https:\/\/x.com\/ArvivAesthetics","https:\/\/www.instagram.com\/arviv_aesthetics\/","https:\/\/www.youtube.com\/user\/Arvivaesthetics"]}]}},"_links":{"self":[{"href":"https:\/\/arvivaesthetics.com\/es\/wp-json\/wp\/v2\/pages\/13592","targetHints":{"allow":["GET"]}}],"collection":[{"href":"https:\/\/arvivaesthetics.com\/es\/wp-json\/wp\/v2\/pages"}],"about":[{"href":"https:\/\/arvivaesthetics.com\/es\/wp-json\/wp\/v2\/types\/page"}],"author":[{"embeddable":true,"href":"https:\/\/arvivaesthetics.com\/es\/wp-json\/wp\/v2\/users\/32"}],"replies":[{"embeddable":true,"href":"https:\/\/arvivaesthetics.com\/es\/wp-json\/wp\/v2\/comments?post=13592"}],"version-history":[{"count":0,"href":"https:\/\/arvivaesthetics.com\/es\/wp-json\/wp\/v2\/pages\/13592\/revisions"}],"up":[{"embeddable":true,"href":"https:\/\/arvivaesthetics.com\/es\/wp-json\/wp\/v2\/pages\/18731"}],"wp:attachment":[{"href":"https:\/\/arvivaesthetics.com\/es\/wp-json\/wp\/v2\/media?parent=13592"}],"curies":[{"name":"wp","href":"https:\/\/api.w.org\/{rel}","templated":true}]}}