{"id":14175,"date":"2021-08-09T19:29:34","date_gmt":"2021-08-10T00:29:34","guid":{"rendered":"https:\/\/arvivaesthetics.com\/?page_id=14175"},"modified":"2024-02-21T06:09:27","modified_gmt":"2024-02-21T11:09:27","slug":"que-es-radiesse","status":"publish","type":"page","link":"https:\/\/arvivaesthetics.com\/es\/tampa\/what-is-radiesse\/","title":{"rendered":"Radiesse\u00ae Tampa"},"content":{"rendered":"<p>[spb_row element_name=&#8221;Row&#8221; wrap_type=&#8221;full-width-stretch&#8221; row_bg_type=&#8221;color&#8221; color_row_height=&#8221;content-height&#8221; bg_type=&#8221;cover&#8221; parallax_image_height=&#8221;content-height&#8221; parallax_image_movement=&#8221;fixed&#8221; parallax_image_speed=&#8221;standard&#8221; bg_video_loop=&#8221;yes&#8221; parallax_video_height=&#8221;window-height&#8221; row_top_style=&#8221;none&#8221; row_bottom_style=&#8221;none&#8221; parallax_video_overlay=&#8221;none&#8221; row_overlay_opacity=&#8221;0&#8243; remove_element_spacing=&#8221;no&#8221; row_col_spacing=&#8221;0&#8243; row_col_pos=&#8221;default&#8221; row_col_equal_heights=&#8221;no&#8221; row_expanding=&#8221;no&#8221; row_animation=&#8221;none&#8221; row_animation_delay=&#8221;0&#8243; minimize_row=&#8221;no&#8221; simplified_controls=&#8221;yes&#8221; custom_css_percentage=&#8221;no&#8221; custom_css=&#8221;margin-top: 0px;margin-bottom: 0px;&#8221; border_styling_global=&#8221;default&#8221; width=&#8221;1\/1&#8243; el_position=&#8221;first last&#8221;] [spb_text_block animation=&#8221;none&#8221; animation_delay=&#8221;0&#8243; simplified_controls=&#8221;yes&#8221; custom_css_percentage=&#8221;no&#8221; padding_vertical=&#8221;0&#8243; padding_horizontal=&#8221;0&#8243; margin_vertical=&#8221;0&#8243; custom_css=&#8221;margin-top: 0px;margin-bottom: 0px;&#8221; border_size=&#8221;0&#8243; border_styling_global=&#8221;default&#8221; width=&#8221;1\/1&#8243; el_position=&#8221;first last&#8221;]<\/p>\n<div class=\"first-image-wrapper\"><img loading=\"lazy\" decoding=\"async\" class=\"aligncenter size-full wp-image-249\" src=\"https:\/\/arvivaesthetics.com\/wp-content\/uploads\/2016\/11\/injectables-2.jpg\" alt=\"co2_header\" width=\"1920\" height=\"683\" \/><\/div>\n<p>[\/spb_text_block] [\/spb_row] [spb_row element_name=&#8221;Row&#8221; wrap_type=&#8221;full-width-stretch&#8221; row_bg_type=&#8221;color&#8221; row_bg_color=&#8221;#3fbbc3&#8243; color_row_height=&#8221;content-height&#8221; bg_type=&#8221;cover&#8221; parallax_image_height=&#8221;content-height&#8221; parallax_image_movement=&#8221;fixed&#8221; parallax_image_speed=&#8221;standard&#8221; bg_video_loop=&#8221;yes&#8221; parallax_video_height=&#8221;window-height&#8221; row_top_style=&#8221;none&#8221; row_bottom_style=&#8221;none&#8221; parallax_video_overlay=&#8221;none&#8221; row_overlay_opacity=&#8221;0&#8243; remove_element_spacing=&#8221;no&#8221; row_col_spacing=&#8221;0&#8243; row_col_pos=&#8221;default&#8221; row_col_equal_heights=&#8221;no&#8221; row_expanding=&#8221;no&#8221; row_animation=&#8221;none&#8221; row_animation_delay=&#8221;0&#8243; minimize_row=&#8221;no&#8221; simplified_controls=&#8221;yes&#8221; custom_css_percentage=&#8221;no&#8221; custom_css=&#8221;margin-top: 0px;margin-bottom: 0px;&#8221; border_styling_global=&#8221;default&#8221; width=&#8221;1\/1&#8243; el_position=&#8221;first last&#8221;] [spb_text_block animation=&#8221;none&#8221; animation_delay=&#8221;0&#8243; simplified_controls=&#8221;yes&#8221; custom_css_percentage=&#8221;no&#8221; padding_vertical=&#8221;0&#8243; padding_horizontal=&#8221;0&#8243; margin_vertical=&#8221;0&#8243; custom_css=&#8221;margin-top: 0px;margin-bottom: 0px;&#8221; border_size=&#8221;0&#8243; border_styling_global=&#8221;default&#8221; width=&#8221;1\/1&#8243; el_position=&#8221;first last&#8221;]<\/p>\n<h3 class=\"service-titles\">Call\u00a0<a href=\"tel:+1813-855-0111\">813-855-0111<\/a> to schedule your consultation at our Tampa office.<\/h3>\n<p>[\/spb_text_block] [\/spb_row] [spb_text_block animation=&#8221;none&#8221; animation_delay=&#8221;0&#8243; simplified_controls=&#8221;yes&#8221; custom_css_percentage=&#8221;no&#8221; padding_vertical=&#8221;0&#8243; padding_horizontal=&#8221;0&#8243; margin_vertical=&#8221;0&#8243; custom_css=&#8221;margin-top: 0px;margin-bottom: 0px;&#8221; border_size=&#8221;0&#8243; border_styling_global=&#8221;default&#8221; width=&#8221;1\/1&#8243; el_position=&#8221;first last&#8221;]<\/p>\n<div class=\"service-spacer\"><\/div>\n<p>[\/spb_text_block] [spb_text_block animation=&#8221;none&#8221; animation_delay=&#8221;0&#8243; simplified_controls=&#8221;yes&#8221; custom_css_percentage=&#8221;no&#8221; padding_vertical=&#8221;0&#8243; padding_horizontal=&#8221;7&#8243; margin_vertical=&#8221;0&#8243; custom_css=&#8221;margin-top: 0px;margin-bottom: 0px;padding-left: 7px;padding-right: 7px;&#8221; border_size=&#8221;0&#8243; border_styling_global=&#8221;default&#8221; width=&#8221;1\/2&#8243; el_position=&#8221;first&#8221;]<\/p>\n<p>At Arviv Medical Aesthetics med spa in Tampa, Dr. Tali Arviv works with each client to find the right injectables and fillers for the desired goal. Radiesse\u00ae in Tampa is one that delivers beautiful results.<\/p>\n<h2><b>What Is Radiesse\u00ae?<\/b><\/h2>\n<p>Radiesse\u00aeis an FDA-approved injectable dermal filler used for treating moderate to severe wrinkles and creases. This dermal filler increases the volume and fullness that diminish with age. It also promotes youthful elasticity to the skin. Radiesse treatments last approximately one year with infrequent touch-ups.<\/p>\n<p>Radiesse is a biocompatible synthetic of Calcium Hydroxylapatite that occurs naturally in the body. It stimulates the production of collagen and elastin where injected. Tiny spheres in the filler dissipate over time. After approximately three months, new collagen growth is stimulated.<\/p>\n<p>[\/spb_text_block] [spb_image image=&#8221;13790&#8243; image_size=&#8221;full&#8221; frame=&#8221;noframe&#8221; caption_pos=&#8221;hover&#8221; remove_rounded=&#8221;yes&#8221; fullwidth=&#8221;no&#8221; overflow_mode=&#8221;none&#8221; link_target=&#8221;_self&#8221; lightbox=&#8221;no&#8221; intro_animation=&#8221;none&#8221; animation_delay=&#8221;200&#8243; width=&#8221;1\/2&#8243; el_position=&#8221;last&#8221;][\/spb_image] [spb_text_block animation=&#8221;none&#8221; animation_delay=&#8221;0&#8243; simplified_controls=&#8221;yes&#8221; custom_css_percentage=&#8221;no&#8221; padding_vertical=&#8221;0&#8243; padding_horizontal=&#8221;0&#8243; margin_vertical=&#8221;0&#8243; custom_css=&#8221;margin-top: 0px;margin-bottom: 0px;&#8221; border_size=&#8221;0&#8243; border_styling_global=&#8221;default&#8221; width=&#8221;1\/1&#8243; el_position=&#8221;first last&#8221;]<\/p>\n<h2>How Does Radiesse Work?<\/h2>\n<p>With Radiesse, you can target specific areas with a \u201cboost\u201d of CaHA to ramp up your body\u2019s production of collagen and elastin. A specially formulated gel works to carry the CaHA into your skin. Over time, this gel breaks down and allows the formation of a new network of collagen fibers and elastin.<\/p>\n<p>As a result, your skin appears firmer and smoother, while wrinkles and sagging are noticeably diminished. So, not only does the filler immediately smooth out your skin and restore volume, but it also helps your body fill in wrinkles in the long term &#8211; it\u2019s truly the best of both worlds.<\/p>\n<h2>What are the Benefits of Radiesse?<\/h2>\n<p>So, exactly what does Radiesse do? There are many different uses for Radiesse, the most common of which is to reduce the visible signs of aging.<\/p>\n<p>Radiesse can be used in various areas of the face, as well as the hands to:<\/p>\n<ul>\n<li>Minimize the appearance of fine lines, wrinkles, and creases, including:\n<ul>\n<li>Smile lines<\/li>\n<li>Marionette lines<\/li>\n<li>Nasolabial folds<\/li>\n<li>Wrinkles at the corners of the mouth<\/li>\n<li>Wrinkles and folds across the chin<\/li>\n<\/ul>\n<\/li>\n<li>Improve sagging and folding at the jawline<\/li>\n<li>Define and contour the jawline, chin, cheeks, or nose<\/li>\n<li>Boost volume<\/li>\n<li>Decrease the appearance of scarring, including acne scars<\/li>\n<li>Reduce noticeably apparent veins and tendons in the hands<\/li>\n<\/ul>\n<p>Of course, one of the biggest benefits of Radiesse is that it is a simple, non-invasive treatment that delivers significant results. The treatment itself takes a half hour or less, and you can go about your day immediately afterward. There is no recovery or downtime, unlike surgical treatments.<\/p>\n<h2>How Long Does Radiesse Last?<\/h2>\n<p>You can look forward to noticeable results immediately after your treatment, as your face appears subtly fuller and smoother. Then, your results will continue to improve over the next few months.<\/p>\n<p>For most patients, Radiesse lasts a year or more. After that, touch-up treatments can keep your skin looking fabulously fresh going forward.<\/p>\n<p style=\"text-align: center; padding-left: 20px; padding-right: 20px;\"><iframe loading=\"lazy\" title=\"YouTube video player\" src=\"https:\/\/www.youtube.com\/embed\/0dnBS8tcSZ0\" width=\"380\" height=\"320\" frameborder=\"0\" allowfullscreen=\"allowfullscreen\"><span data-mce-type=\"bookmark\" style=\"display: inline-block; width: 0px; overflow: hidden; line-height: 0;\" class=\"mce_SELRES_start\">\ufeff<\/span><span data-mce-type=\"bookmark\" style=\"display: inline-block; width: 0px; overflow: hidden; line-height: 0;\" class=\"mce_SELRES_start\">\ufeff<\/span><\/iframe><\/p>\n<h2>How Much Does Radiesse Cost?<\/h2>\n<p>The cost of Radiesse filler treatments largely depends on your specific needs, including your desired target areas and aesthetic goals.<\/p>\n<p>At Arviv Medical Aesthetics, we strive to provide the highest standard of care and service at fair and accessible prices. Ultimately, we hope to make it possible for all our patients to feel like their best and most confident selves.<\/p>\n<p>Our Tampa medical aesthetics office offers financing options and patient perks that can make treatments even more affordable.<\/p>\n<h2>Schedule Your Consultation for Radiesse in Tampa<\/h2>\n<p>If you\u2019re searching for an effective, non-invasive anti-aging treatment, Radiesse could be the perfect match.<\/p>\n<p>For Radiesse treatments in Tampa, Arviv Medical Aesthetics offers a relaxing, spa-like environment with a highly trained team of professionals. You can be confident that your experience will not only be positive and enjoyable but also that you are in the very best of hands. We will work with you to develop a personalized treatment plan that suits your goals and needs.<\/p>\n<p>For more information about our Tampa dermal fillers, including Radiesse and other outstanding options, contact us to schedule a consultation today.<\/p>\n<p style=\"text-align: right;\"><em><span style=\"color: #d1d1d1;\">Featured Image: <a href=\"https:\/\/www.shutterstock.com\/g\/LADO\">Lado\/Shutterstock<\/a><\/span><\/em><\/p>\n<p>[\/spb_text_block] [spb_text_block animation=&#8221;none&#8221; animation_delay=&#8221;0&#8243; simplified_controls=&#8221;yes&#8221; custom_css_percentage=&#8221;no&#8221; padding_vertical=&#8221;0&#8243; padding_horizontal=&#8221;0&#8243; margin_vertical=&#8221;0&#8243; custom_css=&#8221;margin-top: 0px;margin-bottom: 0px;&#8221; border_size=&#8221;0&#8243; border_styling_global=&#8221;default&#8221; width=&#8221;1\/1&#8243; el_position=&#8221;first last&#8221;]<\/p>\n<p style=\"text-align: center;\"><strong>Prices are subject to change and personalized prices will be provided upon consultation.<\/strong><\/p>\n<p>[\/spb_text_block]<\/p>\n","protected":false},"excerpt":{"rendered":"<p>[spb_row element_name=&#8221;Row&#8221; wrap_type=&#8221;full-width-stretch&#8221; row_bg_type=&#8221;color&#8221; color_row_height=&#8221;content-height&#8221; bg_type=&#8221;cover&#8221; parallax_image_height=&#8221;content-height&#8221; parallax_image_movement=&#8221;fixed&#8221; parallax_image_speed=&#8221;standard&#8221; bg_video_loop=&#8221;yes&#8221; parallax_video_height=&#8221;window-height&#8221; row_top_style=&#8221;none&#8221; row_bottom_style=&#8221;none&#8221; parallax_video_overlay=&#8221;none&#8221; row_overlay_opacity=&#8221;0&#8243; remove_element_spacing=&#8221;no&#8221; row_col_spacing=&#8221;0&#8243; row_col_pos=&#8221;default&#8221; row_col_equal_heights=&#8221;no&#8221; row_expanding=&#8221;no&#8221; row_animation=&#8221;none&#8221; row_animation_delay=&#8221;0&#8243; minimize_row=&#8221;no&#8221; simplified_controls=&#8221;yes&#8221; custom_css_percentage=&#8221;no&#8221; custom_css=&#8221;margin-top: 0px;margin-bottom: 0px;&#8221; border_styling_global=&#8221;default&#8221; width=&#8221;1\/1&#8243; el_position=&#8221;first last&#8221;] [spb_text_block animation=&#8221;none&#8221; animation_delay=&#8221;0&#8243; simplified_controls=&#8221;yes&#8221; custom_css_percentage=&#8221;no&#8221; padding_vertical=&#8221;0&#8243; padding_horizontal=&#8221;0&#8243; margin_vertical=&#8221;0&#8243; custom_css=&#8221;margin-top: 0px;margin-bottom: 0px;&#8221; border_size=&#8221;0&#8243; border_styling_global=&#8221;default&#8221; width=&#8221;1\/1&#8243; el_position=&#8221;first last&#8221;] [\/spb_text_block] [\/spb_row] [spb_row element_name=&#8221;Row&#8221; wrap_type=&#8221;full-width-stretch&#8221; row_bg_type=&#8221;color&#8221; row_bg_color=&#8221;#3fbbc3&#8243; color_row_height=&#8221;content-height&#8221; bg_type=&#8221;cover&#8221; parallax_image_height=&#8221;content-height&#8221; parallax_image_movement=&#8221;fixed&#8221; parallax_image_speed=&#8221;standard&#8221; [&hellip;]<\/p>\n","protected":false},"author":31,"featured_media":0,"parent":171,"menu_order":0,"comment_status":"closed","ping_status":"closed","template":"","meta":{"footnotes":""},"class_list":["post-14175","page","type-page","status-publish","hentry"],"yoast_head":"<!-- This site is optimized with the Yoast SEO plugin v27.4 - https:\/\/yoast.com\/product\/yoast-seo-wordpress\/ -->\n<title>Radiesse\u00ae Tampa, FL | Cost &amp; Info | Arviv Medical Aesthetics<\/title>\n<meta name=\"description\" content=\"What is Radiesse\u00ae: Cost, How It Works, Procedure, Targeted Areas, and More in Tampa, FL. Call 813-855-0111 today for your consultation.\" \/>\n<meta name=\"robots\" content=\"index, follow, max-snippet:-1, max-image-preview:large, max-video-preview:-1\" \/>\n<link rel=\"canonical\" href=\"https:\/\/arvivaesthetics.com\/es\/tampa\/que-es-radiesse\/\" \/>\n<meta property=\"og:locale\" content=\"es_MX\" \/>\n<meta property=\"og:type\" content=\"article\" \/>\n<meta property=\"og:title\" content=\"Radiesse\u00ae Tampa, FL | Cost &amp; Info | Arviv Medical Aesthetics\" \/>\n<meta property=\"og:description\" content=\"What is Radiesse\u00ae: Cost, How It Works, Procedure, Targeted Areas, and More in Tampa, FL. Call 813-855-0111 today for your consultation.\" \/>\n<meta property=\"og:url\" content=\"https:\/\/arvivaesthetics.com\/es\/tampa\/que-es-radiesse\/\" \/>\n<meta property=\"og:site_name\" content=\"Arviv Medical Aesthetics\" \/>\n<meta property=\"article:publisher\" content=\"https:\/\/www.facebook.com\/arvivmedicalaesthetics\/\" \/>\n<meta property=\"article:modified_time\" content=\"2024-02-21T11:09:27+00:00\" \/>\n<meta property=\"og:image\" content=\"https:\/\/arvivaesthetics.com\/wp-content\/uploads\/2016\/11\/injectables-2.jpg\" \/>\n<meta name=\"twitter:card\" content=\"summary_large_image\" \/>\n<meta name=\"twitter:site\" content=\"@ArvivAesthetics\" \/>\n<meta name=\"twitter:label1\" content=\"Tiempo de lectura\" \/>\n\t<meta name=\"twitter:data1\" content=\"5 minutos\" \/>\n<script type=\"application\/ld+json\" class=\"yoast-schema-graph\">{\"@context\":\"https:\\\/\\\/schema.org\",\"@graph\":[{\"@type\":\"WebPage\",\"@id\":\"https:\\\/\\\/arvivaesthetics.com\\\/tampa\\\/what-is-radiesse\\\/\",\"url\":\"https:\\\/\\\/arvivaesthetics.com\\\/tampa\\\/what-is-radiesse\\\/\",\"name\":\"Radiesse\u00ae Tampa, FL | Cost & Info | Arviv Medical Aesthetics\",\"isPartOf\":{\"@id\":\"https:\\\/\\\/arvivaesthetics.com\\\/#website\"},\"primaryImageOfPage\":{\"@id\":\"https:\\\/\\\/arvivaesthetics.com\\\/tampa\\\/what-is-radiesse\\\/#primaryimage\"},\"image\":{\"@id\":\"https:\\\/\\\/arvivaesthetics.com\\\/tampa\\\/what-is-radiesse\\\/#primaryimage\"},\"thumbnailUrl\":\"https:\\\/\\\/arvivaesthetics.com\\\/wp-content\\\/uploads\\\/2016\\\/11\\\/injectables-2.jpg\",\"datePublished\":\"2021-08-10T00:29:34+00:00\",\"dateModified\":\"2024-02-21T11:09:27+00:00\",\"description\":\"What is Radiesse\u00ae: Cost, How It Works, Procedure, Targeted Areas, and More in Tampa, FL. Call 813-855-0111 today for your consultation.\",\"breadcrumb\":{\"@id\":\"https:\\\/\\\/arvivaesthetics.com\\\/tampa\\\/what-is-radiesse\\\/#breadcrumb\"},\"inLanguage\":\"es\",\"potentialAction\":[{\"@type\":\"ReadAction\",\"target\":[\"https:\\\/\\\/arvivaesthetics.com\\\/tampa\\\/what-is-radiesse\\\/\"]}]},{\"@type\":\"ImageObject\",\"inLanguage\":\"es\",\"@id\":\"https:\\\/\\\/arvivaesthetics.com\\\/tampa\\\/what-is-radiesse\\\/#primaryimage\",\"url\":\"https:\\\/\\\/arvivaesthetics.com\\\/wp-content\\\/uploads\\\/2016\\\/11\\\/injectables-2.jpg\",\"contentUrl\":\"https:\\\/\\\/arvivaesthetics.com\\\/wp-content\\\/uploads\\\/2016\\\/11\\\/injectables-2.jpg\"},{\"@type\":\"BreadcrumbList\",\"@id\":\"https:\\\/\\\/arvivaesthetics.com\\\/tampa\\\/what-is-radiesse\\\/#breadcrumb\",\"itemListElement\":[{\"@type\":\"ListItem\",\"position\":1,\"name\":\"Home\",\"item\":\"https:\\\/\\\/arvivaesthetics.com\\\/\"},{\"@type\":\"ListItem\",\"position\":2,\"name\":\"Tampa Med Spa for Injectables &#038; Cosmetic Treatments\",\"item\":\"https:\\\/\\\/arvivaesthetics.com\\\/tampa\\\/\"},{\"@type\":\"ListItem\",\"position\":3,\"name\":\"Radiesse\u00ae Tampa\"}]},{\"@type\":\"WebSite\",\"@id\":\"https:\\\/\\\/arvivaesthetics.com\\\/#website\",\"url\":\"https:\\\/\\\/arvivaesthetics.com\\\/\",\"name\":\"Arviv Medical Aesthetics\",\"description\":\"\",\"publisher\":{\"@id\":\"https:\\\/\\\/arvivaesthetics.com\\\/#organization\"},\"potentialAction\":[{\"@type\":\"SearchAction\",\"target\":{\"@type\":\"EntryPoint\",\"urlTemplate\":\"https:\\\/\\\/arvivaesthetics.com\\\/?s={search_term_string}\"},\"query-input\":{\"@type\":\"PropertyValueSpecification\",\"valueRequired\":true,\"valueName\":\"search_term_string\"}}],\"inLanguage\":\"es\"},{\"@type\":\"Organization\",\"@id\":\"https:\\\/\\\/arvivaesthetics.com\\\/#organization\",\"name\":\"Arviv Medical Aesthetics\",\"url\":\"https:\\\/\\\/arvivaesthetics.com\\\/\",\"logo\":{\"@type\":\"ImageObject\",\"inLanguage\":\"es\",\"@id\":\"https:\\\/\\\/arvivaesthetics.com\\\/#\\\/schema\\\/logo\\\/image\\\/\",\"url\":\"https:\\\/\\\/arvivaesthetics.com\\\/wp-content\\\/uploads\\\/2016\\\/11\\\/arvivIcon.png\",\"contentUrl\":\"https:\\\/\\\/arvivaesthetics.com\\\/wp-content\\\/uploads\\\/2016\\\/11\\\/arvivIcon.png\",\"width\":86,\"height\":42,\"caption\":\"Arviv Medical Aesthetics\"},\"image\":{\"@id\":\"https:\\\/\\\/arvivaesthetics.com\\\/#\\\/schema\\\/logo\\\/image\\\/\"},\"sameAs\":[\"https:\\\/\\\/www.facebook.com\\\/arvivmedicalaesthetics\\\/\",\"https:\\\/\\\/x.com\\\/ArvivAesthetics\",\"https:\\\/\\\/www.instagram.com\\\/arviv_aesthetics\\\/\",\"https:\\\/\\\/www.youtube.com\\\/user\\\/Arvivaesthetics\"]}]}<\/script>\n<!-- \/ Yoast SEO plugin. -->","yoast_head_json":{"title":"Radiesse\u00ae Tampa, FL | Coste e informaci\u00f3n | Arviv Medical Aesthetics","description":"Qu\u00e9 es Radiesse\u00ae: Costo, C\u00f3mo Funciona, Procedimiento, \u00c1reas Dirigidas, y M\u00e1s en Tampa, FL. Llame al 813-855-0111 hoy para su consulta.","robots":{"index":"index","follow":"follow","max-snippet":"max-snippet:-1","max-image-preview":"max-image-preview:large","max-video-preview":"max-video-preview:-1"},"canonical":"https:\/\/arvivaesthetics.com\/es\/tampa\/que-es-radiesse\/","og_locale":"es_MX","og_type":"article","og_title":"Radiesse\u00ae Tampa, FL | Cost & Info | Arviv Medical Aesthetics","og_description":"What is Radiesse\u00ae: Cost, How It Works, Procedure, Targeted Areas, and More in Tampa, FL. Call 813-855-0111 today for your consultation.","og_url":"https:\/\/arvivaesthetics.com\/es\/tampa\/que-es-radiesse\/","og_site_name":"Arviv Medical Aesthetics","article_publisher":"https:\/\/www.facebook.com\/arvivmedicalaesthetics\/","article_modified_time":"2024-02-21T11:09:27+00:00","og_image":[{"url":"https:\/\/arvivaesthetics.com\/wp-content\/uploads\/2016\/11\/injectables-2.jpg","type":"","width":"","height":""}],"twitter_card":"summary_large_image","twitter_site":"@ArvivAesthetics","twitter_misc":{"Tiempo de lectura":"5 minutos"},"schema":{"@context":"https:\/\/schema.org","@graph":[{"@type":"WebPage","@id":"https:\/\/arvivaesthetics.com\/tampa\/what-is-radiesse\/","url":"https:\/\/arvivaesthetics.com\/tampa\/what-is-radiesse\/","name":"Radiesse\u00ae Tampa, FL | Coste e informaci\u00f3n | Arviv Medical Aesthetics","isPartOf":{"@id":"https:\/\/arvivaesthetics.com\/#website"},"primaryImageOfPage":{"@id":"https:\/\/arvivaesthetics.com\/tampa\/what-is-radiesse\/#primaryimage"},"image":{"@id":"https:\/\/arvivaesthetics.com\/tampa\/what-is-radiesse\/#primaryimage"},"thumbnailUrl":"https:\/\/arvivaesthetics.com\/wp-content\/uploads\/2016\/11\/injectables-2.jpg","datePublished":"2021-08-10T00:29:34+00:00","dateModified":"2024-02-21T11:09:27+00:00","description":"Qu\u00e9 es Radiesse\u00ae: Costo, C\u00f3mo Funciona, Procedimiento, \u00c1reas Dirigidas, y M\u00e1s en Tampa, FL. Llame al 813-855-0111 hoy para su consulta.","breadcrumb":{"@id":"https:\/\/arvivaesthetics.com\/tampa\/what-is-radiesse\/#breadcrumb"},"inLanguage":"es","potentialAction":[{"@type":"ReadAction","target":["https:\/\/arvivaesthetics.com\/tampa\/what-is-radiesse\/"]}]},{"@type":"ImageObject","inLanguage":"es","@id":"https:\/\/arvivaesthetics.com\/tampa\/what-is-radiesse\/#primaryimage","url":"https:\/\/arvivaesthetics.com\/wp-content\/uploads\/2016\/11\/injectables-2.jpg","contentUrl":"https:\/\/arvivaesthetics.com\/wp-content\/uploads\/2016\/11\/injectables-2.jpg"},{"@type":"BreadcrumbList","@id":"https:\/\/arvivaesthetics.com\/tampa\/what-is-radiesse\/#breadcrumb","itemListElement":[{"@type":"ListItem","position":1,"name":"Home","item":"https:\/\/arvivaesthetics.com\/"},{"@type":"ListItem","position":2,"name":"Tampa Med Spa for Injectables &#038; Cosmetic Treatments","item":"https:\/\/arvivaesthetics.com\/tampa\/"},{"@type":"ListItem","position":3,"name":"Radiesse\u00ae Tampa"}]},{"@type":"WebSite","@id":"https:\/\/arvivaesthetics.com\/#website","url":"https:\/\/arvivaesthetics.com\/","name":"Arviv Est\u00e9tica M\u00e9dica","description":"","publisher":{"@id":"https:\/\/arvivaesthetics.com\/#organization"},"potentialAction":[{"@type":"SearchAction","target":{"@type":"EntryPoint","urlTemplate":"https:\/\/arvivaesthetics.com\/?s={search_term_string}"},"query-input":{"@type":"PropertyValueSpecification","valueRequired":true,"valueName":"search_term_string"}}],"inLanguage":"es"},{"@type":"Organization","@id":"https:\/\/arvivaesthetics.com\/#organization","name":"Arviv Est\u00e9tica M\u00e9dica","url":"https:\/\/arvivaesthetics.com\/","logo":{"@type":"ImageObject","inLanguage":"es","@id":"https:\/\/arvivaesthetics.com\/#\/schema\/logo\/image\/","url":"https:\/\/arvivaesthetics.com\/wp-content\/uploads\/2016\/11\/arvivIcon.png","contentUrl":"https:\/\/arvivaesthetics.com\/wp-content\/uploads\/2016\/11\/arvivIcon.png","width":86,"height":42,"caption":"Arviv Medical Aesthetics"},"image":{"@id":"https:\/\/arvivaesthetics.com\/#\/schema\/logo\/image\/"},"sameAs":["https:\/\/www.facebook.com\/arvivmedicalaesthetics\/","https:\/\/x.com\/ArvivAesthetics","https:\/\/www.instagram.com\/arviv_aesthetics\/","https:\/\/www.youtube.com\/user\/Arvivaesthetics"]}]}},"_links":{"self":[{"href":"https:\/\/arvivaesthetics.com\/es\/wp-json\/wp\/v2\/pages\/14175","targetHints":{"allow":["GET"]}}],"collection":[{"href":"https:\/\/arvivaesthetics.com\/es\/wp-json\/wp\/v2\/pages"}],"about":[{"href":"https:\/\/arvivaesthetics.com\/es\/wp-json\/wp\/v2\/types\/page"}],"author":[{"embeddable":true,"href":"https:\/\/arvivaesthetics.com\/es\/wp-json\/wp\/v2\/users\/31"}],"replies":[{"embeddable":true,"href":"https:\/\/arvivaesthetics.com\/es\/wp-json\/wp\/v2\/comments?post=14175"}],"version-history":[{"count":0,"href":"https:\/\/arvivaesthetics.com\/es\/wp-json\/wp\/v2\/pages\/14175\/revisions"}],"up":[{"embeddable":true,"href":"https:\/\/arvivaesthetics.com\/es\/wp-json\/wp\/v2\/pages\/171"}],"wp:attachment":[{"href":"https:\/\/arvivaesthetics.com\/es\/wp-json\/wp\/v2\/media?parent=14175"}],"curies":[{"name":"wp","href":"https:\/\/api.w.org\/{rel}","templated":true}]}}