{"id":15126,"date":"2022-03-28T23:44:32","date_gmt":"2022-03-29T04:44:32","guid":{"rendered":"https:\/\/arvivaesthetics.com\/?page_id=15126"},"modified":"2025-12-09T12:06:53","modified_gmt":"2025-12-09T17:06:53","slug":"consultoria-de-empresas-medicas-y-de-balnearios","status":"publish","type":"page","link":"https:\/\/arvivaesthetics.com\/es\/medical-and-spa-business-consulting\/","title":{"rendered":"Consultor\u00eda profesional para spas m\u00e9dicos y apoyo empresarial"},"content":{"rendered":"<p>[spb_row element_name=&#8221;Row&#8221; wrap_type=&#8221;full-width-stretch&#8221; row_bg_type=&#8221;color&#8221; color_row_height=&#8221;content-height&#8221; bg_type=&#8221;cover&#8221; parallax_image_height=&#8221;content-height&#8221; parallax_image_movement=&#8221;fixed&#8221; parallax_image_speed=&#8221;standard&#8221; bg_video_loop=&#8221;yes&#8221; parallax_video_height=&#8221;window-height&#8221; row_top_style=&#8221;none&#8221; row_bottom_style=&#8221;none&#8221; parallax_video_overlay=&#8221;none&#8221; row_overlay_opacity=&#8221;0&#8243; remove_element_spacing=&#8221;no&#8221; row_col_spacing=&#8221;0&#8243; row_col_pos=&#8221;default&#8221; row_col_equal_heights=&#8221;no&#8221; row_expanding=&#8221;no&#8221; row_animation=&#8221;none&#8221; row_animation_delay=&#8221;0&#8243; minimize_row=&#8221;no&#8221; simplified_controls=&#8221;yes&#8221; custom_css_percentage=&#8221;no&#8221; custom_css=&#8221;margin-top: 0px;margin-bottom: 0px;&#8221; border_styling_global=&#8221;default&#8221; width=&#8221;1\/1&#8243; el_position=&#8221;first last&#8221;] [spb_text_block animation=&#8221;none&#8221; animation_delay=&#8221;0&#8243; simplified_controls=&#8221;yes&#8221; custom_css_percentage=&#8221;no&#8221; padding_vertical=&#8221;0&#8243; padding_horizontal=&#8221;0&#8243; margin_vertical=&#8221;0&#8243; custom_css=&#8221;margin-top: 0px;margin-bottom: 0px;&#8221; border_size=&#8221;0&#8243; border_styling_global=&#8221;default&#8221; width=&#8221;1\/1&#8243; el_position=&#8221;first last&#8221;]<\/p>\n<div class=\"first-image-wrapper\"><a href=\"https:\/\/arvivaesthetics.com\/wp-content\/uploads\/2019\/01\/Aesthetics-Training.jpg\"><img loading=\"lazy\" decoding=\"async\" class=\"aligncenter wp-image-8579 size-full\" src=\"https:\/\/arvivaesthetics.com\/wp-content\/uploads\/2019\/01\/Aesthetics-Training.jpg\" alt=\"Aesthetics Training\" width=\"1920\" height=\"683\" srcset=\"https:\/\/arvivaesthetics.com\/wp-content\/uploads\/2019\/01\/Aesthetics-Training.jpg 1920w, https:\/\/arvivaesthetics.com\/wp-content\/uploads\/2019\/01\/Aesthetics-Training-300x107.jpg 300w, https:\/\/arvivaesthetics.com\/wp-content\/uploads\/2019\/01\/Aesthetics-Training-1024x364.jpg 1024w, https:\/\/arvivaesthetics.com\/wp-content\/uploads\/2019\/01\/Aesthetics-Training-768x273.jpg 768w, https:\/\/arvivaesthetics.com\/wp-content\/uploads\/2019\/01\/Aesthetics-Training-1536x546.jpg 1536w, https:\/\/arvivaesthetics.com\/wp-content\/uploads\/2019\/01\/Aesthetics-Training-1280x455.jpg 1280w, https:\/\/arvivaesthetics.com\/wp-content\/uploads\/2019\/01\/Aesthetics-Training-1000x356.jpg 1000w\" sizes=\"auto, (max-width: 1920px) 100vw, 1920px\" \/><\/a><\/div>\n<p>[\/spb_text_block] [\/spb_row] [spb_row element_name=&#8221;Row&#8221; wrap_type=&#8221;full-width-stretch&#8221; row_bg_type=&#8221;color&#8221; row_bg_color=&#8221;#3fbbc3&#8243; color_row_height=&#8221;content-height&#8221; bg_type=&#8221;cover&#8221; parallax_image_height=&#8221;content-height&#8221; parallax_image_movement=&#8221;fixed&#8221; parallax_image_speed=&#8221;standard&#8221; bg_video_loop=&#8221;yes&#8221; parallax_video_height=&#8221;window-height&#8221; row_top_style=&#8221;none&#8221; row_bottom_style=&#8221;none&#8221; parallax_video_overlay=&#8221;none&#8221; row_overlay_opacity=&#8221;0&#8243; remove_element_spacing=&#8221;no&#8221; row_col_spacing=&#8221;0&#8243; row_col_pos=&#8221;default&#8221; row_col_equal_heights=&#8221;no&#8221; row_expanding=&#8221;no&#8221; row_animation=&#8221;none&#8221; row_animation_delay=&#8221;0&#8243; minimize_row=&#8221;no&#8221; simplified_controls=&#8221;yes&#8221; custom_css_percentage=&#8221;no&#8221; custom_css=&#8221;margin-top: 0px;margin-bottom: 0px;&#8221; border_styling_global=&#8221;default&#8221; el_class=&#8221;blue-row&#8221; width=&#8221;1\/1&#8243; el_position=&#8221;first last&#8221;] [spb_text_block animation=&#8221;none&#8221; animation_delay=&#8221;0&#8243; simplified_controls=&#8221;yes&#8221; custom_css_percentage=&#8221;no&#8221; padding_vertical=&#8221;0&#8243; padding_horizontal=&#8221;0&#8243; margin_vertical=&#8221;0&#8243; custom_css=&#8221;margin-top: 0px;margin-bottom: 0px;&#8221; border_size=&#8221;0&#8243; border_styling_global=&#8221;default&#8221; width=&#8221;1\/1&#8243; el_position=&#8221;first last&#8221;]<\/p>\n<div style=\"margin: 40px 0 24px 0;\">\n<p class=\"impact-text impact-text-large\" style=\"text-align: center; color: #ffffff; font-weight: bold;\"><strong>Call our office today to schedule your consultation 813-855-0111<\/strong><\/p>\n<\/div>\n<p>[\/spb_text_block] [\/spb_row] [spb_text_block animation=&#8221;none&#8221; animation_delay=&#8221;0&#8243; simplified_controls=&#8221;yes&#8221; custom_css_percentage=&#8221;no&#8221; padding_vertical=&#8221;0&#8243; padding_horizontal=&#8221;0&#8243; margin_vertical=&#8221;0&#8243; custom_css=&#8221;margin-top: 0px;margin-bottom: 0px;&#8221; border_size=&#8221;0&#8243; border_styling_global=&#8221;default&#8221; width=&#8221;1\/1&#8243; el_position=&#8221;first last&#8221;]<\/p>\n<div style=\"padding-left: 30px;\">\n<p>Are you looking to improve your aesthetic practice in Tampa or Miami, but are unsure where to start? In the ever-changing world of this industry, staying ahead of the curve can seem like an insurmountable challenge. One way to ensure you&#8217;re always keeping up with the latest developments in your practice is to look for an expert medical spa consulting service.<\/p>\n<p>Our medical spa consultant team, led by <a href=\"https:\/\/arvivaesthetics.com\/our-team\/\">Dr. Tali Arviv, MD<\/a>, can help you develop, implement, and evaluate all aspects of your business, from marketing and sales, to equipment use and management.<\/p>\n<p>As an alumnus of the prestigious University of Florida and Ross University, Dr. Arviv is one of the most experienced specialists in Tampa and Miami. <a href=\"https:\/\/arvivaesthetics.com\/aesthetics-training\/\">Book your appointment now<\/a>, and gain a competitive advantage over your peers.<\/p>\n<h2>Why Should You Look for Medical Spa Consulting Services?<\/h2>\n<p>If you plan to open, or already own your own medical spa, it&#8217;s crucial to ensure that your location, procedures, staff, and equipment are all up to par. That&#8217;s where Dr. Arviv, and our team of medical spa consultants come in.<\/p>\n<p>Our goal is to help you run your medical spa practice and wellness center successfully, while still meeting the needs of your clients. The invaluable expert advice we offer can help you:<\/p>\n<ul>\n<li><strong>Avoid Trial and Error<\/strong> \u2013 Through our business consulting services, you will avoid common spa-business mistakes that can ruin your professional reputation and tarnish your name in the medical spa industry.<\/li>\n<li><strong>Get Unbiased Advice<\/strong> \u2013 Just like any other start-up business, opening your own medical spa can be scary. Our accomplished professionals will help you deal with any spa issue, and guide you through every process, from marketing to legal procedures.<\/li>\n<li><strong>Access Insider Information<\/strong> \u2013 We will clarify the latest trends, and procedures popular in Tampa and Miami. From our experience, you can also learn the most effective techniques to use for each client&#8217;s situation.<\/li>\n<\/ul>\n<p>Give your clients the best treatment right from the start with our med spa consulting services. Contact us today to speak one-on-one with Dr. Arviv and get customized expert advice for your practice.<\/p>\n<h2>Who Should Reach Out to Us?<\/h2>\n<p>Our business consulting services are available to all med spa practitioners in <a href=\"https:\/\/arvivaesthetics.com\/tampa\/\">Tampa<\/a> and <a href=\"https:\/\/arvivaesthetics.com\/miami\/\">Miami<\/a>. Whether you are an established expert or a startup looking to open an aesthetic center, we can help you research and pursue your goals.<\/p>\n<p>Reach out to us if you need:<\/p>\n<ul>\n<li>Help setting up your medical spa or injector practice with proper licensure<\/li>\n<li>Assistance in establishing an office-based surgery center<\/li>\n<li>Reviews and marketing strategies<\/li>\n<li>Staff hiring and structuring services<\/li>\n<li>Reviews on equipment<\/li>\n<li>Training on equipment use<\/li>\n<li>Help proposing prices and initiating an online presence.<\/li>\n<\/ul>\n<h2>Why Choose Arviv Medical Aesthetics Consulting Services?<\/h2>\n<p>When looking for medical spa consultants, you want those with enough experience to help you address your concerns and make informed decisions. As one of the most advanced medical spas in Westchase of Tampa Bay and Midtown, Miami, we focus on helping you succeed in developing an exceptional business.<\/p>\n<p>Our results-driven team of experts, led by Dr. Arviv has the hands-on knowledge and experience you require in your med spa practice. Having worked in the laser technology industry for over a decade, Dr. Arviv is a niche specialist who will help you get a quicker return on your investment.<\/p>\n<p>Besides helping you increase your business value through our recommendation, you will have access to the skills of the most experienced staff, new or hired. Most importantly, we will guide you on how to build a successful track record, and establish healthy relationships with your clients. In the end, you will achieve a greater level of comfort and certainty that other big med spa firms in your local area currently enjoy.<\/p>\n<h2>How to Start Your Own Med Spa<\/h2>\n<p>If you are a licensed medical physician, starting a med spa can be a great business idea. However, establishing a new business can seem intimidating, especially if you lack prior experience.<\/p>\n<p>Here are ten easy steps to follow before opening a med spa:<\/p>\n<ul>\n<li>Create a business plan<\/li>\n<li>Decide on the right location<\/li>\n<li>Choose a great name<\/li>\n<li>Design an excellent and relevant logo<\/li>\n<li>Start with essential equipment<\/li>\n<li>Build a website<\/li>\n<li>Have a compelling digital marketing strategy<\/li>\n<li>Hire qualified and experienced staff<\/li>\n<li>Keep making improvements to your med spa<\/li>\n<li>Learn from the experts<\/li>\n<\/ul>\n<h2>What to Expect<\/h2>\n<p>Once you become part of our team, you will have a chance to learn from the best experts in the industry. We customize our med spa consulting services to suit the needs of each client. Dr. Arviv will take you through:<\/p>\n<ol>\n<li>The start-up costs<\/li>\n<li>Required Credentialing<\/li>\n<li>Staffing requirements<\/li>\n<li>The Ideal equipment for your practice<\/li>\n<li>How to use surgical instruments and other disposable supplies.<\/li>\n<\/ol>\n<h2>Start Your Med Spa Business Transformation Journey<\/h2>\n<p>At Arviv Medical Aesthetics, our services are about more than physical beauty. We focus on attaining a total sense of well-being. To learn more about how our medical spa consulting services can help you meet your goals, <a href=\"https:\/\/arvivaesthetics.com\/\">contact us<\/a> today.<\/p>\n<\/div>\n<p>[\/spb_text_block] [spb_row element_name=&#8221;Row&#8221; wrap_type=&#8221;content-width&#8221; parallax_image_height=&#8221;content-height&#8221; parallax_image_movement=&#8221;fixed&#8221; parallax_image_speed=&#8221;0.5&#8243; bg_video_loop=&#8221;yes&#8221; parallax_video_height=&#8221;window-height&#8221; parallax_video_overlay=&#8221;none&#8221; row_overlay_opacity=&#8221;0&#8243; row_col_pos=&#8221;default&#8221; width=&#8221;1\/1&#8243; el_position=&#8221;first last&#8221;] [\/spb_row]<\/p>\n","protected":false},"excerpt":{"rendered":"<p>[spb_row element_name=&#8221;Row&#8221; wrap_type=&#8221;full-width-stretch&#8221; row_bg_type=&#8221;color&#8221; color_row_height=&#8221;content-height&#8221; bg_type=&#8221;cover&#8221; parallax_image_height=&#8221;content-height&#8221; parallax_image_movement=&#8221;fixed&#8221; parallax_image_speed=&#8221;standard&#8221; bg_video_loop=&#8221;yes&#8221; parallax_video_height=&#8221;window-height&#8221; row_top_style=&#8221;none&#8221; row_bottom_style=&#8221;none&#8221; parallax_video_overlay=&#8221;none&#8221; row_overlay_opacity=&#8221;0&#8243; remove_element_spacing=&#8221;no&#8221; row_col_spacing=&#8221;0&#8243; row_col_pos=&#8221;default&#8221; row_col_equal_heights=&#8221;no&#8221; row_expanding=&#8221;no&#8221; row_animation=&#8221;none&#8221; row_animation_delay=&#8221;0&#8243; minimize_row=&#8221;no&#8221; simplified_controls=&#8221;yes&#8221; custom_css_percentage=&#8221;no&#8221; custom_css=&#8221;margin-top: 0px;margin-bottom: 0px;&#8221; border_styling_global=&#8221;default&#8221; width=&#8221;1\/1&#8243; el_position=&#8221;first last&#8221;] [spb_text_block animation=&#8221;none&#8221; animation_delay=&#8221;0&#8243; simplified_controls=&#8221;yes&#8221; custom_css_percentage=&#8221;no&#8221; padding_vertical=&#8221;0&#8243; padding_horizontal=&#8221;0&#8243; margin_vertical=&#8221;0&#8243; custom_css=&#8221;margin-top: 0px;margin-bottom: 0px;&#8221; border_size=&#8221;0&#8243; border_styling_global=&#8221;default&#8221; width=&#8221;1\/1&#8243; el_position=&#8221;first last&#8221;] [\/spb_text_block] [\/spb_row] [spb_row element_name=&#8221;Row&#8221; wrap_type=&#8221;full-width-stretch&#8221; row_bg_type=&#8221;color&#8221; row_bg_color=&#8221;#3fbbc3&#8243; color_row_height=&#8221;content-height&#8221; bg_type=&#8221;cover&#8221; parallax_image_height=&#8221;content-height&#8221; parallax_image_movement=&#8221;fixed&#8221; parallax_image_speed=&#8221;standard&#8221; [&hellip;]<\/p>\n","protected":false},"author":32,"featured_media":0,"parent":0,"menu_order":0,"comment_status":"closed","ping_status":"closed","template":"","meta":{"footnotes":""},"class_list":["post-15126","page","type-page","status-publish","hentry"],"yoast_head":"<!-- This site is optimized with the Yoast SEO plugin v27.4 - https:\/\/yoast.com\/product\/yoast-seo-wordpress\/ -->\n<title>Medical Spa Consulting &amp; Med Spa Business Services \u2014 Arviv Medical Aesthetics<\/title>\n<meta name=\"description\" content=\"Build a stronger med spa with expert consulting, strategy, and operational guidance. Grow your business with Arviv Medical Aesthetics.\" \/>\n<meta name=\"robots\" content=\"index, follow, max-snippet:-1, max-image-preview:large, max-video-preview:-1\" \/>\n<link rel=\"canonical\" href=\"https:\/\/arvivaesthetics.com\/es\/consultoria-de-empresas-medicas-y-de-balnearios\/\" \/>\n<meta property=\"og:locale\" content=\"es_MX\" \/>\n<meta property=\"og:type\" content=\"article\" \/>\n<meta property=\"og:title\" content=\"Medical Spa Consulting &amp; Med Spa Business Services \u2014 Arviv Medical Aesthetics\" \/>\n<meta property=\"og:description\" content=\"Build a stronger med spa with expert consulting, strategy, and operational guidance. Grow your business with Arviv Medical Aesthetics.\" \/>\n<meta property=\"og:url\" content=\"https:\/\/arvivaesthetics.com\/es\/consultoria-de-empresas-medicas-y-de-balnearios\/\" \/>\n<meta property=\"og:site_name\" content=\"Arviv Medical Aesthetics\" \/>\n<meta property=\"article:publisher\" content=\"https:\/\/www.facebook.com\/arvivmedicalaesthetics\/\" \/>\n<meta property=\"article:modified_time\" content=\"2025-12-09T17:06:53+00:00\" \/>\n<meta property=\"og:image\" content=\"https:\/\/arvivaesthetics.com\/wp-content\/uploads\/2019\/01\/Aesthetics-Training.jpg\" \/>\n\t<meta property=\"og:image:width\" content=\"1920\" \/>\n\t<meta property=\"og:image:height\" content=\"683\" \/>\n\t<meta property=\"og:image:type\" content=\"image\/jpeg\" \/>\n<meta name=\"twitter:card\" content=\"summary_large_image\" \/>\n<meta name=\"twitter:site\" content=\"@ArvivAesthetics\" \/>\n<meta name=\"twitter:label1\" content=\"Tiempo de lectura\" \/>\n\t<meta name=\"twitter:data1\" content=\"5 minutos\" \/>\n<script type=\"application\/ld+json\" class=\"yoast-schema-graph\">{\"@context\":\"https:\\\/\\\/schema.org\",\"@graph\":[{\"@type\":\"WebPage\",\"@id\":\"https:\\\/\\\/arvivaesthetics.com\\\/medical-and-spa-business-consulting\\\/\",\"url\":\"https:\\\/\\\/arvivaesthetics.com\\\/medical-and-spa-business-consulting\\\/\",\"name\":\"Medical Spa Consulting & Med Spa Business Services \u2014 Arviv Medical Aesthetics\",\"isPartOf\":{\"@id\":\"https:\\\/\\\/arvivaesthetics.com\\\/#website\"},\"primaryImageOfPage\":{\"@id\":\"https:\\\/\\\/arvivaesthetics.com\\\/medical-and-spa-business-consulting\\\/#primaryimage\"},\"image\":{\"@id\":\"https:\\\/\\\/arvivaesthetics.com\\\/medical-and-spa-business-consulting\\\/#primaryimage\"},\"thumbnailUrl\":\"https:\\\/\\\/arvivaesthetics.com\\\/wp-content\\\/uploads\\\/2019\\\/01\\\/Aesthetics-Training.jpg\",\"datePublished\":\"2022-03-29T04:44:32+00:00\",\"dateModified\":\"2025-12-09T17:06:53+00:00\",\"description\":\"Build a stronger med spa with expert consulting, strategy, and operational guidance. Grow your business with Arviv Medical Aesthetics.\",\"breadcrumb\":{\"@id\":\"https:\\\/\\\/arvivaesthetics.com\\\/medical-and-spa-business-consulting\\\/#breadcrumb\"},\"inLanguage\":\"es\",\"potentialAction\":[{\"@type\":\"ReadAction\",\"target\":[\"https:\\\/\\\/arvivaesthetics.com\\\/medical-and-spa-business-consulting\\\/\"]}]},{\"@type\":\"ImageObject\",\"inLanguage\":\"es\",\"@id\":\"https:\\\/\\\/arvivaesthetics.com\\\/medical-and-spa-business-consulting\\\/#primaryimage\",\"url\":\"https:\\\/\\\/arvivaesthetics.com\\\/wp-content\\\/uploads\\\/2019\\\/01\\\/Aesthetics-Training.jpg\",\"contentUrl\":\"https:\\\/\\\/arvivaesthetics.com\\\/wp-content\\\/uploads\\\/2019\\\/01\\\/Aesthetics-Training.jpg\"},{\"@type\":\"BreadcrumbList\",\"@id\":\"https:\\\/\\\/arvivaesthetics.com\\\/medical-and-spa-business-consulting\\\/#breadcrumb\",\"itemListElement\":[{\"@type\":\"ListItem\",\"position\":1,\"name\":\"Home\",\"item\":\"https:\\\/\\\/arvivaesthetics.com\\\/\"},{\"@type\":\"ListItem\",\"position\":2,\"name\":\"Professional Medical Spa Consulting &#038; Business Support\"}]},{\"@type\":\"WebSite\",\"@id\":\"https:\\\/\\\/arvivaesthetics.com\\\/#website\",\"url\":\"https:\\\/\\\/arvivaesthetics.com\\\/\",\"name\":\"Arviv Medical Aesthetics\",\"description\":\"\",\"publisher\":{\"@id\":\"https:\\\/\\\/arvivaesthetics.com\\\/#organization\"},\"potentialAction\":[{\"@type\":\"SearchAction\",\"target\":{\"@type\":\"EntryPoint\",\"urlTemplate\":\"https:\\\/\\\/arvivaesthetics.com\\\/?s={search_term_string}\"},\"query-input\":{\"@type\":\"PropertyValueSpecification\",\"valueRequired\":true,\"valueName\":\"search_term_string\"}}],\"inLanguage\":\"es\"},{\"@type\":\"Organization\",\"@id\":\"https:\\\/\\\/arvivaesthetics.com\\\/#organization\",\"name\":\"Arviv Medical Aesthetics\",\"url\":\"https:\\\/\\\/arvivaesthetics.com\\\/\",\"logo\":{\"@type\":\"ImageObject\",\"inLanguage\":\"es\",\"@id\":\"https:\\\/\\\/arvivaesthetics.com\\\/#\\\/schema\\\/logo\\\/image\\\/\",\"url\":\"https:\\\/\\\/arvivaesthetics.com\\\/wp-content\\\/uploads\\\/2016\\\/11\\\/arvivIcon.png\",\"contentUrl\":\"https:\\\/\\\/arvivaesthetics.com\\\/wp-content\\\/uploads\\\/2016\\\/11\\\/arvivIcon.png\",\"width\":86,\"height\":42,\"caption\":\"Arviv Medical Aesthetics\"},\"image\":{\"@id\":\"https:\\\/\\\/arvivaesthetics.com\\\/#\\\/schema\\\/logo\\\/image\\\/\"},\"sameAs\":[\"https:\\\/\\\/www.facebook.com\\\/arvivmedicalaesthetics\\\/\",\"https:\\\/\\\/x.com\\\/ArvivAesthetics\",\"https:\\\/\\\/www.instagram.com\\\/arviv_aesthetics\\\/\",\"https:\\\/\\\/www.youtube.com\\\/user\\\/Arvivaesthetics\"]}]}<\/script>\n<!-- \/ Yoast SEO plugin. -->","yoast_head_json":{"title":"Consultor\u00eda de Spa M\u00e9dico y Servicios de Negocio de Spa M\u00e9dico - Arviv Medical Aesthetics","description":"Construya un spa m\u00e9dico m\u00e1s fuerte con consultor\u00eda experta, estrategia y orientaci\u00f3n operativa. Haga crecer su negocio con Arviv Medical Aesthetics.","robots":{"index":"index","follow":"follow","max-snippet":"max-snippet:-1","max-image-preview":"max-image-preview:large","max-video-preview":"max-video-preview:-1"},"canonical":"https:\/\/arvivaesthetics.com\/es\/consultoria-de-empresas-medicas-y-de-balnearios\/","og_locale":"es_MX","og_type":"article","og_title":"Medical Spa Consulting & Med Spa Business Services \u2014 Arviv Medical Aesthetics","og_description":"Build a stronger med spa with expert consulting, strategy, and operational guidance. Grow your business with Arviv Medical Aesthetics.","og_url":"https:\/\/arvivaesthetics.com\/es\/consultoria-de-empresas-medicas-y-de-balnearios\/","og_site_name":"Arviv Medical Aesthetics","article_publisher":"https:\/\/www.facebook.com\/arvivmedicalaesthetics\/","article_modified_time":"2025-12-09T17:06:53+00:00","og_image":[{"width":1920,"height":683,"url":"https:\/\/arvivaesthetics.com\/wp-content\/uploads\/2019\/01\/Aesthetics-Training.jpg","type":"image\/jpeg"}],"twitter_card":"summary_large_image","twitter_site":"@ArvivAesthetics","twitter_misc":{"Tiempo de lectura":"5 minutos"},"schema":{"@context":"https:\/\/schema.org","@graph":[{"@type":"WebPage","@id":"https:\/\/arvivaesthetics.com\/medical-and-spa-business-consulting\/","url":"https:\/\/arvivaesthetics.com\/medical-and-spa-business-consulting\/","name":"Consultor\u00eda de Spa M\u00e9dico y Servicios de Negocio de Spa M\u00e9dico - Arviv Medical Aesthetics","isPartOf":{"@id":"https:\/\/arvivaesthetics.com\/#website"},"primaryImageOfPage":{"@id":"https:\/\/arvivaesthetics.com\/medical-and-spa-business-consulting\/#primaryimage"},"image":{"@id":"https:\/\/arvivaesthetics.com\/medical-and-spa-business-consulting\/#primaryimage"},"thumbnailUrl":"https:\/\/arvivaesthetics.com\/wp-content\/uploads\/2019\/01\/Aesthetics-Training.jpg","datePublished":"2022-03-29T04:44:32+00:00","dateModified":"2025-12-09T17:06:53+00:00","description":"Construya un spa m\u00e9dico m\u00e1s fuerte con consultor\u00eda experta, estrategia y orientaci\u00f3n operativa. Haga crecer su negocio con Arviv Medical Aesthetics.","breadcrumb":{"@id":"https:\/\/arvivaesthetics.com\/medical-and-spa-business-consulting\/#breadcrumb"},"inLanguage":"es","potentialAction":[{"@type":"ReadAction","target":["https:\/\/arvivaesthetics.com\/medical-and-spa-business-consulting\/"]}]},{"@type":"ImageObject","inLanguage":"es","@id":"https:\/\/arvivaesthetics.com\/medical-and-spa-business-consulting\/#primaryimage","url":"https:\/\/arvivaesthetics.com\/wp-content\/uploads\/2019\/01\/Aesthetics-Training.jpg","contentUrl":"https:\/\/arvivaesthetics.com\/wp-content\/uploads\/2019\/01\/Aesthetics-Training.jpg"},{"@type":"BreadcrumbList","@id":"https:\/\/arvivaesthetics.com\/medical-and-spa-business-consulting\/#breadcrumb","itemListElement":[{"@type":"ListItem","position":1,"name":"Home","item":"https:\/\/arvivaesthetics.com\/"},{"@type":"ListItem","position":2,"name":"Professional Medical Spa Consulting &#038; Business Support"}]},{"@type":"WebSite","@id":"https:\/\/arvivaesthetics.com\/#website","url":"https:\/\/arvivaesthetics.com\/","name":"Arviv Est\u00e9tica M\u00e9dica","description":"","publisher":{"@id":"https:\/\/arvivaesthetics.com\/#organization"},"potentialAction":[{"@type":"SearchAction","target":{"@type":"EntryPoint","urlTemplate":"https:\/\/arvivaesthetics.com\/?s={search_term_string}"},"query-input":{"@type":"PropertyValueSpecification","valueRequired":true,"valueName":"search_term_string"}}],"inLanguage":"es"},{"@type":"Organization","@id":"https:\/\/arvivaesthetics.com\/#organization","name":"Arviv Est\u00e9tica M\u00e9dica","url":"https:\/\/arvivaesthetics.com\/","logo":{"@type":"ImageObject","inLanguage":"es","@id":"https:\/\/arvivaesthetics.com\/#\/schema\/logo\/image\/","url":"https:\/\/arvivaesthetics.com\/wp-content\/uploads\/2016\/11\/arvivIcon.png","contentUrl":"https:\/\/arvivaesthetics.com\/wp-content\/uploads\/2016\/11\/arvivIcon.png","width":86,"height":42,"caption":"Arviv Medical Aesthetics"},"image":{"@id":"https:\/\/arvivaesthetics.com\/#\/schema\/logo\/image\/"},"sameAs":["https:\/\/www.facebook.com\/arvivmedicalaesthetics\/","https:\/\/x.com\/ArvivAesthetics","https:\/\/www.instagram.com\/arviv_aesthetics\/","https:\/\/www.youtube.com\/user\/Arvivaesthetics"]}]}},"_links":{"self":[{"href":"https:\/\/arvivaesthetics.com\/es\/wp-json\/wp\/v2\/pages\/15126","targetHints":{"allow":["GET"]}}],"collection":[{"href":"https:\/\/arvivaesthetics.com\/es\/wp-json\/wp\/v2\/pages"}],"about":[{"href":"https:\/\/arvivaesthetics.com\/es\/wp-json\/wp\/v2\/types\/page"}],"author":[{"embeddable":true,"href":"https:\/\/arvivaesthetics.com\/es\/wp-json\/wp\/v2\/users\/32"}],"replies":[{"embeddable":true,"href":"https:\/\/arvivaesthetics.com\/es\/wp-json\/wp\/v2\/comments?post=15126"}],"version-history":[{"count":0,"href":"https:\/\/arvivaesthetics.com\/es\/wp-json\/wp\/v2\/pages\/15126\/revisions"}],"wp:attachment":[{"href":"https:\/\/arvivaesthetics.com\/es\/wp-json\/wp\/v2\/media?parent=15126"}],"curies":[{"name":"wp","href":"https:\/\/api.w.org\/{rel}","templated":true}]}}