{"id":15237,"date":"2022-05-24T10:30:57","date_gmt":"2022-05-24T15:30:57","guid":{"rendered":"https:\/\/arvivaesthetics.com\/?page_id=15237"},"modified":"2024-02-21T09:55:01","modified_gmt":"2024-02-21T14:55:01","slug":"politica-de-reembolso","status":"publish","type":"page","link":"https:\/\/arvivaesthetics.com\/es\/refund-policy\/","title":{"rendered":"Pol\u00edtica de reembolso"},"content":{"rendered":"<h1 style=\"text-align: center;\"><img loading=\"lazy\" decoding=\"async\" class=\"aligncenter size-full wp-image-9907\" src=\"https:\/\/arvivaesthetics.com\/wp-content\/uploads\/2019\/09\/Arviv-Medical-Aesthetics-Logo.png\" alt=\"Logotipo de Arviv Medical Aesthetics\" width=\"300\" height=\"80\" \/>POL\u00cdTICA DE CANCELACI\u00d3N<\/h1>\n<p>Por favor, respete nuestro tiempo y el de nuestro personal.<br \/>\nTrabajamos duro para servirle y cumplir sus normas.<br \/>\nLe rogamos que notifique a nuestro centro 48 horas antes si no puede acudir a su cita programada, para que podamos acomodar a los pacientes de nuestra lista de espera.<br \/>\nSi no se presenta o cancela con menos de 48 horas de antelaci\u00f3n, se le cobrar\u00e1 un recargo:<\/p>\n<ul>\n<li><strong>$50 para servicio de esteticista<\/strong><\/li>\n<li><strong>$100 Para enfermero practicante<\/strong><\/li>\n<li><strong>$150 para Dr<\/strong><\/li>\n<\/ul>\n<h1 style=\"text-align: center;\">POL\u00cdTICA DE REEMBOLSO<\/h1>\n<p>En Arviv Medical Aesthetics, ofrecemos bienes y servicios que son irrevocables. Por lo tanto, no emitimos reembolsos por ning\u00fan producto, paquete o servicio que haya sido inyectado o utilizado en su tratamiento. Al dar su consentimiento para ser tratado, es importante que los clientes comprendan y acepten esta condici\u00f3n.<br \/>\nEn caso de que se haya iniciado un paquete o una serie de tratamientos, estos servicios se considerar\u00e1n prestados aunque no se haya completado la serie completa. En caso de que desee interrumpir el tratamiento en mitad de una serie, se le abonar\u00e1 un cr\u00e9dito parcial una vez deducido el coste normal de los servicios utilizados del importe total abonado por el paquete. Si no completa el paquete, no recibir\u00e1 descuentos por los tratamientos realizados.<br \/>\nTodos los paquetes adquiridos no ser\u00e1n reembolsables despu\u00e9s de 30 d\u00edas o una vez que se haya prestado la primera sesi\u00f3n del paquete.<br \/>\nSi los servicios NO fueron prestados, puede cancelar o solicitar un reembolso por escrito. Se efectuar\u00e1n reembolsos; no obstante, se deducir\u00e1 una tasa de consulta de $100 del importe total abonado originalmente.<br \/>\nNo se reembolsar\u00e1 ning\u00fan vale de Groupon o Groupons canjeado en la oficina.<\/p>","protected":false},"excerpt":{"rendered":"<p>CANCELLATION POLICY Please respect our time and our staff\u2019s time. We work hard to serve you and meet your standards. We kindly request that you notify our facility 48 hours prior if you cannot make it to your scheduled appointment, so we can accommodate patients on our waiting list. Any no-show or cancellations made less than 48 hours prior will [&hellip;]<\/p>\n","protected":false},"author":32,"featured_media":0,"parent":0,"menu_order":0,"comment_status":"closed","ping_status":"closed","template":"","meta":{"footnotes":""},"class_list":["post-15237","page","type-page","status-publish","hentry"],"yoast_head":"<!-- This site is optimized with the Yoast SEO plugin v27.4 - https:\/\/yoast.com\/product\/yoast-seo-wordpress\/ -->\n<title>Refund Policy - Arviv Medical Aesthetics<\/title>\n<meta name=\"robots\" content=\"index, follow, max-snippet:-1, max-image-preview:large, max-video-preview:-1\" \/>\n<link rel=\"canonical\" href=\"https:\/\/arvivaesthetics.com\/es\/politica-de-reembolso\/\" \/>\n<meta property=\"og:locale\" content=\"es_MX\" \/>\n<meta property=\"og:type\" content=\"article\" \/>\n<meta property=\"og:title\" content=\"Refund Policy - Arviv Medical Aesthetics\" \/>\n<meta property=\"og:description\" content=\"CANCELLATION POLICY Please respect our time and our staff\u2019s time. We work hard to serve you and meet your standards. We kindly request that you notify our facility 48 hours prior if you cannot make it to your scheduled appointment, so we can accommodate patients on our waiting list. Any no-show or cancellations made less than 48 hours prior will [&hellip;]\" \/>\n<meta property=\"og:url\" content=\"https:\/\/arvivaesthetics.com\/es\/politica-de-reembolso\/\" \/>\n<meta property=\"og:site_name\" content=\"Arviv Medical Aesthetics\" \/>\n<meta property=\"article:publisher\" content=\"https:\/\/www.facebook.com\/arvivmedicalaesthetics\/\" \/>\n<meta property=\"article:modified_time\" content=\"2024-02-21T14:55:01+00:00\" \/>\n<meta property=\"og:image\" content=\"https:\/\/arvivaesthetics.com\/wp-content\/uploads\/2019\/09\/Arviv-Medical-Aesthetics-Logo.png\" \/>\n<meta name=\"twitter:card\" content=\"summary_large_image\" \/>\n<meta name=\"twitter:site\" content=\"@ArvivAesthetics\" \/>\n<meta name=\"twitter:label1\" content=\"Tiempo de lectura\" \/>\n\t<meta name=\"twitter:data1\" content=\"2 minutos\" \/>\n<script type=\"application\/ld+json\" class=\"yoast-schema-graph\">{\"@context\":\"https:\\\/\\\/schema.org\",\"@graph\":[{\"@type\":\"WebPage\",\"@id\":\"https:\\\/\\\/arvivaesthetics.com\\\/refund-policy\\\/\",\"url\":\"https:\\\/\\\/arvivaesthetics.com\\\/refund-policy\\\/\",\"name\":\"Refund Policy - Arviv Medical Aesthetics\",\"isPartOf\":{\"@id\":\"https:\\\/\\\/arvivaesthetics.com\\\/#website\"},\"primaryImageOfPage\":{\"@id\":\"https:\\\/\\\/arvivaesthetics.com\\\/refund-policy\\\/#primaryimage\"},\"image\":{\"@id\":\"https:\\\/\\\/arvivaesthetics.com\\\/refund-policy\\\/#primaryimage\"},\"thumbnailUrl\":\"https:\\\/\\\/arvivaesthetics.com\\\/wp-content\\\/uploads\\\/2019\\\/09\\\/Arviv-Medical-Aesthetics-Logo.png\",\"datePublished\":\"2022-05-24T15:30:57+00:00\",\"dateModified\":\"2024-02-21T14:55:01+00:00\",\"breadcrumb\":{\"@id\":\"https:\\\/\\\/arvivaesthetics.com\\\/refund-policy\\\/#breadcrumb\"},\"inLanguage\":\"es\",\"potentialAction\":[{\"@type\":\"ReadAction\",\"target\":[\"https:\\\/\\\/arvivaesthetics.com\\\/refund-policy\\\/\"]}]},{\"@type\":\"ImageObject\",\"inLanguage\":\"es\",\"@id\":\"https:\\\/\\\/arvivaesthetics.com\\\/refund-policy\\\/#primaryimage\",\"url\":\"https:\\\/\\\/arvivaesthetics.com\\\/wp-content\\\/uploads\\\/2019\\\/09\\\/Arviv-Medical-Aesthetics-Logo.png\",\"contentUrl\":\"https:\\\/\\\/arvivaesthetics.com\\\/wp-content\\\/uploads\\\/2019\\\/09\\\/Arviv-Medical-Aesthetics-Logo.png\"},{\"@type\":\"BreadcrumbList\",\"@id\":\"https:\\\/\\\/arvivaesthetics.com\\\/refund-policy\\\/#breadcrumb\",\"itemListElement\":[{\"@type\":\"ListItem\",\"position\":1,\"name\":\"Home\",\"item\":\"https:\\\/\\\/arvivaesthetics.com\\\/\"},{\"@type\":\"ListItem\",\"position\":2,\"name\":\"Refund Policy\"}]},{\"@type\":\"WebSite\",\"@id\":\"https:\\\/\\\/arvivaesthetics.com\\\/#website\",\"url\":\"https:\\\/\\\/arvivaesthetics.com\\\/\",\"name\":\"Arviv Medical Aesthetics\",\"description\":\"\",\"publisher\":{\"@id\":\"https:\\\/\\\/arvivaesthetics.com\\\/#organization\"},\"potentialAction\":[{\"@type\":\"SearchAction\",\"target\":{\"@type\":\"EntryPoint\",\"urlTemplate\":\"https:\\\/\\\/arvivaesthetics.com\\\/?s={search_term_string}\"},\"query-input\":{\"@type\":\"PropertyValueSpecification\",\"valueRequired\":true,\"valueName\":\"search_term_string\"}}],\"inLanguage\":\"es\"},{\"@type\":\"Organization\",\"@id\":\"https:\\\/\\\/arvivaesthetics.com\\\/#organization\",\"name\":\"Arviv Medical Aesthetics\",\"url\":\"https:\\\/\\\/arvivaesthetics.com\\\/\",\"logo\":{\"@type\":\"ImageObject\",\"inLanguage\":\"es\",\"@id\":\"https:\\\/\\\/arvivaesthetics.com\\\/#\\\/schema\\\/logo\\\/image\\\/\",\"url\":\"https:\\\/\\\/arvivaesthetics.com\\\/wp-content\\\/uploads\\\/2016\\\/11\\\/arvivIcon.png\",\"contentUrl\":\"https:\\\/\\\/arvivaesthetics.com\\\/wp-content\\\/uploads\\\/2016\\\/11\\\/arvivIcon.png\",\"width\":86,\"height\":42,\"caption\":\"Arviv Medical Aesthetics\"},\"image\":{\"@id\":\"https:\\\/\\\/arvivaesthetics.com\\\/#\\\/schema\\\/logo\\\/image\\\/\"},\"sameAs\":[\"https:\\\/\\\/www.facebook.com\\\/arvivmedicalaesthetics\\\/\",\"https:\\\/\\\/x.com\\\/ArvivAesthetics\",\"https:\\\/\\\/www.instagram.com\\\/arviv_aesthetics\\\/\",\"https:\\\/\\\/www.youtube.com\\\/user\\\/Arvivaesthetics\"]}]}<\/script>\n<!-- \/ Yoast SEO plugin. -->","yoast_head_json":{"title":"Pol\u00edtica de reembolso - Arviv Medical Aesthetics","robots":{"index":"index","follow":"follow","max-snippet":"max-snippet:-1","max-image-preview":"max-image-preview:large","max-video-preview":"max-video-preview:-1"},"canonical":"https:\/\/arvivaesthetics.com\/es\/politica-de-reembolso\/","og_locale":"es_MX","og_type":"article","og_title":"Refund Policy - Arviv Medical Aesthetics","og_description":"CANCELLATION POLICY Please respect our time and our staff\u2019s time. We work hard to serve you and meet your standards. We kindly request that you notify our facility 48 hours prior if you cannot make it to your scheduled appointment, so we can accommodate patients on our waiting list. Any no-show or cancellations made less than 48 hours prior will [&hellip;]","og_url":"https:\/\/arvivaesthetics.com\/es\/politica-de-reembolso\/","og_site_name":"Arviv Medical Aesthetics","article_publisher":"https:\/\/www.facebook.com\/arvivmedicalaesthetics\/","article_modified_time":"2024-02-21T14:55:01+00:00","og_image":[{"url":"https:\/\/arvivaesthetics.com\/wp-content\/uploads\/2019\/09\/Arviv-Medical-Aesthetics-Logo.png","type":"","width":"","height":""}],"twitter_card":"summary_large_image","twitter_site":"@ArvivAesthetics","twitter_misc":{"Tiempo de lectura":"2 minutos"},"schema":{"@context":"https:\/\/schema.org","@graph":[{"@type":"WebPage","@id":"https:\/\/arvivaesthetics.com\/refund-policy\/","url":"https:\/\/arvivaesthetics.com\/refund-policy\/","name":"Pol\u00edtica de reembolso - Arviv Medical Aesthetics","isPartOf":{"@id":"https:\/\/arvivaesthetics.com\/#website"},"primaryImageOfPage":{"@id":"https:\/\/arvivaesthetics.com\/refund-policy\/#primaryimage"},"image":{"@id":"https:\/\/arvivaesthetics.com\/refund-policy\/#primaryimage"},"thumbnailUrl":"https:\/\/arvivaesthetics.com\/wp-content\/uploads\/2019\/09\/Arviv-Medical-Aesthetics-Logo.png","datePublished":"2022-05-24T15:30:57+00:00","dateModified":"2024-02-21T14:55:01+00:00","breadcrumb":{"@id":"https:\/\/arvivaesthetics.com\/refund-policy\/#breadcrumb"},"inLanguage":"es","potentialAction":[{"@type":"ReadAction","target":["https:\/\/arvivaesthetics.com\/refund-policy\/"]}]},{"@type":"ImageObject","inLanguage":"es","@id":"https:\/\/arvivaesthetics.com\/refund-policy\/#primaryimage","url":"https:\/\/arvivaesthetics.com\/wp-content\/uploads\/2019\/09\/Arviv-Medical-Aesthetics-Logo.png","contentUrl":"https:\/\/arvivaesthetics.com\/wp-content\/uploads\/2019\/09\/Arviv-Medical-Aesthetics-Logo.png"},{"@type":"BreadcrumbList","@id":"https:\/\/arvivaesthetics.com\/refund-policy\/#breadcrumb","itemListElement":[{"@type":"ListItem","position":1,"name":"Home","item":"https:\/\/arvivaesthetics.com\/"},{"@type":"ListItem","position":2,"name":"Refund Policy"}]},{"@type":"WebSite","@id":"https:\/\/arvivaesthetics.com\/#website","url":"https:\/\/arvivaesthetics.com\/","name":"Arviv Est\u00e9tica M\u00e9dica","description":"","publisher":{"@id":"https:\/\/arvivaesthetics.com\/#organization"},"potentialAction":[{"@type":"SearchAction","target":{"@type":"EntryPoint","urlTemplate":"https:\/\/arvivaesthetics.com\/?s={search_term_string}"},"query-input":{"@type":"PropertyValueSpecification","valueRequired":true,"valueName":"search_term_string"}}],"inLanguage":"es"},{"@type":"Organization","@id":"https:\/\/arvivaesthetics.com\/#organization","name":"Arviv Est\u00e9tica M\u00e9dica","url":"https:\/\/arvivaesthetics.com\/","logo":{"@type":"ImageObject","inLanguage":"es","@id":"https:\/\/arvivaesthetics.com\/#\/schema\/logo\/image\/","url":"https:\/\/arvivaesthetics.com\/wp-content\/uploads\/2016\/11\/arvivIcon.png","contentUrl":"https:\/\/arvivaesthetics.com\/wp-content\/uploads\/2016\/11\/arvivIcon.png","width":86,"height":42,"caption":"Arviv Medical Aesthetics"},"image":{"@id":"https:\/\/arvivaesthetics.com\/#\/schema\/logo\/image\/"},"sameAs":["https:\/\/www.facebook.com\/arvivmedicalaesthetics\/","https:\/\/x.com\/ArvivAesthetics","https:\/\/www.instagram.com\/arviv_aesthetics\/","https:\/\/www.youtube.com\/user\/Arvivaesthetics"]}]}},"_links":{"self":[{"href":"https:\/\/arvivaesthetics.com\/es\/wp-json\/wp\/v2\/pages\/15237","targetHints":{"allow":["GET"]}}],"collection":[{"href":"https:\/\/arvivaesthetics.com\/es\/wp-json\/wp\/v2\/pages"}],"about":[{"href":"https:\/\/arvivaesthetics.com\/es\/wp-json\/wp\/v2\/types\/page"}],"author":[{"embeddable":true,"href":"https:\/\/arvivaesthetics.com\/es\/wp-json\/wp\/v2\/users\/32"}],"replies":[{"embeddable":true,"href":"https:\/\/arvivaesthetics.com\/es\/wp-json\/wp\/v2\/comments?post=15237"}],"version-history":[{"count":0,"href":"https:\/\/arvivaesthetics.com\/es\/wp-json\/wp\/v2\/pages\/15237\/revisions"}],"wp:attachment":[{"href":"https:\/\/arvivaesthetics.com\/es\/wp-json\/wp\/v2\/media?parent=15237"}],"curies":[{"name":"wp","href":"https:\/\/api.w.org\/{rel}","templated":true}]}}