{"id":15503,"date":"2022-09-19T18:00:06","date_gmt":"2022-09-19T23:00:06","guid":{"rendered":"https:\/\/arvivaesthetics.com\/?page_id=15503"},"modified":"2025-03-13T18:26:20","modified_gmt":"2025-03-13T23:26:20","slug":"p-disparo","status":"publish","type":"page","link":"https:\/\/arvivaesthetics.com\/es\/ocala\/p-shot\/","title":{"rendered":"Priapus Shot\u00ae (P-Shot\u00ae) - Ocala, FL"},"content":{"rendered":"<p>[spb_row element_name=&#8221;Row&#8221; wrap_type=&#8221;full-width-stretch&#8221; row_bg_type=&#8221;color&#8221; color_row_height=&#8221;content-height&#8221; bg_type=&#8221;cover&#8221; parallax_image_height=&#8221;content-height&#8221; parallax_image_movement=&#8221;fixed&#8221; parallax_image_speed=&#8221;standard&#8221; bg_video_loop=&#8221;yes&#8221; parallax_video_height=&#8221;window-height&#8221; row_top_style=&#8221;none&#8221; row_bottom_style=&#8221;none&#8221; parallax_video_overlay=&#8221;none&#8221; row_overlay_opacity=&#8221;0&#8243; remove_element_spacing=&#8221;no&#8221; row_col_spacing=&#8221;0&#8243; row_col_pos=&#8221;default&#8221; row_col_equal_heights=&#8221;no&#8221; row_expanding=&#8221;no&#8221; row_animation=&#8221;none&#8221; row_animation_delay=&#8221;0&#8243; minimize_row=&#8221;yes&#8221; simplified_controls=&#8221;yes&#8221; custom_css_percentage=&#8221;no&#8221; custom_css=&#8221;margin-top: 0px;margin-bottom: 0px;&#8221; border_styling_global=&#8221;default&#8221; width=&#8221;1\/1&#8243; el_position=&#8221;first last&#8221;] [spb_text_block animation=&#8221;none&#8221; animation_delay=&#8221;0&#8243; simplified_controls=&#8221;yes&#8221; custom_css_percentage=&#8221;no&#8221; padding_vertical=&#8221;0&#8243; padding_horizontal=&#8221;0&#8243; margin_vertical=&#8221;0&#8243; custom_css=&#8221;margin-top: 0px;margin-bottom: 0px;&#8221; border_size=&#8221;0&#8243; border_styling_global=&#8221;default&#8221; bk_image_global=&#8221;8044&#8243; width=&#8221;1\/1&#8243; el_position=&#8221;first last&#8221;]<\/p>\n<p><img loading=\"lazy\" decoding=\"async\" class=\"aligncenter wp-image-8044 size-full\" title=\"Tampa P-Shot\u00ae or Priapus Shot\u00ae \" src=\"http:\/\/arvivaesthetics.com\/wp-content\/uploads\/2018\/09\/Tampa-P-Shot-\u00ae-Header.jpg\" alt=\"Tampa P-Shot\u00ae or Priapus Shot\u00ae \" width=\"1920\" height=\"683\" srcset=\"https:\/\/arvivaesthetics.com\/wp-content\/uploads\/2018\/09\/Tampa-P-Shot-\u00ae-Header.jpg 1920w, https:\/\/arvivaesthetics.com\/wp-content\/uploads\/2018\/09\/Tampa-P-Shot-\u00ae-Header-300x107.jpg 300w, https:\/\/arvivaesthetics.com\/wp-content\/uploads\/2018\/09\/Tampa-P-Shot-\u00ae-Header-1024x364.jpg 1024w, https:\/\/arvivaesthetics.com\/wp-content\/uploads\/2018\/09\/Tampa-P-Shot-\u00ae-Header-768x273.jpg 768w, https:\/\/arvivaesthetics.com\/wp-content\/uploads\/2018\/09\/Tampa-P-Shot-\u00ae-Header-1536x546.jpg 1536w, https:\/\/arvivaesthetics.com\/wp-content\/uploads\/2018\/09\/Tampa-P-Shot-\u00ae-Header-1280x455.jpg 1280w, https:\/\/arvivaesthetics.com\/wp-content\/uploads\/2018\/09\/Tampa-P-Shot-\u00ae-Header-1000x356.jpg 1000w\" sizes=\"auto, (max-width: 1920px) 100vw, 1920px\" \/><\/p>\n<p>[\/spb_text_block] [\/spb_row] [spb_row element_name=&#8221;Row&#8221; wrap_type=&#8221;full-width-stretch&#8221; row_bg_type=&#8221;color&#8221; row_bg_color=&#8221;#3fbbc3&#8243; color_row_height=&#8221;content-height&#8221; bg_type=&#8221;cover&#8221; parallax_image_height=&#8221;content-height&#8221; parallax_image_movement=&#8221;fixed&#8221; parallax_image_speed=&#8221;standard&#8221; bg_video_loop=&#8221;yes&#8221; parallax_video_height=&#8221;window-height&#8221; row_top_style=&#8221;none&#8221; row_bottom_style=&#8221;none&#8221; parallax_video_overlay=&#8221;none&#8221; row_overlay_opacity=&#8221;0&#8243; remove_element_spacing=&#8221;no&#8221; row_col_spacing=&#8221;0&#8243; row_col_pos=&#8221;default&#8221; row_col_equal_heights=&#8221;no&#8221; row_expanding=&#8221;no&#8221; row_animation=&#8221;none&#8221; row_animation_delay=&#8221;0&#8243; minimize_row=&#8221;no&#8221; simplified_controls=&#8221;yes&#8221; custom_css_percentage=&#8221;no&#8221; custom_css=&#8221;margin-top: 0px;margin-bottom: 0px;&#8221; border_styling_global=&#8221;default&#8221; width=&#8221;1\/1&#8243; el_position=&#8221;first last&#8221;] [spb_text_block animation=&#8221;none&#8221; animation_delay=&#8221;0&#8243; simplified_controls=&#8221;yes&#8221; custom_css_percentage=&#8221;no&#8221; padding_vertical=&#8221;0&#8243; padding_horizontal=&#8221;0&#8243; margin_vertical=&#8221;0&#8243; custom_css=&#8221;margin-top: 0px;margin-bottom: 0px;&#8221; border_size=&#8221;0&#8243; border_styling_global=&#8221;default&#8221; width=&#8221;1\/1&#8243; el_position=&#8221;first last&#8221;]<\/p>\n<h2 class=\"service-titles\">Call <a href=\"tel:8138550111\"><span data-bind=\"marked: {value: item.body, useMarkdown: item.contentType() == 'TEXT', collapseQuotes: true, openExternalLinksInNewTab: true}\">(813) 855-0111<\/span><\/a>\u00a0to schedule your consultation.<\/h2>\n<p>[\/spb_text_block] [\/spb_row] [spb_text_block animation=&#8221;none&#8221; animation_delay=&#8221;0&#8243; simplified_controls=&#8221;yes&#8221; custom_css_percentage=&#8221;no&#8221; padding_vertical=&#8221;0&#8243; padding_horizontal=&#8221;0&#8243; margin_vertical=&#8221;0&#8243; custom_css=&#8221;margin-top: 0px;margin-bottom: 0px;&#8221; border_size=&#8221;0&#8243; border_styling_global=&#8221;default&#8221; width=&#8221;1\/1&#8243; el_position=&#8221;first last&#8221;]<\/p>\n<p>&nbsp;<\/p>\n<p>The Priapus Shot or P-Shot \u00ae is a natural, non-surgical procedure for men designed to rejuvenate the penis. It involves harvesting and injecting a man\u2019s own plasma into certain areas of the penis. Unlike other ED medications that come with adverse side effects- such as headaches and abnormal erections that last for hours- the P-Shot\u00a0\u00ae\u00a0is very successful and is not rejected by the body because it uses your own blood.<\/p>\n<h2><strong>How Does It Work?<\/strong><\/h2>\n<p>The secret of the Priapus Shot \u00ae is Platelet Rich Plasma (PRP). The procedure begins by drawing a small amount of blood from the arm, which is just about as much blood as you would give for a blood test. Then, we separate platelets, which contain growth factors from the white blood and red blood cells using a specialized centrifuge. A few drops of calcium chloride are added to stimulate the healing properties of PRP. What is left is the super-healing, super-concentrated PRP extract that\u2019s placed into a syringe and injected into the penis. After injection stem cells are mobilized and growth factors stimulate tissue regeneration. New tissue means more blood flow, more sensitivity and better erections.<\/p>\n<p>[\/spb_text_block] [spb_text_block animation=&#8221;none&#8221; animation_delay=&#8221;0&#8243; simplified_controls=&#8221;yes&#8221; custom_css_percentage=&#8221;no&#8221; padding_vertical=&#8221;0&#8243; padding_horizontal=&#8221;0&#8243; margin_vertical=&#8221;0&#8243; custom_css=&#8221;margin-top: 0px;margin-bottom: 0px;&#8221; border_size=&#8221;0&#8243; border_styling_global=&#8221;default&#8221; width=&#8221;1\/2&#8243; el_position=&#8221;first&#8221;]<\/p>\n<h2><strong>Who\u2019s an Ideal Candidate for the P-Shot\u00ae?<\/strong><\/h2>\n<p>Any man looking for male enhancement increased sexual performance, or a better sex life can benefit from the P-Shot \u00ae procedure. It\u2019s also an excellent option for men who suffer from sexual dysfunction as a result of surgery, medication, prostate cancer, enlarged prostate, diabetes, and other health conditions. Some conditions may require combination treatment with shockwave therapy, hormone replacement, and lifestyle changes to optimize results.<\/p>\n<p>[\/spb_text_block] [spb_text_block animation=&#8221;none&#8221; animation_delay=&#8221;0&#8243; simplified_controls=&#8221;yes&#8221; custom_css_percentage=&#8221;no&#8221; padding_vertical=&#8221;0&#8243; padding_horizontal=&#8221;0&#8243; margin_vertical=&#8221;0&#8243; custom_css=&#8221;margin-top: 0px;margin-bottom: 0px;&#8221; border_size=&#8221;0&#8243; border_styling_global=&#8221;default&#8221; width=&#8221;1\/2&#8243; el_position=&#8221;last&#8221;]<\/p>\n<p><img loading=\"lazy\" decoding=\"async\" class=\"aligncenter size-full wp-image-8045\" src=\"http:\/\/arvivaesthetics.com\/wp-content\/uploads\/2018\/09\/Ideal-Candidate-for-the-P-Shot.jpg\" alt=\"Ideal Candidate for the P-Shot\" width=\"650\" height=\"433\" srcset=\"https:\/\/arvivaesthetics.com\/wp-content\/uploads\/2018\/09\/Ideal-Candidate-for-the-P-Shot.jpg 650w, https:\/\/arvivaesthetics.com\/wp-content\/uploads\/2018\/09\/Ideal-Candidate-for-the-P-Shot-300x200.jpg 300w\" sizes=\"auto, (max-width: 650px) 100vw, 650px\" \/><\/p>\n<p>[\/spb_text_block] [spb_row element_name=&#8221;Row&#8221; wrap_type=&#8221;standard-width&#8221; row_bg_type=&#8221;color&#8221; color_row_height=&#8221;content-height&#8221; bg_type=&#8221;cover&#8221; parallax_image_height=&#8221;content-height&#8221; parallax_image_movement=&#8221;fixed&#8221; parallax_image_speed=&#8221;standard&#8221; bg_video_loop=&#8221;yes&#8221; parallax_video_height=&#8221;window-height&#8221; row_top_style=&#8221;none&#8221; row_bottom_style=&#8221;none&#8221; parallax_video_overlay=&#8221;none&#8221; row_overlay_opacity=&#8221;0&#8243; remove_element_spacing=&#8221;no&#8221; row_col_spacing=&#8221;0&#8243; row_col_pos=&#8221;default&#8221; row_col_equal_heights=&#8221;no&#8221; row_expanding=&#8221;no&#8221; row_animation=&#8221;none&#8221; row_animation_delay=&#8221;0&#8243; minimize_row=&#8221;yes&#8221; simplified_controls=&#8221;yes&#8221; custom_css_percentage=&#8221;no&#8221; custom_css=&#8221;margin-top: 0px;margin-bottom: 0px;&#8221; border_styling_global=&#8221;default&#8221; width=&#8221;1\/1&#8243; el_position=&#8221;first last&#8221;] [spb_text_block animation=&#8221;none&#8221; animation_delay=&#8221;0&#8243; simplified_controls=&#8221;yes&#8221; custom_css_percentage=&#8221;no&#8221; padding_vertical=&#8221;0&#8243; padding_horizontal=&#8221;0&#8243; margin_vertical=&#8221;0&#8243; custom_css=&#8221;margin-top: 0px;margin-bottom: 0px;&#8221; border_size=&#8221;0&#8243; border_styling_global=&#8221;default&#8221; width=&#8221;1\/1&#8243; el_position=&#8221;first last&#8221;]<\/p>\n<h2><strong>What Are the Benefits of an Ocala P-Shot\u00ae?<\/strong><\/h2>\n<p>While individual treatment plans and results vary, most men who\u2019ve received the P-Shot\u00a0\u00ae\u00a0injection and followed post-treatment plan report:<\/p>\n<ul>\n<li>Increased sensation and pleasure<\/li>\n<li>Longer, stronger, and more sustainable erections<\/li>\n<li>Increase in the girth and length of the penis<\/li>\n<li>Increased blood flow and circulation in the penis for a healthier organ<\/li>\n<li>Enhanced appearance of the penis<\/li>\n<li>Improved urinary incontinence<\/li>\n<li>Fixed prostate discomfort<\/li>\n<\/ul>\n<p>Many of these benefits are experienced immediately following the procedure but may take up to 12 weeks for full effect.<\/p>\n<p>[\/spb_text_block] [spb_text_block animation=&#8221;none&#8221; animation_delay=&#8221;0&#8243; simplified_controls=&#8221;yes&#8221; custom_css_percentage=&#8221;no&#8221; padding_vertical=&#8221;0&#8243; padding_horizontal=&#8221;0&#8243; margin_vertical=&#8221;0&#8243; custom_css=&#8221;margin-top: 0px;margin-bottom: 0px;&#8221; border_size=&#8221;0&#8243; border_styling_global=&#8221;default&#8221; width=&#8221;1\/1&#8243; el_position=&#8221;first last&#8221;]<\/p>\n<p>Our Ocala P-Shot \u00ae Procedure can help you be the lover you once were or always wanted to be. <a href=\"https:\/\/arvivaesthetics.com\/ocala\/\">Schedule an appointment<\/a>\u00a0with Arviv Medical Aesthetics, we&#8217;ll work with you to come up with a customized plan that best matches your goals.<\/p>\n<p>[\/spb_text_block] [\/spb_row]<\/p>\n","protected":false},"excerpt":{"rendered":"<p>[spb_row element_name=&#8221;Row&#8221; wrap_type=&#8221;full-width-stretch&#8221; row_bg_type=&#8221;color&#8221; color_row_height=&#8221;content-height&#8221; bg_type=&#8221;cover&#8221; parallax_image_height=&#8221;content-height&#8221; parallax_image_movement=&#8221;fixed&#8221; parallax_image_speed=&#8221;standard&#8221; bg_video_loop=&#8221;yes&#8221; parallax_video_height=&#8221;window-height&#8221; row_top_style=&#8221;none&#8221; row_bottom_style=&#8221;none&#8221; parallax_video_overlay=&#8221;none&#8221; row_overlay_opacity=&#8221;0&#8243; remove_element_spacing=&#8221;no&#8221; row_col_spacing=&#8221;0&#8243; row_col_pos=&#8221;default&#8221; row_col_equal_heights=&#8221;no&#8221; row_expanding=&#8221;no&#8221; row_animation=&#8221;none&#8221; row_animation_delay=&#8221;0&#8243; minimize_row=&#8221;yes&#8221; simplified_controls=&#8221;yes&#8221; custom_css_percentage=&#8221;no&#8221; custom_css=&#8221;margin-top: 0px;margin-bottom: 0px;&#8221; border_styling_global=&#8221;default&#8221; width=&#8221;1\/1&#8243; el_position=&#8221;first last&#8221;] [spb_text_block animation=&#8221;none&#8221; animation_delay=&#8221;0&#8243; simplified_controls=&#8221;yes&#8221; custom_css_percentage=&#8221;no&#8221; padding_vertical=&#8221;0&#8243; padding_horizontal=&#8221;0&#8243; margin_vertical=&#8221;0&#8243; custom_css=&#8221;margin-top: 0px;margin-bottom: 0px;&#8221; border_size=&#8221;0&#8243; border_styling_global=&#8221;default&#8221; bk_image_global=&#8221;8044&#8243; width=&#8221;1\/1&#8243; el_position=&#8221;first last&#8221;] [\/spb_text_block] [\/spb_row] [spb_row element_name=&#8221;Row&#8221; wrap_type=&#8221;full-width-stretch&#8221; row_bg_type=&#8221;color&#8221; row_bg_color=&#8221;#3fbbc3&#8243; color_row_height=&#8221;content-height&#8221; bg_type=&#8221;cover&#8221; parallax_image_height=&#8221;content-height&#8221; parallax_image_movement=&#8221;fixed&#8221; [&hellip;]<\/p>\n","protected":false},"author":32,"featured_media":0,"parent":14831,"menu_order":0,"comment_status":"closed","ping_status":"closed","template":"","meta":{"footnotes":""},"class_list":["post-15503","page","type-page","status-publish","hentry"],"yoast_head":"<!-- This site is optimized with the Yoast SEO plugin v27.4 - https:\/\/yoast.com\/product\/yoast-seo-wordpress\/ -->\n<title>P-Shot \/ Priapus Shot - Ocala, FL | Arviv Medical Aesthetics<\/title>\n<meta name=\"description\" content=\"The Ocala P-Shot\u00ae can enhance male sexual performance for men who suffer from sexual dysfunction. Call Ariv Medical Aesthetics Ocala for more info.\" \/>\n<meta name=\"robots\" content=\"index, follow, max-snippet:-1, max-image-preview:large, max-video-preview:-1\" \/>\n<link rel=\"canonical\" href=\"https:\/\/arvivaesthetics.com\/es\/ocala\/p-disparo\/\" \/>\n<meta property=\"og:locale\" content=\"es_MX\" \/>\n<meta property=\"og:type\" content=\"article\" \/>\n<meta property=\"og:title\" content=\"P-Shot \/ Priapus Shot - Ocala, FL | Arviv Medical Aesthetics\" \/>\n<meta property=\"og:description\" content=\"The Ocala P-Shot\u00ae can enhance male sexual performance for men who suffer from sexual dysfunction. Call Ariv Medical Aesthetics Ocala for more info.\" \/>\n<meta property=\"og:url\" content=\"https:\/\/arvivaesthetics.com\/es\/ocala\/p-disparo\/\" \/>\n<meta property=\"og:site_name\" content=\"Arviv Medical Aesthetics\" \/>\n<meta property=\"article:publisher\" content=\"https:\/\/www.facebook.com\/arvivmedicalaesthetics\/\" \/>\n<meta property=\"article:modified_time\" content=\"2025-03-13T23:26:20+00:00\" \/>\n<meta property=\"og:image\" content=\"http:\/\/arvivaesthetics.com\/wp-content\/uploads\/2018\/09\/Ideal-Candidate-for-the-P-Shot.jpg\" \/>\n<meta name=\"twitter:card\" content=\"summary_large_image\" \/>\n<meta name=\"twitter:site\" content=\"@ArvivAesthetics\" \/>\n<meta name=\"twitter:label1\" content=\"Tiempo de lectura\" \/>\n\t<meta name=\"twitter:data1\" content=\"4 minutos\" \/>\n<script type=\"application\/ld+json\" class=\"yoast-schema-graph\">{\"@context\":\"https:\\\/\\\/schema.org\",\"@graph\":[{\"@type\":\"WebPage\",\"@id\":\"https:\\\/\\\/arvivaesthetics.com\\\/ocala\\\/p-shot\\\/\",\"url\":\"https:\\\/\\\/arvivaesthetics.com\\\/ocala\\\/p-shot\\\/\",\"name\":\"P-Shot \\\/ Priapus Shot - Ocala, FL | Arviv Medical Aesthetics\",\"isPartOf\":{\"@id\":\"https:\\\/\\\/arvivaesthetics.com\\\/#website\"},\"primaryImageOfPage\":{\"@id\":\"https:\\\/\\\/arvivaesthetics.com\\\/ocala\\\/p-shot\\\/#primaryimage\"},\"image\":{\"@id\":\"https:\\\/\\\/arvivaesthetics.com\\\/ocala\\\/p-shot\\\/#primaryimage\"},\"thumbnailUrl\":\"http:\\\/\\\/arvivaesthetics.com\\\/wp-content\\\/uploads\\\/2018\\\/09\\\/Ideal-Candidate-for-the-P-Shot.jpg\",\"datePublished\":\"2022-09-19T23:00:06+00:00\",\"dateModified\":\"2025-03-13T23:26:20+00:00\",\"description\":\"The Ocala P-Shot\u00ae can enhance male sexual performance for men who suffer from sexual dysfunction. Call Ariv Medical Aesthetics Ocala for more info.\",\"breadcrumb\":{\"@id\":\"https:\\\/\\\/arvivaesthetics.com\\\/ocala\\\/p-shot\\\/#breadcrumb\"},\"inLanguage\":\"es\",\"potentialAction\":[{\"@type\":\"ReadAction\",\"target\":[\"https:\\\/\\\/arvivaesthetics.com\\\/ocala\\\/p-shot\\\/\"]}]},{\"@type\":\"ImageObject\",\"inLanguage\":\"es\",\"@id\":\"https:\\\/\\\/arvivaesthetics.com\\\/ocala\\\/p-shot\\\/#primaryimage\",\"url\":\"http:\\\/\\\/arvivaesthetics.com\\\/wp-content\\\/uploads\\\/2018\\\/09\\\/Ideal-Candidate-for-the-P-Shot.jpg\",\"contentUrl\":\"http:\\\/\\\/arvivaesthetics.com\\\/wp-content\\\/uploads\\\/2018\\\/09\\\/Ideal-Candidate-for-the-P-Shot.jpg\"},{\"@type\":\"BreadcrumbList\",\"@id\":\"https:\\\/\\\/arvivaesthetics.com\\\/ocala\\\/p-shot\\\/#breadcrumb\",\"itemListElement\":[{\"@type\":\"ListItem\",\"position\":1,\"name\":\"Home\",\"item\":\"https:\\\/\\\/arvivaesthetics.com\\\/\"},{\"@type\":\"ListItem\",\"position\":2,\"name\":\"Ocala Med Spa for Anti-Aging &#038; Cosmetic Enhancements\",\"item\":\"https:\\\/\\\/arvivaesthetics.com\\\/ocala\\\/\"},{\"@type\":\"ListItem\",\"position\":3,\"name\":\"Priapus Shot\u00ae (P-Shot\u00ae) &#8211; Ocala, FL\"}]},{\"@type\":\"WebSite\",\"@id\":\"https:\\\/\\\/arvivaesthetics.com\\\/#website\",\"url\":\"https:\\\/\\\/arvivaesthetics.com\\\/\",\"name\":\"Arviv Medical Aesthetics\",\"description\":\"\",\"publisher\":{\"@id\":\"https:\\\/\\\/arvivaesthetics.com\\\/#organization\"},\"potentialAction\":[{\"@type\":\"SearchAction\",\"target\":{\"@type\":\"EntryPoint\",\"urlTemplate\":\"https:\\\/\\\/arvivaesthetics.com\\\/?s={search_term_string}\"},\"query-input\":{\"@type\":\"PropertyValueSpecification\",\"valueRequired\":true,\"valueName\":\"search_term_string\"}}],\"inLanguage\":\"es\"},{\"@type\":\"Organization\",\"@id\":\"https:\\\/\\\/arvivaesthetics.com\\\/#organization\",\"name\":\"Arviv Medical Aesthetics\",\"url\":\"https:\\\/\\\/arvivaesthetics.com\\\/\",\"logo\":{\"@type\":\"ImageObject\",\"inLanguage\":\"es\",\"@id\":\"https:\\\/\\\/arvivaesthetics.com\\\/#\\\/schema\\\/logo\\\/image\\\/\",\"url\":\"https:\\\/\\\/arvivaesthetics.com\\\/wp-content\\\/uploads\\\/2016\\\/11\\\/arvivIcon.png\",\"contentUrl\":\"https:\\\/\\\/arvivaesthetics.com\\\/wp-content\\\/uploads\\\/2016\\\/11\\\/arvivIcon.png\",\"width\":86,\"height\":42,\"caption\":\"Arviv Medical Aesthetics\"},\"image\":{\"@id\":\"https:\\\/\\\/arvivaesthetics.com\\\/#\\\/schema\\\/logo\\\/image\\\/\"},\"sameAs\":[\"https:\\\/\\\/www.facebook.com\\\/arvivmedicalaesthetics\\\/\",\"https:\\\/\\\/x.com\\\/ArvivAesthetics\",\"https:\\\/\\\/www.instagram.com\\\/arviv_aesthetics\\\/\",\"https:\\\/\\\/www.youtube.com\\\/user\\\/Arvivaesthetics\"]}]}<\/script>\n<!-- \/ Yoast SEO plugin. -->","yoast_head_json":{"title":"P-Shot \/ Priapus Shot - Ocala, FL | Arviv Medical Aesthetics","description":"El Ocala P-Shot \u00ae puede mejorar el rendimiento sexual masculino para los hombres que sufren de disfunci\u00f3n sexual. Llame a Ariv Medical Aesthetics Ocala para m\u00e1s informaci\u00f3n.","robots":{"index":"index","follow":"follow","max-snippet":"max-snippet:-1","max-image-preview":"max-image-preview:large","max-video-preview":"max-video-preview:-1"},"canonical":"https:\/\/arvivaesthetics.com\/es\/ocala\/p-disparo\/","og_locale":"es_MX","og_type":"article","og_title":"P-Shot \/ Priapus Shot - Ocala, FL | Arviv Medical Aesthetics","og_description":"The Ocala P-Shot\u00ae can enhance male sexual performance for men who suffer from sexual dysfunction. Call Ariv Medical Aesthetics Ocala for more info.","og_url":"https:\/\/arvivaesthetics.com\/es\/ocala\/p-disparo\/","og_site_name":"Arviv Medical Aesthetics","article_publisher":"https:\/\/www.facebook.com\/arvivmedicalaesthetics\/","article_modified_time":"2025-03-13T23:26:20+00:00","og_image":[{"url":"http:\/\/arvivaesthetics.com\/wp-content\/uploads\/2018\/09\/Ideal-Candidate-for-the-P-Shot.jpg","type":"","width":"","height":""}],"twitter_card":"summary_large_image","twitter_site":"@ArvivAesthetics","twitter_misc":{"Tiempo de lectura":"4 minutos"},"schema":{"@context":"https:\/\/schema.org","@graph":[{"@type":"WebPage","@id":"https:\/\/arvivaesthetics.com\/ocala\/p-shot\/","url":"https:\/\/arvivaesthetics.com\/ocala\/p-shot\/","name":"P-Shot \/ Priapus Shot - Ocala, FL | Arviv Medical Aesthetics","isPartOf":{"@id":"https:\/\/arvivaesthetics.com\/#website"},"primaryImageOfPage":{"@id":"https:\/\/arvivaesthetics.com\/ocala\/p-shot\/#primaryimage"},"image":{"@id":"https:\/\/arvivaesthetics.com\/ocala\/p-shot\/#primaryimage"},"thumbnailUrl":"http:\/\/arvivaesthetics.com\/wp-content\/uploads\/2018\/09\/Ideal-Candidate-for-the-P-Shot.jpg","datePublished":"2022-09-19T23:00:06+00:00","dateModified":"2025-03-13T23:26:20+00:00","description":"El Ocala P-Shot \u00ae puede mejorar el rendimiento sexual masculino para los hombres que sufren de disfunci\u00f3n sexual. Llame a Ariv Medical Aesthetics Ocala para m\u00e1s informaci\u00f3n.","breadcrumb":{"@id":"https:\/\/arvivaesthetics.com\/ocala\/p-shot\/#breadcrumb"},"inLanguage":"es","potentialAction":[{"@type":"ReadAction","target":["https:\/\/arvivaesthetics.com\/ocala\/p-shot\/"]}]},{"@type":"ImageObject","inLanguage":"es","@id":"https:\/\/arvivaesthetics.com\/ocala\/p-shot\/#primaryimage","url":"http:\/\/arvivaesthetics.com\/wp-content\/uploads\/2018\/09\/Ideal-Candidate-for-the-P-Shot.jpg","contentUrl":"http:\/\/arvivaesthetics.com\/wp-content\/uploads\/2018\/09\/Ideal-Candidate-for-the-P-Shot.jpg"},{"@type":"BreadcrumbList","@id":"https:\/\/arvivaesthetics.com\/ocala\/p-shot\/#breadcrumb","itemListElement":[{"@type":"ListItem","position":1,"name":"Home","item":"https:\/\/arvivaesthetics.com\/"},{"@type":"ListItem","position":2,"name":"Ocala Med Spa for Anti-Aging &#038; Cosmetic Enhancements","item":"https:\/\/arvivaesthetics.com\/ocala\/"},{"@type":"ListItem","position":3,"name":"Priapus Shot\u00ae (P-Shot\u00ae) &#8211; Ocala, FL"}]},{"@type":"WebSite","@id":"https:\/\/arvivaesthetics.com\/#website","url":"https:\/\/arvivaesthetics.com\/","name":"Arviv Est\u00e9tica M\u00e9dica","description":"","publisher":{"@id":"https:\/\/arvivaesthetics.com\/#organization"},"potentialAction":[{"@type":"SearchAction","target":{"@type":"EntryPoint","urlTemplate":"https:\/\/arvivaesthetics.com\/?s={search_term_string}"},"query-input":{"@type":"PropertyValueSpecification","valueRequired":true,"valueName":"search_term_string"}}],"inLanguage":"es"},{"@type":"Organization","@id":"https:\/\/arvivaesthetics.com\/#organization","name":"Arviv Est\u00e9tica M\u00e9dica","url":"https:\/\/arvivaesthetics.com\/","logo":{"@type":"ImageObject","inLanguage":"es","@id":"https:\/\/arvivaesthetics.com\/#\/schema\/logo\/image\/","url":"https:\/\/arvivaesthetics.com\/wp-content\/uploads\/2016\/11\/arvivIcon.png","contentUrl":"https:\/\/arvivaesthetics.com\/wp-content\/uploads\/2016\/11\/arvivIcon.png","width":86,"height":42,"caption":"Arviv Medical Aesthetics"},"image":{"@id":"https:\/\/arvivaesthetics.com\/#\/schema\/logo\/image\/"},"sameAs":["https:\/\/www.facebook.com\/arvivmedicalaesthetics\/","https:\/\/x.com\/ArvivAesthetics","https:\/\/www.instagram.com\/arviv_aesthetics\/","https:\/\/www.youtube.com\/user\/Arvivaesthetics"]}]}},"_links":{"self":[{"href":"https:\/\/arvivaesthetics.com\/es\/wp-json\/wp\/v2\/pages\/15503","targetHints":{"allow":["GET"]}}],"collection":[{"href":"https:\/\/arvivaesthetics.com\/es\/wp-json\/wp\/v2\/pages"}],"about":[{"href":"https:\/\/arvivaesthetics.com\/es\/wp-json\/wp\/v2\/types\/page"}],"author":[{"embeddable":true,"href":"https:\/\/arvivaesthetics.com\/es\/wp-json\/wp\/v2\/users\/32"}],"replies":[{"embeddable":true,"href":"https:\/\/arvivaesthetics.com\/es\/wp-json\/wp\/v2\/comments?post=15503"}],"version-history":[{"count":0,"href":"https:\/\/arvivaesthetics.com\/es\/wp-json\/wp\/v2\/pages\/15503\/revisions"}],"up":[{"embeddable":true,"href":"https:\/\/arvivaesthetics.com\/es\/wp-json\/wp\/v2\/pages\/14831"}],"wp:attachment":[{"href":"https:\/\/arvivaesthetics.com\/es\/wp-json\/wp\/v2\/media?parent=15503"}],"curies":[{"name":"wp","href":"https:\/\/api.w.org\/{rel}","templated":true}]}}