{"id":15505,"date":"2022-09-19T18:02:11","date_gmt":"2022-09-19T23:02:11","guid":{"rendered":"https:\/\/arvivaesthetics.com\/?page_id=15505"},"modified":"2025-03-13T18:21:24","modified_gmt":"2025-03-13T23:21:24","slug":"tratamiento-estudio-del-cuero-cabelludo","status":"publish","type":"page","link":"https:\/\/arvivaesthetics.com\/es\/ocala\/studio-scalp-treatment\/","title":{"rendered":"Estudio Ocala Cuero cabelludo"},"content":{"rendered":"<p>[spb_row element_name=&#8221;Row&#8221; wrap_type=&#8221;full-width-stretch&#8221; row_bg_type=&#8221;color&#8221; color_row_height=&#8221;content-height&#8221; bg_type=&#8221;cover&#8221; parallax_image_height=&#8221;content-height&#8221; parallax_image_movement=&#8221;fixed&#8221; parallax_image_speed=&#8221;standard&#8221; bg_video_loop=&#8221;yes&#8221; parallax_video_height=&#8221;window-height&#8221; row_top_style=&#8221;none&#8221; row_bottom_style=&#8221;none&#8221; parallax_video_overlay=&#8221;none&#8221; row_overlay_opacity=&#8221;0&#8243; remove_element_spacing=&#8221;no&#8221; row_col_spacing=&#8221;0&#8243; row_col_pos=&#8221;default&#8221; row_col_equal_heights=&#8221;no&#8221; row_expanding=&#8221;no&#8221; row_animation=&#8221;none&#8221; row_animation_delay=&#8221;0&#8243; minimize_row=&#8221;no&#8221; simplified_controls=&#8221;yes&#8221; custom_css_percentage=&#8221;no&#8221; custom_css=&#8221;margin-top: 0px;margin-bottom: 0px;&#8221; border_styling_global=&#8221;default&#8221; width=&#8221;1\/1&#8243; el_position=&#8221;first last&#8221;] [spb_text_block animation=&#8221;none&#8221; animation_delay=&#8221;0&#8243; simplified_controls=&#8221;yes&#8221; custom_css_percentage=&#8221;no&#8221; padding_vertical=&#8221;0&#8243; padding_horizontal=&#8221;0&#8243; margin_vertical=&#8221;0&#8243; custom_css=&#8221;margin-top: 0px;margin-bottom: 0px;&#8221; border_size=&#8221;0&#8243; border_styling_global=&#8221;default&#8221; width=&#8221;1\/1&#8243; el_position=&#8221;first last&#8221;]<\/p>\n<div class=\"first-image-wrapper\"><img loading=\"lazy\" decoding=\"async\" class=\"aligncenter size-full wp-image-221\" src=\"http:\/\/arvivaesthetics.com\/wp-content\/uploads\/2018\/11\/Restore-Your-Vitality-Header.jpg\" alt=\"Restore Your Vitality Miami Studio Scalp\" width=\"1920\" height=\"683\" \/><\/div>\n<p>[\/spb_text_block] [\/spb_row] [spb_row element_name=&#8221;Row&#8221; wrap_type=&#8221;full-width-stretch&#8221; row_bg_type=&#8221;color&#8221; row_bg_color=&#8221;#3fbbc3&#8243; color_row_height=&#8221;content-height&#8221; bg_type=&#8221;cover&#8221; parallax_image_height=&#8221;content-height&#8221; parallax_image_movement=&#8221;fixed&#8221; parallax_image_speed=&#8221;standard&#8221; bg_video_loop=&#8221;yes&#8221; parallax_video_height=&#8221;window-height&#8221; row_top_style=&#8221;none&#8221; row_bottom_style=&#8221;none&#8221; parallax_video_overlay=&#8221;none&#8221; row_overlay_opacity=&#8221;0&#8243; remove_element_spacing=&#8221;no&#8221; row_col_spacing=&#8221;0&#8243; row_col_pos=&#8221;default&#8221; row_col_equal_heights=&#8221;no&#8221; row_expanding=&#8221;no&#8221; row_animation=&#8221;none&#8221; row_animation_delay=&#8221;0&#8243; minimize_row=&#8221;no&#8221; simplified_controls=&#8221;yes&#8221; custom_css_percentage=&#8221;no&#8221; custom_css=&#8221;margin-top: 0px;margin-bottom: 0px;&#8221; border_styling_global=&#8221;default&#8221; width=&#8221;1\/1&#8243; el_position=&#8221;first last&#8221;] [spb_text_block animation=&#8221;none&#8221; animation_delay=&#8221;0&#8243; simplified_controls=&#8221;yes&#8221; custom_css_percentage=&#8221;no&#8221; padding_vertical=&#8221;0&#8243; padding_horizontal=&#8221;0&#8243; margin_vertical=&#8221;0&#8243; custom_css=&#8221;margin-top: 0px;margin-bottom: 0px;&#8221; border_size=&#8221;0&#8243; border_styling_global=&#8221;default&#8221; width=&#8221;1\/1&#8243; el_position=&#8221;first last&#8221;]<\/p>\n<h2 class=\"service-titles\">Call our Ocala office at <a href=\"tel:+18138550111\">(813) 855-0111<\/a> to schedule your consultation.<\/h2>\n<p>[\/spb_text_block] [\/spb_row] [spb_text_block animation=&#8221;none&#8221; animation_delay=&#8221;0&#8243; simplified_controls=&#8221;yes&#8221; custom_css_percentage=&#8221;no&#8221; padding_vertical=&#8221;0&#8243; padding_horizontal=&#8221;0&#8243; margin_vertical=&#8221;0&#8243; custom_css=&#8221;margin-top: 0px;margin-bottom: 0px;&#8221; border_size=&#8221;0&#8243; border_styling_global=&#8221;default&#8221; width=&#8221;1\/1&#8243; el_position=&#8221;first last&#8221;]<\/p>\n<p>Do you fear hair loss is or will negatively impact your life? Are you missing out on opportunities or embarrassed of thinning hair? Our Ocala Studio Scalp experts at Arviv Medical Aesthetics do their best to treat your concerns with positive hair regrowth solutions. Advanced PRP treatments (Platelet-Rich Plasma) are effectively bringing new vitality to hair loss sufferers worldwide.<\/p>\n<p>[\/spb_text_block] [spb_text_block animation=&#8221;none&#8221; animation_delay=&#8221;0&#8243; simplified_controls=&#8221;yes&#8221; custom_css_percentage=&#8221;no&#8221; padding_vertical=&#8221;0&#8243; padding_horizontal=&#8221;0&#8243; margin_vertical=&#8221;0&#8243; custom_css=&#8221;margin-top: 0px;margin-bottom: 0px;&#8221; border_size=&#8221;0&#8243; border_styling_global=&#8221;default&#8221; width=&#8221;1\/1&#8243; el_position=&#8221;first last&#8221;]<\/p>\n<h2>Trying Studio Scalp<\/h2>\n<p>If you are suffering from hair loss, Arviv Medical Aesthetics is ready to help you regain your confidence. Our safe Studio Scalp hair regenerative injection procedure uses nutrients and a blood sample from the patient to stimulate hair follicles to produce positive results. The treatment is a non-surgical option that provides positive hair-thickening results within months of the procedure.<\/p>\n<p>[\/spb_text_block] [spb_row element_name=&#8221;Row&#8221; wrap_type=&#8221;content-width&#8221; parallax_image_height=&#8221;content-height&#8221; parallax_image_movement=&#8221;fixed&#8221; parallax_image_speed=&#8221;0.5&#8243; bg_video_loop=&#8221;yes&#8221; parallax_video_height=&#8221;window-height&#8221; parallax_video_overlay=&#8221;none&#8221; row_overlay_opacity=&#8221;0&#8243; row_col_pos=&#8221;default&#8221; width=&#8221;1\/1&#8243; el_position=&#8221;first last&#8221;] [spb_image image=&#8221;7841&#8243; image_size=&#8221;full&#8221; frame=&#8221;noframe&#8221; caption_pos=&#8221;hover&#8221; remove_rounded=&#8221;yes&#8221; fullwidth=&#8221;no&#8221; overflow_mode=&#8221;none&#8221; link_target=&#8221;_self&#8221; lightbox=&#8221;no&#8221; intro_animation=&#8221;none&#8221; animation_delay=&#8221;200&#8243; width=&#8221;1\/1&#8243; el_position=&#8221;first last&#8221;][\/spb_image] [spb_image image=&#8221;15078&#8243; image_size=&#8221;full&#8221; frame=&#8221;noframe&#8221; caption_pos=&#8221;hover&#8221; remove_rounded=&#8221;yes&#8221; fullwidth=&#8221;no&#8221; overflow_mode=&#8221;none&#8221; link_target=&#8221;_self&#8221; lightbox=&#8221;no&#8221; intro_animation=&#8221;none&#8221; animation_delay=&#8221;200&#8243; width=&#8221;1\/3&#8243; el_position=&#8221;first last&#8221;][\/spb_image] [\/spb_row] [spb_text_block animation=&#8221;none&#8221; animation_delay=&#8221;0&#8243; simplified_controls=&#8221;yes&#8221; custom_css_percentage=&#8221;no&#8221; padding_vertical=&#8221;0&#8243; padding_horizontal=&#8221;0&#8243; margin_vertical=&#8221;0&#8243; custom_css=&#8221;margin-top: 0px;margin-bottom: 0px;&#8221; border_size=&#8221;0&#8243; border_styling_global=&#8221;default&#8221; width=&#8221;1\/1&#8243; el_position=&#8221;first last&#8221;]<\/p>\n<h2><strong>What Happens Next?<\/strong><\/h2>\n<p>First, do you fall into the right category? PRP Treatments are most effective with people who either:<\/p>\n<ul>\n<li>\n<h3>Have systematic pattern hair loss\/thinning<\/h3>\n<\/li>\n<li>\n<h3>Are Alopecia Totalis\/Areata sufferers<\/h3>\n<\/li>\n<li>\n<h3>Have hair loss due to medical treatments<\/h3>\n<\/li>\n<li>\n<h3>Have thinning hair in eyebrows or beard area (Hypotrichosis)<\/h3>\n<\/li>\n<li>\n<h3>Are Iron Deficient<\/h3>\n<\/li>\n<\/ul>\n<p>Next, we set up a consultation. After going over your concerns, we customize a plan to address the areas in which Studio Scalp treatment is needed. The initial treatment day is scheduled according to your needs. At the appointment, we take a blood sample to produce PRP. We then inject the PRP with nutrients in the areas of the scalp as needed.<\/p>\n<p>Give our <a href=\"https:\/\/arvivaesthetics.com\/ocala\/\">Ocala location<\/a> a call and set up an in-depth consultation today! We customize our services around you.<\/p>\n<p>&nbsp;<\/p>\n<p>[\/spb_text_block] [spb_row element_name=&#8221;Row&#8221; wrap_type=&#8221;full-width-stretch&#8221; row_bg_type=&#8221;color&#8221; row_bg_color=&#8221;#3fbbc3&#8243; color_row_height=&#8221;content-height&#8221; bg_type=&#8221;cover&#8221; parallax_image_height=&#8221;content-height&#8221; parallax_image_movement=&#8221;fixed&#8221; parallax_image_speed=&#8221;standard&#8221; bg_video_loop=&#8221;yes&#8221; parallax_video_height=&#8221;window-height&#8221; row_top_style=&#8221;none&#8221; row_bottom_style=&#8221;none&#8221; parallax_video_overlay=&#8221;none&#8221; row_overlay_opacity=&#8221;0&#8243; remove_element_spacing=&#8221;no&#8221; row_col_spacing=&#8221;0&#8243; row_col_pos=&#8221;default&#8221; row_col_equal_heights=&#8221;no&#8221; row_expanding=&#8221;no&#8221; row_animation=&#8221;none&#8221; row_animation_delay=&#8221;0&#8243; minimize_row=&#8221;no&#8221; simplified_controls=&#8221;yes&#8221; custom_css_percentage=&#8221;no&#8221; custom_css=&#8221;margin-top: 0px;margin-bottom: 0px;&#8221; border_styling_global=&#8221;default&#8221; width=&#8221;1\/1&#8243; el_position=&#8221;first last&#8221;] [spb_text_block animation=&#8221;none&#8221; animation_delay=&#8221;0&#8243; simplified_controls=&#8221;yes&#8221; custom_css_percentage=&#8221;no&#8221; padding_vertical=&#8221;0&#8243; padding_horizontal=&#8221;0&#8243; margin_vertical=&#8221;0&#8243; custom_css=&#8221;margin-top: 0px;margin-bottom: 0px;&#8221; border_size=&#8221;0&#8243; border_styling_global=&#8221;default&#8221; width=&#8221;1\/1&#8243; el_position=&#8221;first last&#8221;]<\/p>\n<h2 class=\"service-titles\">Call Us Now at <a href=\"tel:8138550111\">(813) 855-0111<\/a><\/h2>\n<p>[\/spb_text_block] [\/spb_row] [spb_row element_name=&#8221;Row&#8221; wrap_type=&#8221;standard-width&#8221; row_bg_type=&#8221;color&#8221; row_bg_color=&#8221;fff&#8221; color_row_height=&#8221;content-height&#8221; bg_type=&#8221;cover&#8221; parallax_image_height=&#8221;content-height&#8221; parallax_image_movement=&#8221;fixed&#8221; parallax_image_speed=&#8221;standard&#8221; bg_video_loop=&#8221;yes&#8221; parallax_video_height=&#8221;window-height&#8221; row_top_style=&#8221;none&#8221; row_bottom_style=&#8221;none&#8221; parallax_video_overlay=&#8221;none&#8221; row_overlay_opacity=&#8221;0&#8243; remove_element_spacing=&#8221;no&#8221; row_col_spacing=&#8221;0&#8243; row_col_pos=&#8221;default&#8221; row_col_equal_heights=&#8221;no&#8221; row_expanding=&#8221;no&#8221; row_animation=&#8221;none&#8221; row_animation_delay=&#8221;0&#8243; minimize_row=&#8221;yes&#8221; simplified_controls=&#8221;yes&#8221; custom_css_percentage=&#8221;no&#8221; custom_css=&#8221;margin-top: 0px;margin-bottom: 0px;&#8221; border_styling_global=&#8221;default&#8221; width=&#8221;1\/1&#8243; el_position=&#8221;first last&#8221;] [spb_text_block animation=&#8221;none&#8221; animation_delay=&#8221;0&#8243; simplified_controls=&#8221;yes&#8221; custom_css_percentage=&#8221;no&#8221; padding_vertical=&#8221;0&#8243; padding_horizontal=&#8221;0&#8243; margin_vertical=&#8221;0&#8243; custom_css=&#8221;margin-top: 0px;margin-bottom: 0px;&#8221; border_size=&#8221;0&#8243; border_styling_global=&#8221;default&#8221; width=&#8221;1\/1&#8243; el_position=&#8221;first last&#8221;][\/spb_text_block] [\/spb_row]<\/p>\n","protected":false},"excerpt":{"rendered":"<p>[spb_row element_name=&#8221;Row&#8221; wrap_type=&#8221;full-width-stretch&#8221; row_bg_type=&#8221;color&#8221; color_row_height=&#8221;content-height&#8221; bg_type=&#8221;cover&#8221; parallax_image_height=&#8221;content-height&#8221; parallax_image_movement=&#8221;fixed&#8221; parallax_image_speed=&#8221;standard&#8221; bg_video_loop=&#8221;yes&#8221; parallax_video_height=&#8221;window-height&#8221; row_top_style=&#8221;none&#8221; row_bottom_style=&#8221;none&#8221; parallax_video_overlay=&#8221;none&#8221; row_overlay_opacity=&#8221;0&#8243; remove_element_spacing=&#8221;no&#8221; row_col_spacing=&#8221;0&#8243; row_col_pos=&#8221;default&#8221; row_col_equal_heights=&#8221;no&#8221; row_expanding=&#8221;no&#8221; row_animation=&#8221;none&#8221; row_animation_delay=&#8221;0&#8243; minimize_row=&#8221;no&#8221; simplified_controls=&#8221;yes&#8221; custom_css_percentage=&#8221;no&#8221; custom_css=&#8221;margin-top: 0px;margin-bottom: 0px;&#8221; border_styling_global=&#8221;default&#8221; width=&#8221;1\/1&#8243; el_position=&#8221;first last&#8221;] [spb_text_block animation=&#8221;none&#8221; animation_delay=&#8221;0&#8243; simplified_controls=&#8221;yes&#8221; custom_css_percentage=&#8221;no&#8221; padding_vertical=&#8221;0&#8243; padding_horizontal=&#8221;0&#8243; margin_vertical=&#8221;0&#8243; custom_css=&#8221;margin-top: 0px;margin-bottom: 0px;&#8221; border_size=&#8221;0&#8243; border_styling_global=&#8221;default&#8221; width=&#8221;1\/1&#8243; el_position=&#8221;first last&#8221;] [\/spb_text_block] [\/spb_row] [spb_row element_name=&#8221;Row&#8221; wrap_type=&#8221;full-width-stretch&#8221; row_bg_type=&#8221;color&#8221; row_bg_color=&#8221;#3fbbc3&#8243; color_row_height=&#8221;content-height&#8221; bg_type=&#8221;cover&#8221; parallax_image_height=&#8221;content-height&#8221; parallax_image_movement=&#8221;fixed&#8221; parallax_image_speed=&#8221;standard&#8221; [&hellip;]<\/p>\n","protected":false},"author":32,"featured_media":0,"parent":14831,"menu_order":0,"comment_status":"closed","ping_status":"closed","template":"","meta":{"footnotes":""},"class_list":["post-15505","page","type-page","status-publish","hentry"],"yoast_head":"<!-- This site is optimized with the Yoast SEO plugin v27.4 - https:\/\/yoast.com\/product\/yoast-seo-wordpress\/ -->\n<title>Studio Scalp in Ocala | PRP Treatment | Arviv Medical Aesthetics<\/title>\n<meta name=\"description\" content=\"Find out more about Studio Scalp and how this treatment using micro pigmentation will restore your vitality. Contact Arviv Medical in Ocala to get started.\" \/>\n<meta name=\"robots\" content=\"index, follow, max-snippet:-1, max-image-preview:large, max-video-preview:-1\" \/>\n<link rel=\"canonical\" href=\"https:\/\/arvivaesthetics.com\/es\/ocala\/tratamiento-estudio-del-cuero-cabelludo\/\" \/>\n<meta property=\"og:locale\" content=\"es_MX\" \/>\n<meta property=\"og:type\" content=\"article\" \/>\n<meta property=\"og:title\" content=\"Studio Scalp in Ocala | PRP Treatment | Arviv Medical Aesthetics\" \/>\n<meta property=\"og:description\" content=\"Find out more about Studio Scalp and how this treatment using micro pigmentation will restore your vitality. Contact Arviv Medical in Ocala to get started.\" \/>\n<meta property=\"og:url\" content=\"https:\/\/arvivaesthetics.com\/es\/ocala\/tratamiento-estudio-del-cuero-cabelludo\/\" \/>\n<meta property=\"og:site_name\" content=\"Arviv Medical Aesthetics\" \/>\n<meta property=\"article:publisher\" content=\"https:\/\/www.facebook.com\/arvivmedicalaesthetics\/\" \/>\n<meta property=\"article:modified_time\" content=\"2025-03-13T23:21:24+00:00\" \/>\n<meta property=\"og:image\" content=\"https:\/\/arvivaesthetics.com\/wp-content\/uploads\/2016\/11\/laser_hair_header.jpg\" \/>\n\t<meta property=\"og:image:width\" content=\"1920\" \/>\n\t<meta property=\"og:image:height\" content=\"683\" \/>\n\t<meta property=\"og:image:type\" content=\"image\/jpeg\" \/>\n<meta name=\"twitter:card\" content=\"summary_large_image\" \/>\n<meta name=\"twitter:site\" content=\"@ArvivAesthetics\" \/>\n<meta name=\"twitter:label1\" content=\"Tiempo de lectura\" \/>\n\t<meta name=\"twitter:data1\" content=\"3 minutos\" \/>\n<script type=\"application\/ld+json\" class=\"yoast-schema-graph\">{\"@context\":\"https:\\\/\\\/schema.org\",\"@graph\":[{\"@type\":\"WebPage\",\"@id\":\"https:\\\/\\\/arvivaesthetics.com\\\/ocala\\\/studio-scalp-treatment\\\/\",\"url\":\"https:\\\/\\\/arvivaesthetics.com\\\/ocala\\\/studio-scalp-treatment\\\/\",\"name\":\"Studio Scalp in Ocala | PRP Treatment | Arviv Medical Aesthetics\",\"isPartOf\":{\"@id\":\"https:\\\/\\\/arvivaesthetics.com\\\/#website\"},\"primaryImageOfPage\":{\"@id\":\"https:\\\/\\\/arvivaesthetics.com\\\/ocala\\\/studio-scalp-treatment\\\/#primaryimage\"},\"image\":{\"@id\":\"https:\\\/\\\/arvivaesthetics.com\\\/ocala\\\/studio-scalp-treatment\\\/#primaryimage\"},\"thumbnailUrl\":\"http:\\\/\\\/arvivaesthetics.com\\\/wp-content\\\/uploads\\\/2018\\\/11\\\/Restore-Your-Vitality-Header.jpg\",\"datePublished\":\"2022-09-19T23:02:11+00:00\",\"dateModified\":\"2025-03-13T23:21:24+00:00\",\"description\":\"Find out more about Studio Scalp and how this treatment using micro pigmentation will restore your vitality. Contact Arviv Medical in Ocala to get started.\",\"breadcrumb\":{\"@id\":\"https:\\\/\\\/arvivaesthetics.com\\\/ocala\\\/studio-scalp-treatment\\\/#breadcrumb\"},\"inLanguage\":\"es\",\"potentialAction\":[{\"@type\":\"ReadAction\",\"target\":[\"https:\\\/\\\/arvivaesthetics.com\\\/ocala\\\/studio-scalp-treatment\\\/\"]}]},{\"@type\":\"ImageObject\",\"inLanguage\":\"es\",\"@id\":\"https:\\\/\\\/arvivaesthetics.com\\\/ocala\\\/studio-scalp-treatment\\\/#primaryimage\",\"url\":\"http:\\\/\\\/arvivaesthetics.com\\\/wp-content\\\/uploads\\\/2018\\\/11\\\/Restore-Your-Vitality-Header.jpg\",\"contentUrl\":\"http:\\\/\\\/arvivaesthetics.com\\\/wp-content\\\/uploads\\\/2018\\\/11\\\/Restore-Your-Vitality-Header.jpg\"},{\"@type\":\"BreadcrumbList\",\"@id\":\"https:\\\/\\\/arvivaesthetics.com\\\/ocala\\\/studio-scalp-treatment\\\/#breadcrumb\",\"itemListElement\":[{\"@type\":\"ListItem\",\"position\":1,\"name\":\"Home\",\"item\":\"https:\\\/\\\/arvivaesthetics.com\\\/\"},{\"@type\":\"ListItem\",\"position\":2,\"name\":\"Ocala Med Spa for Anti-Aging &#038; Cosmetic Enhancements\",\"item\":\"https:\\\/\\\/arvivaesthetics.com\\\/ocala\\\/\"},{\"@type\":\"ListItem\",\"position\":3,\"name\":\"Ocala Studio Scalp\"}]},{\"@type\":\"WebSite\",\"@id\":\"https:\\\/\\\/arvivaesthetics.com\\\/#website\",\"url\":\"https:\\\/\\\/arvivaesthetics.com\\\/\",\"name\":\"Arviv Medical Aesthetics\",\"description\":\"\",\"publisher\":{\"@id\":\"https:\\\/\\\/arvivaesthetics.com\\\/#organization\"},\"potentialAction\":[{\"@type\":\"SearchAction\",\"target\":{\"@type\":\"EntryPoint\",\"urlTemplate\":\"https:\\\/\\\/arvivaesthetics.com\\\/?s={search_term_string}\"},\"query-input\":{\"@type\":\"PropertyValueSpecification\",\"valueRequired\":true,\"valueName\":\"search_term_string\"}}],\"inLanguage\":\"es\"},{\"@type\":\"Organization\",\"@id\":\"https:\\\/\\\/arvivaesthetics.com\\\/#organization\",\"name\":\"Arviv Medical Aesthetics\",\"url\":\"https:\\\/\\\/arvivaesthetics.com\\\/\",\"logo\":{\"@type\":\"ImageObject\",\"inLanguage\":\"es\",\"@id\":\"https:\\\/\\\/arvivaesthetics.com\\\/#\\\/schema\\\/logo\\\/image\\\/\",\"url\":\"https:\\\/\\\/arvivaesthetics.com\\\/wp-content\\\/uploads\\\/2016\\\/11\\\/arvivIcon.png\",\"contentUrl\":\"https:\\\/\\\/arvivaesthetics.com\\\/wp-content\\\/uploads\\\/2016\\\/11\\\/arvivIcon.png\",\"width\":86,\"height\":42,\"caption\":\"Arviv Medical Aesthetics\"},\"image\":{\"@id\":\"https:\\\/\\\/arvivaesthetics.com\\\/#\\\/schema\\\/logo\\\/image\\\/\"},\"sameAs\":[\"https:\\\/\\\/www.facebook.com\\\/arvivmedicalaesthetics\\\/\",\"https:\\\/\\\/x.com\\\/ArvivAesthetics\",\"https:\\\/\\\/www.instagram.com\\\/arviv_aesthetics\\\/\",\"https:\\\/\\\/www.youtube.com\\\/user\\\/Arvivaesthetics\"]}]}<\/script>\n<!-- \/ Yoast SEO plugin. -->","yoast_head_json":{"title":"Studio Cuero cabelludo en Ocala | Tratamiento PRP | Arviv Medical Aesthetics","description":"Descubra m\u00e1s sobre Studio Scalp y c\u00f3mo este tratamiento que utiliza micro pigmentaci\u00f3n le devolver\u00e1 su vitalidad. P\u00f3ngase en contacto con Arviv Medical en Ocala para empezar.","robots":{"index":"index","follow":"follow","max-snippet":"max-snippet:-1","max-image-preview":"max-image-preview:large","max-video-preview":"max-video-preview:-1"},"canonical":"https:\/\/arvivaesthetics.com\/es\/ocala\/tratamiento-estudio-del-cuero-cabelludo\/","og_locale":"es_MX","og_type":"article","og_title":"Studio Scalp in Ocala | PRP Treatment | Arviv Medical Aesthetics","og_description":"Find out more about Studio Scalp and how this treatment using micro pigmentation will restore your vitality. Contact Arviv Medical in Ocala to get started.","og_url":"https:\/\/arvivaesthetics.com\/es\/ocala\/tratamiento-estudio-del-cuero-cabelludo\/","og_site_name":"Arviv Medical Aesthetics","article_publisher":"https:\/\/www.facebook.com\/arvivmedicalaesthetics\/","article_modified_time":"2025-03-13T23:21:24+00:00","og_image":[{"width":1920,"height":683,"url":"https:\/\/arvivaesthetics.com\/wp-content\/uploads\/2016\/11\/laser_hair_header.jpg","type":"image\/jpeg"}],"twitter_card":"summary_large_image","twitter_site":"@ArvivAesthetics","twitter_misc":{"Tiempo de lectura":"3 minutos"},"schema":{"@context":"https:\/\/schema.org","@graph":[{"@type":"WebPage","@id":"https:\/\/arvivaesthetics.com\/ocala\/studio-scalp-treatment\/","url":"https:\/\/arvivaesthetics.com\/ocala\/studio-scalp-treatment\/","name":"Studio Cuero cabelludo en Ocala | Tratamiento PRP | Arviv Medical Aesthetics","isPartOf":{"@id":"https:\/\/arvivaesthetics.com\/#website"},"primaryImageOfPage":{"@id":"https:\/\/arvivaesthetics.com\/ocala\/studio-scalp-treatment\/#primaryimage"},"image":{"@id":"https:\/\/arvivaesthetics.com\/ocala\/studio-scalp-treatment\/#primaryimage"},"thumbnailUrl":"http:\/\/arvivaesthetics.com\/wp-content\/uploads\/2018\/11\/Restore-Your-Vitality-Header.jpg","datePublished":"2022-09-19T23:02:11+00:00","dateModified":"2025-03-13T23:21:24+00:00","description":"Descubra m\u00e1s sobre Studio Scalp y c\u00f3mo este tratamiento que utiliza micro pigmentaci\u00f3n le devolver\u00e1 su vitalidad. P\u00f3ngase en contacto con Arviv Medical en Ocala para empezar.","breadcrumb":{"@id":"https:\/\/arvivaesthetics.com\/ocala\/studio-scalp-treatment\/#breadcrumb"},"inLanguage":"es","potentialAction":[{"@type":"ReadAction","target":["https:\/\/arvivaesthetics.com\/ocala\/studio-scalp-treatment\/"]}]},{"@type":"ImageObject","inLanguage":"es","@id":"https:\/\/arvivaesthetics.com\/ocala\/studio-scalp-treatment\/#primaryimage","url":"http:\/\/arvivaesthetics.com\/wp-content\/uploads\/2018\/11\/Restore-Your-Vitality-Header.jpg","contentUrl":"http:\/\/arvivaesthetics.com\/wp-content\/uploads\/2018\/11\/Restore-Your-Vitality-Header.jpg"},{"@type":"BreadcrumbList","@id":"https:\/\/arvivaesthetics.com\/ocala\/studio-scalp-treatment\/#breadcrumb","itemListElement":[{"@type":"ListItem","position":1,"name":"Home","item":"https:\/\/arvivaesthetics.com\/"},{"@type":"ListItem","position":2,"name":"Ocala Med Spa for Anti-Aging &#038; Cosmetic Enhancements","item":"https:\/\/arvivaesthetics.com\/ocala\/"},{"@type":"ListItem","position":3,"name":"Ocala Studio Scalp"}]},{"@type":"WebSite","@id":"https:\/\/arvivaesthetics.com\/#website","url":"https:\/\/arvivaesthetics.com\/","name":"Arviv Est\u00e9tica M\u00e9dica","description":"","publisher":{"@id":"https:\/\/arvivaesthetics.com\/#organization"},"potentialAction":[{"@type":"SearchAction","target":{"@type":"EntryPoint","urlTemplate":"https:\/\/arvivaesthetics.com\/?s={search_term_string}"},"query-input":{"@type":"PropertyValueSpecification","valueRequired":true,"valueName":"search_term_string"}}],"inLanguage":"es"},{"@type":"Organization","@id":"https:\/\/arvivaesthetics.com\/#organization","name":"Arviv Est\u00e9tica M\u00e9dica","url":"https:\/\/arvivaesthetics.com\/","logo":{"@type":"ImageObject","inLanguage":"es","@id":"https:\/\/arvivaesthetics.com\/#\/schema\/logo\/image\/","url":"https:\/\/arvivaesthetics.com\/wp-content\/uploads\/2016\/11\/arvivIcon.png","contentUrl":"https:\/\/arvivaesthetics.com\/wp-content\/uploads\/2016\/11\/arvivIcon.png","width":86,"height":42,"caption":"Arviv Medical Aesthetics"},"image":{"@id":"https:\/\/arvivaesthetics.com\/#\/schema\/logo\/image\/"},"sameAs":["https:\/\/www.facebook.com\/arvivmedicalaesthetics\/","https:\/\/x.com\/ArvivAesthetics","https:\/\/www.instagram.com\/arviv_aesthetics\/","https:\/\/www.youtube.com\/user\/Arvivaesthetics"]}]}},"_links":{"self":[{"href":"https:\/\/arvivaesthetics.com\/es\/wp-json\/wp\/v2\/pages\/15505","targetHints":{"allow":["GET"]}}],"collection":[{"href":"https:\/\/arvivaesthetics.com\/es\/wp-json\/wp\/v2\/pages"}],"about":[{"href":"https:\/\/arvivaesthetics.com\/es\/wp-json\/wp\/v2\/types\/page"}],"author":[{"embeddable":true,"href":"https:\/\/arvivaesthetics.com\/es\/wp-json\/wp\/v2\/users\/32"}],"replies":[{"embeddable":true,"href":"https:\/\/arvivaesthetics.com\/es\/wp-json\/wp\/v2\/comments?post=15505"}],"version-history":[{"count":0,"href":"https:\/\/arvivaesthetics.com\/es\/wp-json\/wp\/v2\/pages\/15505\/revisions"}],"up":[{"embeddable":true,"href":"https:\/\/arvivaesthetics.com\/es\/wp-json\/wp\/v2\/pages\/14831"}],"wp:attachment":[{"href":"https:\/\/arvivaesthetics.com\/es\/wp-json\/wp\/v2\/media?parent=15505"}],"curies":[{"name":"wp","href":"https:\/\/api.w.org\/{rel}","templated":true}]}}