{"id":15641,"date":"2022-12-01T15:18:07","date_gmt":"2022-12-01T20:18:07","guid":{"rendered":"https:\/\/arvivaesthetics.com\/?page_id=15641"},"modified":"2024-02-22T17:39:43","modified_gmt":"2024-02-22T22:39:43","slug":"inyectables-cosmeticos-para-hombres","status":"publish","type":"page","link":"https:\/\/arvivaesthetics.com\/es\/cosmetic-injectables-for-men\/","title":{"rendered":"Inyectables cosm\u00e9ticos para hombres"},"content":{"rendered":"<p>[spb_row element_name=&#8221;Row&#8221; wrap_type=&#8221;full-width-stretch&#8221; row_bg_type=&#8221;color&#8221; color_row_height=&#8221;content-height&#8221; bg_type=&#8221;cover&#8221; parallax_image_height=&#8221;content-height&#8221; parallax_image_movement=&#8221;fixed&#8221; parallax_image_speed=&#8221;standard&#8221; bg_video_loop=&#8221;yes&#8221; parallax_video_height=&#8221;window-height&#8221; row_top_style=&#8221;none&#8221; row_bottom_style=&#8221;none&#8221; parallax_video_overlay=&#8221;none&#8221; row_overlay_opacity=&#8221;0&#8243; remove_element_spacing=&#8221;no&#8221; row_col_spacing=&#8221;0&#8243; row_col_pos=&#8221;default&#8221; row_col_equal_heights=&#8221;no&#8221; row_expanding=&#8221;no&#8221; row_animation=&#8221;none&#8221; row_animation_delay=&#8221;0&#8243; minimize_row=&#8221;no&#8221; simplified_controls=&#8221;yes&#8221; custom_css_percentage=&#8221;no&#8221; custom_css=&#8221;margin-top: 0px;margin-bottom: 0px;&#8221; border_styling_global=&#8221;default&#8221; width=&#8221;1\/1&#8243; el_position=&#8221;first last&#8221;] [spb_text_block animation=&#8221;none&#8221; animation_delay=&#8221;0&#8243; simplified_controls=&#8221;yes&#8221; custom_css_percentage=&#8221;no&#8221; padding_vertical=&#8221;0&#8243; padding_horizontal=&#8221;0&#8243; margin_vertical=&#8221;0&#8243; custom_css=&#8221;margin-top: 0px;margin-bottom: 0px;&#8221; border_size=&#8221;0&#8243; border_styling_global=&#8221;default&#8221; width=&#8221;1\/1&#8243; el_position=&#8221;first last&#8221;]<\/p>\n<div class=\"first-image-wrapper\"><img loading=\"lazy\" decoding=\"async\" class=\"aligncenter size-full wp-image-15660\" src=\"https:\/\/arvivaesthetics.com\/wp-content\/uploads\/2022\/12\/Cosmetic-Injectables-for-Men-Banner-w2000.jpg\" alt=\"Cosmetic Injectables for Men Banner\" width=\"2000\" height=\"1333\" srcset=\"https:\/\/arvivaesthetics.com\/wp-content\/uploads\/2022\/12\/Cosmetic-Injectables-for-Men-Banner-w2000.jpg 2000w, https:\/\/arvivaesthetics.com\/wp-content\/uploads\/2022\/12\/Cosmetic-Injectables-for-Men-Banner-w2000-300x200.jpg 300w, https:\/\/arvivaesthetics.com\/wp-content\/uploads\/2022\/12\/Cosmetic-Injectables-for-Men-Banner-w2000-1024x682.jpg 1024w, https:\/\/arvivaesthetics.com\/wp-content\/uploads\/2022\/12\/Cosmetic-Injectables-for-Men-Banner-w2000-768x512.jpg 768w, https:\/\/arvivaesthetics.com\/wp-content\/uploads\/2022\/12\/Cosmetic-Injectables-for-Men-Banner-w2000-1536x1024.jpg 1536w, https:\/\/arvivaesthetics.com\/wp-content\/uploads\/2022\/12\/Cosmetic-Injectables-for-Men-Banner-w2000-1800x1200.jpg 1800w, https:\/\/arvivaesthetics.com\/wp-content\/uploads\/2022\/12\/Cosmetic-Injectables-for-Men-Banner-w2000-1280x853.jpg 1280w, https:\/\/arvivaesthetics.com\/wp-content\/uploads\/2022\/12\/Cosmetic-Injectables-for-Men-Banner-w2000-1000x667.jpg 1000w\" sizes=\"auto, (max-width: 2000px) 100vw, 2000px\" \/><\/div>\n<p>[\/spb_text_block] [\/spb_row] [spb_row element_name=&#8221;Row&#8221; wrap_type=&#8221;full-width-stretch&#8221; row_bg_type=&#8221;color&#8221; row_bg_color=&#8221;#3fbbc3&#8243; color_row_height=&#8221;content-height&#8221; bg_type=&#8221;cover&#8221; parallax_image_height=&#8221;content-height&#8221; parallax_image_movement=&#8221;fixed&#8221; parallax_image_speed=&#8221;standard&#8221; bg_video_loop=&#8221;yes&#8221; parallax_video_height=&#8221;window-height&#8221; row_top_style=&#8221;none&#8221; row_bottom_style=&#8221;none&#8221; parallax_video_overlay=&#8221;none&#8221; row_overlay_opacity=&#8221;0&#8243; remove_element_spacing=&#8221;no&#8221; row_col_spacing=&#8221;0&#8243; row_col_pos=&#8221;default&#8221; row_col_equal_heights=&#8221;no&#8221; row_expanding=&#8221;no&#8221; row_animation=&#8221;none&#8221; row_animation_delay=&#8221;0&#8243; minimize_row=&#8221;no&#8221; simplified_controls=&#8221;yes&#8221; custom_css_percentage=&#8221;no&#8221; custom_css=&#8221;margin-top: 0px;margin-bottom: 0px;&#8221; border_styling_global=&#8221;default&#8221; width=&#8221;1\/1&#8243; el_position=&#8221;first last&#8221;] [spb_text_block animation=&#8221;none&#8221; animation_delay=&#8221;0&#8243; simplified_controls=&#8221;yes&#8221; custom_css_percentage=&#8221;no&#8221; padding_vertical=&#8221;0&#8243; padding_horizontal=&#8221;0&#8243; margin_vertical=&#8221;0&#8243; custom_css=&#8221;margin-top: 0px;margin-bottom: 0px;&#8221; border_size=&#8221;0&#8243; border_styling_global=&#8221;default&#8221; width=&#8221;1\/1&#8243; el_position=&#8221;first last&#8221;]<\/p>\n<p class=\"service-titles\">Call our Tampa office at <a href=\"tel:+18138550111\">(813) 855-0111<\/a> to schedule your consultation.<\/p>\n<p>[\/spb_text_block] [\/spb_row] [spb_text_block animation=&#8221;none&#8221; animation_delay=&#8221;0&#8243; simplified_controls=&#8221;yes&#8221; custom_css_percentage=&#8221;no&#8221; padding_vertical=&#8221;0&#8243; padding_horizontal=&#8221;0&#8243; margin_vertical=&#8221;0&#8243; custom_css=&#8221;margin-top: 0px;margin-bottom: 0px;&#8221; border_size=&#8221;0&#8243; border_styling_global=&#8221;default&#8221; width=&#8221;1\/1&#8243; el_position=&#8221;first last&#8221;]<\/p>\n<div class=\"service-spacer\"><\/div>\n<p>[\/spb_text_block] [spb_text_block animation=&#8221;none&#8221; animation_delay=&#8221;0&#8243; simplified_controls=&#8221;yes&#8221; custom_css_percentage=&#8221;no&#8221; padding_vertical=&#8221;0&#8243; padding_horizontal=&#8221;0&#8243; margin_vertical=&#8221;0&#8243; custom_css=&#8221;margin-top: 0px;margin-bottom: 0px;&#8221; border_size=&#8221;0&#8243; border_styling_global=&#8221;default&#8221; width=&#8221;1\/2&#8243; el_position=&#8221;first&#8221;]<\/p>\n<p>Cosmetic injectables are a highly effective and a minimally invasive approach to achieving incredible results. It&#8217;s no wonder they have become increasingly popular among patients interested in reducing the visible signs of aging, enhancing their best features, and boosting their confidence. For men, cosmetic injectables have quickly become a go-to option for creating a younger, more masculine, and more attractive appearance.<\/p>\n<p>Arviv Medical Aesthetics is a trusted provider of cosmetic injectables in Miami, Tampa, and Ocala with the extensive expertise and specialized skill needed to ensure exceptional results for men and women alike. Our dedicated team of professionals offers anti-aging injectables and dermal fillers for men, creating tailored treatment plans based on your unique goals and needs.<\/p>\n<p>[\/spb_text_block] [spb_text_block animation=&#8221;none&#8221; animation_delay=&#8221;0&#8243; simplified_controls=&#8221;yes&#8221; custom_css_percentage=&#8221;no&#8221; padding_vertical=&#8221;0&#8243; padding_horizontal=&#8221;0&#8243; margin_vertical=&#8221;0&#8243; custom_css=&#8221;margin-top: 0px;margin-bottom: 0px;&#8221; border_size=&#8221;0&#8243; border_styling_global=&#8221;default&#8221; width=&#8221;1\/2&#8243; el_position=&#8221;last&#8221;]<\/p>\n<p><img loading=\"lazy\" decoding=\"async\" class=\"aligncenter size-full wp-image-15643\" src=\"https:\/\/arvivaesthetics.com\/wp-content\/uploads\/2022\/12\/Cosmetic-Injectables-for-Men.jpg\" alt=\"Cosmetic Injectables for Men\" width=\"1000\" height=\"667\" srcset=\"https:\/\/arvivaesthetics.com\/wp-content\/uploads\/2022\/12\/Cosmetic-Injectables-for-Men.jpg 1000w, https:\/\/arvivaesthetics.com\/wp-content\/uploads\/2022\/12\/Cosmetic-Injectables-for-Men-300x200.jpg 300w, https:\/\/arvivaesthetics.com\/wp-content\/uploads\/2022\/12\/Cosmetic-Injectables-for-Men-768x512.jpg 768w\" sizes=\"auto, (max-width: 1000px) 100vw, 1000px\" \/><\/p>\n<p>[\/spb_text_block] [spb_text_block animation=&#8221;none&#8221; animation_delay=&#8221;0&#8243; simplified_controls=&#8221;yes&#8221; custom_css_percentage=&#8221;no&#8221; padding_vertical=&#8221;0&#8243; padding_horizontal=&#8221;0&#8243; margin_vertical=&#8221;0&#8243; custom_css=&#8221;margin-top: 0px;margin-bottom: 0px;&#8221; border_size=&#8221;0&#8243; border_styling_global=&#8221;default&#8221; width=&#8221;1\/1&#8243; el_position=&#8221;first last&#8221;]<\/p>\n<h2>Why Cosmetic Injections for Men are Different<\/h2>\n<p>There are a few key reasons why cosmetic injectables for men typically require a specialized approach, one that differs from the treatments we would suggest for our female patients:<\/p>\n<ul>\n<li>The aging process affects men and women in different ways, often manifesting as deep forehead creases, mid-facial dropping, jowls, and fine lines for men.<\/li>\n<li>For aesthetic enhancement purposes, highlighting (or downplay) masculine features in ways different than what women may choose for their own facial structure. For example, a male injectable patient might want a significantly more defined jaw than a female patient would request.<\/li>\n<\/ul>\n<p>For these reasons, working with experienced injectors that clearly understand a male injectable patient&#8217;s unique needs and preferences is extremely important. The team at Arviv Medical Aesthetics has advanced knowledge of the targeted techniques suited to the male facial anatomy and the skill to create personalized treatment plans based on desired results.<\/p>\n<h2>Are You Curious if Dermal Fillers are for You?<\/h2>\n<p>Dermal fillers can be used for many purposes, and many different types of fillers are available.<\/p>\n<p>You might be the perfect candidate for dermal fillers if:<\/p>\n<ul>\n<li>You are feeling frustrated by the <strong>tell-tale signs of aging<\/strong>, including:\n<ul>\n<li>Fine lines<\/li>\n<li>Deep creases and folds around your mouth or nose or in your forehead (such as smile lines, marionette lines, and lip lines)<\/li>\n<li>Sagging skin<\/li>\n<li>A loss of volume in the middle region of your face<\/li>\n<li>Jowls around the jawline<\/li>\n<\/ul>\n<\/li>\n<li>You want to <strong>strengthen the appearance of certain facial features<\/strong>, which might include:\n<ul>\n<li>Redefining your jaw<\/li>\n<li>Creating a stronger, more defined chin<\/li>\n<li>Adding subtle volume to the lips<\/li>\n<li>Filling in lost volume in your cheeks<\/li>\n<\/ul>\n<\/li>\n<li>You want <strong>youthful-looking, smooth skin<\/strong> with a healthy &#8220;glow.&#8221;<\/li>\n<\/ul>\n<p>Thanks to the impressive versatility of dermal fillers, men with a diverse range of goals can find treatment options to match their needs. If you&#8217;re interested in learning how dermal fillers can benefit you, we invite you to request a one-on-one consultation with our Tampa or Miami injectors.<\/p>\n<h2>Popular Cosmetic Injectables for Men<\/h2>\n<p>At Arviv Medical Aesthetics, our patients have access to an unparalleled selection of the best cosmetic injectables, including FDA-approved products and advanced formulas. Some of our most popular cosmetic injections for men include:<\/p>\n<h3>Botox\u00ae &amp; Dysport\u00ae<\/h3>\n<p>Both Botox and Dysport are specifically formulated to reduce the appearance of existing wrinkles and fine lines while also helping to slow down the development of new facial creases. Dysport and Botox injections (and similar products) are an effective way to achieve a more youthful appearance by limiting the contractions of the facial muscles.<\/p>\n<h3>Juv\u00e9derm\u00ae<\/h3>\n<p>Juv\u00e9derm is the first (and only) FDA-approved dermal filler for smoothing moderate to severe wrinkles around the mouth and nose.<\/p>\n<p>The filler is formulated with hyaluronic acid, which your body naturally produces for elasticity and moisture retention in your skin. The production of hyaluronic acid slows down as you age, but Juv\u00e9derm can replenish your natural supply and target volume loss, drooping, and wrinkles.<\/p>\n<p>There are several Juv\u00e9derm fillers, including ones designed to help define and contour the cheeks and jawline. Juv\u00e9derm also supports a dewier, healthier complexion, contributing even further to a more youthful look.<\/p>\n<h3>Restylane Silk\u00ae and Belotero\u00ae<\/h3>\n<p>These two fillers are a favorite choice for patients who want to improve fine lines around the lips and under-eye area. Both have a thinner consistency that makes them an ideal match for these specific goals, and they can provide stunning results in just one appointment.<\/p>\n<p>Many male patients also use Restylane\u00ae to reduce under-eye bags, eliminating the &#8220;sunken&#8221; appearance that can make you tired.<\/p>\n<h2>Schedule Your Consultation for Cosmetic Injections for Men in Miami and Tampa, FL<\/h2>\n<p>Arviv Medical Aesthetics is a leading provider of cosmetic injectables and dermal fillers for men, with offices in Miami and Tampa. Contact us to schedule a consultation today for more information about how cosmetic injections can elevate your appearance.<\/p>\n<p>&nbsp;<\/p>\n<p style=\"text-align: right;\">Image Source: <a href=\"https:\/\/www.shutterstock.com\/g\/prostock_studio\" target=\"_blank\" rel=\"noopener nofollow\">Prostock-studio<\/a> \/ Shutterstock<\/p>\n<p style=\"text-align: right;\">Image Source: <a href=\"https:\/\/www.shutterstock.com\/g\/LightField+Studios\" target=\"_blank\" rel=\"noopener nofollow\">LightField Studios<\/a> \/ Shutterstock<\/p>\n<p>[\/spb_text_block] [spb_text_block animation=&#8221;none&#8221; animation_delay=&#8221;0&#8243; simplified_controls=&#8221;yes&#8221; custom_css_percentage=&#8221;no&#8221; padding_vertical=&#8221;0&#8243; padding_horizontal=&#8221;0&#8243; margin_vertical=&#8221;0&#8243; custom_css=&#8221;margin-top: 0px;margin-bottom: 0px;&#8221; border_size=&#8221;0&#8243; border_styling_global=&#8221;default&#8221; width=&#8221;1\/1&#8243; el_position=&#8221;first last&#8221;]<\/p>\n<p style=\"text-align: center;\"><strong>Prices are subject to change and personalized prices will be provided upon consultation.<\/strong><\/p>\n<p>[\/spb_text_block] [spb_text_block animation=&#8221;none&#8221; animation_delay=&#8221;0&#8243; simplified_controls=&#8221;yes&#8221; custom_css_percentage=&#8221;no&#8221; padding_vertical=&#8221;0&#8243; padding_horizontal=&#8221;0&#8243; margin_vertical=&#8221;0&#8243; custom_css=&#8221;margin-top: 0px;margin-bottom: 0px;&#8221; border_size=&#8221;0&#8243; border_styling_global=&#8221;default&#8221; width=&#8221;1\/1&#8243; el_position=&#8221;first last&#8221;]<\/p>\n<div class=\"service-spacer\"><\/div>\n<p>&nbsp;<\/p>\n<p>[\/spb_text_block]<\/p>\n","protected":false},"excerpt":{"rendered":"<p>[spb_row element_name=&#8221;Row&#8221; wrap_type=&#8221;full-width-stretch&#8221; row_bg_type=&#8221;color&#8221; color_row_height=&#8221;content-height&#8221; bg_type=&#8221;cover&#8221; parallax_image_height=&#8221;content-height&#8221; parallax_image_movement=&#8221;fixed&#8221; parallax_image_speed=&#8221;standard&#8221; bg_video_loop=&#8221;yes&#8221; parallax_video_height=&#8221;window-height&#8221; row_top_style=&#8221;none&#8221; row_bottom_style=&#8221;none&#8221; parallax_video_overlay=&#8221;none&#8221; row_overlay_opacity=&#8221;0&#8243; remove_element_spacing=&#8221;no&#8221; row_col_spacing=&#8221;0&#8243; row_col_pos=&#8221;default&#8221; row_col_equal_heights=&#8221;no&#8221; row_expanding=&#8221;no&#8221; row_animation=&#8221;none&#8221; row_animation_delay=&#8221;0&#8243; minimize_row=&#8221;no&#8221; simplified_controls=&#8221;yes&#8221; custom_css_percentage=&#8221;no&#8221; custom_css=&#8221;margin-top: 0px;margin-bottom: 0px;&#8221; border_styling_global=&#8221;default&#8221; width=&#8221;1\/1&#8243; el_position=&#8221;first last&#8221;] [spb_text_block animation=&#8221;none&#8221; animation_delay=&#8221;0&#8243; simplified_controls=&#8221;yes&#8221; custom_css_percentage=&#8221;no&#8221; padding_vertical=&#8221;0&#8243; padding_horizontal=&#8221;0&#8243; margin_vertical=&#8221;0&#8243; custom_css=&#8221;margin-top: 0px;margin-bottom: 0px;&#8221; border_size=&#8221;0&#8243; border_styling_global=&#8221;default&#8221; width=&#8221;1\/1&#8243; el_position=&#8221;first last&#8221;] [\/spb_text_block] [\/spb_row] [spb_row element_name=&#8221;Row&#8221; wrap_type=&#8221;full-width-stretch&#8221; row_bg_type=&#8221;color&#8221; row_bg_color=&#8221;#3fbbc3&#8243; color_row_height=&#8221;content-height&#8221; bg_type=&#8221;cover&#8221; parallax_image_height=&#8221;content-height&#8221; parallax_image_movement=&#8221;fixed&#8221; parallax_image_speed=&#8221;standard&#8221; [&hellip;]<\/p>\n","protected":false},"author":31,"featured_media":0,"parent":0,"menu_order":0,"comment_status":"closed","ping_status":"closed","template":"","meta":{"footnotes":""},"class_list":["post-15641","page","type-page","status-publish","hentry"],"yoast_head":"<!-- This site is optimized with the Yoast SEO plugin v27.5 - https:\/\/yoast.com\/product\/yoast-seo-wordpress\/ -->\n<title>Cosmetic Injectables for Men | Arviv Medical Aesthetics<\/title>\n<meta name=\"description\" content=\"Cosmetic injectables for men, from botox to fillers. Learn about the benefits and risks of each, and find out which may be right for you.\" \/>\n<meta name=\"robots\" content=\"index, follow, max-snippet:-1, max-image-preview:large, max-video-preview:-1\" \/>\n<link rel=\"canonical\" href=\"https:\/\/arvivaesthetics.com\/es\/inyectables-cosmeticos-para-hombres\/\" \/>\n<meta property=\"og:locale\" content=\"es_MX\" \/>\n<meta property=\"og:type\" content=\"article\" \/>\n<meta property=\"og:title\" content=\"Cosmetic Injectables for Men | Arviv Medical Aesthetics\" \/>\n<meta property=\"og:description\" content=\"Cosmetic injectables for men, from botox to fillers. Learn about the benefits and risks of each, and find out which may be right for you.\" \/>\n<meta property=\"og:url\" content=\"https:\/\/arvivaesthetics.com\/es\/inyectables-cosmeticos-para-hombres\/\" \/>\n<meta property=\"og:site_name\" content=\"Arviv Medical Aesthetics\" \/>\n<meta property=\"article:publisher\" content=\"https:\/\/www.facebook.com\/arvivmedicalaesthetics\/\" \/>\n<meta property=\"article:modified_time\" content=\"2024-02-22T22:39:43+00:00\" \/>\n<meta property=\"og:image\" content=\"https:\/\/arvivaesthetics.com\/wp-content\/uploads\/2022\/12\/Cosmetic-Injectables-for-Men-Banner-w2000.jpg\" \/>\n<meta name=\"twitter:card\" content=\"summary_large_image\" \/>\n<meta name=\"twitter:site\" content=\"@ArvivAesthetics\" \/>\n<meta name=\"twitter:label1\" content=\"Tiempo de lectura\" \/>\n\t<meta name=\"twitter:data1\" content=\"5 minutos\" \/>\n<script type=\"application\/ld+json\" class=\"yoast-schema-graph\">{\"@context\":\"https:\\\/\\\/schema.org\",\"@graph\":[{\"@type\":\"WebPage\",\"@id\":\"https:\\\/\\\/arvivaesthetics.com\\\/cosmetic-injectables-for-men\\\/\",\"url\":\"https:\\\/\\\/arvivaesthetics.com\\\/cosmetic-injectables-for-men\\\/\",\"name\":\"Cosmetic Injectables for Men | Arviv Medical Aesthetics\",\"isPartOf\":{\"@id\":\"https:\\\/\\\/arvivaesthetics.com\\\/#website\"},\"primaryImageOfPage\":{\"@id\":\"https:\\\/\\\/arvivaesthetics.com\\\/cosmetic-injectables-for-men\\\/#primaryimage\"},\"image\":{\"@id\":\"https:\\\/\\\/arvivaesthetics.com\\\/cosmetic-injectables-for-men\\\/#primaryimage\"},\"thumbnailUrl\":\"https:\\\/\\\/arvivaesthetics.com\\\/wp-content\\\/uploads\\\/2022\\\/12\\\/Cosmetic-Injectables-for-Men-Banner-w2000.jpg\",\"datePublished\":\"2022-12-01T20:18:07+00:00\",\"dateModified\":\"2024-02-22T22:39:43+00:00\",\"description\":\"Cosmetic injectables for men, from botox to fillers. Learn about the benefits and risks of each, and find out which may be right for you.\",\"breadcrumb\":{\"@id\":\"https:\\\/\\\/arvivaesthetics.com\\\/cosmetic-injectables-for-men\\\/#breadcrumb\"},\"inLanguage\":\"es\",\"potentialAction\":[{\"@type\":\"ReadAction\",\"target\":[\"https:\\\/\\\/arvivaesthetics.com\\\/cosmetic-injectables-for-men\\\/\"]}]},{\"@type\":\"ImageObject\",\"inLanguage\":\"es\",\"@id\":\"https:\\\/\\\/arvivaesthetics.com\\\/cosmetic-injectables-for-men\\\/#primaryimage\",\"url\":\"https:\\\/\\\/arvivaesthetics.com\\\/wp-content\\\/uploads\\\/2022\\\/12\\\/Cosmetic-Injectables-for-Men-Banner-w2000.jpg\",\"contentUrl\":\"https:\\\/\\\/arvivaesthetics.com\\\/wp-content\\\/uploads\\\/2022\\\/12\\\/Cosmetic-Injectables-for-Men-Banner-w2000.jpg\"},{\"@type\":\"BreadcrumbList\",\"@id\":\"https:\\\/\\\/arvivaesthetics.com\\\/cosmetic-injectables-for-men\\\/#breadcrumb\",\"itemListElement\":[{\"@type\":\"ListItem\",\"position\":1,\"name\":\"Home\",\"item\":\"https:\\\/\\\/arvivaesthetics.com\\\/\"},{\"@type\":\"ListItem\",\"position\":2,\"name\":\"Cosmetic Injectables for Men\"}]},{\"@type\":\"WebSite\",\"@id\":\"https:\\\/\\\/arvivaesthetics.com\\\/#website\",\"url\":\"https:\\\/\\\/arvivaesthetics.com\\\/\",\"name\":\"Arviv Medical Aesthetics\",\"description\":\"\",\"publisher\":{\"@id\":\"https:\\\/\\\/arvivaesthetics.com\\\/#organization\"},\"potentialAction\":[{\"@type\":\"SearchAction\",\"target\":{\"@type\":\"EntryPoint\",\"urlTemplate\":\"https:\\\/\\\/arvivaesthetics.com\\\/?s={search_term_string}\"},\"query-input\":{\"@type\":\"PropertyValueSpecification\",\"valueRequired\":true,\"valueName\":\"search_term_string\"}}],\"inLanguage\":\"es\"},{\"@type\":\"Organization\",\"@id\":\"https:\\\/\\\/arvivaesthetics.com\\\/#organization\",\"name\":\"Arviv Medical Aesthetics\",\"url\":\"https:\\\/\\\/arvivaesthetics.com\\\/\",\"logo\":{\"@type\":\"ImageObject\",\"inLanguage\":\"es\",\"@id\":\"https:\\\/\\\/arvivaesthetics.com\\\/#\\\/schema\\\/logo\\\/image\\\/\",\"url\":\"https:\\\/\\\/arvivaesthetics.com\\\/wp-content\\\/uploads\\\/2016\\\/11\\\/arvivIcon.png\",\"contentUrl\":\"https:\\\/\\\/arvivaesthetics.com\\\/wp-content\\\/uploads\\\/2016\\\/11\\\/arvivIcon.png\",\"width\":86,\"height\":42,\"caption\":\"Arviv Medical Aesthetics\"},\"image\":{\"@id\":\"https:\\\/\\\/arvivaesthetics.com\\\/#\\\/schema\\\/logo\\\/image\\\/\"},\"sameAs\":[\"https:\\\/\\\/www.facebook.com\\\/arvivmedicalaesthetics\\\/\",\"https:\\\/\\\/x.com\\\/ArvivAesthetics\",\"https:\\\/\\\/www.instagram.com\\\/arviv_aesthetics\\\/\",\"https:\\\/\\\/www.youtube.com\\\/user\\\/Arvivaesthetics\"]}]}<\/script>\n<!-- \/ Yoast SEO plugin. -->","yoast_head_json":{"title":"Inyectables cosm\u00e9ticos para hombres | Arviv Medical Aesthetics","description":"Inyectables cosm\u00e9ticos para hombres, desde botox hasta rellenos. Inf\u00f3rmese sobre los beneficios y riesgos de cada uno y descubra cu\u00e1l puede ser el m\u00e1s adecuado para usted.","robots":{"index":"index","follow":"follow","max-snippet":"max-snippet:-1","max-image-preview":"max-image-preview:large","max-video-preview":"max-video-preview:-1"},"canonical":"https:\/\/arvivaesthetics.com\/es\/inyectables-cosmeticos-para-hombres\/","og_locale":"es_MX","og_type":"article","og_title":"Cosmetic Injectables for Men | Arviv Medical Aesthetics","og_description":"Cosmetic injectables for men, from botox to fillers. Learn about the benefits and risks of each, and find out which may be right for you.","og_url":"https:\/\/arvivaesthetics.com\/es\/inyectables-cosmeticos-para-hombres\/","og_site_name":"Arviv Medical Aesthetics","article_publisher":"https:\/\/www.facebook.com\/arvivmedicalaesthetics\/","article_modified_time":"2024-02-22T22:39:43+00:00","og_image":[{"url":"https:\/\/arvivaesthetics.com\/wp-content\/uploads\/2022\/12\/Cosmetic-Injectables-for-Men-Banner-w2000.jpg","type":"","width":"","height":""}],"twitter_card":"summary_large_image","twitter_site":"@ArvivAesthetics","twitter_misc":{"Tiempo de lectura":"5 minutos"},"schema":{"@context":"https:\/\/schema.org","@graph":[{"@type":"WebPage","@id":"https:\/\/arvivaesthetics.com\/cosmetic-injectables-for-men\/","url":"https:\/\/arvivaesthetics.com\/cosmetic-injectables-for-men\/","name":"Inyectables cosm\u00e9ticos para hombres | Arviv Medical Aesthetics","isPartOf":{"@id":"https:\/\/arvivaesthetics.com\/#website"},"primaryImageOfPage":{"@id":"https:\/\/arvivaesthetics.com\/cosmetic-injectables-for-men\/#primaryimage"},"image":{"@id":"https:\/\/arvivaesthetics.com\/cosmetic-injectables-for-men\/#primaryimage"},"thumbnailUrl":"https:\/\/arvivaesthetics.com\/wp-content\/uploads\/2022\/12\/Cosmetic-Injectables-for-Men-Banner-w2000.jpg","datePublished":"2022-12-01T20:18:07+00:00","dateModified":"2024-02-22T22:39:43+00:00","description":"Inyectables cosm\u00e9ticos para hombres, desde botox hasta rellenos. Inf\u00f3rmese sobre los beneficios y riesgos de cada uno y descubra cu\u00e1l puede ser el m\u00e1s adecuado para usted.","breadcrumb":{"@id":"https:\/\/arvivaesthetics.com\/cosmetic-injectables-for-men\/#breadcrumb"},"inLanguage":"es","potentialAction":[{"@type":"ReadAction","target":["https:\/\/arvivaesthetics.com\/cosmetic-injectables-for-men\/"]}]},{"@type":"ImageObject","inLanguage":"es","@id":"https:\/\/arvivaesthetics.com\/cosmetic-injectables-for-men\/#primaryimage","url":"https:\/\/arvivaesthetics.com\/wp-content\/uploads\/2022\/12\/Cosmetic-Injectables-for-Men-Banner-w2000.jpg","contentUrl":"https:\/\/arvivaesthetics.com\/wp-content\/uploads\/2022\/12\/Cosmetic-Injectables-for-Men-Banner-w2000.jpg"},{"@type":"BreadcrumbList","@id":"https:\/\/arvivaesthetics.com\/cosmetic-injectables-for-men\/#breadcrumb","itemListElement":[{"@type":"ListItem","position":1,"name":"Home","item":"https:\/\/arvivaesthetics.com\/"},{"@type":"ListItem","position":2,"name":"Cosmetic Injectables for Men"}]},{"@type":"WebSite","@id":"https:\/\/arvivaesthetics.com\/#website","url":"https:\/\/arvivaesthetics.com\/","name":"Arviv Est\u00e9tica M\u00e9dica","description":"","publisher":{"@id":"https:\/\/arvivaesthetics.com\/#organization"},"potentialAction":[{"@type":"SearchAction","target":{"@type":"EntryPoint","urlTemplate":"https:\/\/arvivaesthetics.com\/?s={search_term_string}"},"query-input":{"@type":"PropertyValueSpecification","valueRequired":true,"valueName":"search_term_string"}}],"inLanguage":"es"},{"@type":"Organization","@id":"https:\/\/arvivaesthetics.com\/#organization","name":"Arviv Est\u00e9tica M\u00e9dica","url":"https:\/\/arvivaesthetics.com\/","logo":{"@type":"ImageObject","inLanguage":"es","@id":"https:\/\/arvivaesthetics.com\/#\/schema\/logo\/image\/","url":"https:\/\/arvivaesthetics.com\/wp-content\/uploads\/2016\/11\/arvivIcon.png","contentUrl":"https:\/\/arvivaesthetics.com\/wp-content\/uploads\/2016\/11\/arvivIcon.png","width":86,"height":42,"caption":"Arviv Medical Aesthetics"},"image":{"@id":"https:\/\/arvivaesthetics.com\/#\/schema\/logo\/image\/"},"sameAs":["https:\/\/www.facebook.com\/arvivmedicalaesthetics\/","https:\/\/x.com\/ArvivAesthetics","https:\/\/www.instagram.com\/arviv_aesthetics\/","https:\/\/www.youtube.com\/user\/Arvivaesthetics"]}]}},"_links":{"self":[{"href":"https:\/\/arvivaesthetics.com\/es\/wp-json\/wp\/v2\/pages\/15641","targetHints":{"allow":["GET"]}}],"collection":[{"href":"https:\/\/arvivaesthetics.com\/es\/wp-json\/wp\/v2\/pages"}],"about":[{"href":"https:\/\/arvivaesthetics.com\/es\/wp-json\/wp\/v2\/types\/page"}],"author":[{"embeddable":true,"href":"https:\/\/arvivaesthetics.com\/es\/wp-json\/wp\/v2\/users\/31"}],"replies":[{"embeddable":true,"href":"https:\/\/arvivaesthetics.com\/es\/wp-json\/wp\/v2\/comments?post=15641"}],"version-history":[{"count":0,"href":"https:\/\/arvivaesthetics.com\/es\/wp-json\/wp\/v2\/pages\/15641\/revisions"}],"wp:attachment":[{"href":"https:\/\/arvivaesthetics.com\/es\/wp-json\/wp\/v2\/media?parent=15641"}],"curies":[{"name":"wp","href":"https:\/\/api.w.org\/{rel}","templated":true}]}}