{"id":16293,"date":"2023-04-07T12:48:19","date_gmt":"2023-04-07T17:48:19","guid":{"rendered":"https:\/\/arvivaesthetics.com\/?page_id=16293"},"modified":"2024-08-19T16:27:18","modified_gmt":"2024-08-19T21:27:18","slug":"daxxify","status":"publish","type":"page","link":"https:\/\/arvivaesthetics.com\/es\/ocala\/daxxify\/","title":{"rendered":"Daxxify Ocala"},"content":{"rendered":"<p>[spb_row element_name=&#8221;Row&#8221; wrap_type=&#8221;full-width-stretch&#8221; row_bg_type=&#8221;color&#8221; color_row_height=&#8221;content-height&#8221; bg_type=&#8221;cover&#8221; parallax_image_height=&#8221;content-height&#8221; parallax_image_movement=&#8221;fixed&#8221; parallax_image_speed=&#8221;standard&#8221; bg_video_loop=&#8221;yes&#8221; parallax_video_height=&#8221;window-height&#8221; row_top_style=&#8221;none&#8221; row_bottom_style=&#8221;none&#8221; parallax_video_overlay=&#8221;none&#8221; row_overlay_opacity=&#8221;0&#8243; remove_element_spacing=&#8221;no&#8221; row_col_spacing=&#8221;0&#8243; row_col_pos=&#8221;default&#8221; row_col_equal_heights=&#8221;no&#8221; row_expanding=&#8221;no&#8221; row_animation=&#8221;none&#8221; row_animation_delay=&#8221;0&#8243; minimize_row=&#8221;no&#8221; simplified_controls=&#8221;yes&#8221; custom_css_percentage=&#8221;no&#8221; custom_css=&#8221;margin-top: 0px;margin-bottom: 0px;&#8221; border_styling_global=&#8221;default&#8221; width=&#8221;1\/1&#8243; el_position=&#8221;first last&#8221;] [spb_text_block animation=&#8221;none&#8221; animation_delay=&#8221;0&#8243; simplified_controls=&#8221;yes&#8221; custom_css_percentage=&#8221;no&#8221; padding_vertical=&#8221;0&#8243; padding_horizontal=&#8221;0&#8243; margin_vertical=&#8221;0&#8243; custom_css=&#8221;margin-top: 0px;margin-bottom: 0px;&#8221; border_size=&#8221;0&#8243; border_styling_global=&#8221;default&#8221; width=&#8221;1\/1&#8243; el_position=&#8221;first last&#8221;]<\/p>\n<div class=\"first-image-wrapper\"><img loading=\"lazy\" decoding=\"async\" class=\"aligncenter wp-image-12049 size-full\" title=\"tampa botox dysport cosmetic treatments\" src=\"https:\/\/arvivaesthetics.com\/wp-content\/uploads\/2020\/11\/miami-botox-dysport-header-1280x455-1.jpg\" alt=\"miami-botox-dysport-header-1280&amp;#215;455\" width=\"1280\" height=\"455\" srcset=\"https:\/\/arvivaesthetics.com\/wp-content\/uploads\/2020\/11\/miami-botox-dysport-header-1280x455-1.jpg 1280w, https:\/\/arvivaesthetics.com\/wp-content\/uploads\/2020\/11\/miami-botox-dysport-header-1280x455-1-300x107.jpg 300w, https:\/\/arvivaesthetics.com\/wp-content\/uploads\/2020\/11\/miami-botox-dysport-header-1280x455-1-1024x364.jpg 1024w, https:\/\/arvivaesthetics.com\/wp-content\/uploads\/2020\/11\/miami-botox-dysport-header-1280x455-1-768x273.jpg 768w, https:\/\/arvivaesthetics.com\/wp-content\/uploads\/2020\/11\/miami-botox-dysport-header-1280x455-1-1000x355.jpg 1000w\" sizes=\"auto, (max-width: 1280px) 100vw, 1280px\" \/><\/div>\n<p>[\/spb_text_block] [\/spb_row] [spb_row element_name=&#8221;Row&#8221; wrap_type=&#8221;full-width-stretch&#8221; row_bg_type=&#8221;color&#8221; row_bg_color=&#8221;#3fbbc3&#8243; color_row_height=&#8221;content-height&#8221; bg_type=&#8221;cover&#8221; parallax_image_height=&#8221;content-height&#8221; parallax_image_movement=&#8221;fixed&#8221; parallax_image_speed=&#8221;standard&#8221; bg_video_loop=&#8221;yes&#8221; parallax_video_height=&#8221;window-height&#8221; row_top_style=&#8221;none&#8221; row_bottom_style=&#8221;none&#8221; parallax_video_overlay=&#8221;none&#8221; row_overlay_opacity=&#8221;0&#8243; remove_element_spacing=&#8221;no&#8221; row_col_spacing=&#8221;0&#8243; row_col_pos=&#8221;default&#8221; row_col_equal_heights=&#8221;no&#8221; row_expanding=&#8221;no&#8221; row_animation=&#8221;none&#8221; row_animation_delay=&#8221;0&#8243; minimize_row=&#8221;no&#8221; simplified_controls=&#8221;yes&#8221; custom_css_percentage=&#8221;no&#8221; custom_css=&#8221;margin-top: 0px;margin-bottom: 0px;&#8221; border_styling_global=&#8221;default&#8221; width=&#8221;1\/1&#8243; el_position=&#8221;first last&#8221;] [spb_text_block animation=&#8221;none&#8221; animation_delay=&#8221;0&#8243; simplified_controls=&#8221;yes&#8221; custom_css_percentage=&#8221;no&#8221; padding_vertical=&#8221;0&#8243; padding_horizontal=&#8221;0&#8243; margin_vertical=&#8221;0&#8243; custom_css=&#8221;margin-top: 0px;margin-bottom: 0px;&#8221; border_size=&#8221;0&#8243; border_styling_global=&#8221;default&#8221; width=&#8221;1\/1&#8243; el_position=&#8221;first last&#8221;]<\/p>\n<p class=\"service-titles impact-text-large\"><strong>Call <a href=\"tel:+1813-855-0111\">813-855-0111<\/a> to schedule your consultation.<\/strong><\/p>\n<p>[\/spb_text_block] [\/spb_row] [spb_text_block animation=&#8221;none&#8221; animation_delay=&#8221;0&#8243; simplified_controls=&#8221;yes&#8221; custom_css_percentage=&#8221;no&#8221; padding_vertical=&#8221;0&#8243; padding_horizontal=&#8221;0&#8243; margin_vertical=&#8221;0&#8243; custom_css=&#8221;margin-top: 0px;margin-bottom: 0px;&#8221; border_size=&#8221;0&#8243; border_styling_global=&#8221;default&#8221; width=&#8221;1\/1&#8243; el_position=&#8221;first last&#8221;]<\/p>\n<h2>Daxxify<\/h2>\n<p>Neurotoxin that works similar to the others but the science behind it allows it to last longer. Learn about this service in<a href=\"https:\/\/arvivaesthetics.com\/ocala\/\"> Ocala, FL.\u00a0<\/a><\/p>\n<p>[\/spb_text_block] [spb_text_block animation=&#8221;none&#8221; animation_delay=&#8221;0&#8243; simplified_controls=&#8221;yes&#8221; custom_css_percentage=&#8221;no&#8221; padding_vertical=&#8221;0&#8243; padding_horizontal=&#8221;0&#8243; margin_vertical=&#8221;0&#8243; custom_css=&#8221;margin-top: 0px;margin-bottom: 0px;&#8221; border_size=&#8221;0&#8243; border_styling_global=&#8221;default&#8221; width=&#8221;1\/1&#8243; el_position=&#8221;first last&#8221;]<\/p>\n<h2>How does Daxxify work?<\/h2>\n<p>Daxxify works the same as other neuromodulators. It is absorbed by the nerve and blocks release of acetylcholine which is the neurotransmitter needed for muscle contraction. It is coated with a peptide which is positively charged and therefore has a high affinity to the cell membrane.<\/p>\n<p>This positive charge allows the Daxxify to enter the cell easily and a larger amount of the product can get into the cell. The more neurotoxin enters the cell the more effective it will be and the longer it will last.<\/p>\n<h2>How long does it last?<\/h2>\n<p>Studies have shown that this product can last up to 6 months and some instances even longer up to 9 months. Keep in mind that everyone is different but you can expect that at 4 months when your usual neurotoxin wears off this one may still have over 50% efficacy which means some result will still be present.<\/p>\n<h2>What is the difference between Botox and Daxxify<\/h2>\n<ol>\n<li>It is a vegan product unlike other products that have albumin which is a protein found in blood of humans and animals this one has a synthetic peptide which is a chain of amino acids.<\/li>\n<li>It may last longer than other neurotoxins. Up to twice as long.<\/li>\n<li>Fast onset. It begins to work within 1-2 days. It will still take 2-3 weeks to see the full result but you can start to notice a difference within 48 hours.<\/li>\n<\/ol>\n<h2>What are the risks or side effects of Daxxify?<\/h2>\n<p>The side effect profile is similar to the other neurotoxins, ptosis, headache, bruising all between 0-2% risk.<\/p>\n<h2>How much does Daxxify cost?<\/h2>\n<p>Daxxify is generally priced about 50% higher than your average cost of neurotoxin treatment. Learn about this and more with <a href=\"https:\/\/arvivaesthetics.com\/\">Arviv Medical Aesthetics.<\/a><\/p>\n<p>[\/spb_text_block]<\/p>\n","protected":false},"excerpt":{"rendered":"<p>[spb_row element_name=&#8221;Row&#8221; wrap_type=&#8221;full-width-stretch&#8221; row_bg_type=&#8221;color&#8221; color_row_height=&#8221;content-height&#8221; bg_type=&#8221;cover&#8221; parallax_image_height=&#8221;content-height&#8221; parallax_image_movement=&#8221;fixed&#8221; parallax_image_speed=&#8221;standard&#8221; bg_video_loop=&#8221;yes&#8221; parallax_video_height=&#8221;window-height&#8221; row_top_style=&#8221;none&#8221; row_bottom_style=&#8221;none&#8221; parallax_video_overlay=&#8221;none&#8221; row_overlay_opacity=&#8221;0&#8243; remove_element_spacing=&#8221;no&#8221; row_col_spacing=&#8221;0&#8243; row_col_pos=&#8221;default&#8221; row_col_equal_heights=&#8221;no&#8221; row_expanding=&#8221;no&#8221; row_animation=&#8221;none&#8221; row_animation_delay=&#8221;0&#8243; minimize_row=&#8221;no&#8221; simplified_controls=&#8221;yes&#8221; custom_css_percentage=&#8221;no&#8221; custom_css=&#8221;margin-top: 0px;margin-bottom: 0px;&#8221; border_styling_global=&#8221;default&#8221; width=&#8221;1\/1&#8243; el_position=&#8221;first last&#8221;] [spb_text_block animation=&#8221;none&#8221; animation_delay=&#8221;0&#8243; simplified_controls=&#8221;yes&#8221; custom_css_percentage=&#8221;no&#8221; padding_vertical=&#8221;0&#8243; padding_horizontal=&#8221;0&#8243; margin_vertical=&#8221;0&#8243; custom_css=&#8221;margin-top: 0px;margin-bottom: 0px;&#8221; border_size=&#8221;0&#8243; border_styling_global=&#8221;default&#8221; width=&#8221;1\/1&#8243; el_position=&#8221;first last&#8221;] [\/spb_text_block] [\/spb_row] [spb_row element_name=&#8221;Row&#8221; wrap_type=&#8221;full-width-stretch&#8221; row_bg_type=&#8221;color&#8221; row_bg_color=&#8221;#3fbbc3&#8243; color_row_height=&#8221;content-height&#8221; bg_type=&#8221;cover&#8221; parallax_image_height=&#8221;content-height&#8221; parallax_image_movement=&#8221;fixed&#8221; parallax_image_speed=&#8221;standard&#8221; [&hellip;]<\/p>\n","protected":false},"author":32,"featured_media":0,"parent":14831,"menu_order":0,"comment_status":"closed","ping_status":"closed","template":"","meta":{"footnotes":""},"class_list":["post-16293","page","type-page","status-publish","hentry"],"yoast_head":"<!-- This site is optimized with the Yoast SEO plugin v27.4 - https:\/\/yoast.com\/product\/yoast-seo-wordpress\/ -->\n<title>Daxxify Injections in Ocala, FL 34474: Prices &amp; Info | Arviv Medical Aesthetics<\/title>\n<meta name=\"description\" content=\"Daxxify are effective skin-tightening treatments that will leave you feeling rejuvenated and brand new. Contact Arviv Aesthetics in Ocala, FL for more info!\" \/>\n<meta name=\"robots\" content=\"index, follow, max-snippet:-1, max-image-preview:large, max-video-preview:-1\" \/>\n<link rel=\"canonical\" href=\"https:\/\/arvivaesthetics.com\/es\/ocala\/daxxify\/\" \/>\n<meta property=\"og:locale\" content=\"es_MX\" \/>\n<meta property=\"og:type\" content=\"article\" \/>\n<meta property=\"og:title\" content=\"Daxxify Injections in Ocala, FL 34474: Prices &amp; Info | Arviv Medical Aesthetics\" \/>\n<meta property=\"og:description\" content=\"Daxxify are effective skin-tightening treatments that will leave you feeling rejuvenated and brand new. Contact Arviv Aesthetics in Ocala, FL for more info!\" \/>\n<meta property=\"og:url\" content=\"https:\/\/arvivaesthetics.com\/es\/ocala\/daxxify\/\" \/>\n<meta property=\"og:site_name\" content=\"Arviv Medical Aesthetics\" \/>\n<meta property=\"article:publisher\" content=\"https:\/\/www.facebook.com\/arvivmedicalaesthetics\/\" \/>\n<meta property=\"article:modified_time\" content=\"2024-08-19T21:27:18+00:00\" \/>\n<meta property=\"og:image\" content=\"https:\/\/arvivaesthetics.com\/wp-content\/uploads\/2020\/11\/miami-botox-dysport-header-1280x455-1.jpg\" \/>\n<meta name=\"twitter:card\" content=\"summary_large_image\" \/>\n<meta name=\"twitter:site\" content=\"@ArvivAesthetics\" \/>\n<meta name=\"twitter:label1\" content=\"Tiempo de lectura\" \/>\n\t<meta name=\"twitter:data1\" content=\"8 minutos\" \/>\n<script type=\"application\/ld+json\" class=\"yoast-schema-graph\">{\"@context\":\"https:\\\/\\\/schema.org\",\"@graph\":[{\"@type\":\"WebPage\",\"@id\":\"https:\\\/\\\/arvivaesthetics.com\\\/ocala\\\/daxxify\\\/\",\"url\":\"https:\\\/\\\/arvivaesthetics.com\\\/ocala\\\/daxxify\\\/\",\"name\":\"Daxxify Injections in Ocala, FL 34474: Prices & Info | Arviv Medical Aesthetics\",\"isPartOf\":{\"@id\":\"https:\\\/\\\/arvivaesthetics.com\\\/#website\"},\"primaryImageOfPage\":{\"@id\":\"https:\\\/\\\/arvivaesthetics.com\\\/ocala\\\/daxxify\\\/#primaryimage\"},\"image\":{\"@id\":\"https:\\\/\\\/arvivaesthetics.com\\\/ocala\\\/daxxify\\\/#primaryimage\"},\"thumbnailUrl\":\"https:\\\/\\\/arvivaesthetics.com\\\/wp-content\\\/uploads\\\/2020\\\/11\\\/miami-botox-dysport-header-1280x455-1.jpg\",\"datePublished\":\"2023-04-07T17:48:19+00:00\",\"dateModified\":\"2024-08-19T21:27:18+00:00\",\"description\":\"Daxxify are effective skin-tightening treatments that will leave you feeling rejuvenated and brand new. Contact Arviv Aesthetics in Ocala, FL for more info!\",\"breadcrumb\":{\"@id\":\"https:\\\/\\\/arvivaesthetics.com\\\/ocala\\\/daxxify\\\/#breadcrumb\"},\"inLanguage\":\"es\",\"potentialAction\":[{\"@type\":\"ReadAction\",\"target\":[\"https:\\\/\\\/arvivaesthetics.com\\\/ocala\\\/daxxify\\\/\"]}]},{\"@type\":\"ImageObject\",\"inLanguage\":\"es\",\"@id\":\"https:\\\/\\\/arvivaesthetics.com\\\/ocala\\\/daxxify\\\/#primaryimage\",\"url\":\"https:\\\/\\\/arvivaesthetics.com\\\/wp-content\\\/uploads\\\/2020\\\/11\\\/miami-botox-dysport-header-1280x455-1.jpg\",\"contentUrl\":\"https:\\\/\\\/arvivaesthetics.com\\\/wp-content\\\/uploads\\\/2020\\\/11\\\/miami-botox-dysport-header-1280x455-1.jpg\"},{\"@type\":\"BreadcrumbList\",\"@id\":\"https:\\\/\\\/arvivaesthetics.com\\\/ocala\\\/daxxify\\\/#breadcrumb\",\"itemListElement\":[{\"@type\":\"ListItem\",\"position\":1,\"name\":\"Home\",\"item\":\"https:\\\/\\\/arvivaesthetics.com\\\/\"},{\"@type\":\"ListItem\",\"position\":2,\"name\":\"Ocala Med Spa for Anti-Aging &#038; Cosmetic Enhancements\",\"item\":\"https:\\\/\\\/arvivaesthetics.com\\\/ocala\\\/\"},{\"@type\":\"ListItem\",\"position\":3,\"name\":\"Daxxify Ocala\"}]},{\"@type\":\"WebSite\",\"@id\":\"https:\\\/\\\/arvivaesthetics.com\\\/#website\",\"url\":\"https:\\\/\\\/arvivaesthetics.com\\\/\",\"name\":\"Arviv Medical Aesthetics\",\"description\":\"\",\"publisher\":{\"@id\":\"https:\\\/\\\/arvivaesthetics.com\\\/#organization\"},\"potentialAction\":[{\"@type\":\"SearchAction\",\"target\":{\"@type\":\"EntryPoint\",\"urlTemplate\":\"https:\\\/\\\/arvivaesthetics.com\\\/?s={search_term_string}\"},\"query-input\":{\"@type\":\"PropertyValueSpecification\",\"valueRequired\":true,\"valueName\":\"search_term_string\"}}],\"inLanguage\":\"es\"},{\"@type\":\"Organization\",\"@id\":\"https:\\\/\\\/arvivaesthetics.com\\\/#organization\",\"name\":\"Arviv Medical Aesthetics\",\"url\":\"https:\\\/\\\/arvivaesthetics.com\\\/\",\"logo\":{\"@type\":\"ImageObject\",\"inLanguage\":\"es\",\"@id\":\"https:\\\/\\\/arvivaesthetics.com\\\/#\\\/schema\\\/logo\\\/image\\\/\",\"url\":\"https:\\\/\\\/arvivaesthetics.com\\\/wp-content\\\/uploads\\\/2016\\\/11\\\/arvivIcon.png\",\"contentUrl\":\"https:\\\/\\\/arvivaesthetics.com\\\/wp-content\\\/uploads\\\/2016\\\/11\\\/arvivIcon.png\",\"width\":86,\"height\":42,\"caption\":\"Arviv Medical Aesthetics\"},\"image\":{\"@id\":\"https:\\\/\\\/arvivaesthetics.com\\\/#\\\/schema\\\/logo\\\/image\\\/\"},\"sameAs\":[\"https:\\\/\\\/www.facebook.com\\\/arvivmedicalaesthetics\\\/\",\"https:\\\/\\\/x.com\\\/ArvivAesthetics\",\"https:\\\/\\\/www.instagram.com\\\/arviv_aesthetics\\\/\",\"https:\\\/\\\/www.youtube.com\\\/user\\\/Arvivaesthetics\"]}]}<\/script>\n<!-- \/ Yoast SEO plugin. -->","yoast_head_json":{"title":"Inyecciones Daxxify en Ocala, FL 34474: Precios e Informaci\u00f3n | Arviv Medical Aesthetics","description":"Daxxify son tratamientos efectivos para el estiramiento de la piel que lo dejar\u00e1n sinti\u00e9ndose rejuvenecido y como nuevo. \u00a1P\u00f3ngase en contacto con Arviv Est\u00e9tica en Ocala, FL para m\u00e1s informaci\u00f3n!","robots":{"index":"index","follow":"follow","max-snippet":"max-snippet:-1","max-image-preview":"max-image-preview:large","max-video-preview":"max-video-preview:-1"},"canonical":"https:\/\/arvivaesthetics.com\/es\/ocala\/daxxify\/","og_locale":"es_MX","og_type":"article","og_title":"Daxxify Injections in Ocala, FL 34474: Prices & Info | Arviv Medical Aesthetics","og_description":"Daxxify are effective skin-tightening treatments that will leave you feeling rejuvenated and brand new. Contact Arviv Aesthetics in Ocala, FL for more info!","og_url":"https:\/\/arvivaesthetics.com\/es\/ocala\/daxxify\/","og_site_name":"Arviv Medical Aesthetics","article_publisher":"https:\/\/www.facebook.com\/arvivmedicalaesthetics\/","article_modified_time":"2024-08-19T21:27:18+00:00","og_image":[{"url":"https:\/\/arvivaesthetics.com\/wp-content\/uploads\/2020\/11\/miami-botox-dysport-header-1280x455-1.jpg","type":"","width":"","height":""}],"twitter_card":"summary_large_image","twitter_site":"@ArvivAesthetics","twitter_misc":{"Tiempo de lectura":"8 minutos"},"schema":{"@context":"https:\/\/schema.org","@graph":[{"@type":"WebPage","@id":"https:\/\/arvivaesthetics.com\/ocala\/daxxify\/","url":"https:\/\/arvivaesthetics.com\/ocala\/daxxify\/","name":"Inyecciones Daxxify en Ocala, FL 34474: Precios e Informaci\u00f3n | Arviv Medical Aesthetics","isPartOf":{"@id":"https:\/\/arvivaesthetics.com\/#website"},"primaryImageOfPage":{"@id":"https:\/\/arvivaesthetics.com\/ocala\/daxxify\/#primaryimage"},"image":{"@id":"https:\/\/arvivaesthetics.com\/ocala\/daxxify\/#primaryimage"},"thumbnailUrl":"https:\/\/arvivaesthetics.com\/wp-content\/uploads\/2020\/11\/miami-botox-dysport-header-1280x455-1.jpg","datePublished":"2023-04-07T17:48:19+00:00","dateModified":"2024-08-19T21:27:18+00:00","description":"Daxxify son tratamientos efectivos para el estiramiento de la piel que lo dejar\u00e1n sinti\u00e9ndose rejuvenecido y como nuevo. \u00a1P\u00f3ngase en contacto con Arviv Est\u00e9tica en Ocala, FL para m\u00e1s informaci\u00f3n!","breadcrumb":{"@id":"https:\/\/arvivaesthetics.com\/ocala\/daxxify\/#breadcrumb"},"inLanguage":"es","potentialAction":[{"@type":"ReadAction","target":["https:\/\/arvivaesthetics.com\/ocala\/daxxify\/"]}]},{"@type":"ImageObject","inLanguage":"es","@id":"https:\/\/arvivaesthetics.com\/ocala\/daxxify\/#primaryimage","url":"https:\/\/arvivaesthetics.com\/wp-content\/uploads\/2020\/11\/miami-botox-dysport-header-1280x455-1.jpg","contentUrl":"https:\/\/arvivaesthetics.com\/wp-content\/uploads\/2020\/11\/miami-botox-dysport-header-1280x455-1.jpg"},{"@type":"BreadcrumbList","@id":"https:\/\/arvivaesthetics.com\/ocala\/daxxify\/#breadcrumb","itemListElement":[{"@type":"ListItem","position":1,"name":"Home","item":"https:\/\/arvivaesthetics.com\/"},{"@type":"ListItem","position":2,"name":"Ocala Med Spa for Anti-Aging &#038; Cosmetic Enhancements","item":"https:\/\/arvivaesthetics.com\/ocala\/"},{"@type":"ListItem","position":3,"name":"Daxxify Ocala"}]},{"@type":"WebSite","@id":"https:\/\/arvivaesthetics.com\/#website","url":"https:\/\/arvivaesthetics.com\/","name":"Arviv Est\u00e9tica M\u00e9dica","description":"","publisher":{"@id":"https:\/\/arvivaesthetics.com\/#organization"},"potentialAction":[{"@type":"SearchAction","target":{"@type":"EntryPoint","urlTemplate":"https:\/\/arvivaesthetics.com\/?s={search_term_string}"},"query-input":{"@type":"PropertyValueSpecification","valueRequired":true,"valueName":"search_term_string"}}],"inLanguage":"es"},{"@type":"Organization","@id":"https:\/\/arvivaesthetics.com\/#organization","name":"Arviv Est\u00e9tica M\u00e9dica","url":"https:\/\/arvivaesthetics.com\/","logo":{"@type":"ImageObject","inLanguage":"es","@id":"https:\/\/arvivaesthetics.com\/#\/schema\/logo\/image\/","url":"https:\/\/arvivaesthetics.com\/wp-content\/uploads\/2016\/11\/arvivIcon.png","contentUrl":"https:\/\/arvivaesthetics.com\/wp-content\/uploads\/2016\/11\/arvivIcon.png","width":86,"height":42,"caption":"Arviv Medical Aesthetics"},"image":{"@id":"https:\/\/arvivaesthetics.com\/#\/schema\/logo\/image\/"},"sameAs":["https:\/\/www.facebook.com\/arvivmedicalaesthetics\/","https:\/\/x.com\/ArvivAesthetics","https:\/\/www.instagram.com\/arviv_aesthetics\/","https:\/\/www.youtube.com\/user\/Arvivaesthetics"]}]}},"_links":{"self":[{"href":"https:\/\/arvivaesthetics.com\/es\/wp-json\/wp\/v2\/pages\/16293","targetHints":{"allow":["GET"]}}],"collection":[{"href":"https:\/\/arvivaesthetics.com\/es\/wp-json\/wp\/v2\/pages"}],"about":[{"href":"https:\/\/arvivaesthetics.com\/es\/wp-json\/wp\/v2\/types\/page"}],"author":[{"embeddable":true,"href":"https:\/\/arvivaesthetics.com\/es\/wp-json\/wp\/v2\/users\/32"}],"replies":[{"embeddable":true,"href":"https:\/\/arvivaesthetics.com\/es\/wp-json\/wp\/v2\/comments?post=16293"}],"version-history":[{"count":0,"href":"https:\/\/arvivaesthetics.com\/es\/wp-json\/wp\/v2\/pages\/16293\/revisions"}],"up":[{"embeddable":true,"href":"https:\/\/arvivaesthetics.com\/es\/wp-json\/wp\/v2\/pages\/14831"}],"wp:attachment":[{"href":"https:\/\/arvivaesthetics.com\/es\/wp-json\/wp\/v2\/media?parent=16293"}],"curies":[{"name":"wp","href":"https:\/\/api.w.org\/{rel}","templated":true}]}}