{"id":16410,"date":"2023-06-21T00:24:36","date_gmt":"2023-06-21T05:24:36","guid":{"rendered":"https:\/\/arvivaesthetics.com\/?page_id=16410"},"modified":"2025-03-14T11:37:14","modified_gmt":"2025-03-14T16:37:14","slug":"regeneracion-capilar-no-quirurgica-arvicell","status":"publish","type":"page","link":"https:\/\/arvivaesthetics.com\/es\/non-surgical-hair-regrowth-arvicell\/","title":{"rendered":"Crecimiento del cabello sin cirug\u00eda - Arvicell"},"content":{"rendered":"<p>[spb_row element_name=&#8221;Row&#8221; wrap_type=&#8221;full-width-stretch&#8221; row_bg_type=&#8221;color&#8221; color_row_height=&#8221;content-height&#8221; bg_type=&#8221;cover&#8221; parallax_image_height=&#8221;content-height&#8221; parallax_image_movement=&#8221;fixed&#8221; parallax_image_speed=&#8221;standard&#8221; bg_video_loop=&#8221;yes&#8221; parallax_video_height=&#8221;window-height&#8221; row_top_style=&#8221;none&#8221; row_bottom_style=&#8221;none&#8221; parallax_video_overlay=&#8221;none&#8221; row_overlay_opacity=&#8221;0&#8243; remove_element_spacing=&#8221;no&#8221; row_col_spacing=&#8221;0&#8243; row_col_pos=&#8221;default&#8221; row_col_equal_heights=&#8221;no&#8221; row_expanding=&#8221;no&#8221; row_animation=&#8221;none&#8221; row_animation_delay=&#8221;0&#8243; minimize_row=&#8221;no&#8221; simplified_controls=&#8221;yes&#8221; custom_css_percentage=&#8221;no&#8221; custom_css=&#8221;margin-top: 0px;margin-bottom: 0px;&#8221; border_styling_global=&#8221;default&#8221; width=&#8221;1\/1&#8243; el_position=&#8221;first last&#8221;] [\/spb_row] [spb_blank_spacer height=&#8221;30px&#8221; width=&#8221;1\/1&#8243; el_position=&#8221;first last&#8221;] [spb_row element_name=&#8221;Row&#8221; wrap_type=&#8221;full-width-stretch&#8221; row_bg_type=&#8221;color&#8221; row_bg_color=&#8221;#3fbbc3&#8243; color_row_height=&#8221;content-height&#8221; bg_type=&#8221;cover&#8221; parallax_image_height=&#8221;content-height&#8221; parallax_image_movement=&#8221;fixed&#8221; parallax_image_speed=&#8221;standard&#8221; bg_video_loop=&#8221;yes&#8221; parallax_video_height=&#8221;window-height&#8221; row_top_style=&#8221;none&#8221; row_bottom_style=&#8221;none&#8221; parallax_video_overlay=&#8221;none&#8221; row_overlay_opacity=&#8221;0&#8243; remove_element_spacing=&#8221;no&#8221; row_col_spacing=&#8221;0&#8243; row_col_pos=&#8221;default&#8221; row_col_equal_heights=&#8221;no&#8221; row_expanding=&#8221;no&#8221; row_animation=&#8221;none&#8221; row_animation_delay=&#8221;0&#8243; minimize_row=&#8221;no&#8221; simplified_controls=&#8221;yes&#8221; custom_css_percentage=&#8221;no&#8221; custom_css=&#8221;margin-top: 0px;margin-bottom: 0px;&#8221; border_styling_global=&#8221;default&#8221; width=&#8221;1\/1&#8243; el_position=&#8221;first last&#8221;] [spb_text_block animation=&#8221;none&#8221; animation_delay=&#8221;0&#8243; simplified_controls=&#8221;yes&#8221; custom_css_percentage=&#8221;no&#8221; padding_vertical=&#8221;0&#8243; padding_horizontal=&#8221;0&#8243; margin_vertical=&#8221;0&#8243; custom_css=&#8221;margin-top: 0px;margin-bottom: 0px;&#8221; border_size=&#8221;0&#8243; border_styling_global=&#8221;default&#8221; width=&#8221;1\/1&#8243; el_position=&#8221;first last&#8221;]<\/p>\n<h2 class=\"service-titles\">Call any of our offices at 813-855-0111 to schedule your consultation.<\/h2>\n<p>[\/spb_text_block] [\/spb_row] [spb_blank_spacer height=&#8221;30px&#8221; width=&#8221;1\/1&#8243; el_position=&#8221;first last&#8221;] [spb_text_block animation=&#8221;none&#8221; animation_delay=&#8221;0&#8243; simplified_controls=&#8221;yes&#8221; custom_css_percentage=&#8221;no&#8221; padding_vertical=&#8221;0&#8243; padding_horizontal=&#8221;0&#8243; margin_vertical=&#8221;0&#8243; custom_css=&#8221;margin-top: 0px;margin-bottom: 0px;&#8221; border_size=&#8221;0&#8243; border_styling_global=&#8221;default&#8221; width=&#8221;1\/1&#8243; el_position=&#8221;first last&#8221;]<\/p>\n<p><span style=\"font-weight: 400;\">Hair is a fleeting luxury for many people. Millions of people \u2013 men and women \u2013 struggle with hair loss. The reasons for hair loss vary: disease, genetics, stress and hormonal imbalance. Whatever the cause, everyone wants a solution and to enjoy a full head of hair.<\/span><\/p>\n<p><span style=\"font-weight: 400;\">For women, hair loss can be absolutely devastating. A woman\u2019s hair is like her crown \u2013 it can define her whole look, feel and style. As any woman knows who is suffering, thinning hair is a serious problem that can cause low self-esteem and deep embarrassment if left untreated.<\/span><\/p>\n<p><span style=\"font-weight: 400;\">Hair loss and thinning hair seems to be one of those inevitable effects of aging that many of us cannot escape. While it may not affect some as early as others, it is a fact most peoplewill likely face as the years tick by. However, new technology is offering a permanent, effective and organic solution.<\/span><\/p>\n<h2><b>PRP, Stems Cells and Exosomes For Regenerative Hair Regrowth<\/b><\/h2>\n<h2><b>Scalp Procedure.\u00a0<\/b><\/h2>\n<p><span style=\"font-weight: 400;\">This innovative procedure combines Platelet Rich Plasma (PRP) as a stand alone therapy, or in combination with exosomes that are injected into the scalp to encourage hair growth. Both PRP and Exosomes are loaded with growth factors that promote rapid angiogenesis and localized cell growth.\u00a0<\/span><\/p>\n<p><span style=\"font-weight: 400;\">Effective for both male and female pattern hair loss, these therapies have also regrown hair in alopecia areata, eyebrow hypotrichosis and other patient cases with non-hereditary hair loss.<\/span><\/p>\n<h3><b>How does the Scalp procedure work?<\/b><\/h3>\n<p><span style=\"font-weight: 400;\">This regenerative hair regrowth treatment takes about 90 minutes from start to finish. For the PRP process, a blood sample is obtained which is specially processed to produce the PRP. Typically, a local anesthetic is administered to completely numb the scalp treatment area. PRP and vitamin rich nutrients are injected into the scalp using a very small needle followed by a specific micro-needling technique. The structural tissue products, referred to as exosomes or stem cells, are manufactured in a lab and utilized via a 1ml vial.\u00a0<\/span><\/p>\n<p><span style=\"font-weight: 400;\">The release of growth factors present in both products act as messengers, recruiting stem cells to the treatment area, stimulating existing viable hair follicles and thereby reversing the effects of hair loss. Scientifically based articles show the efficacy of stem cells increases hair count, hair thickness, and the growth phase of the hair cycle.<\/span><\/p>\n<p><span style=\"font-weight: 400;\">The recovery from the procedure is typically uneventful and any post treatment discomfort is easily managed in most cases with non-narcotic analgesic medication. There is no other downtime or noticeable effects of the procedure.<\/span><\/p>\n<p><span style=\"font-weight: 400;\">Patients typically first notice improved texture and a decrease in hair shedding. New hair growth can be seen as early as 2 months but is typically evident between 4-8 months and will continue to improve. Annual treatments are recommended for optimal hair growth continued success.<\/span><\/p>\n<p><span style=\"font-weight: 400;\">By harnessing the regenerative properties of stem cells found in exosomes and PRP, hair restoration treatments aim to activate and rejuvenate dormant or weakened hair follicles. This can lead to increased hair density, improved hair quality, and a more natural-looking regrowth. Stem cell-based therapies offer a promising avenue for individuals seeking effective solutions for hair loss, providing hope for regaining a fuller and healthier head of hair.<\/span><\/p>\n<h2><b>What types of conditions respond to the Stem Cell Scalp regrowth treatment?<\/b><\/h2>\n<p><span style=\"font-weight: 400;\">The technique is a versatile tool in the treatment of hair loss for a number of causes including:<\/span><\/p>\n<ul>\n<li style=\"font-weight: 400;\" aria-level=\"1\"><span style=\"font-weight: 400;\">Male Pattern Hair Loss \u2013 especially in the early stages of balding, or anytime there is a lot of miniaturized hair on the scalp<\/span><\/li>\n<li style=\"font-weight: 400;\" aria-level=\"1\"><span style=\"font-weight: 400;\">Female Pattern Hair Loss \u2013 at all stages of hair loss<\/span><\/li>\n<li style=\"font-weight: 400;\" aria-level=\"1\"><span style=\"font-weight: 400;\">Hypotrichosis (fine\/reduced hairs) of the eyebrows or beard<\/span><\/li>\n<li style=\"font-weight: 400;\" aria-level=\"1\"><span style=\"font-weight: 400;\">Alopecia Areata, Alopecia Totalis<\/span><\/li>\n<li style=\"font-weight: 400;\" aria-level=\"1\"><span style=\"font-weight: 400;\">Metabolic causes of hair loss \u2013 iron deficiency and medication induced hair loss<\/span><\/li>\n<\/ul>\n<p><span style=\"font-weight: 400;\">Book a consultation today and discover how Arviv Medical Aesthetics\u2019 ArviCell Enhancement Scalp Therapy can help you regrow hair.\u00a0<\/span><\/p>\n<p>[\/spb_text_block] [spb_button button_text=&#8221;Call Us Now&#8221; button_size=&#8221;standard&#8221; button_colour=&#8221;accent&#8221; button_type=&#8221;standard&#8221; rounded=&#8221;no&#8221; button_dropshadow=&#8221;no&#8221; button_link=&#8221;tel:+18138550111&#8243; button_target=&#8221;_self&#8221; align=&#8221;center&#8221; animation=&#8221;none&#8221; animation_delay=&#8221;0&#8243; width=&#8221;1\/1&#8243; el_position=&#8221;first last&#8221;] [spb_text_block animation=&#8221;none&#8221; animation_delay=&#8221;0&#8243; simplified_controls=&#8221;yes&#8221; custom_css_percentage=&#8221;no&#8221; padding_vertical=&#8221;0&#8243; padding_horizontal=&#8221;0&#8243; margin_vertical=&#8221;0&#8243; custom_css=&#8221;margin-top: 0px;margin-bottom: 0px;&#8221; border_size=&#8221;0&#8243; border_styling_global=&#8221;default&#8221; width=&#8221;1\/1&#8243; el_position=&#8221;first last&#8221;]<\/p>\n<h2 class=\"service-spacer\" style=\"text-align: center;\"><strong><a href=\"https:\/\/arvivaesthetics.com\/arvicell-enhancement-therapy\/\">ArviCell Enhancement Therapy<\/a> is used in many treatments, including:<\/strong><\/h2>\n<p>[\/spb_text_block] [spb_blank_spacer height=&#8221;30px&#8221; width=&#8221;1\/3&#8243; el_position=&#8221;first&#8221;] [spb_text_block animation=&#8221;none&#8221; animation_delay=&#8221;0&#8243; simplified_controls=&#8221;yes&#8221; custom_css_percentage=&#8221;no&#8221; padding_vertical=&#8221;0&#8243; padding_horizontal=&#8221;0&#8243; margin_vertical=&#8221;0&#8243; custom_css=&#8221;margin-top: 0px;margin-bottom: 0px;&#8221; border_size=&#8221;0&#8243; border_styling_global=&#8221;default&#8221; width=&#8221;2\/3&#8243; el_position=&#8221;last&#8221;]<\/p>\n<div class=\"service-spacer\">\n<ul>\n<li style=\"text-align: left;\">\n<h3><a href=\"https:\/\/arvivaesthetics.com\/skin-and-laser-treatments-arvicell\/\">Skin and Laser Treatments<\/a><\/h3>\n<\/li>\n<li style=\"text-align: left;\">\n<h3><a href=\"https:\/\/arvivaesthetics.com\/tampa\/o-shots\/\">Sexual Rejuvenation for Women<\/a><\/h3>\n<\/li>\n<li style=\"text-align: left;\">\n<h3><a href=\"https:\/\/arvivaesthetics.com\/tampa\/erectile-dysfunction\/\">Erectile Dysfunction<\/a><\/h3>\n<\/li>\n<li style=\"text-align: left;\">\n<h3><a href=\"https:\/\/arvivaesthetics.com\/iv-therapy-health-wellness-arvicell\/\">IV Therapy for Health, Vitality and Wellness<\/a><\/h3>\n<\/li>\n<\/ul>\n<\/div>\n<p>[\/spb_text_block] [spb_text_block animation=&#8221;none&#8221; animation_delay=&#8221;0&#8243; simplified_controls=&#8221;yes&#8221; custom_css_percentage=&#8221;no&#8221; padding_vertical=&#8221;0&#8243; padding_horizontal=&#8221;0&#8243; margin_vertical=&#8221;0&#8243; custom_css=&#8221;margin-top: 0px;margin-bottom: 0px;&#8221; border_size=&#8221;0&#8243; border_styling_global=&#8221;default&#8221; width=&#8221;1\/1&#8243; el_position=&#8221;first last&#8221;]<\/p>\n<p style=\"text-align: center;\"><strong>Prices are subject to change and personalized prices will be provided upon consultation.<\/strong><\/p>\n<p>[\/spb_text_block] [spb_text_block animation=&#8221;none&#8221; animation_delay=&#8221;0&#8243; simplified_controls=&#8221;yes&#8221; custom_css_percentage=&#8221;no&#8221; padding_vertical=&#8221;0&#8243; padding_horizontal=&#8221;0&#8243; margin_vertical=&#8221;0&#8243; custom_css=&#8221;margin-top: 0px;margin-bottom: 0px;&#8221; border_size=&#8221;0&#8243; border_styling_global=&#8221;default&#8221; width=&#8221;1\/1&#8243; el_position=&#8221;first last&#8221;]<\/p>\n<div class=\"service-spacer\"><\/div>\n<p>&nbsp;<\/p>\n<p>[\/spb_text_block] [spb_raw_html width=&#8221;1\/1&#8243; el_position=&#8221;first last&#8221;]JTBB[\/spb_raw_html] [spb_row element_name=&#8221;Row&#8221; wrap_type=&#8221;content-width&#8221; parallax_image_height=&#8221;content-height&#8221; parallax_image_movement=&#8221;fixed&#8221; parallax_image_speed=&#8221;0.5&#8243; bg_video_loop=&#8221;yes&#8221; parallax_video_height=&#8221;window-height&#8221; parallax_video_overlay=&#8221;none&#8221; row_overlay_opacity=&#8221;0&#8243; row_col_pos=&#8221;default&#8221; width=&#8221;1\/1&#8243; el_position=&#8221;first last&#8221;] [\/spb_row]<\/p>\n","protected":false},"excerpt":{"rendered":"<p>[spb_row element_name=&#8221;Row&#8221; wrap_type=&#8221;full-width-stretch&#8221; row_bg_type=&#8221;color&#8221; color_row_height=&#8221;content-height&#8221; bg_type=&#8221;cover&#8221; parallax_image_height=&#8221;content-height&#8221; parallax_image_movement=&#8221;fixed&#8221; parallax_image_speed=&#8221;standard&#8221; bg_video_loop=&#8221;yes&#8221; parallax_video_height=&#8221;window-height&#8221; row_top_style=&#8221;none&#8221; row_bottom_style=&#8221;none&#8221; parallax_video_overlay=&#8221;none&#8221; row_overlay_opacity=&#8221;0&#8243; remove_element_spacing=&#8221;no&#8221; row_col_spacing=&#8221;0&#8243; row_col_pos=&#8221;default&#8221; row_col_equal_heights=&#8221;no&#8221; row_expanding=&#8221;no&#8221; row_animation=&#8221;none&#8221; row_animation_delay=&#8221;0&#8243; minimize_row=&#8221;no&#8221; simplified_controls=&#8221;yes&#8221; custom_css_percentage=&#8221;no&#8221; custom_css=&#8221;margin-top: 0px;margin-bottom: 0px;&#8221; border_styling_global=&#8221;default&#8221; width=&#8221;1\/1&#8243; el_position=&#8221;first last&#8221;] [\/spb_row] [spb_blank_spacer height=&#8221;30px&#8221; width=&#8221;1\/1&#8243; el_position=&#8221;first last&#8221;] [spb_row element_name=&#8221;Row&#8221; wrap_type=&#8221;full-width-stretch&#8221; row_bg_type=&#8221;color&#8221; row_bg_color=&#8221;#3fbbc3&#8243; color_row_height=&#8221;content-height&#8221; bg_type=&#8221;cover&#8221; parallax_image_height=&#8221;content-height&#8221; parallax_image_movement=&#8221;fixed&#8221; parallax_image_speed=&#8221;standard&#8221; bg_video_loop=&#8221;yes&#8221; parallax_video_height=&#8221;window-height&#8221; row_top_style=&#8221;none&#8221; row_bottom_style=&#8221;none&#8221; parallax_video_overlay=&#8221;none&#8221; row_overlay_opacity=&#8221;0&#8243; remove_element_spacing=&#8221;no&#8221; row_col_spacing=&#8221;0&#8243; row_col_pos=&#8221;default&#8221; row_col_equal_heights=&#8221;no&#8221; row_expanding=&#8221;no&#8221; row_animation=&#8221;none&#8221; [&hellip;]<\/p>\n","protected":false},"author":31,"featured_media":0,"parent":0,"menu_order":0,"comment_status":"closed","ping_status":"closed","template":"","meta":{"footnotes":""},"class_list":["post-16410","page","type-page","status-publish","hentry"],"yoast_head":"<!-- This site is optimized with the Yoast SEO plugin v27.5 - https:\/\/yoast.com\/product\/yoast-seo-wordpress\/ -->\n<title>Non-Surgical Hair Regrowth - Arvicell | Arviv Medical Aesthetics<\/title>\n<meta name=\"description\" content=\"Contact us to learn more and schedule your professional ArviCell Enchancement Therapy for non-surgical hair regrowth with Arviv Medical Aesthetics.\" \/>\n<meta name=\"robots\" content=\"index, follow, max-snippet:-1, max-image-preview:large, max-video-preview:-1\" \/>\n<link rel=\"canonical\" href=\"https:\/\/arvivaesthetics.com\/es\/regeneracion-capilar-no-quirurgica-arvicell\/\" \/>\n<meta property=\"og:locale\" content=\"es_MX\" \/>\n<meta property=\"og:type\" content=\"article\" \/>\n<meta property=\"og:title\" content=\"Non-Surgical Hair Regrowth - Arvicell | Arviv Medical Aesthetics\" \/>\n<meta property=\"og:description\" content=\"Contact us to learn more and schedule your professional ArviCell Enchancement Therapy for non-surgical hair regrowth with Arviv Medical Aesthetics.\" \/>\n<meta property=\"og:url\" content=\"https:\/\/arvivaesthetics.com\/es\/regeneracion-capilar-no-quirurgica-arvicell\/\" \/>\n<meta property=\"og:site_name\" content=\"Arviv Medical Aesthetics\" \/>\n<meta property=\"article:publisher\" content=\"https:\/\/www.facebook.com\/arvivmedicalaesthetics\/\" \/>\n<meta property=\"article:modified_time\" content=\"2025-03-14T16:37:14+00:00\" \/>\n<meta name=\"twitter:card\" content=\"summary_large_image\" \/>\n<meta name=\"twitter:site\" content=\"@ArvivAesthetics\" \/>\n<meta name=\"twitter:label1\" content=\"Tiempo de lectura\" \/>\n\t<meta name=\"twitter:data1\" content=\"4 minutos\" \/>\n<script type=\"application\/ld+json\" class=\"yoast-schema-graph\">{\"@context\":\"https:\\\/\\\/schema.org\",\"@graph\":[{\"@type\":\"WebPage\",\"@id\":\"https:\\\/\\\/arvivaesthetics.com\\\/non-surgical-hair-regrowth-arvicell\\\/\",\"url\":\"https:\\\/\\\/arvivaesthetics.com\\\/non-surgical-hair-regrowth-arvicell\\\/\",\"name\":\"Non-Surgical Hair Regrowth - Arvicell | Arviv Medical Aesthetics\",\"isPartOf\":{\"@id\":\"https:\\\/\\\/arvivaesthetics.com\\\/#website\"},\"datePublished\":\"2023-06-21T05:24:36+00:00\",\"dateModified\":\"2025-03-14T16:37:14+00:00\",\"description\":\"Contact us to learn more and schedule your professional ArviCell Enchancement Therapy for non-surgical hair regrowth with Arviv Medical Aesthetics.\",\"breadcrumb\":{\"@id\":\"https:\\\/\\\/arvivaesthetics.com\\\/non-surgical-hair-regrowth-arvicell\\\/#breadcrumb\"},\"inLanguage\":\"es\",\"potentialAction\":[{\"@type\":\"ReadAction\",\"target\":[\"https:\\\/\\\/arvivaesthetics.com\\\/non-surgical-hair-regrowth-arvicell\\\/\"]}]},{\"@type\":\"BreadcrumbList\",\"@id\":\"https:\\\/\\\/arvivaesthetics.com\\\/non-surgical-hair-regrowth-arvicell\\\/#breadcrumb\",\"itemListElement\":[{\"@type\":\"ListItem\",\"position\":1,\"name\":\"Home\",\"item\":\"https:\\\/\\\/arvivaesthetics.com\\\/\"},{\"@type\":\"ListItem\",\"position\":2,\"name\":\"Non-Surgical Hair Regrowth &#8211; Arvicell\"}]},{\"@type\":\"WebSite\",\"@id\":\"https:\\\/\\\/arvivaesthetics.com\\\/#website\",\"url\":\"https:\\\/\\\/arvivaesthetics.com\\\/\",\"name\":\"Arviv Medical Aesthetics\",\"description\":\"\",\"publisher\":{\"@id\":\"https:\\\/\\\/arvivaesthetics.com\\\/#organization\"},\"potentialAction\":[{\"@type\":\"SearchAction\",\"target\":{\"@type\":\"EntryPoint\",\"urlTemplate\":\"https:\\\/\\\/arvivaesthetics.com\\\/?s={search_term_string}\"},\"query-input\":{\"@type\":\"PropertyValueSpecification\",\"valueRequired\":true,\"valueName\":\"search_term_string\"}}],\"inLanguage\":\"es\"},{\"@type\":\"Organization\",\"@id\":\"https:\\\/\\\/arvivaesthetics.com\\\/#organization\",\"name\":\"Arviv Medical Aesthetics\",\"url\":\"https:\\\/\\\/arvivaesthetics.com\\\/\",\"logo\":{\"@type\":\"ImageObject\",\"inLanguage\":\"es\",\"@id\":\"https:\\\/\\\/arvivaesthetics.com\\\/#\\\/schema\\\/logo\\\/image\\\/\",\"url\":\"https:\\\/\\\/arvivaesthetics.com\\\/wp-content\\\/uploads\\\/2016\\\/11\\\/arvivIcon.png\",\"contentUrl\":\"https:\\\/\\\/arvivaesthetics.com\\\/wp-content\\\/uploads\\\/2016\\\/11\\\/arvivIcon.png\",\"width\":86,\"height\":42,\"caption\":\"Arviv Medical Aesthetics\"},\"image\":{\"@id\":\"https:\\\/\\\/arvivaesthetics.com\\\/#\\\/schema\\\/logo\\\/image\\\/\"},\"sameAs\":[\"https:\\\/\\\/www.facebook.com\\\/arvivmedicalaesthetics\\\/\",\"https:\\\/\\\/x.com\\\/ArvivAesthetics\",\"https:\\\/\\\/www.instagram.com\\\/arviv_aesthetics\\\/\",\"https:\\\/\\\/www.youtube.com\\\/user\\\/Arvivaesthetics\"]}]}<\/script>\n<!-- \/ Yoast SEO plugin. -->","yoast_head_json":{"title":"Crecimiento del cabello sin cirug\u00eda - Arvicell | Arviv Medical Aesthetics","description":"P\u00f3ngase en contacto con nosotros para obtener m\u00e1s informaci\u00f3n y programar su terapia profesional ArviCell Enchancement Therapy para el crecimiento del cabello sin cirug\u00eda con Arviv Medical Aesthetics.","robots":{"index":"index","follow":"follow","max-snippet":"max-snippet:-1","max-image-preview":"max-image-preview:large","max-video-preview":"max-video-preview:-1"},"canonical":"https:\/\/arvivaesthetics.com\/es\/regeneracion-capilar-no-quirurgica-arvicell\/","og_locale":"es_MX","og_type":"article","og_title":"Non-Surgical Hair Regrowth - Arvicell | Arviv Medical Aesthetics","og_description":"Contact us to learn more and schedule your professional ArviCell Enchancement Therapy for non-surgical hair regrowth with Arviv Medical Aesthetics.","og_url":"https:\/\/arvivaesthetics.com\/es\/regeneracion-capilar-no-quirurgica-arvicell\/","og_site_name":"Arviv Medical Aesthetics","article_publisher":"https:\/\/www.facebook.com\/arvivmedicalaesthetics\/","article_modified_time":"2025-03-14T16:37:14+00:00","twitter_card":"summary_large_image","twitter_site":"@ArvivAesthetics","twitter_misc":{"Tiempo de lectura":"4 minutos"},"schema":{"@context":"https:\/\/schema.org","@graph":[{"@type":"WebPage","@id":"https:\/\/arvivaesthetics.com\/non-surgical-hair-regrowth-arvicell\/","url":"https:\/\/arvivaesthetics.com\/non-surgical-hair-regrowth-arvicell\/","name":"Crecimiento del cabello sin cirug\u00eda - Arvicell | Arviv Medical Aesthetics","isPartOf":{"@id":"https:\/\/arvivaesthetics.com\/#website"},"datePublished":"2023-06-21T05:24:36+00:00","dateModified":"2025-03-14T16:37:14+00:00","description":"P\u00f3ngase en contacto con nosotros para obtener m\u00e1s informaci\u00f3n y programar su terapia profesional ArviCell Enchancement Therapy para el crecimiento del cabello sin cirug\u00eda con Arviv Medical Aesthetics.","breadcrumb":{"@id":"https:\/\/arvivaesthetics.com\/non-surgical-hair-regrowth-arvicell\/#breadcrumb"},"inLanguage":"es","potentialAction":[{"@type":"ReadAction","target":["https:\/\/arvivaesthetics.com\/non-surgical-hair-regrowth-arvicell\/"]}]},{"@type":"BreadcrumbList","@id":"https:\/\/arvivaesthetics.com\/non-surgical-hair-regrowth-arvicell\/#breadcrumb","itemListElement":[{"@type":"ListItem","position":1,"name":"Home","item":"https:\/\/arvivaesthetics.com\/"},{"@type":"ListItem","position":2,"name":"Non-Surgical Hair Regrowth &#8211; Arvicell"}]},{"@type":"WebSite","@id":"https:\/\/arvivaesthetics.com\/#website","url":"https:\/\/arvivaesthetics.com\/","name":"Arviv Est\u00e9tica M\u00e9dica","description":"","publisher":{"@id":"https:\/\/arvivaesthetics.com\/#organization"},"potentialAction":[{"@type":"SearchAction","target":{"@type":"EntryPoint","urlTemplate":"https:\/\/arvivaesthetics.com\/?s={search_term_string}"},"query-input":{"@type":"PropertyValueSpecification","valueRequired":true,"valueName":"search_term_string"}}],"inLanguage":"es"},{"@type":"Organization","@id":"https:\/\/arvivaesthetics.com\/#organization","name":"Arviv Est\u00e9tica M\u00e9dica","url":"https:\/\/arvivaesthetics.com\/","logo":{"@type":"ImageObject","inLanguage":"es","@id":"https:\/\/arvivaesthetics.com\/#\/schema\/logo\/image\/","url":"https:\/\/arvivaesthetics.com\/wp-content\/uploads\/2016\/11\/arvivIcon.png","contentUrl":"https:\/\/arvivaesthetics.com\/wp-content\/uploads\/2016\/11\/arvivIcon.png","width":86,"height":42,"caption":"Arviv Medical Aesthetics"},"image":{"@id":"https:\/\/arvivaesthetics.com\/#\/schema\/logo\/image\/"},"sameAs":["https:\/\/www.facebook.com\/arvivmedicalaesthetics\/","https:\/\/x.com\/ArvivAesthetics","https:\/\/www.instagram.com\/arviv_aesthetics\/","https:\/\/www.youtube.com\/user\/Arvivaesthetics"]}]}},"_links":{"self":[{"href":"https:\/\/arvivaesthetics.com\/es\/wp-json\/wp\/v2\/pages\/16410","targetHints":{"allow":["GET"]}}],"collection":[{"href":"https:\/\/arvivaesthetics.com\/es\/wp-json\/wp\/v2\/pages"}],"about":[{"href":"https:\/\/arvivaesthetics.com\/es\/wp-json\/wp\/v2\/types\/page"}],"author":[{"embeddable":true,"href":"https:\/\/arvivaesthetics.com\/es\/wp-json\/wp\/v2\/users\/31"}],"replies":[{"embeddable":true,"href":"https:\/\/arvivaesthetics.com\/es\/wp-json\/wp\/v2\/comments?post=16410"}],"version-history":[{"count":0,"href":"https:\/\/arvivaesthetics.com\/es\/wp-json\/wp\/v2\/pages\/16410\/revisions"}],"wp:attachment":[{"href":"https:\/\/arvivaesthetics.com\/es\/wp-json\/wp\/v2\/media?parent=16410"}],"curies":[{"name":"wp","href":"https:\/\/api.w.org\/{rel}","templated":true}]}}