{"id":7516,"date":"2018-01-25T19:41:32","date_gmt":"2018-01-26T00:41:32","guid":{"rendered":"http:\/\/arvivaesthetics.com\/?page_id=7516"},"modified":"2025-12-19T16:44:05","modified_gmt":"2025-12-19T21:44:05","slug":"picoway","status":"publish","type":"page","link":"https:\/\/arvivaesthetics.com\/es\/miami\/picoway\/","title":{"rendered":"Tratamiento Picoway en Miami"},"content":{"rendered":"<p>[spb_row element_name=&#8221;Row&#8221; wrap_type=&#8221;full-width-stretch&#8221; row_bg_type=&#8221;color&#8221; color_row_height=&#8221;content-height&#8221; bg_type=&#8221;cover&#8221; parallax_image_height=&#8221;content-height&#8221; parallax_image_movement=&#8221;fixed&#8221; parallax_image_speed=&#8221;standard&#8221; bg_video_loop=&#8221;yes&#8221; parallax_video_height=&#8221;window-height&#8221; row_top_style=&#8221;none&#8221; row_bottom_style=&#8221;none&#8221; parallax_video_overlay=&#8221;none&#8221; row_overlay_opacity=&#8221;0&#8243; remove_element_spacing=&#8221;no&#8221; row_col_spacing=&#8221;0&#8243; row_col_pos=&#8221;default&#8221; row_col_equal_heights=&#8221;no&#8221; row_expanding=&#8221;no&#8221; row_animation=&#8221;none&#8221; row_animation_delay=&#8221;0&#8243; minimize_row=&#8221;no&#8221; simplified_controls=&#8221;yes&#8221; custom_css_percentage=&#8221;no&#8221; custom_css=&#8221;margin-top: 0px;margin-bottom: 0px;&#8221; border_styling_global=&#8221;default&#8221; width=&#8221;1\/1&#8243; el_position=&#8221;first last&#8221;] [spb_text_block animation=&#8221;none&#8221; animation_delay=&#8221;0&#8243; simplified_controls=&#8221;yes&#8221; custom_css_percentage=&#8221;no&#8221; padding_vertical=&#8221;0&#8243; padding_horizontal=&#8221;0&#8243; margin_vertical=&#8221;0&#8243; custom_css=&#8221;margin-top: 0px;margin-bottom: 0px;&#8221; border_size=&#8221;0&#8243; border_styling_global=&#8221;default&#8221; width=&#8221;1\/1&#8243; el_position=&#8221;first last&#8221;]<\/p>\n<div class=\"first-image-wrapper\"><img loading=\"lazy\" decoding=\"async\" class=\"alignnone wp-image-7522 size-full\" title=\"Picoway Treatments in Miami\" src=\"http:\/\/arvivaesthetics.com\/wp-content\/uploads\/2018\/01\/miami-picoway-header.jpg\" alt=\"Picoway Treatments in Miami\" width=\"1920\" height=\"683\" srcset=\"https:\/\/arvivaesthetics.com\/wp-content\/uploads\/2018\/01\/miami-picoway-header.jpg 1920w, https:\/\/arvivaesthetics.com\/wp-content\/uploads\/2018\/01\/miami-picoway-header-300x107.jpg 300w, https:\/\/arvivaesthetics.com\/wp-content\/uploads\/2018\/01\/miami-picoway-header-1024x364.jpg 1024w, https:\/\/arvivaesthetics.com\/wp-content\/uploads\/2018\/01\/miami-picoway-header-768x273.jpg 768w, https:\/\/arvivaesthetics.com\/wp-content\/uploads\/2018\/01\/miami-picoway-header-1536x546.jpg 1536w, https:\/\/arvivaesthetics.com\/wp-content\/uploads\/2018\/01\/miami-picoway-header-1280x455.jpg 1280w, https:\/\/arvivaesthetics.com\/wp-content\/uploads\/2018\/01\/miami-picoway-header-1000x356.jpg 1000w\" sizes=\"auto, (max-width: 1920px) 100vw, 1920px\" \/><\/div>\n<p>[\/spb_text_block] [\/spb_row] [spb_row element_name=&#8221;Row&#8221; wrap_type=&#8221;full-width-stretch&#8221; row_bg_type=&#8221;color&#8221; row_bg_color=&#8221;#3fbbc3&#8243; color_row_height=&#8221;content-height&#8221; bg_type=&#8221;cover&#8221; parallax_image_height=&#8221;content-height&#8221; parallax_image_movement=&#8221;fixed&#8221; parallax_image_speed=&#8221;standard&#8221; bg_video_loop=&#8221;yes&#8221; parallax_video_height=&#8221;window-height&#8221; row_top_style=&#8221;none&#8221; row_bottom_style=&#8221;none&#8221; parallax_video_overlay=&#8221;none&#8221; row_overlay_opacity=&#8221;0&#8243; remove_element_spacing=&#8221;no&#8221; row_col_spacing=&#8221;0&#8243; row_col_pos=&#8221;default&#8221; row_col_equal_heights=&#8221;no&#8221; row_expanding=&#8221;no&#8221; row_animation=&#8221;none&#8221; row_animation_delay=&#8221;0&#8243; minimize_row=&#8221;no&#8221; simplified_controls=&#8221;yes&#8221; custom_css_percentage=&#8221;no&#8221; custom_css=&#8221;margin-top: 0px;margin-bottom: 0px;&#8221; border_styling_global=&#8221;default&#8221; width=&#8221;1\/1&#8243; el_position=&#8221;first last&#8221;] [spb_text_block animation=&#8221;none&#8221; animation_delay=&#8221;0&#8243; simplified_controls=&#8221;yes&#8221; custom_css_percentage=&#8221;no&#8221; padding_vertical=&#8221;0&#8243; padding_horizontal=&#8221;0&#8243; margin_vertical=&#8221;0&#8243; custom_css=&#8221;margin-top: 0px;margin-bottom: 0px;&#8221; border_size=&#8221;0&#8243; border_styling_global=&#8221;default&#8221; width=&#8221;1\/1&#8243; el_position=&#8221;first last&#8221;]<\/p>\n<p class=\"service-titles\"><strong>Call <a href=\"tel:+18138550111\">(813) 855-0111<\/a>\u00a0to schedule your consultation.<\/strong><\/p>\n<p>[\/spb_text_block] [\/spb_row] [spb_text_block animation=&#8221;none&#8221; animation_delay=&#8221;0&#8243; simplified_controls=&#8221;yes&#8221; custom_css_percentage=&#8221;no&#8221; padding_vertical=&#8221;0&#8243; padding_horizontal=&#8221;0&#8243; margin_vertical=&#8221;0&#8243; custom_css=&#8221;margin-top: 0px;margin-bottom: 0px;&#8221; border_size=&#8221;0&#8243; border_styling_global=&#8221;default&#8221; width=&#8221;1\/1&#8243; el_position=&#8221;first last&#8221;]<\/p>\n<div class=\"service-spacer\"><\/div>\n<p>[\/spb_text_block] [spb_text_block animation=&#8221;none&#8221; animation_delay=&#8221;0&#8243; simplified_controls=&#8221;yes&#8221; custom_css_percentage=&#8221;no&#8221; padding_vertical=&#8221;0&#8243; padding_horizontal=&#8221;0&#8243; margin_vertical=&#8221;0&#8243; custom_css=&#8221;margin-top: 0px;margin-bottom: 0px;&#8221; border_size=&#8221;0&#8243; border_styling_global=&#8221;default&#8221; width=&#8221;1\/1&#8243; el_position=&#8221;first last&#8221;]<\/p>\n<h2>PicoWay\u00ae and PicoWay Resolve: An Introduction<\/h2>\n<p>PicoWay and PicoWay Resolve are a set of laser skin treatments using advanced technology to treat a broad range of skin conditions. Both treatments use ultra-short laser bursts to penetrate the top layer of the skin, with each differing in the specific method of delivery. While PicoWay uses a variety of hand pieces to deliver the laser (depending upon the specific condition being treated), PicoWay Resolve utilizes a laser hand piece that splits the central laser into smaller beams. Each method reaches underneath the surface of the skin, avoiding the use of heat and thus minimizing recovery.<\/p>\n<h2>How to Get Rid of Acne Scars with Picoway Resolve<\/h2>\n<p>Acne can be a debilitating condition, but all too often the battle isn\u2019t over once the breakouts are gone. Scarring is a reality for nearly half of those that suffer with acne, and can seriously affect your self-confidence. A lot of this scarring is caused by a loss of collagen, which makes PicoWay Resolve an effective laser treatment for acne scars. The PicoWay Resolve laser travels through the top layer of the skin, encouraging collagen and elastic production to improve the appearance of acne scarring. Studies have demonstrated improvement in 94 percent of cases.<\/p>\n<h2>How to Get Rid of Wrinkles with Picoway Resolve<\/h2>\n<p>PicoWay Resolve is an excellent laser treatment for wrinkles, which are also caused by a loss of collagen. One benefit of choosing PicoWay Resolve over injectables or surgery is that it is far less invasive, requiring little to no recovery. The ultra-short laser bursts stimulate collagen and elastin production to help reduce the appearance of wrinkles, with clinical studies showing PicoWay Resolve to be extremely effective.<\/p>\n<h2>How to Get Rid of Dark Spots with Picoway<\/h2>\n<p>Also referred to as benign pigmented lesions, dark spots are a skin condition that includes age spots, brown patches, freckles, and melasma. Most commonly, dark spots occur on the face, neck, and chest. Some dark spots are caused by hormone changes (for example, during pregnancy) or as a result of excessive exposure to the sun. PicoWay is an optimal laser treatment for dark spots, because it utilizes its innovate laser to penetrate the surface of the skin and break up the pigmented spots.<\/p>\n<h2>PicoWay and Tattoo Removal<\/h2>\n<p>PicoWay is also an effective option for tattoo removal, dissolving the ink with laser microbursts. Effective for a variety of ink colors and skin types, PicoWay is a popular method for laser tattoo removal. <a href=\"https:\/\/arvivaesthetics.com\/\">Arviv Medical Aesthetics<\/a> successfully utilizes PicoWay to help patients looking to complete <a href=\"https:\/\/arvivaesthetics.com\/miami\/laser-tattoo-removal\/\">laser tattoo removal in Miami<\/a>. To learn more about how PicoWay and PicoWay Resolve can change your life, contact our <a href=\"https:\/\/arvivaesthetics.com\/miami\/\">Miami location<\/a> to schedule a consultation.<\/p>\n<p><em>Main Image by Ariwasabi \/ Shutterstock<\/em><\/p>\n<p>[\/spb_text_block] [spb_text_block animation=&#8221;none&#8221; animation_delay=&#8221;0&#8243; simplified_controls=&#8221;yes&#8221; custom_css_percentage=&#8221;no&#8221; padding_vertical=&#8221;0&#8243; padding_horizontal=&#8221;0&#8243; margin_vertical=&#8221;0&#8243; custom_css=&#8221;margin-top: 0px;margin-bottom: 0px;&#8221; border_size=&#8221;0&#8243; border_styling_global=&#8221;default&#8221; width=&#8221;1\/1&#8243; el_position=&#8221;first last&#8221;]<\/p>\n<div class=\"service-spacer\"><\/div>\n<p>[\/spb_text_block] [spb_image image=&#8221;14047&#8243; image_size=&#8221;medium_large&#8221; frame=&#8221;noframe&#8221; caption_pos=&#8221;hover&#8221; remove_rounded=&#8221;yes&#8221; fullwidth=&#8221;no&#8221; overflow_mode=&#8221;none&#8221; link_target=&#8221;_self&#8221; lightbox=&#8221;no&#8221; intro_animation=&#8221;none&#8221; animation_delay=&#8221;200&#8243; width=&#8221;1\/3&#8243; el_position=&#8221;first&#8221;][\/spb_image] [spb_text_block animation=&#8221;none&#8221; animation_delay=&#8221;0&#8243; simplified_controls=&#8221;yes&#8221; custom_css_percentage=&#8221;no&#8221; padding_vertical=&#8221;0&#8243; padding_horizontal=&#8221;0&#8243; margin_vertical=&#8221;0&#8243; custom_css=&#8221;margin-top: 0px;margin-bottom: 0px;&#8221; border_size=&#8221;0&#8243; border_styling_global=&#8221;default&#8221; width=&#8221;1\/3&#8243;]<\/p>\n<div class=\"service-spacer\"><\/div>\n<p>[\/spb_text_block] [spb_image image=&#8221;14046&#8243; image_size=&#8221;medium_large&#8221; frame=&#8221;noframe&#8221; caption_pos=&#8221;hover&#8221; remove_rounded=&#8221;yes&#8221; fullwidth=&#8221;no&#8221; overflow_mode=&#8221;none&#8221; link_target=&#8221;_self&#8221; lightbox=&#8221;no&#8221; intro_animation=&#8221;none&#8221; animation_delay=&#8221;200&#8243; width=&#8221;1\/3&#8243; el_position=&#8221;last&#8221;][\/spb_image] [spb_text_block animation=&#8221;none&#8221; animation_delay=&#8221;0&#8243; simplified_controls=&#8221;yes&#8221; custom_css_percentage=&#8221;no&#8221; padding_vertical=&#8221;0&#8243; padding_horizontal=&#8221;0&#8243; margin_vertical=&#8221;0&#8243; custom_css=&#8221;margin-top: 0px;margin-bottom: 0px;&#8221; border_size=&#8221;0&#8243; border_styling_global=&#8221;default&#8221; width=&#8221;1\/1&#8243; el_position=&#8221;first last&#8221;]<\/p>\n<div class=\"service-spacer\"><\/div>\n<p>[\/spb_text_block]<\/p>\n","protected":false},"excerpt":{"rendered":"<p>[spb_row element_name=&#8221;Row&#8221; wrap_type=&#8221;full-width-stretch&#8221; row_bg_type=&#8221;color&#8221; color_row_height=&#8221;content-height&#8221; bg_type=&#8221;cover&#8221; parallax_image_height=&#8221;content-height&#8221; parallax_image_movement=&#8221;fixed&#8221; parallax_image_speed=&#8221;standard&#8221; bg_video_loop=&#8221;yes&#8221; parallax_video_height=&#8221;window-height&#8221; row_top_style=&#8221;none&#8221; row_bottom_style=&#8221;none&#8221; parallax_video_overlay=&#8221;none&#8221; row_overlay_opacity=&#8221;0&#8243; remove_element_spacing=&#8221;no&#8221; row_col_spacing=&#8221;0&#8243; row_col_pos=&#8221;default&#8221; row_col_equal_heights=&#8221;no&#8221; row_expanding=&#8221;no&#8221; row_animation=&#8221;none&#8221; row_animation_delay=&#8221;0&#8243; minimize_row=&#8221;no&#8221; simplified_controls=&#8221;yes&#8221; custom_css_percentage=&#8221;no&#8221; custom_css=&#8221;margin-top: 0px;margin-bottom: 0px;&#8221; border_styling_global=&#8221;default&#8221; width=&#8221;1\/1&#8243; el_position=&#8221;first last&#8221;] [spb_text_block animation=&#8221;none&#8221; animation_delay=&#8221;0&#8243; simplified_controls=&#8221;yes&#8221; custom_css_percentage=&#8221;no&#8221; padding_vertical=&#8221;0&#8243; padding_horizontal=&#8221;0&#8243; margin_vertical=&#8221;0&#8243; custom_css=&#8221;margin-top: 0px;margin-bottom: 0px;&#8221; border_size=&#8221;0&#8243; border_styling_global=&#8221;default&#8221; width=&#8221;1\/1&#8243; el_position=&#8221;first last&#8221;] [\/spb_text_block] [\/spb_row] [spb_row element_name=&#8221;Row&#8221; wrap_type=&#8221;full-width-stretch&#8221; row_bg_type=&#8221;color&#8221; row_bg_color=&#8221;#3fbbc3&#8243; color_row_height=&#8221;content-height&#8221; bg_type=&#8221;cover&#8221; parallax_image_height=&#8221;content-height&#8221; parallax_image_movement=&#8221;fixed&#8221; parallax_image_speed=&#8221;standard&#8221; [&hellip;]<\/p>\n","protected":false},"author":31,"featured_media":0,"parent":18731,"menu_order":0,"comment_status":"closed","ping_status":"closed","template":"","meta":{"footnotes":""},"class_list":["post-7516","page","type-page","status-publish","hentry"],"yoast_head":"<!-- This site is optimized with the Yoast SEO plugin v27.4 - https:\/\/yoast.com\/product\/yoast-seo-wordpress\/ -->\n<title>PicoWay Laser Treatments in Miami, FL | Arviv Medical Aesthetics<\/title>\n<meta name=\"description\" content=\"Treat acne scars, wrinkles, and pigmentation with advanced PicoWay laser services available in Miami.\" \/>\n<meta name=\"robots\" content=\"index, follow, max-snippet:-1, max-image-preview:large, max-video-preview:-1\" \/>\n<link rel=\"canonical\" href=\"https:\/\/arvivaesthetics.com\/es\/miami\/picoway\/\" \/>\n<meta property=\"og:locale\" content=\"es_MX\" \/>\n<meta property=\"og:type\" content=\"article\" \/>\n<meta property=\"og:title\" content=\"PicoWay Laser Treatments in Miami, FL | Arviv Medical Aesthetics\" \/>\n<meta property=\"og:description\" content=\"Treat acne scars, wrinkles, and pigmentation with advanced PicoWay laser services available in Miami.\" \/>\n<meta property=\"og:url\" content=\"https:\/\/arvivaesthetics.com\/es\/miami\/picoway\/\" \/>\n<meta property=\"og:site_name\" content=\"Arviv Medical Aesthetics\" \/>\n<meta property=\"article:publisher\" content=\"https:\/\/www.facebook.com\/arvivmedicalaesthetics\/\" \/>\n<meta property=\"article:modified_time\" content=\"2025-12-19T21:44:05+00:00\" \/>\n<meta property=\"og:image\" content=\"https:\/\/arvivaesthetics.com\/wp-content\/uploads\/2018\/01\/miami-picoway-header.jpg\" \/>\n\t<meta property=\"og:image:width\" content=\"1920\" \/>\n\t<meta property=\"og:image:height\" content=\"683\" \/>\n\t<meta property=\"og:image:type\" content=\"image\/jpeg\" \/>\n<meta name=\"twitter:card\" content=\"summary_large_image\" \/>\n<meta name=\"twitter:site\" content=\"@ArvivAesthetics\" \/>\n<meta name=\"twitter:label1\" content=\"Tiempo de lectura\" \/>\n\t<meta name=\"twitter:data1\" content=\"4 minutos\" \/>\n<script type=\"application\/ld+json\" class=\"yoast-schema-graph\">{\"@context\":\"https:\\\/\\\/schema.org\",\"@graph\":[{\"@type\":\"WebPage\",\"@id\":\"https:\\\/\\\/arvivaesthetics.com\\\/miami\\\/picoway\\\/\",\"url\":\"https:\\\/\\\/arvivaesthetics.com\\\/miami\\\/picoway\\\/\",\"name\":\"PicoWay Laser Treatments in Miami, FL | Arviv Medical Aesthetics\",\"isPartOf\":{\"@id\":\"https:\\\/\\\/arvivaesthetics.com\\\/#website\"},\"primaryImageOfPage\":{\"@id\":\"https:\\\/\\\/arvivaesthetics.com\\\/miami\\\/picoway\\\/#primaryimage\"},\"image\":{\"@id\":\"https:\\\/\\\/arvivaesthetics.com\\\/miami\\\/picoway\\\/#primaryimage\"},\"thumbnailUrl\":\"http:\\\/\\\/arvivaesthetics.com\\\/wp-content\\\/uploads\\\/2018\\\/01\\\/miami-picoway-header.jpg\",\"datePublished\":\"2018-01-26T00:41:32+00:00\",\"dateModified\":\"2025-12-19T21:44:05+00:00\",\"description\":\"Treat acne scars, wrinkles, and pigmentation with advanced PicoWay laser services available in Miami.\",\"breadcrumb\":{\"@id\":\"https:\\\/\\\/arvivaesthetics.com\\\/miami\\\/picoway\\\/#breadcrumb\"},\"inLanguage\":\"es\",\"potentialAction\":[{\"@type\":\"ReadAction\",\"target\":[\"https:\\\/\\\/arvivaesthetics.com\\\/miami\\\/picoway\\\/\"]}]},{\"@type\":\"ImageObject\",\"inLanguage\":\"es\",\"@id\":\"https:\\\/\\\/arvivaesthetics.com\\\/miami\\\/picoway\\\/#primaryimage\",\"url\":\"http:\\\/\\\/arvivaesthetics.com\\\/wp-content\\\/uploads\\\/2018\\\/01\\\/miami-picoway-header.jpg\",\"contentUrl\":\"http:\\\/\\\/arvivaesthetics.com\\\/wp-content\\\/uploads\\\/2018\\\/01\\\/miami-picoway-header.jpg\"},{\"@type\":\"BreadcrumbList\",\"@id\":\"https:\\\/\\\/arvivaesthetics.com\\\/miami\\\/picoway\\\/#breadcrumb\",\"itemListElement\":[{\"@type\":\"ListItem\",\"position\":1,\"name\":\"Home\",\"item\":\"https:\\\/\\\/arvivaesthetics.com\\\/\"},{\"@type\":\"ListItem\",\"position\":2,\"name\":\"Miami\",\"item\":\"https:\\\/\\\/arvivaesthetics.com\\\/miami\\\/\"},{\"@type\":\"ListItem\",\"position\":3,\"name\":\"Picoway Treatment in Miami\"}]},{\"@type\":\"WebSite\",\"@id\":\"https:\\\/\\\/arvivaesthetics.com\\\/#website\",\"url\":\"https:\\\/\\\/arvivaesthetics.com\\\/\",\"name\":\"Arviv Medical Aesthetics\",\"description\":\"\",\"publisher\":{\"@id\":\"https:\\\/\\\/arvivaesthetics.com\\\/#organization\"},\"potentialAction\":[{\"@type\":\"SearchAction\",\"target\":{\"@type\":\"EntryPoint\",\"urlTemplate\":\"https:\\\/\\\/arvivaesthetics.com\\\/?s={search_term_string}\"},\"query-input\":{\"@type\":\"PropertyValueSpecification\",\"valueRequired\":true,\"valueName\":\"search_term_string\"}}],\"inLanguage\":\"es\"},{\"@type\":\"Organization\",\"@id\":\"https:\\\/\\\/arvivaesthetics.com\\\/#organization\",\"name\":\"Arviv Medical Aesthetics\",\"url\":\"https:\\\/\\\/arvivaesthetics.com\\\/\",\"logo\":{\"@type\":\"ImageObject\",\"inLanguage\":\"es\",\"@id\":\"https:\\\/\\\/arvivaesthetics.com\\\/#\\\/schema\\\/logo\\\/image\\\/\",\"url\":\"https:\\\/\\\/arvivaesthetics.com\\\/wp-content\\\/uploads\\\/2016\\\/11\\\/arvivIcon.png\",\"contentUrl\":\"https:\\\/\\\/arvivaesthetics.com\\\/wp-content\\\/uploads\\\/2016\\\/11\\\/arvivIcon.png\",\"width\":86,\"height\":42,\"caption\":\"Arviv Medical Aesthetics\"},\"image\":{\"@id\":\"https:\\\/\\\/arvivaesthetics.com\\\/#\\\/schema\\\/logo\\\/image\\\/\"},\"sameAs\":[\"https:\\\/\\\/www.facebook.com\\\/arvivmedicalaesthetics\\\/\",\"https:\\\/\\\/x.com\\\/ArvivAesthetics\",\"https:\\\/\\\/www.instagram.com\\\/arviv_aesthetics\\\/\",\"https:\\\/\\\/www.youtube.com\\\/user\\\/Arvivaesthetics\"]}]}<\/script>\n<!-- \/ Yoast SEO plugin. -->","yoast_head_json":{"title":"Tratamientos Laser PicoWay en Miami, FL | Arviv Medical Aesthetics","description":"Tratar las cicatrices del acn\u00e9, arrugas y pigmentaci\u00f3n con servicios avanzados de l\u00e1ser PicoWay disponibles en Miami.","robots":{"index":"index","follow":"follow","max-snippet":"max-snippet:-1","max-image-preview":"max-image-preview:large","max-video-preview":"max-video-preview:-1"},"canonical":"https:\/\/arvivaesthetics.com\/es\/miami\/picoway\/","og_locale":"es_MX","og_type":"article","og_title":"PicoWay Laser Treatments in Miami, FL | Arviv Medical Aesthetics","og_description":"Treat acne scars, wrinkles, and pigmentation with advanced PicoWay laser services available in Miami.","og_url":"https:\/\/arvivaesthetics.com\/es\/miami\/picoway\/","og_site_name":"Arviv Medical Aesthetics","article_publisher":"https:\/\/www.facebook.com\/arvivmedicalaesthetics\/","article_modified_time":"2025-12-19T21:44:05+00:00","og_image":[{"width":1920,"height":683,"url":"https:\/\/arvivaesthetics.com\/wp-content\/uploads\/2018\/01\/miami-picoway-header.jpg","type":"image\/jpeg"}],"twitter_card":"summary_large_image","twitter_site":"@ArvivAesthetics","twitter_misc":{"Tiempo de lectura":"4 minutos"},"schema":{"@context":"https:\/\/schema.org","@graph":[{"@type":"WebPage","@id":"https:\/\/arvivaesthetics.com\/miami\/picoway\/","url":"https:\/\/arvivaesthetics.com\/miami\/picoway\/","name":"Tratamientos Laser PicoWay en Miami, FL | Arviv Medical Aesthetics","isPartOf":{"@id":"https:\/\/arvivaesthetics.com\/#website"},"primaryImageOfPage":{"@id":"https:\/\/arvivaesthetics.com\/miami\/picoway\/#primaryimage"},"image":{"@id":"https:\/\/arvivaesthetics.com\/miami\/picoway\/#primaryimage"},"thumbnailUrl":"http:\/\/arvivaesthetics.com\/wp-content\/uploads\/2018\/01\/miami-picoway-header.jpg","datePublished":"2018-01-26T00:41:32+00:00","dateModified":"2025-12-19T21:44:05+00:00","description":"Tratar las cicatrices del acn\u00e9, arrugas y pigmentaci\u00f3n con servicios avanzados de l\u00e1ser PicoWay disponibles en Miami.","breadcrumb":{"@id":"https:\/\/arvivaesthetics.com\/miami\/picoway\/#breadcrumb"},"inLanguage":"es","potentialAction":[{"@type":"ReadAction","target":["https:\/\/arvivaesthetics.com\/miami\/picoway\/"]}]},{"@type":"ImageObject","inLanguage":"es","@id":"https:\/\/arvivaesthetics.com\/miami\/picoway\/#primaryimage","url":"http:\/\/arvivaesthetics.com\/wp-content\/uploads\/2018\/01\/miami-picoway-header.jpg","contentUrl":"http:\/\/arvivaesthetics.com\/wp-content\/uploads\/2018\/01\/miami-picoway-header.jpg"},{"@type":"BreadcrumbList","@id":"https:\/\/arvivaesthetics.com\/miami\/picoway\/#breadcrumb","itemListElement":[{"@type":"ListItem","position":1,"name":"Home","item":"https:\/\/arvivaesthetics.com\/"},{"@type":"ListItem","position":2,"name":"Miami","item":"https:\/\/arvivaesthetics.com\/miami\/"},{"@type":"ListItem","position":3,"name":"Picoway Treatment in Miami"}]},{"@type":"WebSite","@id":"https:\/\/arvivaesthetics.com\/#website","url":"https:\/\/arvivaesthetics.com\/","name":"Arviv Est\u00e9tica M\u00e9dica","description":"","publisher":{"@id":"https:\/\/arvivaesthetics.com\/#organization"},"potentialAction":[{"@type":"SearchAction","target":{"@type":"EntryPoint","urlTemplate":"https:\/\/arvivaesthetics.com\/?s={search_term_string}"},"query-input":{"@type":"PropertyValueSpecification","valueRequired":true,"valueName":"search_term_string"}}],"inLanguage":"es"},{"@type":"Organization","@id":"https:\/\/arvivaesthetics.com\/#organization","name":"Arviv Est\u00e9tica M\u00e9dica","url":"https:\/\/arvivaesthetics.com\/","logo":{"@type":"ImageObject","inLanguage":"es","@id":"https:\/\/arvivaesthetics.com\/#\/schema\/logo\/image\/","url":"https:\/\/arvivaesthetics.com\/wp-content\/uploads\/2016\/11\/arvivIcon.png","contentUrl":"https:\/\/arvivaesthetics.com\/wp-content\/uploads\/2016\/11\/arvivIcon.png","width":86,"height":42,"caption":"Arviv Medical Aesthetics"},"image":{"@id":"https:\/\/arvivaesthetics.com\/#\/schema\/logo\/image\/"},"sameAs":["https:\/\/www.facebook.com\/arvivmedicalaesthetics\/","https:\/\/x.com\/ArvivAesthetics","https:\/\/www.instagram.com\/arviv_aesthetics\/","https:\/\/www.youtube.com\/user\/Arvivaesthetics"]}]}},"_links":{"self":[{"href":"https:\/\/arvivaesthetics.com\/es\/wp-json\/wp\/v2\/pages\/7516","targetHints":{"allow":["GET"]}}],"collection":[{"href":"https:\/\/arvivaesthetics.com\/es\/wp-json\/wp\/v2\/pages"}],"about":[{"href":"https:\/\/arvivaesthetics.com\/es\/wp-json\/wp\/v2\/types\/page"}],"author":[{"embeddable":true,"href":"https:\/\/arvivaesthetics.com\/es\/wp-json\/wp\/v2\/users\/31"}],"replies":[{"embeddable":true,"href":"https:\/\/arvivaesthetics.com\/es\/wp-json\/wp\/v2\/comments?post=7516"}],"version-history":[{"count":0,"href":"https:\/\/arvivaesthetics.com\/es\/wp-json\/wp\/v2\/pages\/7516\/revisions"}],"up":[{"embeddable":true,"href":"https:\/\/arvivaesthetics.com\/es\/wp-json\/wp\/v2\/pages\/18731"}],"wp:attachment":[{"href":"https:\/\/arvivaesthetics.com\/es\/wp-json\/wp\/v2\/media?parent=7516"}],"curies":[{"name":"wp","href":"https:\/\/api.w.org\/{rel}","templated":true}]}}