{"id":7545,"date":"2018-02-09T19:01:25","date_gmt":"2018-02-10T00:01:25","guid":{"rendered":"http:\/\/arvivaesthetics.com\/?page_id=7545"},"modified":"2024-02-21T03:01:36","modified_gmt":"2024-02-21T08:01:36","slug":"kybella","status":"publish","type":"page","link":"https:\/\/arvivaesthetics.com\/es\/tampa\/kybella\/","title":{"rendered":"Kybella\u00ae Tampa"},"content":{"rendered":"<p>[spb_row element_name=&#8221;Row&#8221; wrap_type=&#8221;full-width-stretch&#8221; row_bg_type=&#8221;color&#8221; color_row_height=&#8221;content-height&#8221; bg_type=&#8221;cover&#8221; parallax_image_height=&#8221;content-height&#8221; parallax_image_movement=&#8221;fixed&#8221; parallax_image_speed=&#8221;standard&#8221; bg_video_loop=&#8221;yes&#8221; parallax_video_height=&#8221;window-height&#8221; row_top_style=&#8221;none&#8221; row_bottom_style=&#8221;none&#8221; parallax_video_overlay=&#8221;none&#8221; row_overlay_opacity=&#8221;0&#8243; remove_element_spacing=&#8221;no&#8221; row_col_spacing=&#8221;0&#8243; row_col_pos=&#8221;default&#8221; row_col_equal_heights=&#8221;no&#8221; row_expanding=&#8221;no&#8221; row_animation=&#8221;none&#8221; row_animation_delay=&#8221;0&#8243; minimize_row=&#8221;no&#8221; simplified_controls=&#8221;yes&#8221; custom_css_percentage=&#8221;no&#8221; custom_css=&#8221;margin-top: 0px;margin-bottom: 0px;&#8221; border_styling_global=&#8221;default&#8221; width=&#8221;1\/1&#8243; el_position=&#8221;first last&#8221;] [spb_text_block animation=&#8221;none&#8221; animation_delay=&#8221;0&#8243; simplified_controls=&#8221;yes&#8221; custom_css_percentage=&#8221;no&#8221; padding_vertical=&#8221;0&#8243; padding_horizontal=&#8221;0&#8243; margin_vertical=&#8221;0&#8243; custom_css=&#8221;margin-top: 0px;margin-bottom: 0px;&#8221; border_size=&#8221;0&#8243; border_styling_global=&#8221;default&#8221; width=&#8221;1\/1&#8243; el_position=&#8221;first last&#8221;]<\/p>\n<div class=\"first-image-wrapper\"><img loading=\"lazy\" decoding=\"async\" class=\"size-full wp-image-7549 aligncenter\" src=\"http:\/\/arvivaesthetics.com\/wp-content\/uploads\/2018\/02\/kybella-header-tampa.jpg\" alt=\"Kybella in Tampa\" width=\"1920\" height=\"683\" srcset=\"https:\/\/arvivaesthetics.com\/wp-content\/uploads\/2018\/02\/kybella-header-tampa.jpg 1920w, https:\/\/arvivaesthetics.com\/wp-content\/uploads\/2018\/02\/kybella-header-tampa-300x107.jpg 300w, https:\/\/arvivaesthetics.com\/wp-content\/uploads\/2018\/02\/kybella-header-tampa-1024x364.jpg 1024w, https:\/\/arvivaesthetics.com\/wp-content\/uploads\/2018\/02\/kybella-header-tampa-768x273.jpg 768w, https:\/\/arvivaesthetics.com\/wp-content\/uploads\/2018\/02\/kybella-header-tampa-1536x546.jpg 1536w, https:\/\/arvivaesthetics.com\/wp-content\/uploads\/2018\/02\/kybella-header-tampa-1280x455.jpg 1280w, https:\/\/arvivaesthetics.com\/wp-content\/uploads\/2018\/02\/kybella-header-tampa-1000x356.jpg 1000w\" sizes=\"auto, (max-width: 1920px) 100vw, 1920px\" \/><\/div>\n<p>[\/spb_text_block] [\/spb_row] [spb_row element_name=&#8221;Row&#8221; wrap_type=&#8221;full-width-stretch&#8221; row_bg_type=&#8221;color&#8221; row_bg_color=&#8221;#3fbbc3&#8243; color_row_height=&#8221;content-height&#8221; bg_type=&#8221;cover&#8221; parallax_image_height=&#8221;content-height&#8221; parallax_image_movement=&#8221;fixed&#8221; parallax_image_speed=&#8221;standard&#8221; bg_video_loop=&#8221;yes&#8221; parallax_video_height=&#8221;window-height&#8221; row_top_style=&#8221;none&#8221; row_bottom_style=&#8221;none&#8221; parallax_video_overlay=&#8221;none&#8221; row_overlay_opacity=&#8221;0&#8243; remove_element_spacing=&#8221;no&#8221; row_col_spacing=&#8221;0&#8243; row_col_pos=&#8221;default&#8221; row_col_equal_heights=&#8221;no&#8221; row_expanding=&#8221;no&#8221; row_animation=&#8221;none&#8221; row_animation_delay=&#8221;0&#8243; minimize_row=&#8221;no&#8221; simplified_controls=&#8221;yes&#8221; custom_css_percentage=&#8221;no&#8221; custom_css=&#8221;margin-top: 0px;margin-bottom: 0px;&#8221; border_styling_global=&#8221;default&#8221; width=&#8221;1\/1&#8243; el_position=&#8221;first last&#8221;] [spb_text_block animation=&#8221;none&#8221; animation_delay=&#8221;0&#8243; simplified_controls=&#8221;yes&#8221; custom_css_percentage=&#8221;no&#8221; padding_vertical=&#8221;0&#8243; padding_horizontal=&#8221;0&#8243; margin_vertical=&#8221;0&#8243; custom_css=&#8221;margin-top: 0px;margin-bottom: 0px;&#8221; border_size=&#8221;0&#8243; border_styling_global=&#8221;default&#8221; width=&#8221;1\/1&#8243; el_position=&#8221;first last&#8221;]<\/p>\n<h2 class=\"service-titles\">Call <a href=\"tel:+1(813) 855-0111\">(813) 855-0111<\/a> to schedule your consultation.<\/h2>\n<p>[\/spb_text_block] [\/spb_row] [spb_text_block animation=&#8221;none&#8221; animation_delay=&#8221;0&#8243; simplified_controls=&#8221;yes&#8221; custom_css_percentage=&#8221;no&#8221; padding_vertical=&#8221;0&#8243; padding_horizontal=&#8221;0&#8243; margin_vertical=&#8221;0&#8243; custom_css=&#8221;margin-top: 0px;margin-bottom: 0px;&#8221; border_size=&#8221;0&#8243; border_styling_global=&#8221;default&#8221; width=&#8221;1\/1&#8243; el_position=&#8221;first last&#8221;]<\/p>\n<div class=\"service-spacer\"><\/div>\n<p>[\/spb_text_block] [spb_text_block animation=&#8221;none&#8221; animation_delay=&#8221;0&#8243; simplified_controls=&#8221;yes&#8221; custom_css_percentage=&#8221;no&#8221; padding_vertical=&#8221;0&#8243; padding_horizontal=&#8221;0&#8243; margin_vertical=&#8221;0&#8243; custom_css=&#8221;margin-top: 0px;margin-bottom: 0px;&#8221; border_size=&#8221;0&#8243; border_styling_global=&#8221;default&#8221; width=&#8221;1\/1&#8243; el_position=&#8221;first last&#8221;]<\/p>\n<p><a href=\"https:\/\/arvivaesthetics.com\/wp-content\/uploads\/2018\/11\/Kybella-Double-Chin-Treatment-Tampa.jpg\"><img loading=\"lazy\" decoding=\"async\" class=\"alignright size-large wp-image-8316\" src=\"https:\/\/arvivaesthetics.com\/wp-content\/uploads\/2018\/11\/Kybella-Double-Chin-Treatment-Tampa-403x1024.jpg\" alt=\"Kybella Double Chin Treatment Tampa\" width=\"403\" height=\"1024\" srcset=\"https:\/\/arvivaesthetics.com\/wp-content\/uploads\/2018\/11\/Kybella-Double-Chin-Treatment-Tampa-403x1024.jpg 403w, https:\/\/arvivaesthetics.com\/wp-content\/uploads\/2018\/11\/Kybella-Double-Chin-Treatment-Tampa-118x300.jpg 118w, https:\/\/arvivaesthetics.com\/wp-content\/uploads\/2018\/11\/Kybella-Double-Chin-Treatment-Tampa-768x1949.jpg 768w, https:\/\/arvivaesthetics.com\/wp-content\/uploads\/2018\/11\/Kybella-Double-Chin-Treatment-Tampa-605x1536.jpg 605w, https:\/\/arvivaesthetics.com\/wp-content\/uploads\/2018\/11\/Kybella-Double-Chin-Treatment-Tampa-807x2048.jpg 807w, https:\/\/arvivaesthetics.com\/wp-content\/uploads\/2018\/11\/Kybella-Double-Chin-Treatment-Tampa-1000x2538.jpg 1000w\" sizes=\"auto, (max-width: 403px) 100vw, 403px\" \/><\/a>Are you bothered by excess fat under your chin, also known as a \u201cdouble chin?\u201d Until recently, double chin treatment options were invasive. The team at <a href=\"https:\/\/arvivaesthetics.com\/tampa\/\" target=\"_blank\" rel=\"noopener noreferrer\">Arviv Medical Aesthetics in Tampa<\/a> offers Kybella\u00ae, the only non-surgical, FDA-approved injectable drug used to reduce double chin. If you are considering surgery to remove fat under your chin, this innovative treatment offers an alternative to surgery and incisions with the benefit of no downtime.<\/p>\n<h2>What is Kybella\u00ae?<\/h2>\n<p>This prescription solution contains a synthetic version of deoxycholic acid, a naturally occurring molecule in the body that breaks down and absorbs dietary fat. A physician injects the solution beneath the chin to target and eliminates fat cells that cause a double chin.<\/p>\n<h2>What happens during Kybella treatment?<\/h2>\n<p>Once your doctor determines that you are a good candidate for Kybella treatment, the cosmetic procedure is straightforward. A dotted grid marking the injection locations is placed on the treatment area and the solution is injected. Patients may feel a temporary burning sensation during the office visit.<\/p>\n<h2>How many treatment sessions do I need?<\/h2>\n<p>Treatment is tailored to each patient\u2019s personal goals, so the number of sessions varies by individual. Some patients reach their goal in 2-4 sessions. Patients can expect to receive up to six treatments with at least a month in between each session. Each treatment session lasts about an hour.<\/p>\n<h2>How long does Kybella last?<\/h2>\n<p>This double chin procedure destroys the fat cells beneath the chin. Once eliminated, those cells can no longer store fat. When your aesthetic goals are reached, no further treatment is expected.<\/p>\n<h2>Are there risks and side effects of treatment?<\/h2>\n<p>Many patients experience side effects including, redness or bruising, pain, numbness, swelling, and areas of hardness around the treated area. These typically do not last more than a few days to a week.<\/p>\n<p>Some patients have experienced more serious side effects, including injury to the jaw nerve, difficulty swallowing, weakened facial muscles, or an uneven smile. These effects resolve themselves in about six weeks or less. Any side effects should be discussed with your doctor.<\/p>\n<h2>Is this double chin treatment option right for me?<\/h2>\n<p>Before you make a decision about any cosmetic procedure, it is best to see a board-certified physician in Tampa. A consultation will determine if you are a good treatment candidate. Adults who wish to avoid surgery, are of a healthy weight, who don\u2019t have skin that is too loose and want to eliminate stubborn fat under their chins typically benefit from this treatment.<\/p>\n<h2>Get Tampa Kybella Treatment at Arviv Medical Aesthetics<\/h2>\n<p>Although this is a common injectable treatment, it is important to work with an experienced doctor when trying to <a href=\"https:\/\/arvivaesthetics.com\/how-to-get-rid-of-double-chin\/\">get rid of a double chin<\/a>. To learn more about Tampa Kybella treatment costs, contact the knowledgeable professionals at <a href=\"https:\/\/arvivaesthetics.com\/\">Arviv Medical Aesthetics<\/a> in Tampa for consultation.<\/p>\n<p><em>Header Image by LuckyImages \/ Shutterstock<\/em><\/p>\n<p>[\/spb_text_block] [spb_text_block animation=&#8221;none&#8221; animation_delay=&#8221;0&#8243; simplified_controls=&#8221;yes&#8221; custom_css_percentage=&#8221;no&#8221; padding_vertical=&#8221;0&#8243; padding_horizontal=&#8221;0&#8243; margin_vertical=&#8221;0&#8243; custom_css=&#8221;margin-top: 0px;margin-bottom: 0px;&#8221; border_size=&#8221;0&#8243; border_styling_global=&#8221;default&#8221; width=&#8221;1\/1&#8243; el_position=&#8221;first last&#8221;]<\/p>\n<p style=\"text-align: center;\"><iframe loading=\"lazy\" title=\"YouTube video player\" src=\"https:\/\/www.youtube.com\/embed\/qqOtzLq6gtE\" width=\"560\" height=\"315\" frameborder=\"0\" allowfullscreen=\"allowfullscreen\"><span data-mce-type=\"bookmark\" style=\"display: inline-block; width: 0px; overflow: hidden; line-height: 0;\" class=\"mce_SELRES_start\">\ufeff<\/span><span data-mce-type=\"bookmark\" style=\"display: inline-block; width: 0px; overflow: hidden; line-height: 0;\" class=\"mce_SELRES_start\"><span data-mce-type=\"bookmark\" style=\"display: inline-block; width: 0px; overflow: hidden; line-height: 0;\" class=\"mce_SELRES_start\">\ufeff<\/span>\ufeff<\/span><\/iframe><\/p>\n<p>[\/spb_text_block] [spb_text_block animation=&#8221;none&#8221; animation_delay=&#8221;0&#8243; simplified_controls=&#8221;yes&#8221; custom_css_percentage=&#8221;no&#8221; padding_vertical=&#8221;0&#8243; padding_horizontal=&#8221;0&#8243; margin_vertical=&#8221;0&#8243; custom_css=&#8221;margin-top: 0px;margin-bottom: 0px;&#8221; border_size=&#8221;0&#8243; border_styling_global=&#8221;default&#8221; width=&#8221;1\/1&#8243; el_position=&#8221;first last&#8221;]<\/p>\n<div class=\"service-spacer\"><\/div>\n<p>&nbsp;<\/p>\n<p>[\/spb_text_block] [spb_text_block animation=&#8221;none&#8221; animation_delay=&#8221;0&#8243; simplified_controls=&#8221;yes&#8221; custom_css_percentage=&#8221;no&#8221; padding_vertical=&#8221;0&#8243; padding_horizontal=&#8221;0&#8243; margin_vertical=&#8221;0&#8243; custom_css=&#8221;margin-top: 0px;margin-bottom: 0px;&#8221; border_size=&#8221;0&#8243; border_styling_global=&#8221;default&#8221; width=&#8221;1\/1&#8243; el_position=&#8221;first last&#8221;]<\/p>\n<p style=\"text-align: center;\"><strong>Prices are subject to change and personalized prices will be provided upon consultation.<\/strong><\/p>\n<p>[\/spb_text_block] [spb_text_block animation=&#8221;none&#8221; animation_delay=&#8221;0&#8243; simplified_controls=&#8221;yes&#8221; custom_css_percentage=&#8221;no&#8221; padding_vertical=&#8221;0&#8243; padding_horizontal=&#8221;0&#8243; margin_vertical=&#8221;0&#8243; custom_css=&#8221;margin-top: 0px;margin-bottom: 0px;&#8221; border_size=&#8221;0&#8243; border_styling_global=&#8221;default&#8221; width=&#8221;1\/1&#8243; el_position=&#8221;first last&#8221;]<\/p>\n<div class=\"service-spacer\"><\/div>\n<p>&nbsp;<\/p>\n<p>[\/spb_text_block]<\/p>\n","protected":false},"excerpt":{"rendered":"<p>[spb_row element_name=&#8221;Row&#8221; wrap_type=&#8221;full-width-stretch&#8221; row_bg_type=&#8221;color&#8221; color_row_height=&#8221;content-height&#8221; bg_type=&#8221;cover&#8221; parallax_image_height=&#8221;content-height&#8221; parallax_image_movement=&#8221;fixed&#8221; parallax_image_speed=&#8221;standard&#8221; bg_video_loop=&#8221;yes&#8221; parallax_video_height=&#8221;window-height&#8221; row_top_style=&#8221;none&#8221; row_bottom_style=&#8221;none&#8221; parallax_video_overlay=&#8221;none&#8221; row_overlay_opacity=&#8221;0&#8243; remove_element_spacing=&#8221;no&#8221; row_col_spacing=&#8221;0&#8243; row_col_pos=&#8221;default&#8221; row_col_equal_heights=&#8221;no&#8221; row_expanding=&#8221;no&#8221; row_animation=&#8221;none&#8221; row_animation_delay=&#8221;0&#8243; minimize_row=&#8221;no&#8221; simplified_controls=&#8221;yes&#8221; custom_css_percentage=&#8221;no&#8221; custom_css=&#8221;margin-top: 0px;margin-bottom: 0px;&#8221; border_styling_global=&#8221;default&#8221; width=&#8221;1\/1&#8243; el_position=&#8221;first last&#8221;] [spb_text_block animation=&#8221;none&#8221; animation_delay=&#8221;0&#8243; simplified_controls=&#8221;yes&#8221; custom_css_percentage=&#8221;no&#8221; padding_vertical=&#8221;0&#8243; padding_horizontal=&#8221;0&#8243; margin_vertical=&#8221;0&#8243; custom_css=&#8221;margin-top: 0px;margin-bottom: 0px;&#8221; border_size=&#8221;0&#8243; border_styling_global=&#8221;default&#8221; width=&#8221;1\/1&#8243; el_position=&#8221;first last&#8221;] [\/spb_text_block] [\/spb_row] [spb_row element_name=&#8221;Row&#8221; wrap_type=&#8221;full-width-stretch&#8221; row_bg_type=&#8221;color&#8221; row_bg_color=&#8221;#3fbbc3&#8243; color_row_height=&#8221;content-height&#8221; bg_type=&#8221;cover&#8221; parallax_image_height=&#8221;content-height&#8221; parallax_image_movement=&#8221;fixed&#8221; parallax_image_speed=&#8221;standard&#8221; [&hellip;]<\/p>\n","protected":false},"author":31,"featured_media":0,"parent":171,"menu_order":0,"comment_status":"closed","ping_status":"closed","template":"","meta":{"footnotes":""},"class_list":["post-7545","page","type-page","status-publish","hentry"],"yoast_head":"<!-- This site is optimized with the Yoast SEO plugin v27.4 - https:\/\/yoast.com\/product\/yoast-seo-wordpress\/ -->\n<title>Tampa Kybella\u00ae Treatment | Cost &amp; Info | Arviv Medical Aesthetics<\/title>\n<meta name=\"description\" content=\"Bothered by a double chin? Kybella\u00ae is the only non-surgical, FDA-approved injectable drug used to reduce a double chin. Call us in Tampa at (813) 855-0111\" \/>\n<meta name=\"robots\" content=\"index, follow, max-snippet:-1, max-image-preview:large, max-video-preview:-1\" \/>\n<link rel=\"canonical\" href=\"https:\/\/arvivaesthetics.com\/es\/tampa\/kybella\/\" \/>\n<meta property=\"og:locale\" content=\"es_MX\" \/>\n<meta property=\"og:type\" content=\"article\" \/>\n<meta property=\"og:title\" content=\"Tampa Kybella\u00ae Treatment | Cost &amp; Info | Arviv Medical Aesthetics\" \/>\n<meta property=\"og:description\" content=\"Bothered by a double chin? Kybella\u00ae is the only non-surgical, FDA-approved injectable drug used to reduce a double chin. Call us in Tampa at (813) 855-0111\" \/>\n<meta property=\"og:url\" content=\"https:\/\/arvivaesthetics.com\/es\/tampa\/kybella\/\" \/>\n<meta property=\"og:site_name\" content=\"Arviv Medical Aesthetics\" \/>\n<meta property=\"article:publisher\" content=\"https:\/\/www.facebook.com\/arvivmedicalaesthetics\/\" \/>\n<meta property=\"article:modified_time\" content=\"2024-02-21T08:01:36+00:00\" \/>\n<meta property=\"og:image\" content=\"http:\/\/arvivaesthetics.com\/wp-content\/uploads\/2018\/02\/kybella-header-tampa.jpg\" \/>\n<meta name=\"twitter:card\" content=\"summary_large_image\" \/>\n<meta name=\"twitter:site\" content=\"@ArvivAesthetics\" \/>\n<meta name=\"twitter:label1\" content=\"Tiempo de lectura\" \/>\n\t<meta name=\"twitter:data1\" content=\"4 minutos\" \/>\n<script type=\"application\/ld+json\" class=\"yoast-schema-graph\">{\"@context\":\"https:\\\/\\\/schema.org\",\"@graph\":[{\"@type\":\"WebPage\",\"@id\":\"https:\\\/\\\/arvivaesthetics.com\\\/tampa\\\/kybella\\\/\",\"url\":\"https:\\\/\\\/arvivaesthetics.com\\\/tampa\\\/kybella\\\/\",\"name\":\"Tampa Kybella\u00ae Treatment | Cost & Info | Arviv Medical Aesthetics\",\"isPartOf\":{\"@id\":\"https:\\\/\\\/arvivaesthetics.com\\\/#website\"},\"primaryImageOfPage\":{\"@id\":\"https:\\\/\\\/arvivaesthetics.com\\\/tampa\\\/kybella\\\/#primaryimage\"},\"image\":{\"@id\":\"https:\\\/\\\/arvivaesthetics.com\\\/tampa\\\/kybella\\\/#primaryimage\"},\"thumbnailUrl\":\"http:\\\/\\\/arvivaesthetics.com\\\/wp-content\\\/uploads\\\/2018\\\/02\\\/kybella-header-tampa.jpg\",\"datePublished\":\"2018-02-10T00:01:25+00:00\",\"dateModified\":\"2024-02-21T08:01:36+00:00\",\"description\":\"Bothered by a double chin? Kybella\u00ae is the only non-surgical, FDA-approved injectable drug used to reduce a double chin. Call us in Tampa at (813) 855-0111\",\"breadcrumb\":{\"@id\":\"https:\\\/\\\/arvivaesthetics.com\\\/tampa\\\/kybella\\\/#breadcrumb\"},\"inLanguage\":\"es\",\"potentialAction\":[{\"@type\":\"ReadAction\",\"target\":[\"https:\\\/\\\/arvivaesthetics.com\\\/tampa\\\/kybella\\\/\"]}]},{\"@type\":\"ImageObject\",\"inLanguage\":\"es\",\"@id\":\"https:\\\/\\\/arvivaesthetics.com\\\/tampa\\\/kybella\\\/#primaryimage\",\"url\":\"http:\\\/\\\/arvivaesthetics.com\\\/wp-content\\\/uploads\\\/2018\\\/02\\\/kybella-header-tampa.jpg\",\"contentUrl\":\"http:\\\/\\\/arvivaesthetics.com\\\/wp-content\\\/uploads\\\/2018\\\/02\\\/kybella-header-tampa.jpg\"},{\"@type\":\"BreadcrumbList\",\"@id\":\"https:\\\/\\\/arvivaesthetics.com\\\/tampa\\\/kybella\\\/#breadcrumb\",\"itemListElement\":[{\"@type\":\"ListItem\",\"position\":1,\"name\":\"Home\",\"item\":\"https:\\\/\\\/arvivaesthetics.com\\\/\"},{\"@type\":\"ListItem\",\"position\":2,\"name\":\"Tampa Med Spa for Injectables &#038; Cosmetic Treatments\",\"item\":\"https:\\\/\\\/arvivaesthetics.com\\\/tampa\\\/\"},{\"@type\":\"ListItem\",\"position\":3,\"name\":\"Kybella\u00ae Tampa\"}]},{\"@type\":\"WebSite\",\"@id\":\"https:\\\/\\\/arvivaesthetics.com\\\/#website\",\"url\":\"https:\\\/\\\/arvivaesthetics.com\\\/\",\"name\":\"Arviv Medical Aesthetics\",\"description\":\"\",\"publisher\":{\"@id\":\"https:\\\/\\\/arvivaesthetics.com\\\/#organization\"},\"potentialAction\":[{\"@type\":\"SearchAction\",\"target\":{\"@type\":\"EntryPoint\",\"urlTemplate\":\"https:\\\/\\\/arvivaesthetics.com\\\/?s={search_term_string}\"},\"query-input\":{\"@type\":\"PropertyValueSpecification\",\"valueRequired\":true,\"valueName\":\"search_term_string\"}}],\"inLanguage\":\"es\"},{\"@type\":\"Organization\",\"@id\":\"https:\\\/\\\/arvivaesthetics.com\\\/#organization\",\"name\":\"Arviv Medical Aesthetics\",\"url\":\"https:\\\/\\\/arvivaesthetics.com\\\/\",\"logo\":{\"@type\":\"ImageObject\",\"inLanguage\":\"es\",\"@id\":\"https:\\\/\\\/arvivaesthetics.com\\\/#\\\/schema\\\/logo\\\/image\\\/\",\"url\":\"https:\\\/\\\/arvivaesthetics.com\\\/wp-content\\\/uploads\\\/2016\\\/11\\\/arvivIcon.png\",\"contentUrl\":\"https:\\\/\\\/arvivaesthetics.com\\\/wp-content\\\/uploads\\\/2016\\\/11\\\/arvivIcon.png\",\"width\":86,\"height\":42,\"caption\":\"Arviv Medical Aesthetics\"},\"image\":{\"@id\":\"https:\\\/\\\/arvivaesthetics.com\\\/#\\\/schema\\\/logo\\\/image\\\/\"},\"sameAs\":[\"https:\\\/\\\/www.facebook.com\\\/arvivmedicalaesthetics\\\/\",\"https:\\\/\\\/x.com\\\/ArvivAesthetics\",\"https:\\\/\\\/www.instagram.com\\\/arviv_aesthetics\\\/\",\"https:\\\/\\\/www.youtube.com\\\/user\\\/Arvivaesthetics\"]}]}<\/script>\n<!-- \/ Yoast SEO plugin. -->","yoast_head_json":{"title":"Tratamiento Tampa Kybella\u00ae | Coste &amp; Info | Arviv Medical Aesthetics","description":"\u00bfLe molesta la papada? Kybella \u00ae es el \u00fanico no quir\u00fargico, aprobado por la FDA f\u00e1rmaco inyectable utilizado para reducir la papada. Ll\u00e1menos en Tampa al (813) 855-0111","robots":{"index":"index","follow":"follow","max-snippet":"max-snippet:-1","max-image-preview":"max-image-preview:large","max-video-preview":"max-video-preview:-1"},"canonical":"https:\/\/arvivaesthetics.com\/es\/tampa\/kybella\/","og_locale":"es_MX","og_type":"article","og_title":"Tampa Kybella\u00ae Treatment | Cost & Info | Arviv Medical Aesthetics","og_description":"Bothered by a double chin? Kybella\u00ae is the only non-surgical, FDA-approved injectable drug used to reduce a double chin. Call us in Tampa at (813) 855-0111","og_url":"https:\/\/arvivaesthetics.com\/es\/tampa\/kybella\/","og_site_name":"Arviv Medical Aesthetics","article_publisher":"https:\/\/www.facebook.com\/arvivmedicalaesthetics\/","article_modified_time":"2024-02-21T08:01:36+00:00","og_image":[{"url":"http:\/\/arvivaesthetics.com\/wp-content\/uploads\/2018\/02\/kybella-header-tampa.jpg","type":"","width":"","height":""}],"twitter_card":"summary_large_image","twitter_site":"@ArvivAesthetics","twitter_misc":{"Tiempo de lectura":"4 minutos"},"schema":{"@context":"https:\/\/schema.org","@graph":[{"@type":"WebPage","@id":"https:\/\/arvivaesthetics.com\/tampa\/kybella\/","url":"https:\/\/arvivaesthetics.com\/tampa\/kybella\/","name":"Tratamiento Tampa Kybella\u00ae | Coste &amp; Info | Arviv Medical Aesthetics","isPartOf":{"@id":"https:\/\/arvivaesthetics.com\/#website"},"primaryImageOfPage":{"@id":"https:\/\/arvivaesthetics.com\/tampa\/kybella\/#primaryimage"},"image":{"@id":"https:\/\/arvivaesthetics.com\/tampa\/kybella\/#primaryimage"},"thumbnailUrl":"http:\/\/arvivaesthetics.com\/wp-content\/uploads\/2018\/02\/kybella-header-tampa.jpg","datePublished":"2018-02-10T00:01:25+00:00","dateModified":"2024-02-21T08:01:36+00:00","description":"\u00bfLe molesta la papada? Kybella \u00ae es el \u00fanico no quir\u00fargico, aprobado por la FDA f\u00e1rmaco inyectable utilizado para reducir la papada. Ll\u00e1menos en Tampa al (813) 855-0111","breadcrumb":{"@id":"https:\/\/arvivaesthetics.com\/tampa\/kybella\/#breadcrumb"},"inLanguage":"es","potentialAction":[{"@type":"ReadAction","target":["https:\/\/arvivaesthetics.com\/tampa\/kybella\/"]}]},{"@type":"ImageObject","inLanguage":"es","@id":"https:\/\/arvivaesthetics.com\/tampa\/kybella\/#primaryimage","url":"http:\/\/arvivaesthetics.com\/wp-content\/uploads\/2018\/02\/kybella-header-tampa.jpg","contentUrl":"http:\/\/arvivaesthetics.com\/wp-content\/uploads\/2018\/02\/kybella-header-tampa.jpg"},{"@type":"BreadcrumbList","@id":"https:\/\/arvivaesthetics.com\/tampa\/kybella\/#breadcrumb","itemListElement":[{"@type":"ListItem","position":1,"name":"Home","item":"https:\/\/arvivaesthetics.com\/"},{"@type":"ListItem","position":2,"name":"Tampa Med Spa for Injectables &#038; Cosmetic Treatments","item":"https:\/\/arvivaesthetics.com\/tampa\/"},{"@type":"ListItem","position":3,"name":"Kybella\u00ae Tampa"}]},{"@type":"WebSite","@id":"https:\/\/arvivaesthetics.com\/#website","url":"https:\/\/arvivaesthetics.com\/","name":"Arviv Est\u00e9tica M\u00e9dica","description":"","publisher":{"@id":"https:\/\/arvivaesthetics.com\/#organization"},"potentialAction":[{"@type":"SearchAction","target":{"@type":"EntryPoint","urlTemplate":"https:\/\/arvivaesthetics.com\/?s={search_term_string}"},"query-input":{"@type":"PropertyValueSpecification","valueRequired":true,"valueName":"search_term_string"}}],"inLanguage":"es"},{"@type":"Organization","@id":"https:\/\/arvivaesthetics.com\/#organization","name":"Arviv Est\u00e9tica M\u00e9dica","url":"https:\/\/arvivaesthetics.com\/","logo":{"@type":"ImageObject","inLanguage":"es","@id":"https:\/\/arvivaesthetics.com\/#\/schema\/logo\/image\/","url":"https:\/\/arvivaesthetics.com\/wp-content\/uploads\/2016\/11\/arvivIcon.png","contentUrl":"https:\/\/arvivaesthetics.com\/wp-content\/uploads\/2016\/11\/arvivIcon.png","width":86,"height":42,"caption":"Arviv Medical Aesthetics"},"image":{"@id":"https:\/\/arvivaesthetics.com\/#\/schema\/logo\/image\/"},"sameAs":["https:\/\/www.facebook.com\/arvivmedicalaesthetics\/","https:\/\/x.com\/ArvivAesthetics","https:\/\/www.instagram.com\/arviv_aesthetics\/","https:\/\/www.youtube.com\/user\/Arvivaesthetics"]}]}},"_links":{"self":[{"href":"https:\/\/arvivaesthetics.com\/es\/wp-json\/wp\/v2\/pages\/7545","targetHints":{"allow":["GET"]}}],"collection":[{"href":"https:\/\/arvivaesthetics.com\/es\/wp-json\/wp\/v2\/pages"}],"about":[{"href":"https:\/\/arvivaesthetics.com\/es\/wp-json\/wp\/v2\/types\/page"}],"author":[{"embeddable":true,"href":"https:\/\/arvivaesthetics.com\/es\/wp-json\/wp\/v2\/users\/31"}],"replies":[{"embeddable":true,"href":"https:\/\/arvivaesthetics.com\/es\/wp-json\/wp\/v2\/comments?post=7545"}],"version-history":[{"count":0,"href":"https:\/\/arvivaesthetics.com\/es\/wp-json\/wp\/v2\/pages\/7545\/revisions"}],"up":[{"embeddable":true,"href":"https:\/\/arvivaesthetics.com\/es\/wp-json\/wp\/v2\/pages\/171"}],"wp:attachment":[{"href":"https:\/\/arvivaesthetics.com\/es\/wp-json\/wp\/v2\/media?parent=7545"}],"curies":[{"name":"wp","href":"https:\/\/api.w.org\/{rel}","templated":true}]}}