{"id":7556,"date":"2018-02-09T19:42:18","date_gmt":"2018-02-10T00:42:18","guid":{"rendered":"http:\/\/arvivaesthetics.com\/?page_id=7556"},"modified":"2026-02-11T15:27:11","modified_gmt":"2026-02-11T20:27:11","slug":"kybella","status":"publish","type":"page","link":"https:\/\/arvivaesthetics.com\/es\/miami\/kybella\/","title":{"rendered":"Tratamiento Kybella en Miami, Florida, para la reducci\u00f3n localizada de grasa"},"content":{"rendered":"<p>[spb_row element_name=&#8221;Row&#8221; wrap_type=&#8221;full-width-stretch&#8221; row_bg_type=&#8221;color&#8221; color_row_height=&#8221;content-height&#8221; bg_type=&#8221;cover&#8221; parallax_image_height=&#8221;content-height&#8221; parallax_image_movement=&#8221;fixed&#8221; parallax_image_speed=&#8221;standard&#8221; bg_video_loop=&#8221;yes&#8221; parallax_video_height=&#8221;window-height&#8221; row_top_style=&#8221;none&#8221; row_bottom_style=&#8221;none&#8221; parallax_video_overlay=&#8221;none&#8221; row_overlay_opacity=&#8221;0&#8243; remove_element_spacing=&#8221;no&#8221; row_col_spacing=&#8221;0&#8243; row_col_pos=&#8221;default&#8221; row_col_equal_heights=&#8221;no&#8221; row_expanding=&#8221;no&#8221; row_animation=&#8221;none&#8221; row_animation_delay=&#8221;0&#8243; minimize_row=&#8221;no&#8221; simplified_controls=&#8221;yes&#8221; custom_css_percentage=&#8221;no&#8221; custom_css=&#8221;margin-top: 0px;margin-bottom: 0px;&#8221; border_styling_global=&#8221;default&#8221; width=&#8221;1\/1&#8243; el_position=&#8221;first last&#8221;] [spb_text_block animation=&#8221;none&#8221; animation_delay=&#8221;0&#8243; simplified_controls=&#8221;yes&#8221; custom_css_percentage=&#8221;no&#8221; padding_vertical=&#8221;0&#8243; padding_horizontal=&#8221;0&#8243; margin_vertical=&#8221;0&#8243; custom_css=&#8221;margin-top: 0px;margin-bottom: 0px;&#8221; border_size=&#8221;0&#8243; border_styling_global=&#8221;default&#8221; width=&#8221;1\/1&#8243; el_position=&#8221;first last&#8221;]<\/p>\n<div class=\"first-image-wrapper\"><img loading=\"lazy\" decoding=\"async\" class=\"aligncenter wp-image-12045 size-full\" src=\"https:\/\/arvivaesthetics.com\/wp-content\/uploads\/2020\/11\/miami-kybella-header-1280x455-1.jpg\" alt=\"miami-kybella-header-1280&amp;#215;455\" width=\"1280\" height=\"455\" srcset=\"https:\/\/arvivaesthetics.com\/wp-content\/uploads\/2020\/11\/miami-kybella-header-1280x455-1.jpg 1280w, https:\/\/arvivaesthetics.com\/wp-content\/uploads\/2020\/11\/miami-kybella-header-1280x455-1-300x107.jpg 300w, https:\/\/arvivaesthetics.com\/wp-content\/uploads\/2020\/11\/miami-kybella-header-1280x455-1-1024x364.jpg 1024w, https:\/\/arvivaesthetics.com\/wp-content\/uploads\/2020\/11\/miami-kybella-header-1280x455-1-768x273.jpg 768w, https:\/\/arvivaesthetics.com\/wp-content\/uploads\/2020\/11\/miami-kybella-header-1280x455-1-1000x355.jpg 1000w\" sizes=\"auto, (max-width: 1280px) 100vw, 1280px\" \/><\/div>\n<p>[\/spb_text_block] [\/spb_row] [spb_row element_name=&#8221;Row&#8221; wrap_type=&#8221;full-width-stretch&#8221; row_bg_type=&#8221;color&#8221; row_bg_color=&#8221;#3fbbc3&#8243; color_row_height=&#8221;content-height&#8221; bg_type=&#8221;cover&#8221; parallax_image_height=&#8221;content-height&#8221; parallax_image_movement=&#8221;fixed&#8221; parallax_image_speed=&#8221;standard&#8221; bg_video_loop=&#8221;yes&#8221; parallax_video_height=&#8221;window-height&#8221; row_top_style=&#8221;none&#8221; row_bottom_style=&#8221;none&#8221; parallax_video_overlay=&#8221;none&#8221; row_overlay_opacity=&#8221;0&#8243; remove_element_spacing=&#8221;no&#8221; row_col_spacing=&#8221;0&#8243; row_col_pos=&#8221;default&#8221; row_col_equal_heights=&#8221;no&#8221; row_expanding=&#8221;no&#8221; row_animation=&#8221;none&#8221; row_animation_delay=&#8221;0&#8243; minimize_row=&#8221;no&#8221; simplified_controls=&#8221;yes&#8221; custom_css_percentage=&#8221;no&#8221; custom_css=&#8221;margin-top: 0px;margin-bottom: 0px;&#8221; border_styling_global=&#8221;default&#8221; width=&#8221;1\/1&#8243; el_position=&#8221;first last&#8221;] [spb_text_block animation=&#8221;none&#8221; animation_delay=&#8221;0&#8243; simplified_controls=&#8221;yes&#8221; custom_css_percentage=&#8221;no&#8221; padding_vertical=&#8221;0&#8243; padding_horizontal=&#8221;0&#8243; margin_vertical=&#8221;0&#8243; custom_css=&#8221;margin-top: 0px;margin-bottom: 0px;&#8221; border_size=&#8221;0&#8243; border_styling_global=&#8221;default&#8221; width=&#8221;1\/1&#8243; el_position=&#8221;first last&#8221;]<\/p>\n<p class=\"service-titles\">Call our Miami office at <a href=\"tel:+1(813) 855-0111\">(813) 855-0111<\/a> to schedule your consultation.<\/p>\n<p>[\/spb_text_block] [\/spb_row] [spb_text_block animation=&#8221;none&#8221; animation_delay=&#8221;0&#8243; simplified_controls=&#8221;yes&#8221; custom_css_percentage=&#8221;no&#8221; padding_vertical=&#8221;0&#8243; padding_horizontal=&#8221;0&#8243; margin_vertical=&#8221;0&#8243; custom_css=&#8221;margin-top: 0px;margin-bottom: 0px;&#8221; border_size=&#8221;0&#8243; border_styling_global=&#8221;default&#8221; width=&#8221;1\/1&#8243; el_position=&#8221;first last&#8221;]<\/p>\n<div class=\"service-spacer\"><\/div>\n<p>[\/spb_text_block] [spb_text_block animation=&#8221;none&#8221; animation_delay=&#8221;0&#8243; simplified_controls=&#8221;yes&#8221; custom_css_percentage=&#8221;no&#8221; padding_vertical=&#8221;0&#8243; padding_horizontal=&#8221;0&#8243; margin_vertical=&#8221;0&#8243; custom_css=&#8221;margin-top: 0px;margin-bottom: 0px;&#8221; border_size=&#8221;0&#8243; border_styling_global=&#8221;default&#8221; width=&#8221;1\/1&#8243; el_position=&#8221;first last&#8221;]<\/p>\n<h2><a href=\"https:\/\/arvivaesthetics.com\/wp-content\/uploads\/2018\/11\/Kybella-Double-Chin-Treatment-in-Miami.jpg\"><img loading=\"lazy\" decoding=\"async\" class=\"alignright wp-image-8312 size-large\" title=\"Kybella Double Chin Treatment in Miami\" src=\"https:\/\/arvivaesthetics.com\/wp-content\/uploads\/2018\/11\/Kybella-Double-Chin-Treatment-in-Miami-403x1024.jpg\" alt=\"Kybella Double Chin Treatment in Miami\" width=\"403\" height=\"1024\" srcset=\"https:\/\/arvivaesthetics.com\/wp-content\/uploads\/2018\/11\/Kybella-Double-Chin-Treatment-in-Miami-403x1024.jpg 403w, https:\/\/arvivaesthetics.com\/wp-content\/uploads\/2018\/11\/Kybella-Double-Chin-Treatment-in-Miami-118x300.jpg 118w, https:\/\/arvivaesthetics.com\/wp-content\/uploads\/2018\/11\/Kybella-Double-Chin-Treatment-in-Miami-768x1949.jpg 768w, https:\/\/arvivaesthetics.com\/wp-content\/uploads\/2018\/11\/Kybella-Double-Chin-Treatment-in-Miami-605x1536.jpg 605w, https:\/\/arvivaesthetics.com\/wp-content\/uploads\/2018\/11\/Kybella-Double-Chin-Treatment-in-Miami-807x2048.jpg 807w, https:\/\/arvivaesthetics.com\/wp-content\/uploads\/2018\/11\/Kybella-Double-Chin-Treatment-in-Miami-1000x2538.jpg 1000w\" sizes=\"auto, (max-width: 403px) 100vw, 403px\" \/><\/a>Melt Away Your Double Chin<\/h2>\n<p>Having a double chin can affect your self-confidence. You may think your double chin makes you look older than you feel. Only a few years ago however, removing excess fat from under your chin required surgery. The prospect of undergoing this painful procedure with considerable time needed for recovery was daunting. Still, as of just last year, 73 percent of people with double chins are bothered by the condition.*<\/p>\n<p>There is good news. The team at <a href=\"https:\/\/arvivaesthetics.com\/miami\/\">Arviv Medical Aesthetics in Miami<\/a> offers Kybella\u00ae, the only non-surgical, FDA approved injectable drug used to reduce a double chin. With just a few treatments you can regain self-confidence and feel great about your appearance again.<\/p>\n<p>Kybella contains an artificial version of a naturally occurring molecule in your body called deoxycholic acid, which breaks down and absorbs dietary fat. When the solution is injected under the chin, it eliminates the targeted fat cells and melts away the appearance of your double chin.<\/p>\n<h2>Is this Double Chin Treatment Option Right for You?<\/h2>\n<p>Meet with a board-certified physician in Miami to determine if you are a good candidate for Kybella. Adults who wish to avoid surgery, are of a healthy weight, don\u2019t have skin that is too loose and, want to eliminate stubborn fat under their chins typically benefit from this treatment.<\/p>\n<h2>What You Should Expect From Kybella<\/h2>\n<p>This cosmetic procedure is pretty straightforward. At each visit, a dotted grid marking the injection locations is placed on the treatment area and the solution is injected. Patients may feel a temporary burning sensation during the office visit. Each treatment plan is unique and the number of sessions you need will depend on your personal goals. Some patients reach their goal in 2-4 sessions and others receive up to six treatments. However, all treatment plans include at least one month between each session.<\/p>\n<p>Once the fat cells are destroyed by this double chin procedure, they can no longer store fat. When your aesthetic goals are reached, no further treatment is expected.<\/p>\n<p>Side effects most commonly reported by patients include redness or bruising, pain, numbness, swelling, and areas of hardness around the treated area. These typically do not last more than a few days to a week.<\/p>\n<p>Some patients have experienced more serious side effects, including injury to the jaw nerve, difficulty swallowing, weakened facial muscles, or uneven smile. These effects resolve themselves in about six weeks or less. Any side effects should be discussed with your doctor immediately.<\/p>\n<h2>Start Planning For a New You Today<\/h2>\n<p>Although this is a common procedure, it is important to work with an experienced doctor. To learn more and get started with Kybella, contact the knowledgeable professionals at <a href=\"https:\/\/arvivaesthetics.com\/miami\/\">Arviv Medical Aesthetics in Miami<\/a> to schedule your consultation.<\/p>\n<p><em>*Source: American Society for Dermatologic Surgery, 2017 Consumer Survey on Cosmetic Dermatologic Procedures<\/em><\/p>\n<p><em>Main Image credit: getty, Sofia Zhuravets<\/em><\/p>\n<p>[\/spb_text_block] [spb_text_block animation=&#8221;none&#8221; animation_delay=&#8221;0&#8243; simplified_controls=&#8221;yes&#8221; custom_css_percentage=&#8221;no&#8221; padding_vertical=&#8221;0&#8243; padding_horizontal=&#8221;0&#8243; margin_vertical=&#8221;0&#8243; custom_css=&#8221;margin-top: 0px;margin-bottom: 0px;&#8221; border_size=&#8221;0&#8243; border_styling_global=&#8221;default&#8221; width=&#8221;1\/1&#8243; el_position=&#8221;first last&#8221;]<\/p>\n<p style=\"text-align: center;\"><iframe loading=\"lazy\" title=\"YouTube video player\" src=\"https:\/\/www.youtube.com\/embed\/qqOtzLq6gtE\" width=\"560\" height=\"315\" frameborder=\"0\" allowfullscreen=\"allowfullscreen\"><span data-mce-type=\"bookmark\" style=\"display: inline-block; width: 0px; overflow: hidden; line-height: 0;\" class=\"mce_SELRES_start\">\ufeff<\/span><span data-mce-type=\"bookmark\" style=\"display: inline-block; width: 0px; overflow: hidden; line-height: 0;\" class=\"mce_SELRES_start\"><span data-mce-type=\"bookmark\" style=\"display: inline-block; width: 0px; overflow: hidden; line-height: 0;\" class=\"mce_SELRES_start\">\ufeff<\/span>\ufeff<\/span><\/iframe><\/p>\n<p>[\/spb_text_block] [spb_text_block animation=&#8221;none&#8221; animation_delay=&#8221;0&#8243; simplified_controls=&#8221;yes&#8221; custom_css_percentage=&#8221;no&#8221; padding_vertical=&#8221;0&#8243; padding_horizontal=&#8221;0&#8243; margin_vertical=&#8221;0&#8243; custom_css=&#8221;margin-top: 0px;margin-bottom: 0px;&#8221; border_size=&#8221;0&#8243; border_styling_global=&#8221;default&#8221; width=&#8221;1\/1&#8243; el_position=&#8221;first last&#8221;]<\/p>\n<div class=\"service-spacer\"><\/div>\n<p>[\/spb_text_block] [spb_text_block animation=&#8221;none&#8221; animation_delay=&#8221;0&#8243; simplified_controls=&#8221;yes&#8221; custom_css_percentage=&#8221;no&#8221; padding_vertical=&#8221;0&#8243; padding_horizontal=&#8221;0&#8243; margin_vertical=&#8221;0&#8243; custom_css=&#8221;margin-top: 0px;margin-bottom: 0px;&#8221; border_size=&#8221;0&#8243; border_styling_global=&#8221;default&#8221; width=&#8221;1\/1&#8243; el_position=&#8221;first last&#8221;]<\/p>\n<p style=\"text-align: center;\"><strong>Prices are subject to change and personalized prices will be provided upon consultation.<\/strong><\/p>\n<p>[\/spb_text_block] [spb_text_block animation=&#8221;none&#8221; animation_delay=&#8221;0&#8243; simplified_controls=&#8221;yes&#8221; custom_css_percentage=&#8221;no&#8221; padding_vertical=&#8221;0&#8243; padding_horizontal=&#8221;0&#8243; margin_vertical=&#8221;0&#8243; custom_css=&#8221;margin-top: 0px;margin-bottom: 0px;&#8221; border_size=&#8221;0&#8243; border_styling_global=&#8221;default&#8221; width=&#8221;1\/1&#8243; el_position=&#8221;first last&#8221;]<\/p>\n<div class=\"service-spacer\"><\/div>\n<p>[\/spb_text_block] [spb_row element_name=&#8221;Row&#8221; wrap_type=&#8221;content-width&#8221; parallax_image_height=&#8221;content-height&#8221; parallax_image_movement=&#8221;fixed&#8221; parallax_image_speed=&#8221;0.5&#8243; bg_video_loop=&#8221;yes&#8221; parallax_video_height=&#8221;window-height&#8221; parallax_video_overlay=&#8221;none&#8221; row_overlay_opacity=&#8221;0&#8243; row_col_pos=&#8221;default&#8221; width=&#8221;1\/1&#8243; el_position=&#8221;first last&#8221;] [\/spb_row]<\/p>\n","protected":false},"excerpt":{"rendered":"<p>[spb_row element_name=&#8221;Row&#8221; wrap_type=&#8221;full-width-stretch&#8221; row_bg_type=&#8221;color&#8221; color_row_height=&#8221;content-height&#8221; bg_type=&#8221;cover&#8221; parallax_image_height=&#8221;content-height&#8221; parallax_image_movement=&#8221;fixed&#8221; parallax_image_speed=&#8221;standard&#8221; bg_video_loop=&#8221;yes&#8221; parallax_video_height=&#8221;window-height&#8221; row_top_style=&#8221;none&#8221; row_bottom_style=&#8221;none&#8221; parallax_video_overlay=&#8221;none&#8221; row_overlay_opacity=&#8221;0&#8243; remove_element_spacing=&#8221;no&#8221; row_col_spacing=&#8221;0&#8243; row_col_pos=&#8221;default&#8221; row_col_equal_heights=&#8221;no&#8221; row_expanding=&#8221;no&#8221; row_animation=&#8221;none&#8221; row_animation_delay=&#8221;0&#8243; minimize_row=&#8221;no&#8221; simplified_controls=&#8221;yes&#8221; custom_css_percentage=&#8221;no&#8221; custom_css=&#8221;margin-top: 0px;margin-bottom: 0px;&#8221; border_styling_global=&#8221;default&#8221; width=&#8221;1\/1&#8243; el_position=&#8221;first last&#8221;] [spb_text_block animation=&#8221;none&#8221; animation_delay=&#8221;0&#8243; simplified_controls=&#8221;yes&#8221; custom_css_percentage=&#8221;no&#8221; padding_vertical=&#8221;0&#8243; padding_horizontal=&#8221;0&#8243; margin_vertical=&#8221;0&#8243; custom_css=&#8221;margin-top: 0px;margin-bottom: 0px;&#8221; border_size=&#8221;0&#8243; border_styling_global=&#8221;default&#8221; width=&#8221;1\/1&#8243; el_position=&#8221;first last&#8221;] [\/spb_text_block] [\/spb_row] [spb_row element_name=&#8221;Row&#8221; wrap_type=&#8221;full-width-stretch&#8221; row_bg_type=&#8221;color&#8221; row_bg_color=&#8221;#3fbbc3&#8243; color_row_height=&#8221;content-height&#8221; bg_type=&#8221;cover&#8221; parallax_image_height=&#8221;content-height&#8221; parallax_image_movement=&#8221;fixed&#8221; parallax_image_speed=&#8221;standard&#8221; [&hellip;]<\/p>\n","protected":false},"author":31,"featured_media":0,"parent":18731,"menu_order":0,"comment_status":"closed","ping_status":"closed","template":"","meta":{"footnotes":""},"class_list":["post-7556","page","type-page","status-publish","hentry"],"yoast_head":"<!-- This site is optimized with the Yoast SEO plugin v27.4 - https:\/\/yoast.com\/product\/yoast-seo-wordpress\/ -->\n<title>Kybella Treatment in Miami, FL for Fat Reduction | Arviv Medical Aesthetics<\/title>\n<meta name=\"description\" content=\"Target unwanted chin fat with Kybella injections in Miami, FL. FDA-approved, non-surgical treatment offered at Arviv Medical Aesthetics.\" \/>\n<meta name=\"robots\" content=\"index, follow, max-snippet:-1, max-image-preview:large, max-video-preview:-1\" \/>\n<link rel=\"canonical\" href=\"https:\/\/arvivaesthetics.com\/es\/miami\/kybella\/\" \/>\n<meta property=\"og:locale\" content=\"es_MX\" \/>\n<meta property=\"og:type\" content=\"article\" \/>\n<meta property=\"og:title\" content=\"Kybella Treatment in Miami, FL for Fat Reduction | Arviv Medical Aesthetics\" \/>\n<meta property=\"og:description\" content=\"Target unwanted chin fat with Kybella injections in Miami, FL. FDA-approved, non-surgical treatment offered at Arviv Medical Aesthetics.\" \/>\n<meta property=\"og:url\" content=\"https:\/\/arvivaesthetics.com\/es\/miami\/kybella\/\" \/>\n<meta property=\"og:site_name\" content=\"Arviv Medical Aesthetics\" \/>\n<meta property=\"article:publisher\" content=\"https:\/\/www.facebook.com\/arvivmedicalaesthetics\/\" \/>\n<meta property=\"article:modified_time\" content=\"2026-02-11T20:27:11+00:00\" \/>\n<meta property=\"og:image\" content=\"https:\/\/arvivaesthetics.com\/wp-content\/uploads\/2020\/11\/miami-kybella-header-1280x455-1.jpg\" \/>\n\t<meta property=\"og:image:width\" content=\"1280\" \/>\n\t<meta property=\"og:image:height\" content=\"455\" \/>\n\t<meta property=\"og:image:type\" content=\"image\/jpeg\" \/>\n<meta name=\"twitter:card\" content=\"summary_large_image\" \/>\n<meta name=\"twitter:site\" content=\"@ArvivAesthetics\" \/>\n<meta name=\"twitter:label1\" content=\"Tiempo de lectura\" \/>\n\t<meta name=\"twitter:data1\" content=\"4 minutos\" \/>\n<script type=\"application\/ld+json\" class=\"yoast-schema-graph\">{\"@context\":\"https:\\\/\\\/schema.org\",\"@graph\":[{\"@type\":\"WebPage\",\"@id\":\"https:\\\/\\\/arvivaesthetics.com\\\/miami\\\/kybella\\\/\",\"url\":\"https:\\\/\\\/arvivaesthetics.com\\\/miami\\\/kybella\\\/\",\"name\":\"Kybella Treatment in Miami, FL for Fat Reduction | Arviv Medical Aesthetics\",\"isPartOf\":{\"@id\":\"https:\\\/\\\/arvivaesthetics.com\\\/#website\"},\"primaryImageOfPage\":{\"@id\":\"https:\\\/\\\/arvivaesthetics.com\\\/miami\\\/kybella\\\/#primaryimage\"},\"image\":{\"@id\":\"https:\\\/\\\/arvivaesthetics.com\\\/miami\\\/kybella\\\/#primaryimage\"},\"thumbnailUrl\":\"https:\\\/\\\/arvivaesthetics.com\\\/wp-content\\\/uploads\\\/2020\\\/11\\\/miami-kybella-header-1280x455-1.jpg\",\"datePublished\":\"2018-02-10T00:42:18+00:00\",\"dateModified\":\"2026-02-11T20:27:11+00:00\",\"description\":\"Target unwanted chin fat with Kybella injections in Miami, FL. FDA-approved, non-surgical treatment offered at Arviv Medical Aesthetics.\",\"breadcrumb\":{\"@id\":\"https:\\\/\\\/arvivaesthetics.com\\\/miami\\\/kybella\\\/#breadcrumb\"},\"inLanguage\":\"es\",\"potentialAction\":[{\"@type\":\"ReadAction\",\"target\":[\"https:\\\/\\\/arvivaesthetics.com\\\/miami\\\/kybella\\\/\"]}]},{\"@type\":\"ImageObject\",\"inLanguage\":\"es\",\"@id\":\"https:\\\/\\\/arvivaesthetics.com\\\/miami\\\/kybella\\\/#primaryimage\",\"url\":\"https:\\\/\\\/arvivaesthetics.com\\\/wp-content\\\/uploads\\\/2020\\\/11\\\/miami-kybella-header-1280x455-1.jpg\",\"contentUrl\":\"https:\\\/\\\/arvivaesthetics.com\\\/wp-content\\\/uploads\\\/2020\\\/11\\\/miami-kybella-header-1280x455-1.jpg\"},{\"@type\":\"BreadcrumbList\",\"@id\":\"https:\\\/\\\/arvivaesthetics.com\\\/miami\\\/kybella\\\/#breadcrumb\",\"itemListElement\":[{\"@type\":\"ListItem\",\"position\":1,\"name\":\"Home\",\"item\":\"https:\\\/\\\/arvivaesthetics.com\\\/\"},{\"@type\":\"ListItem\",\"position\":2,\"name\":\"Miami\",\"item\":\"https:\\\/\\\/arvivaesthetics.com\\\/miami\\\/\"},{\"@type\":\"ListItem\",\"position\":3,\"name\":\"Kybella Treatment in Miami, FL for Targeted Fat Reduction\"}]},{\"@type\":\"WebSite\",\"@id\":\"https:\\\/\\\/arvivaesthetics.com\\\/#website\",\"url\":\"https:\\\/\\\/arvivaesthetics.com\\\/\",\"name\":\"Arviv Medical Aesthetics\",\"description\":\"\",\"publisher\":{\"@id\":\"https:\\\/\\\/arvivaesthetics.com\\\/#organization\"},\"potentialAction\":[{\"@type\":\"SearchAction\",\"target\":{\"@type\":\"EntryPoint\",\"urlTemplate\":\"https:\\\/\\\/arvivaesthetics.com\\\/?s={search_term_string}\"},\"query-input\":{\"@type\":\"PropertyValueSpecification\",\"valueRequired\":true,\"valueName\":\"search_term_string\"}}],\"inLanguage\":\"es\"},{\"@type\":\"Organization\",\"@id\":\"https:\\\/\\\/arvivaesthetics.com\\\/#organization\",\"name\":\"Arviv Medical Aesthetics\",\"url\":\"https:\\\/\\\/arvivaesthetics.com\\\/\",\"logo\":{\"@type\":\"ImageObject\",\"inLanguage\":\"es\",\"@id\":\"https:\\\/\\\/arvivaesthetics.com\\\/#\\\/schema\\\/logo\\\/image\\\/\",\"url\":\"https:\\\/\\\/arvivaesthetics.com\\\/wp-content\\\/uploads\\\/2016\\\/11\\\/arvivIcon.png\",\"contentUrl\":\"https:\\\/\\\/arvivaesthetics.com\\\/wp-content\\\/uploads\\\/2016\\\/11\\\/arvivIcon.png\",\"width\":86,\"height\":42,\"caption\":\"Arviv Medical Aesthetics\"},\"image\":{\"@id\":\"https:\\\/\\\/arvivaesthetics.com\\\/#\\\/schema\\\/logo\\\/image\\\/\"},\"sameAs\":[\"https:\\\/\\\/www.facebook.com\\\/arvivmedicalaesthetics\\\/\",\"https:\\\/\\\/x.com\\\/ArvivAesthetics\",\"https:\\\/\\\/www.instagram.com\\\/arviv_aesthetics\\\/\",\"https:\\\/\\\/www.youtube.com\\\/user\\\/Arvivaesthetics\"]}]}<\/script>\n<!-- \/ Yoast SEO plugin. -->","yoast_head_json":{"title":"Tratamiento Kybella en Miami, Florida, para la reducci\u00f3n de grasa | Arviv Medical Aesthetics","description":"Elimine la grasa no deseada del ment\u00f3n con las inyecciones de Kybella en Miami, Florida. Tratamiento no quir\u00fargico aprobado por la FDA que se ofrece en Arviv Medical Aesthetics.","robots":{"index":"index","follow":"follow","max-snippet":"max-snippet:-1","max-image-preview":"max-image-preview:large","max-video-preview":"max-video-preview:-1"},"canonical":"https:\/\/arvivaesthetics.com\/es\/miami\/kybella\/","og_locale":"es_MX","og_type":"article","og_title":"Kybella Treatment in Miami, FL for Fat Reduction | Arviv Medical Aesthetics","og_description":"Target unwanted chin fat with Kybella injections in Miami, FL. FDA-approved, non-surgical treatment offered at Arviv Medical Aesthetics.","og_url":"https:\/\/arvivaesthetics.com\/es\/miami\/kybella\/","og_site_name":"Arviv Medical Aesthetics","article_publisher":"https:\/\/www.facebook.com\/arvivmedicalaesthetics\/","article_modified_time":"2026-02-11T20:27:11+00:00","og_image":[{"width":1280,"height":455,"url":"https:\/\/arvivaesthetics.com\/wp-content\/uploads\/2020\/11\/miami-kybella-header-1280x455-1.jpg","type":"image\/jpeg"}],"twitter_card":"summary_large_image","twitter_site":"@ArvivAesthetics","twitter_misc":{"Tiempo de lectura":"4 minutos"},"schema":{"@context":"https:\/\/schema.org","@graph":[{"@type":"WebPage","@id":"https:\/\/arvivaesthetics.com\/miami\/kybella\/","url":"https:\/\/arvivaesthetics.com\/miami\/kybella\/","name":"Tratamiento Kybella en Miami, Florida, para la reducci\u00f3n de grasa | Arviv Medical Aesthetics","isPartOf":{"@id":"https:\/\/arvivaesthetics.com\/#website"},"primaryImageOfPage":{"@id":"https:\/\/arvivaesthetics.com\/miami\/kybella\/#primaryimage"},"image":{"@id":"https:\/\/arvivaesthetics.com\/miami\/kybella\/#primaryimage"},"thumbnailUrl":"https:\/\/arvivaesthetics.com\/wp-content\/uploads\/2020\/11\/miami-kybella-header-1280x455-1.jpg","datePublished":"2018-02-10T00:42:18+00:00","dateModified":"2026-02-11T20:27:11+00:00","description":"Elimine la grasa no deseada del ment\u00f3n con las inyecciones de Kybella en Miami, Florida. Tratamiento no quir\u00fargico aprobado por la FDA que se ofrece en Arviv Medical Aesthetics.","breadcrumb":{"@id":"https:\/\/arvivaesthetics.com\/miami\/kybella\/#breadcrumb"},"inLanguage":"es","potentialAction":[{"@type":"ReadAction","target":["https:\/\/arvivaesthetics.com\/miami\/kybella\/"]}]},{"@type":"ImageObject","inLanguage":"es","@id":"https:\/\/arvivaesthetics.com\/miami\/kybella\/#primaryimage","url":"https:\/\/arvivaesthetics.com\/wp-content\/uploads\/2020\/11\/miami-kybella-header-1280x455-1.jpg","contentUrl":"https:\/\/arvivaesthetics.com\/wp-content\/uploads\/2020\/11\/miami-kybella-header-1280x455-1.jpg"},{"@type":"BreadcrumbList","@id":"https:\/\/arvivaesthetics.com\/miami\/kybella\/#breadcrumb","itemListElement":[{"@type":"ListItem","position":1,"name":"Home","item":"https:\/\/arvivaesthetics.com\/"},{"@type":"ListItem","position":2,"name":"Miami","item":"https:\/\/arvivaesthetics.com\/miami\/"},{"@type":"ListItem","position":3,"name":"Kybella Treatment in Miami, FL for Targeted Fat Reduction"}]},{"@type":"WebSite","@id":"https:\/\/arvivaesthetics.com\/#website","url":"https:\/\/arvivaesthetics.com\/","name":"Arviv Est\u00e9tica M\u00e9dica","description":"","publisher":{"@id":"https:\/\/arvivaesthetics.com\/#organization"},"potentialAction":[{"@type":"SearchAction","target":{"@type":"EntryPoint","urlTemplate":"https:\/\/arvivaesthetics.com\/?s={search_term_string}"},"query-input":{"@type":"PropertyValueSpecification","valueRequired":true,"valueName":"search_term_string"}}],"inLanguage":"es"},{"@type":"Organization","@id":"https:\/\/arvivaesthetics.com\/#organization","name":"Arviv Est\u00e9tica M\u00e9dica","url":"https:\/\/arvivaesthetics.com\/","logo":{"@type":"ImageObject","inLanguage":"es","@id":"https:\/\/arvivaesthetics.com\/#\/schema\/logo\/image\/","url":"https:\/\/arvivaesthetics.com\/wp-content\/uploads\/2016\/11\/arvivIcon.png","contentUrl":"https:\/\/arvivaesthetics.com\/wp-content\/uploads\/2016\/11\/arvivIcon.png","width":86,"height":42,"caption":"Arviv Medical Aesthetics"},"image":{"@id":"https:\/\/arvivaesthetics.com\/#\/schema\/logo\/image\/"},"sameAs":["https:\/\/www.facebook.com\/arvivmedicalaesthetics\/","https:\/\/x.com\/ArvivAesthetics","https:\/\/www.instagram.com\/arviv_aesthetics\/","https:\/\/www.youtube.com\/user\/Arvivaesthetics"]}]}},"_links":{"self":[{"href":"https:\/\/arvivaesthetics.com\/es\/wp-json\/wp\/v2\/pages\/7556","targetHints":{"allow":["GET"]}}],"collection":[{"href":"https:\/\/arvivaesthetics.com\/es\/wp-json\/wp\/v2\/pages"}],"about":[{"href":"https:\/\/arvivaesthetics.com\/es\/wp-json\/wp\/v2\/types\/page"}],"author":[{"embeddable":true,"href":"https:\/\/arvivaesthetics.com\/es\/wp-json\/wp\/v2\/users\/31"}],"replies":[{"embeddable":true,"href":"https:\/\/arvivaesthetics.com\/es\/wp-json\/wp\/v2\/comments?post=7556"}],"version-history":[{"count":0,"href":"https:\/\/arvivaesthetics.com\/es\/wp-json\/wp\/v2\/pages\/7556\/revisions"}],"up":[{"embeddable":true,"href":"https:\/\/arvivaesthetics.com\/es\/wp-json\/wp\/v2\/pages\/18731"}],"wp:attachment":[{"href":"https:\/\/arvivaesthetics.com\/es\/wp-json\/wp\/v2\/media?parent=7556"}],"curies":[{"name":"wp","href":"https:\/\/api.w.org\/{rel}","templated":true}]}}