{"id":7940,"date":"2018-07-26T14:24:03","date_gmt":"2018-07-26T19:24:03","guid":{"rendered":"http:\/\/arvivaesthetics.com\/?page_id=7940"},"modified":"2024-02-22T17:39:58","modified_gmt":"2024-02-22T22:39:58","slug":"eliminacion-de-tatuajes-antes-y-despues","status":"publish","type":"page","link":"https:\/\/arvivaesthetics.com\/es\/tattoo-removal-before-and-after\/","title":{"rendered":"Antes y despu\u00e9s de la eliminaci\u00f3n de tatuajes"},"content":{"rendered":"<p>&nbsp;<\/p>\n<p>La gente se tat\u00faa por diferentes motivos. Sin embargo, llega un momento en que muchos cambian de opini\u00f3n sobre el tatuaje, o simplemente se convierte en un recordatorio constante de algo desagradable. En el pasado, se pensaba que estas personas apenas pod\u00edan hacer nada para deshacerse del tatuaje. Sin embargo, gracias a los recientes avances en tecnolog\u00eda l\u00e1ser como PicoWay\u00ae, la eliminaci\u00f3n de tatuajes es ahora segura, eficaz y rentable.<\/p>\n<p>En <a href=\"https:\/\/arvivaesthetics.com\/es\/\">Arviv Est\u00e9tica M\u00e9dica<\/a>ahora ofrecemos la eliminaci\u00f3n de tatuajes con l\u00e1ser PicoWay en <a href=\"https:\/\/arvivaesthetics.com\/es\/tampa\/eliminacion-de-tatuajes-con-laser\/\">Tampa<\/a>, <a href=\"https:\/\/arvivaesthetics.com\/es\/miami\/eliminacion-de-tatuajes-con-laser\/\">Miami<\/a>y <a href=\"https:\/\/arvivaesthetics.com\/es\/ocala\/eliminacion-de-tatuajes-con-laser\/\">Ocala<\/a>FL. Reserve una cita para hablar con nuestro equipo m\u00e9dico hoy para empezar.<\/p>\n<h2>C\u00f3mo funciona la eliminaci\u00f3n de tatuajes con l\u00e1ser<\/h2>\n<p>PicoWay\u00ae representa un enorme avance en la eliminaci\u00f3n de tatuajes con l\u00e1ser. A diferencia de los l\u00e1seres tradicionales, PicoWay utiliza l\u00e1seres de alta energ\u00eda en pulsos de picosegundos extremadamente cortos (una trillon\u00e9sima de segundo). Esta r\u00e1faga de energ\u00eda de alta velocidad penetra bajo la piel, dispersando los pigmentos de la tinta del tatuaje en part\u00edculas microsc\u00f3picas que el ojo humano no puede ver. Con el tiempo, el cuerpo absorbe estas part\u00edculas de forma natural y segura.<\/p>\n<p>Las ventajas de este m\u00e9todo de eliminaci\u00f3n de tatuajes con l\u00e1ser son que:<\/p>\n<ul>\n<li>Es seguro y muy eficaz, por lo que requiere menos sesiones de tratamiento.<\/li>\n<li>Riesgo m\u00ednimo de cicatrices tras el tratamiento<\/li>\n<li>PicoWay puede eliminar tatuajes con colores complejos\/dif\u00edciles de eliminar<\/li>\n<li>Menos sesiones de tratamiento<\/li>\n<\/ul>\n<p>En Arviv Medical Aesthetics, hemos ayudado a muchos clientes en Tampa, Miami y Ocala a eliminar sus tatuajes utilizando el tratamiento con l\u00e1ser PicoWay aprobado por la FDA.<\/p>\n<h2 class=\"p1\"><strong>Fotos de antes y despu\u00e9s de la eliminaci\u00f3n de tatuajes de pacientes reales:<\/strong><\/h2>\n<p class=\"p1\"><img loading=\"lazy\" decoding=\"async\" class=\"aligncenter size-full wp-image-7032\" src=\"https:\/\/arvivaesthetics.com\/wp-content\/uploads\/2016\/11\/example1.png\" alt=\"ejemplo1\" width=\"626\" height=\"272\" srcset=\"https:\/\/arvivaesthetics.com\/wp-content\/uploads\/2016\/11\/example1.png 626w, https:\/\/arvivaesthetics.com\/wp-content\/uploads\/2016\/11\/example1-300x130.png 300w\" sizes=\"auto, (max-width: 626px) 100vw, 626px\" \/><\/p>\n<p class=\"p1\"><img loading=\"lazy\" decoding=\"async\" class=\"aligncenter wp-image-7027 size-full\" src=\"https:\/\/arvivaesthetics.com\/wp-content\/uploads\/2016\/11\/example2.png\" alt=\"ejemplo2\" width=\"626\" height=\"351\" srcset=\"https:\/\/arvivaesthetics.com\/wp-content\/uploads\/2016\/11\/example2.png 626w, https:\/\/arvivaesthetics.com\/wp-content\/uploads\/2016\/11\/example2-300x168.png 300w\" sizes=\"auto, (max-width: 626px) 100vw, 626px\" \/><\/p>\n<p class=\"p1\"><img loading=\"lazy\" decoding=\"async\" class=\"aligncenter wp-image-7028 size-full\" src=\"https:\/\/arvivaesthetics.com\/wp-content\/uploads\/2016\/11\/example3.png\" alt=\"ejemplo3\" width=\"626\" height=\"255\" srcset=\"https:\/\/arvivaesthetics.com\/wp-content\/uploads\/2016\/11\/example3.png 626w, https:\/\/arvivaesthetics.com\/wp-content\/uploads\/2016\/11\/example3-300x122.png 300w\" sizes=\"auto, (max-width: 626px) 100vw, 626px\" \/><\/p>\n<p class=\"p1\"><img loading=\"lazy\" decoding=\"async\" class=\"aligncenter wp-image-7029 size-full\" src=\"https:\/\/arvivaesthetics.com\/wp-content\/uploads\/2016\/11\/example4.png\" alt=\"ejemplo4\" width=\"626\" height=\"357\" srcset=\"https:\/\/arvivaesthetics.com\/wp-content\/uploads\/2016\/11\/example4.png 626w, https:\/\/arvivaesthetics.com\/wp-content\/uploads\/2016\/11\/example4-300x171.png 300w\" sizes=\"auto, (max-width: 626px) 100vw, 626px\" \/><\/p>\n<p class=\"p1\"><img loading=\"lazy\" decoding=\"async\" class=\"aligncenter wp-image-7030 size-full\" src=\"https:\/\/arvivaesthetics.com\/wp-content\/uploads\/2016\/11\/example5.png\" alt=\"ejemplo5\" width=\"626\" height=\"240\" srcset=\"https:\/\/arvivaesthetics.com\/wp-content\/uploads\/2016\/11\/example5.png 626w, https:\/\/arvivaesthetics.com\/wp-content\/uploads\/2016\/11\/example5-300x115.png 300w\" sizes=\"auto, (max-width: 626px) 100vw, 626px\" \/><\/p>\n<p><img loading=\"lazy\" decoding=\"async\" class=\"aligncenter wp-image-7608\" src=\"http:\/\/arvivaesthetics.com\/wp-content\/uploads\/2018\/03\/Tattoo-Removal-Before-1024x723.jpg\" alt=\"\" width=\"626\" height=\"442\" srcset=\"https:\/\/arvivaesthetics.com\/wp-content\/uploads\/2018\/03\/Tattoo-Removal-Before-1024x723.jpg 1024w, https:\/\/arvivaesthetics.com\/wp-content\/uploads\/2018\/03\/Tattoo-Removal-Before-300x212.jpg 300w, https:\/\/arvivaesthetics.com\/wp-content\/uploads\/2018\/03\/Tattoo-Removal-Before-768x542.jpg 768w, https:\/\/arvivaesthetics.com\/wp-content\/uploads\/2018\/03\/Tattoo-Removal-Before-1000x706.jpg 1000w, https:\/\/arvivaesthetics.com\/wp-content\/uploads\/2018\/03\/Tattoo-Removal-Before.jpg 1125w\" sizes=\"auto, (max-width: 626px) 100vw, 626px\" \/><\/p>\n<p>&nbsp;<\/p>\n<h2><b>Antes y despu\u00e9s de la eliminaci\u00f3n de tatuajes con l\u00e1ser<\/b><\/h2>\n<p><span style=\"font-weight: 400;\">Antes de la sesi\u00f3n de tratamiento de tatuajes con l\u00e1ser, su m\u00e9dico le aplicar\u00e1 crema anest\u00e9sica local t\u00f3pica en la zona del tatuaje para su comodidad durante el procedimiento. Despu\u00e9s de que el anest\u00e9sico haga efecto, el m\u00e9dico utilizar\u00e1 una pieza de mano para enviar pulsos de energ\u00eda ultracortos y de alta potencia a la zona objetivo, triturando los pigmentos de tinta del tatuaje en trozos diminutos.<\/span><\/p>\n<p><span style=\"font-weight: 400;\">Despu\u00e9s de la sesi\u00f3n, puede experimentar enrojecimiento, hinchaz\u00f3n y hormigueo en la zona tratada. Una bolsa de hielo aplicada inmediatamente despu\u00e9s de la sesi\u00f3n aliviar\u00e1 la zona. Adem\u00e1s, nuestros m\u00e9dicos le dar\u00e1n instrucciones para los cuidados posteriores antes de que abandone la consulta. Esto puede incluir:<\/span><\/p>\n<ul>\n<li style=\"font-weight: 400;\" aria-level=\"1\"><span style=\"font-weight: 400;\">Aplicar pomadas antibacterianas en la zona de la piel tratada durante varios d\u00edas.<\/span><\/li>\n<li style=\"font-weight: 400;\" aria-level=\"1\"><span style=\"font-weight: 400;\">Mantener la zona tratada siempre seca y limpia<\/span><\/li>\n<li style=\"font-weight: 400;\" aria-level=\"1\"><span style=\"font-weight: 400;\">Proteger la piel de la luz solar directa<\/span><\/li>\n<li style=\"font-weight: 400;\" aria-level=\"1\"><span style=\"font-weight: 400;\">No lleves ropa ajustada en la zona tratada<\/span><\/li>\n<li style=\"font-weight: 400;\" aria-level=\"1\"><span style=\"font-weight: 400;\">No te arranques las ampollas o costras que puedan formarse para minimizar el riesgo de cicatrices.<\/span><\/li>\n<\/ul>\n<p><span style=\"font-weight: 400;\">En la mayor\u00eda de los casos, podr\u00e1 reanudar inmediatamente sus actividades cotidianas tras la eliminaci\u00f3n del tatuaje, pero aseg\u00farese de tomar las precauciones mencionadas para proteger la zona tratada.<\/span><\/p>\n<h2><b>Fotos de antes y despu\u00e9s de la eliminaci\u00f3n de tatuajes con l\u00e1ser<\/b><\/h2>\n<h3><b>Preguntas frecuentes sobre el antes y el despu\u00e9s de la eliminaci\u00f3n de tatuajes con l\u00e1ser<\/b><\/h3>\n<h4><b>\u00bfCu\u00e1ntos tratamientos ser\u00e1n necesarios para eliminar mi tatuaje?<\/b><\/h4>\n<p><span style=\"font-weight: 400;\">Cada tatuaje es \u00fanico, as\u00ed que depende. El n\u00famero de sesiones de tratamiento que puede necesitar depender\u00e1 principalmente del tama\u00f1o de su tatuaje y del color de la tinta. Otros factores, como la edad, el color de la piel y la profundidad del tatuaje, tambi\u00e9n pueden afectar al n\u00famero de sesiones necesarias. Por t\u00e9rmino medio, la mayor\u00eda de los tatuajes necesitar\u00e1n varias sesiones para ser eliminados con l\u00e1ser.<\/span><\/p>\n<h4><b>\u00bfEs segura la eliminaci\u00f3n de tatuajes con l\u00e1ser?<\/b><\/h4>\n<p><span style=\"font-weight: 400;\">No tiene por qu\u00e9 preocuparse. El l\u00e1ser PicoWay est\u00e1 aprobado por la FDA y es completamente seguro. Sin embargo, es crucial que usted obtenga el tratamiento con l\u00e1ser de expertos capacitados como nuestro equipo de Arviv Medical Aesthetics. PicoWay tambi\u00e9n puede no ser ideal para las mujeres embarazadas, lactantes o con inmunidad d\u00e9bil.<\/span><\/p>\n<h4><b>\u00bfDuele el tratamiento con l\u00e1ser PicoWay?<\/b><\/h4>\n<p><span style=\"font-weight: 400;\">Es probable que experimente cierto grado de incomodidad, pero la anestesia t\u00f3pica o local reduce significativamente el malestar. Tras la intervenci\u00f3n, es posible que experimente cierto enrojecimiento e hinchaz\u00f3n, que probablemente desaparecer\u00e1n al cabo de unos d\u00edas.<\/span><\/p>\n<h4><b>\u00bfHay tiempo de inactividad?<\/b><\/h4>\n<p><span style=\"font-weight: 400;\">No. Puede volver a casa inmediatamente despu\u00e9s de la intervenci\u00f3n y continuar con sus actividades cotidianas.<\/span><\/p>\n<h4><b>\u00bfCu\u00e1nto cuesta la eliminaci\u00f3n de tatuajes con l\u00e1ser?<\/b><\/h4>\n<p><span style=\"font-weight: 400;\">Depende de la complejidad de su tatuaje y de cu\u00e1ntas sesiones de tratamiento sean necesarias para eliminarlo.<\/span><\/p>\n<h2><b>Eliminaci\u00f3n de tatuajes con l\u00e1ser en Tampa<\/b><\/h2>\n<p><span style=\"font-weight: 400;\">La eliminaci\u00f3n de tatuajes con l\u00e1ser PicoWay\u00ae es ahora un sue\u00f1o hecho realidad para muchas personas en Tampa que una vez pensaron que su decisi\u00f3n de tener un tatuaje era irreversible. El procedimiento no s\u00f3lo es seguro, sino tambi\u00e9n m\u00e1s eficaz y asequible que todas las dem\u00e1s alternativas.<\/span> <a href=\"https:\/\/arvivmedical.zenoti.com\/webstorenew\"><span style=\"font-weight: 400;\">Concierte una cita hoy mismo<\/span><\/a><span style=\"font-weight: 400;\"> con Arviv Medical Aesthetics para una consulta profesional con nuestro equipo m\u00e9dico.<\/span><\/p>\n<p>&nbsp;<\/p>\n<p>&nbsp;<\/p>","protected":false},"excerpt":{"rendered":"<p>&nbsp; People get tattoos for different reasons. However, there comes a time when many change their mind about the tattoo, or it just becomes a constant reminder of something unpleasant. In the past, it was thought that there was little to nothing such people could do to get rid of the tattoo. However, thanks to recent advancements in laser technology [&hellip;]<\/p>\n","protected":false},"author":32,"featured_media":0,"parent":0,"menu_order":0,"comment_status":"closed","ping_status":"closed","template":"","meta":{"footnotes":""},"class_list":["post-7940","page","type-page","status-publish","hentry"],"yoast_head":"<!-- This site is optimized with the Yoast SEO plugin v27.4 - https:\/\/yoast.com\/product\/yoast-seo-wordpress\/ -->\n<title>Laser Tattoo Removal Before and After | Arviv Medical Aesthetics<\/title>\n<meta name=\"description\" content=\"Learn what to expect when you go for a laser tattoo removal. Plus, see real before and after photos! Contact us today to schedule a tattoo removal procedure.\" \/>\n<meta name=\"robots\" content=\"index, follow, max-snippet:-1, max-image-preview:large, max-video-preview:-1\" \/>\n<link rel=\"canonical\" href=\"https:\/\/arvivaesthetics.com\/es\/eliminacion-de-tatuajes-antes-y-despues\/\" \/>\n<meta property=\"og:locale\" content=\"es_MX\" \/>\n<meta property=\"og:type\" content=\"article\" \/>\n<meta property=\"og:title\" content=\"Laser Tattoo Removal Before and After | Arviv Medical Aesthetics\" \/>\n<meta property=\"og:description\" content=\"Learn what to expect when you go for a laser tattoo removal. Plus, see real before and after photos! Contact us today to schedule a tattoo removal procedure.\" \/>\n<meta property=\"og:url\" content=\"https:\/\/arvivaesthetics.com\/es\/eliminacion-de-tatuajes-antes-y-despues\/\" \/>\n<meta property=\"og:site_name\" content=\"Arviv Medical Aesthetics\" \/>\n<meta property=\"article:publisher\" content=\"https:\/\/www.facebook.com\/arvivmedicalaesthetics\/\" \/>\n<meta property=\"article:modified_time\" content=\"2024-02-22T22:39:58+00:00\" \/>\n<meta property=\"og:image\" content=\"https:\/\/arvivaesthetics.com\/wp-content\/uploads\/2016\/11\/example1.png\" \/>\n<meta name=\"twitter:card\" content=\"summary_large_image\" \/>\n<meta name=\"twitter:site\" content=\"@ArvivAesthetics\" \/>\n<meta name=\"twitter:label1\" content=\"Tiempo de lectura\" \/>\n\t<meta name=\"twitter:data1\" content=\"4 minutos\" \/>\n<script type=\"application\/ld+json\" class=\"yoast-schema-graph\">{\"@context\":\"https:\\\/\\\/schema.org\",\"@graph\":[{\"@type\":\"WebPage\",\"@id\":\"https:\\\/\\\/arvivaesthetics.com\\\/tattoo-removal-before-and-after\\\/\",\"url\":\"https:\\\/\\\/arvivaesthetics.com\\\/tattoo-removal-before-and-after\\\/\",\"name\":\"Laser Tattoo Removal Before and After | Arviv Medical Aesthetics\",\"isPartOf\":{\"@id\":\"https:\\\/\\\/arvivaesthetics.com\\\/#website\"},\"primaryImageOfPage\":{\"@id\":\"https:\\\/\\\/arvivaesthetics.com\\\/tattoo-removal-before-and-after\\\/#primaryimage\"},\"image\":{\"@id\":\"https:\\\/\\\/arvivaesthetics.com\\\/tattoo-removal-before-and-after\\\/#primaryimage\"},\"thumbnailUrl\":\"https:\\\/\\\/arvivaesthetics.com\\\/wp-content\\\/uploads\\\/2016\\\/11\\\/example1.png\",\"datePublished\":\"2018-07-26T19:24:03+00:00\",\"dateModified\":\"2024-02-22T22:39:58+00:00\",\"description\":\"Learn what to expect when you go for a laser tattoo removal. Plus, see real before and after photos! Contact us today to schedule a tattoo removal procedure.\",\"breadcrumb\":{\"@id\":\"https:\\\/\\\/arvivaesthetics.com\\\/tattoo-removal-before-and-after\\\/#breadcrumb\"},\"inLanguage\":\"es\",\"potentialAction\":[{\"@type\":\"ReadAction\",\"target\":[\"https:\\\/\\\/arvivaesthetics.com\\\/tattoo-removal-before-and-after\\\/\"]}]},{\"@type\":\"ImageObject\",\"inLanguage\":\"es\",\"@id\":\"https:\\\/\\\/arvivaesthetics.com\\\/tattoo-removal-before-and-after\\\/#primaryimage\",\"url\":\"https:\\\/\\\/arvivaesthetics.com\\\/wp-content\\\/uploads\\\/2016\\\/11\\\/example1.png\",\"contentUrl\":\"https:\\\/\\\/arvivaesthetics.com\\\/wp-content\\\/uploads\\\/2016\\\/11\\\/example1.png\"},{\"@type\":\"BreadcrumbList\",\"@id\":\"https:\\\/\\\/arvivaesthetics.com\\\/tattoo-removal-before-and-after\\\/#breadcrumb\",\"itemListElement\":[{\"@type\":\"ListItem\",\"position\":1,\"name\":\"Home\",\"item\":\"https:\\\/\\\/arvivaesthetics.com\\\/\"},{\"@type\":\"ListItem\",\"position\":2,\"name\":\"Tattoo Removal Before and After\"}]},{\"@type\":\"WebSite\",\"@id\":\"https:\\\/\\\/arvivaesthetics.com\\\/#website\",\"url\":\"https:\\\/\\\/arvivaesthetics.com\\\/\",\"name\":\"Arviv Medical Aesthetics\",\"description\":\"\",\"publisher\":{\"@id\":\"https:\\\/\\\/arvivaesthetics.com\\\/#organization\"},\"potentialAction\":[{\"@type\":\"SearchAction\",\"target\":{\"@type\":\"EntryPoint\",\"urlTemplate\":\"https:\\\/\\\/arvivaesthetics.com\\\/?s={search_term_string}\"},\"query-input\":{\"@type\":\"PropertyValueSpecification\",\"valueRequired\":true,\"valueName\":\"search_term_string\"}}],\"inLanguage\":\"es\"},{\"@type\":\"Organization\",\"@id\":\"https:\\\/\\\/arvivaesthetics.com\\\/#organization\",\"name\":\"Arviv Medical Aesthetics\",\"url\":\"https:\\\/\\\/arvivaesthetics.com\\\/\",\"logo\":{\"@type\":\"ImageObject\",\"inLanguage\":\"es\",\"@id\":\"https:\\\/\\\/arvivaesthetics.com\\\/#\\\/schema\\\/logo\\\/image\\\/\",\"url\":\"https:\\\/\\\/arvivaesthetics.com\\\/wp-content\\\/uploads\\\/2016\\\/11\\\/arvivIcon.png\",\"contentUrl\":\"https:\\\/\\\/arvivaesthetics.com\\\/wp-content\\\/uploads\\\/2016\\\/11\\\/arvivIcon.png\",\"width\":86,\"height\":42,\"caption\":\"Arviv Medical Aesthetics\"},\"image\":{\"@id\":\"https:\\\/\\\/arvivaesthetics.com\\\/#\\\/schema\\\/logo\\\/image\\\/\"},\"sameAs\":[\"https:\\\/\\\/www.facebook.com\\\/arvivmedicalaesthetics\\\/\",\"https:\\\/\\\/x.com\\\/ArvivAesthetics\",\"https:\\\/\\\/www.instagram.com\\\/arviv_aesthetics\\\/\",\"https:\\\/\\\/www.youtube.com\\\/user\\\/Arvivaesthetics\"]}]}<\/script>\n<!-- \/ Yoast SEO plugin. -->","yoast_head_json":{"title":"Eliminaci\u00f3n de tatuajes con l\u00e1ser antes y despu\u00e9s | Arviv Medical Aesthetics","description":"Sepa qu\u00e9 puede esperar cuando se someta a una eliminaci\u00f3n de tatuajes con l\u00e1ser. Adem\u00e1s, vea fotos reales de antes y despu\u00e9s. P\u00f3ngase en contacto con nosotros hoy mismo para programar un procedimiento de eliminaci\u00f3n de tatuajes.","robots":{"index":"index","follow":"follow","max-snippet":"max-snippet:-1","max-image-preview":"max-image-preview:large","max-video-preview":"max-video-preview:-1"},"canonical":"https:\/\/arvivaesthetics.com\/es\/eliminacion-de-tatuajes-antes-y-despues\/","og_locale":"es_MX","og_type":"article","og_title":"Laser Tattoo Removal Before and After | Arviv Medical Aesthetics","og_description":"Learn what to expect when you go for a laser tattoo removal. Plus, see real before and after photos! Contact us today to schedule a tattoo removal procedure.","og_url":"https:\/\/arvivaesthetics.com\/es\/eliminacion-de-tatuajes-antes-y-despues\/","og_site_name":"Arviv Medical Aesthetics","article_publisher":"https:\/\/www.facebook.com\/arvivmedicalaesthetics\/","article_modified_time":"2024-02-22T22:39:58+00:00","og_image":[{"url":"https:\/\/arvivaesthetics.com\/wp-content\/uploads\/2016\/11\/example1.png","type":"","width":"","height":""}],"twitter_card":"summary_large_image","twitter_site":"@ArvivAesthetics","twitter_misc":{"Tiempo de lectura":"4 minutos"},"schema":{"@context":"https:\/\/schema.org","@graph":[{"@type":"WebPage","@id":"https:\/\/arvivaesthetics.com\/tattoo-removal-before-and-after\/","url":"https:\/\/arvivaesthetics.com\/tattoo-removal-before-and-after\/","name":"Eliminaci\u00f3n de tatuajes con l\u00e1ser antes y despu\u00e9s | Arviv Medical Aesthetics","isPartOf":{"@id":"https:\/\/arvivaesthetics.com\/#website"},"primaryImageOfPage":{"@id":"https:\/\/arvivaesthetics.com\/tattoo-removal-before-and-after\/#primaryimage"},"image":{"@id":"https:\/\/arvivaesthetics.com\/tattoo-removal-before-and-after\/#primaryimage"},"thumbnailUrl":"https:\/\/arvivaesthetics.com\/wp-content\/uploads\/2016\/11\/example1.png","datePublished":"2018-07-26T19:24:03+00:00","dateModified":"2024-02-22T22:39:58+00:00","description":"Sepa qu\u00e9 puede esperar cuando se someta a una eliminaci\u00f3n de tatuajes con l\u00e1ser. Adem\u00e1s, vea fotos reales de antes y despu\u00e9s. P\u00f3ngase en contacto con nosotros hoy mismo para programar un procedimiento de eliminaci\u00f3n de tatuajes.","breadcrumb":{"@id":"https:\/\/arvivaesthetics.com\/tattoo-removal-before-and-after\/#breadcrumb"},"inLanguage":"es","potentialAction":[{"@type":"ReadAction","target":["https:\/\/arvivaesthetics.com\/tattoo-removal-before-and-after\/"]}]},{"@type":"ImageObject","inLanguage":"es","@id":"https:\/\/arvivaesthetics.com\/tattoo-removal-before-and-after\/#primaryimage","url":"https:\/\/arvivaesthetics.com\/wp-content\/uploads\/2016\/11\/example1.png","contentUrl":"https:\/\/arvivaesthetics.com\/wp-content\/uploads\/2016\/11\/example1.png"},{"@type":"BreadcrumbList","@id":"https:\/\/arvivaesthetics.com\/tattoo-removal-before-and-after\/#breadcrumb","itemListElement":[{"@type":"ListItem","position":1,"name":"Home","item":"https:\/\/arvivaesthetics.com\/"},{"@type":"ListItem","position":2,"name":"Tattoo Removal Before and After"}]},{"@type":"WebSite","@id":"https:\/\/arvivaesthetics.com\/#website","url":"https:\/\/arvivaesthetics.com\/","name":"Arviv Est\u00e9tica M\u00e9dica","description":"","publisher":{"@id":"https:\/\/arvivaesthetics.com\/#organization"},"potentialAction":[{"@type":"SearchAction","target":{"@type":"EntryPoint","urlTemplate":"https:\/\/arvivaesthetics.com\/?s={search_term_string}"},"query-input":{"@type":"PropertyValueSpecification","valueRequired":true,"valueName":"search_term_string"}}],"inLanguage":"es"},{"@type":"Organization","@id":"https:\/\/arvivaesthetics.com\/#organization","name":"Arviv Est\u00e9tica M\u00e9dica","url":"https:\/\/arvivaesthetics.com\/","logo":{"@type":"ImageObject","inLanguage":"es","@id":"https:\/\/arvivaesthetics.com\/#\/schema\/logo\/image\/","url":"https:\/\/arvivaesthetics.com\/wp-content\/uploads\/2016\/11\/arvivIcon.png","contentUrl":"https:\/\/arvivaesthetics.com\/wp-content\/uploads\/2016\/11\/arvivIcon.png","width":86,"height":42,"caption":"Arviv Medical Aesthetics"},"image":{"@id":"https:\/\/arvivaesthetics.com\/#\/schema\/logo\/image\/"},"sameAs":["https:\/\/www.facebook.com\/arvivmedicalaesthetics\/","https:\/\/x.com\/ArvivAesthetics","https:\/\/www.instagram.com\/arviv_aesthetics\/","https:\/\/www.youtube.com\/user\/Arvivaesthetics"]}]}},"_links":{"self":[{"href":"https:\/\/arvivaesthetics.com\/es\/wp-json\/wp\/v2\/pages\/7940","targetHints":{"allow":["GET"]}}],"collection":[{"href":"https:\/\/arvivaesthetics.com\/es\/wp-json\/wp\/v2\/pages"}],"about":[{"href":"https:\/\/arvivaesthetics.com\/es\/wp-json\/wp\/v2\/types\/page"}],"author":[{"embeddable":true,"href":"https:\/\/arvivaesthetics.com\/es\/wp-json\/wp\/v2\/users\/32"}],"replies":[{"embeddable":true,"href":"https:\/\/arvivaesthetics.com\/es\/wp-json\/wp\/v2\/comments?post=7940"}],"version-history":[{"count":0,"href":"https:\/\/arvivaesthetics.com\/es\/wp-json\/wp\/v2\/pages\/7940\/revisions"}],"wp:attachment":[{"href":"https:\/\/arvivaesthetics.com\/es\/wp-json\/wp\/v2\/media?parent=7940"}],"curies":[{"name":"wp","href":"https:\/\/api.w.org\/{rel}","templated":true}]}}