{"id":8157,"date":"2020-03-24T12:46:37","date_gmt":"2020-03-24T17:46:37","guid":{"rendered":"http:\/\/arvivaesthetics.com\/?page_id=8157"},"modified":"2025-12-19T16:43:56","modified_gmt":"2025-12-19T21:43:56","slug":"p-disparo","status":"publish","type":"page","link":"https:\/\/arvivaesthetics.com\/es\/miami\/p-shot\/","title":{"rendered":"Miami P-Shot\u00ae para el rejuvenecimiento del pene"},"content":{"rendered":"<p>[spb_row element_name=&#8221;Row&#8221; wrap_type=&#8221;full-width-stretch&#8221; row_bg_type=&#8221;color&#8221; row_bg_color=&#8221;3fbbc3&#8243; color_row_height=&#8221;content-height&#8221; bg_type=&#8221;cover&#8221; parallax_image_height=&#8221;content-height&#8221; parallax_image_movement=&#8221;fixed&#8221; parallax_image_speed=&#8221;standard&#8221; bg_video_loop=&#8221;yes&#8221; parallax_video_height=&#8221;window-height&#8221; row_top_style=&#8221;none&#8221; row_bottom_style=&#8221;none&#8221; parallax_video_overlay=&#8221;none&#8221; row_overlay_opacity=&#8221;0&#8243; remove_element_spacing=&#8221;no&#8221; row_col_spacing=&#8221;0&#8243; row_col_pos=&#8221;default&#8221; row_col_equal_heights=&#8221;no&#8221; row_expanding=&#8221;no&#8221; row_animation=&#8221;none&#8221; row_animation_delay=&#8221;0&#8243; minimize_row=&#8221;no&#8221; simplified_controls=&#8221;yes&#8221; custom_css_percentage=&#8221;no&#8221; custom_css=&#8221;margin-top: 0px;margin-bottom: 0px;&#8221; border_styling_global=&#8221;default&#8221; width=&#8221;1\/1&#8243; el_position=&#8221;first last&#8221;] [spb_text_block animation=&#8221;none&#8221; animation_delay=&#8221;0&#8243; simplified_controls=&#8221;yes&#8221; custom_css_percentage=&#8221;no&#8221; padding_vertical=&#8221;0&#8243; padding_horizontal=&#8221;0&#8243; margin_vertical=&#8221;0&#8243; custom_css=&#8221;margin-top: 0px;margin-bottom: 0px;background-color:3fbbc3;&#8221; border_size=&#8221;0&#8243; border_styling_global=&#8221;default&#8221; back_color_global=&#8221;3fbbc3&#8243; width=&#8221;1\/1&#8243; el_position=&#8221;first last&#8221;]<\/p>\n<p><img loading=\"lazy\" decoding=\"async\" class=\"aligncenter wp-image-8645 size-full\" title=\"P-Shot\u00ae Male Enhancement\" src=\"http:\/\/arvivaesthetics.com\/wp-content\/uploads\/2019\/02\/P-Shot\u00ae-Male-Enhancement.jpg\" alt=\"P-Shot\u00ae Male Enhancement\" width=\"1920\" height=\"800\" srcset=\"https:\/\/arvivaesthetics.com\/wp-content\/uploads\/2019\/02\/P-Shot\u00ae-Male-Enhancement.jpg 1920w, https:\/\/arvivaesthetics.com\/wp-content\/uploads\/2019\/02\/P-Shot\u00ae-Male-Enhancement-300x125.jpg 300w, https:\/\/arvivaesthetics.com\/wp-content\/uploads\/2019\/02\/P-Shot\u00ae-Male-Enhancement-1024x427.jpg 1024w, https:\/\/arvivaesthetics.com\/wp-content\/uploads\/2019\/02\/P-Shot\u00ae-Male-Enhancement-768x320.jpg 768w, https:\/\/arvivaesthetics.com\/wp-content\/uploads\/2019\/02\/P-Shot\u00ae-Male-Enhancement-1536x640.jpg 1536w, https:\/\/arvivaesthetics.com\/wp-content\/uploads\/2019\/02\/P-Shot\u00ae-Male-Enhancement-1280x533.jpg 1280w, https:\/\/arvivaesthetics.com\/wp-content\/uploads\/2019\/02\/P-Shot\u00ae-Male-Enhancement-1000x417.jpg 1000w\" sizes=\"auto, (max-width: 1920px) 100vw, 1920px\" \/><\/p>\n<p>[\/spb_text_block] [\/spb_row] [spb_row element_name=&#8221;Row&#8221; wrap_type=&#8221;full-width-stretch&#8221; row_bg_type=&#8221;color&#8221; row_bg_color=&#8221;#3fbbc3&#8243; color_row_height=&#8221;content-height&#8221; bg_type=&#8221;cover&#8221; parallax_image_height=&#8221;content-height&#8221; parallax_image_movement=&#8221;fixed&#8221; parallax_image_speed=&#8221;standard&#8221; bg_video_loop=&#8221;yes&#8221; parallax_video_height=&#8221;window-height&#8221; row_top_style=&#8221;none&#8221; row_bottom_style=&#8221;none&#8221; parallax_video_overlay=&#8221;none&#8221; row_overlay_opacity=&#8221;0&#8243; remove_element_spacing=&#8221;no&#8221; row_col_spacing=&#8221;0&#8243; row_col_pos=&#8221;default&#8221; row_col_equal_heights=&#8221;no&#8221; row_expanding=&#8221;no&#8221; row_animation=&#8221;none&#8221; row_animation_delay=&#8221;0&#8243; minimize_row=&#8221;no&#8221; simplified_controls=&#8221;yes&#8221; custom_css_percentage=&#8221;no&#8221; custom_css=&#8221;margin-top: 0px;margin-bottom: 0px;&#8221; border_styling_global=&#8221;default&#8221; width=&#8221;1\/1&#8243; el_position=&#8221;first last&#8221;] [spb_text_block animation=&#8221;none&#8221; animation_delay=&#8221;0&#8243; simplified_controls=&#8221;yes&#8221; custom_css_percentage=&#8221;no&#8221; padding_vertical=&#8221;0&#8243; padding_horizontal=&#8221;0&#8243; margin_vertical=&#8221;0&#8243; custom_css=&#8221;margin-top: 0px;margin-bottom: 0px;background-color:#3fbbc3;&#8221; border_size=&#8221;0&#8243; border_styling_global=&#8221;default&#8221; back_color_global=&#8221;#3fbbc3&#8243; width=&#8221;1\/1&#8243; el_position=&#8221;first last&#8221;]<\/p>\n<h3 class=\"service-titles\">Call our Miami office at <a href=\"tel:+1(305)340-9002\">(813) 855-0111<\/a> to schedule your consultation.<\/h3>\n<p>[\/spb_text_block] [\/spb_row] [spb_text_block animation=&#8221;none&#8221; animation_delay=&#8221;0&#8243; simplified_controls=&#8221;yes&#8221; custom_css_percentage=&#8221;no&#8221; padding_vertical=&#8221;0&#8243; padding_horizontal=&#8221;0&#8243; margin_vertical=&#8221;0&#8243; custom_css=&#8221;margin-top: 0px;margin-bottom: 0px;&#8221; border_size=&#8221;0&#8243; border_styling_global=&#8221;default&#8221; width=&#8221;1\/1&#8243; el_position=&#8221;first last&#8221;]<\/p>\n<p>&nbsp;<\/p>\n<h2>What is The Priapus Shot\u00ae?<\/h2>\n<p>The Priapus Shot, better known as the P-Shot\u00ae in Miami is a revolutionary, non-surgical procedure that enhances long-term improvements and satisfaction in sexual performance to men.<\/p>\n<h2>How Does It Work?<\/h2>\n<p>The primary ingredient behind the transformative abilities of the P-Shot\u00ae is Plate-Rich Plasma (PRP). The PRP harnesses the growth and healing factors in your blood into an injectable extract. Here\u2019s a breakdown of how the P-Shot\u00ae weaves its magic to deliver compelling results:<\/p>\n<ul>\n<li>An anesthetic lidocaine cream is applied to the penis,<\/li>\n<li>Blood is drawn from the arm and placed in a centrifuge,<\/li>\n<li>The PRP is extracted from the blood and put in a different tube and mixed with of calcium chloride drops. This is done to have the platelets think that the body has been injured,<\/li>\n<li>The platelets disseminate the growth factors into the liquid, and finally<\/li>\n<li>The liquid is placed into a syringe and using a tiny needle; it is then injected into certain areas of the penis.<\/li>\n<\/ul>\n<h2>Benefits of a Miami P-Shot\u00ae<\/h2>\n<p>The Platelet-Rich Plasma in the P-Shot\u00ae improves blood flow to the penis leading to firmer, longer and more sustainable erections. The P-Shot\u00ae contains natural fillers that are safe and effective in improving erection and the girth and size of the penis.<\/p>\n<p>Most patients also report:<\/p>\n<ul>\n<li>Increased sexual performance.<\/li>\n<li>Increased sexual stamina.<\/li>\n<li>Enhanced appearance of the penis.<\/li>\n<li>Enhanced urinary incontinence.<\/li>\n<li>Fixed prostrate discomfort.<\/li>\n<\/ul>\n<p>&nbsp;<\/p>\n<h2>Schedule a P-Shot\u00ae Consultation in Miami Today!<\/h2>\n<p>If you suffer from diminished sex drive, incomplete erection, or inability to attain or maintain an erection and are looking to overcome sexual dysfunction, you\u2019re welcome to <a href=\"https:\/\/arvivaesthetics.com\/miami\/\">schedule a confidential consultation in Miami<\/a> with Arviv Medical Aesthetics. We\u2019ll help you understand the benefits of getting a P-Shot\u00ae and create a customized solution that matches your individual goals.<\/p>\n<p>[\/spb_text_block]<\/p>\n","protected":false},"excerpt":{"rendered":"<p>[spb_row element_name=&#8221;Row&#8221; wrap_type=&#8221;full-width-stretch&#8221; row_bg_type=&#8221;color&#8221; row_bg_color=&#8221;3fbbc3&#8243; color_row_height=&#8221;content-height&#8221; bg_type=&#8221;cover&#8221; parallax_image_height=&#8221;content-height&#8221; parallax_image_movement=&#8221;fixed&#8221; parallax_image_speed=&#8221;standard&#8221; bg_video_loop=&#8221;yes&#8221; parallax_video_height=&#8221;window-height&#8221; row_top_style=&#8221;none&#8221; row_bottom_style=&#8221;none&#8221; parallax_video_overlay=&#8221;none&#8221; row_overlay_opacity=&#8221;0&#8243; remove_element_spacing=&#8221;no&#8221; row_col_spacing=&#8221;0&#8243; row_col_pos=&#8221;default&#8221; row_col_equal_heights=&#8221;no&#8221; row_expanding=&#8221;no&#8221; row_animation=&#8221;none&#8221; row_animation_delay=&#8221;0&#8243; minimize_row=&#8221;no&#8221; simplified_controls=&#8221;yes&#8221; custom_css_percentage=&#8221;no&#8221; custom_css=&#8221;margin-top: 0px;margin-bottom: 0px;&#8221; border_styling_global=&#8221;default&#8221; width=&#8221;1\/1&#8243; el_position=&#8221;first last&#8221;] [spb_text_block animation=&#8221;none&#8221; animation_delay=&#8221;0&#8243; simplified_controls=&#8221;yes&#8221; custom_css_percentage=&#8221;no&#8221; padding_vertical=&#8221;0&#8243; padding_horizontal=&#8221;0&#8243; margin_vertical=&#8221;0&#8243; custom_css=&#8221;margin-top: 0px;margin-bottom: 0px;background-color:3fbbc3;&#8221; border_size=&#8221;0&#8243; border_styling_global=&#8221;default&#8221; back_color_global=&#8221;3fbbc3&#8243; width=&#8221;1\/1&#8243; el_position=&#8221;first last&#8221;] [\/spb_text_block] [\/spb_row] [spb_row element_name=&#8221;Row&#8221; wrap_type=&#8221;full-width-stretch&#8221; row_bg_type=&#8221;color&#8221; row_bg_color=&#8221;#3fbbc3&#8243; color_row_height=&#8221;content-height&#8221; bg_type=&#8221;cover&#8221; parallax_image_height=&#8221;content-height&#8221; [&hellip;]<\/p>\n","protected":false},"author":32,"featured_media":0,"parent":18731,"menu_order":0,"comment_status":"closed","ping_status":"closed","template":"","meta":{"footnotes":""},"class_list":["post-8157","page","type-page","status-publish","hentry"],"yoast_head":"<!-- This site is optimized with the Yoast SEO plugin v27.5 - https:\/\/yoast.com\/product\/yoast-seo-wordpress\/ -->\n<title>P Shot Cost &amp; Male Enhancement in Miami | Arviv Medical Aesthetics<\/title>\n<meta name=\"description\" content=\"Are you considering a P-shot, or Priapus Shot\u00ae? Learn more about this non-surgical procedure that can help reinvigorate the male erection system. Call Arviv Medical Aesthetics in Miami now!\" \/>\n<meta name=\"robots\" content=\"index, follow, max-snippet:-1, max-image-preview:large, max-video-preview:-1\" \/>\n<link rel=\"canonical\" href=\"https:\/\/arvivaesthetics.com\/es\/miami\/p-disparo\/\" \/>\n<meta property=\"og:locale\" content=\"es_MX\" \/>\n<meta property=\"og:type\" content=\"article\" \/>\n<meta property=\"og:title\" content=\"P Shot Cost &amp; Male Enhancement in Miami | Arviv Medical Aesthetics\" \/>\n<meta property=\"og:description\" content=\"Are you considering a P-shot, or Priapus Shot\u00ae? Learn more about this non-surgical procedure that can help reinvigorate the male erection system. Call Arviv Medical Aesthetics in Miami now!\" \/>\n<meta property=\"og:url\" content=\"https:\/\/arvivaesthetics.com\/es\/miami\/p-disparo\/\" \/>\n<meta property=\"og:site_name\" content=\"Arviv Medical Aesthetics\" \/>\n<meta property=\"article:publisher\" content=\"https:\/\/www.facebook.com\/arvivmedicalaesthetics\/\" \/>\n<meta property=\"article:modified_time\" content=\"2025-12-19T21:43:56+00:00\" \/>\n<meta name=\"twitter:card\" content=\"summary_large_image\" \/>\n<meta name=\"twitter:site\" content=\"@ArvivAesthetics\" \/>\n<meta name=\"twitter:label1\" content=\"Tiempo de lectura\" \/>\n\t<meta name=\"twitter:data1\" content=\"3 minutos\" \/>\n<script type=\"application\/ld+json\" class=\"yoast-schema-graph\">{\"@context\":\"https:\\\/\\\/schema.org\",\"@graph\":[{\"@type\":\"WebPage\",\"@id\":\"https:\\\/\\\/arvivaesthetics.com\\\/miami\\\/p-shot\\\/\",\"url\":\"https:\\\/\\\/arvivaesthetics.com\\\/miami\\\/p-shot\\\/\",\"name\":\"P Shot Cost & Male Enhancement in Miami | Arviv Medical Aesthetics\",\"isPartOf\":{\"@id\":\"https:\\\/\\\/arvivaesthetics.com\\\/#website\"},\"datePublished\":\"2020-03-24T17:46:37+00:00\",\"dateModified\":\"2025-12-19T21:43:56+00:00\",\"description\":\"Are you considering a P-shot, or Priapus Shot\u00ae? Learn more about this non-surgical procedure that can help reinvigorate the male erection system. Call Arviv Medical Aesthetics in Miami now!\",\"breadcrumb\":{\"@id\":\"https:\\\/\\\/arvivaesthetics.com\\\/miami\\\/p-shot\\\/#breadcrumb\"},\"inLanguage\":\"es\",\"potentialAction\":[{\"@type\":\"ReadAction\",\"target\":[\"https:\\\/\\\/arvivaesthetics.com\\\/miami\\\/p-shot\\\/\"]}]},{\"@type\":\"BreadcrumbList\",\"@id\":\"https:\\\/\\\/arvivaesthetics.com\\\/miami\\\/p-shot\\\/#breadcrumb\",\"itemListElement\":[{\"@type\":\"ListItem\",\"position\":1,\"name\":\"Home\",\"item\":\"https:\\\/\\\/arvivaesthetics.com\\\/\"},{\"@type\":\"ListItem\",\"position\":2,\"name\":\"Miami\",\"item\":\"https:\\\/\\\/arvivaesthetics.com\\\/miami\\\/\"},{\"@type\":\"ListItem\",\"position\":3,\"name\":\"Miami P-Shot\u00ae for Penile Rejuvenation\"}]},{\"@type\":\"WebSite\",\"@id\":\"https:\\\/\\\/arvivaesthetics.com\\\/#website\",\"url\":\"https:\\\/\\\/arvivaesthetics.com\\\/\",\"name\":\"Arviv Medical Aesthetics\",\"description\":\"\",\"publisher\":{\"@id\":\"https:\\\/\\\/arvivaesthetics.com\\\/#organization\"},\"potentialAction\":[{\"@type\":\"SearchAction\",\"target\":{\"@type\":\"EntryPoint\",\"urlTemplate\":\"https:\\\/\\\/arvivaesthetics.com\\\/?s={search_term_string}\"},\"query-input\":{\"@type\":\"PropertyValueSpecification\",\"valueRequired\":true,\"valueName\":\"search_term_string\"}}],\"inLanguage\":\"es\"},{\"@type\":\"Organization\",\"@id\":\"https:\\\/\\\/arvivaesthetics.com\\\/#organization\",\"name\":\"Arviv Medical Aesthetics\",\"url\":\"https:\\\/\\\/arvivaesthetics.com\\\/\",\"logo\":{\"@type\":\"ImageObject\",\"inLanguage\":\"es\",\"@id\":\"https:\\\/\\\/arvivaesthetics.com\\\/#\\\/schema\\\/logo\\\/image\\\/\",\"url\":\"https:\\\/\\\/arvivaesthetics.com\\\/wp-content\\\/uploads\\\/2016\\\/11\\\/arvivIcon.png\",\"contentUrl\":\"https:\\\/\\\/arvivaesthetics.com\\\/wp-content\\\/uploads\\\/2016\\\/11\\\/arvivIcon.png\",\"width\":86,\"height\":42,\"caption\":\"Arviv Medical Aesthetics\"},\"image\":{\"@id\":\"https:\\\/\\\/arvivaesthetics.com\\\/#\\\/schema\\\/logo\\\/image\\\/\"},\"sameAs\":[\"https:\\\/\\\/www.facebook.com\\\/arvivmedicalaesthetics\\\/\",\"https:\\\/\\\/x.com\\\/ArvivAesthetics\",\"https:\\\/\\\/www.instagram.com\\\/arviv_aesthetics\\\/\",\"https:\\\/\\\/www.youtube.com\\\/user\\\/Arvivaesthetics\"]}]}<\/script>\n<!-- \/ Yoast SEO plugin. -->","yoast_head_json":{"title":"Costo del P Shot y Aumento Masculino en Miami | Arviv Medical Aesthetics","description":"\u00bfEst\u00e1 pensando en someterse a un P-shot o Priapus Shot\u00ae? Aprenda m\u00e1s acerca de este procedimiento no quir\u00fargico que puede ayudar a revigorizar el sistema de erecci\u00f3n masculina. \u00a1Llame a Arviv Medical Aesthetics en Miami ahora!","robots":{"index":"index","follow":"follow","max-snippet":"max-snippet:-1","max-image-preview":"max-image-preview:large","max-video-preview":"max-video-preview:-1"},"canonical":"https:\/\/arvivaesthetics.com\/es\/miami\/p-disparo\/","og_locale":"es_MX","og_type":"article","og_title":"P Shot Cost & Male Enhancement in Miami | Arviv Medical Aesthetics","og_description":"Are you considering a P-shot, or Priapus Shot\u00ae? Learn more about this non-surgical procedure that can help reinvigorate the male erection system. Call Arviv Medical Aesthetics in Miami now!","og_url":"https:\/\/arvivaesthetics.com\/es\/miami\/p-disparo\/","og_site_name":"Arviv Medical Aesthetics","article_publisher":"https:\/\/www.facebook.com\/arvivmedicalaesthetics\/","article_modified_time":"2025-12-19T21:43:56+00:00","twitter_card":"summary_large_image","twitter_site":"@ArvivAesthetics","twitter_misc":{"Tiempo de lectura":"3 minutos"},"schema":{"@context":"https:\/\/schema.org","@graph":[{"@type":"WebPage","@id":"https:\/\/arvivaesthetics.com\/miami\/p-shot\/","url":"https:\/\/arvivaesthetics.com\/miami\/p-shot\/","name":"Costo del P Shot y Aumento Masculino en Miami | Arviv Medical Aesthetics","isPartOf":{"@id":"https:\/\/arvivaesthetics.com\/#website"},"datePublished":"2020-03-24T17:46:37+00:00","dateModified":"2025-12-19T21:43:56+00:00","description":"\u00bfEst\u00e1 pensando en someterse a un P-shot o Priapus Shot\u00ae? Aprenda m\u00e1s acerca de este procedimiento no quir\u00fargico que puede ayudar a revigorizar el sistema de erecci\u00f3n masculina. \u00a1Llame a Arviv Medical Aesthetics en Miami ahora!","breadcrumb":{"@id":"https:\/\/arvivaesthetics.com\/miami\/p-shot\/#breadcrumb"},"inLanguage":"es","potentialAction":[{"@type":"ReadAction","target":["https:\/\/arvivaesthetics.com\/miami\/p-shot\/"]}]},{"@type":"BreadcrumbList","@id":"https:\/\/arvivaesthetics.com\/miami\/p-shot\/#breadcrumb","itemListElement":[{"@type":"ListItem","position":1,"name":"Home","item":"https:\/\/arvivaesthetics.com\/"},{"@type":"ListItem","position":2,"name":"Miami","item":"https:\/\/arvivaesthetics.com\/miami\/"},{"@type":"ListItem","position":3,"name":"Miami P-Shot\u00ae for Penile Rejuvenation"}]},{"@type":"WebSite","@id":"https:\/\/arvivaesthetics.com\/#website","url":"https:\/\/arvivaesthetics.com\/","name":"Arviv Est\u00e9tica M\u00e9dica","description":"","publisher":{"@id":"https:\/\/arvivaesthetics.com\/#organization"},"potentialAction":[{"@type":"SearchAction","target":{"@type":"EntryPoint","urlTemplate":"https:\/\/arvivaesthetics.com\/?s={search_term_string}"},"query-input":{"@type":"PropertyValueSpecification","valueRequired":true,"valueName":"search_term_string"}}],"inLanguage":"es"},{"@type":"Organization","@id":"https:\/\/arvivaesthetics.com\/#organization","name":"Arviv Est\u00e9tica M\u00e9dica","url":"https:\/\/arvivaesthetics.com\/","logo":{"@type":"ImageObject","inLanguage":"es","@id":"https:\/\/arvivaesthetics.com\/#\/schema\/logo\/image\/","url":"https:\/\/arvivaesthetics.com\/wp-content\/uploads\/2016\/11\/arvivIcon.png","contentUrl":"https:\/\/arvivaesthetics.com\/wp-content\/uploads\/2016\/11\/arvivIcon.png","width":86,"height":42,"caption":"Arviv Medical Aesthetics"},"image":{"@id":"https:\/\/arvivaesthetics.com\/#\/schema\/logo\/image\/"},"sameAs":["https:\/\/www.facebook.com\/arvivmedicalaesthetics\/","https:\/\/x.com\/ArvivAesthetics","https:\/\/www.instagram.com\/arviv_aesthetics\/","https:\/\/www.youtube.com\/user\/Arvivaesthetics"]}]}},"_links":{"self":[{"href":"https:\/\/arvivaesthetics.com\/es\/wp-json\/wp\/v2\/pages\/8157","targetHints":{"allow":["GET"]}}],"collection":[{"href":"https:\/\/arvivaesthetics.com\/es\/wp-json\/wp\/v2\/pages"}],"about":[{"href":"https:\/\/arvivaesthetics.com\/es\/wp-json\/wp\/v2\/types\/page"}],"author":[{"embeddable":true,"href":"https:\/\/arvivaesthetics.com\/es\/wp-json\/wp\/v2\/users\/32"}],"replies":[{"embeddable":true,"href":"https:\/\/arvivaesthetics.com\/es\/wp-json\/wp\/v2\/comments?post=8157"}],"version-history":[{"count":0,"href":"https:\/\/arvivaesthetics.com\/es\/wp-json\/wp\/v2\/pages\/8157\/revisions"}],"up":[{"embeddable":true,"href":"https:\/\/arvivaesthetics.com\/es\/wp-json\/wp\/v2\/pages\/18731"}],"wp:attachment":[{"href":"https:\/\/arvivaesthetics.com\/es\/wp-json\/wp\/v2\/media?parent=8157"}],"curies":[{"name":"wp","href":"https:\/\/api.w.org\/{rel}","templated":true}]}}