{"id":8571,"date":"2019-01-16T20:13:49","date_gmt":"2019-01-17T01:13:49","guid":{"rendered":"http:\/\/arvivaesthetics.com\/?page_id=8571"},"modified":"2025-03-14T11:40:33","modified_gmt":"2025-03-14T16:40:33","slug":"formacion-en-estetica","status":"publish","type":"page","link":"https:\/\/arvivaesthetics.com\/es\/aesthetics-training\/","title":{"rendered":"Clases de certificaci\u00f3n en est\u00e9tica"},"content":{"rendered":"<p>[spb_row element_name=&#8221;Row&#8221; wrap_type=&#8221;full-width-stretch&#8221; row_bg_type=&#8221;color&#8221; color_row_height=&#8221;content-height&#8221; bg_type=&#8221;cover&#8221; parallax_image_height=&#8221;content-height&#8221; parallax_image_movement=&#8221;fixed&#8221; parallax_image_speed=&#8221;standard&#8221; bg_video_loop=&#8221;yes&#8221; parallax_video_height=&#8221;window-height&#8221; row_id=&#8221;hero-row&#8221; row_top_style=&#8221;none&#8221; row_bottom_style=&#8221;none&#8221; parallax_video_overlay=&#8221;none&#8221; row_overlay_opacity=&#8221;0&#8243; remove_element_spacing=&#8221;no&#8221; row_col_spacing=&#8221;0&#8243; row_col_pos=&#8221;default&#8221; row_col_equal_heights=&#8221;no&#8221; row_expanding=&#8221;no&#8221; row_animation=&#8221;none&#8221; row_animation_delay=&#8221;0&#8243; minimize_row=&#8221;no&#8221; simplified_controls=&#8221;yes&#8221; custom_css_percentage=&#8221;no&#8221; custom_css=&#8221;margin-top: 0px;margin-bottom: 0px;&#8221; border_styling_global=&#8221;default&#8221; width=&#8221;1\/1&#8243; el_position=&#8221;first last&#8221;] [spb_text_block animation=&#8221;none&#8221; animation_delay=&#8221;0&#8243; simplified_controls=&#8221;yes&#8221; custom_css_percentage=&#8221;no&#8221; padding_vertical=&#8221;0&#8243; padding_horizontal=&#8221;0&#8243; margin_vertical=&#8221;0&#8243; custom_css=&#8221;margin-top: 0px;margin-bottom: 0px;&#8221; border_size=&#8221;0&#8243; border_styling_global=&#8221;default&#8221; width=&#8221;1\/1&#8243; el_position=&#8221;first last&#8221;]<\/p>\n<div class=\"first-image-wrapper\"><a href=\"https:\/\/arvivaesthetics.com\/wp-content\/uploads\/2019\/01\/Aesthetics-Training.jpg\"><img loading=\"lazy\" decoding=\"async\" class=\"aligncenter wp-image-8579 size-full\" src=\"https:\/\/arvivaesthetics.com\/wp-content\/uploads\/2019\/01\/Aesthetics-Training.jpg\" alt=\"Aesthetics Training\" width=\"1920\" height=\"683\" srcset=\"https:\/\/arvivaesthetics.com\/wp-content\/uploads\/2019\/01\/Aesthetics-Training.jpg 1920w, https:\/\/arvivaesthetics.com\/wp-content\/uploads\/2019\/01\/Aesthetics-Training-300x107.jpg 300w, https:\/\/arvivaesthetics.com\/wp-content\/uploads\/2019\/01\/Aesthetics-Training-1024x364.jpg 1024w, https:\/\/arvivaesthetics.com\/wp-content\/uploads\/2019\/01\/Aesthetics-Training-768x273.jpg 768w, https:\/\/arvivaesthetics.com\/wp-content\/uploads\/2019\/01\/Aesthetics-Training-1536x546.jpg 1536w, https:\/\/arvivaesthetics.com\/wp-content\/uploads\/2019\/01\/Aesthetics-Training-1280x455.jpg 1280w, https:\/\/arvivaesthetics.com\/wp-content\/uploads\/2019\/01\/Aesthetics-Training-1000x356.jpg 1000w\" sizes=\"auto, (max-width: 1920px) 100vw, 1920px\" \/><\/a><\/div>\n<p>[\/spb_text_block] [\/spb_row] [spb_row element_name=&#8221;Row&#8221; wrap_type=&#8221;full-width-stretch&#8221; row_bg_type=&#8221;color&#8221; row_bg_color=&#8221;#3fbbc3&#8243; color_row_height=&#8221;content-height&#8221; bg_type=&#8221;cover&#8221; parallax_image_height=&#8221;content-height&#8221; parallax_image_movement=&#8221;fixed&#8221; parallax_image_speed=&#8221;standard&#8221; bg_video_loop=&#8221;yes&#8221; parallax_video_height=&#8221;window-height&#8221; row_top_style=&#8221;none&#8221; row_bottom_style=&#8221;none&#8221; parallax_video_overlay=&#8221;none&#8221; row_overlay_opacity=&#8221;0&#8243; remove_element_spacing=&#8221;no&#8221; row_col_spacing=&#8221;0&#8243; row_col_pos=&#8221;default&#8221; row_col_equal_heights=&#8221;no&#8221; row_expanding=&#8221;no&#8221; row_animation=&#8221;none&#8221; row_animation_delay=&#8221;0&#8243; minimize_row=&#8221;no&#8221; simplified_controls=&#8221;yes&#8221; custom_css_percentage=&#8221;no&#8221; custom_css=&#8221;margin-top: 0px;margin-bottom: 0px;&#8221; border_styling_global=&#8221;default&#8221; el_class=&#8221;blue-row&#8221; width=&#8221;1\/1&#8243; el_position=&#8221;first last&#8221;] [spb_text_block animation=&#8221;none&#8221; animation_delay=&#8221;0&#8243; simplified_controls=&#8221;yes&#8221; custom_css_percentage=&#8221;no&#8221; padding_vertical=&#8221;0&#8243; padding_horizontal=&#8221;30&#8243; margin_vertical=&#8221;0&#8243; custom_css=&#8221;margin-top: 0px;margin-bottom: 0px;padding-left: 30px;padding-right: 30px;&#8221; border_size=&#8221;0&#8243; border_styling_global=&#8221;default&#8221; width=&#8221;1\/1&#8243; el_position=&#8221;first last&#8221;]<\/p>\n<p class=\"impact-text impact-text-large\" style=\"text-align: center; color: #ffffff; font-weight: bold;\"><strong>Call our office today to schedule your consultation 813-855-0111<\/strong><\/p>\n<p>[\/spb_text_block] [\/spb_row] [spb_text_block animation=&#8221;none&#8221; animation_delay=&#8221;0&#8243; simplified_controls=&#8221;yes&#8221; custom_css_percentage=&#8221;no&#8221; padding_vertical=&#8221;0&#8243; padding_horizontal=&#8221;0&#8243; margin_vertical=&#8221;0&#8243; custom_css=&#8221;margin-top: 0px;margin-bottom: 0px;&#8221; border_size=&#8221;0&#8243; border_styling_global=&#8221;default&#8221; width=&#8221;1\/1&#8243; el_position=&#8221;first last&#8221;]<\/p>\n<p style=\"text-align: justify;\">If you\u2019re a physician, physician\u2019s assistant or nurse practitioner and you\u2019re looking to learn new skills to thrive in the medical spa industry, you can sign up for personalized training with Dr. Arviv.<\/p>\n<p style=\"text-align: justify;\">Dr. Arviv works with medical providers to learn specialized procedures such as laser hair removal, skin resurfacing, threads, and injectables. If you\u2019re serious about working in the Miami face and body treatments industry, this training will give you the confidence you need to succeed.<\/p>\n<h2 style=\"text-align: justify;\">What To Expect<\/h2>\n<p style=\"text-align: justify;\">Our educational program is hands-on and individualized for each participant. You will work one-on-one with Dr. Arviv as you learn the skills necessary to provide services to patients. When you are ready, you will get the opportunity to practice these procedures directly with patients.<\/p>\n<p style=\"text-align: justify;\">The course is structured into four modules. These modules include:<\/p>\n<ol>\n<li><strong>Injectables:<\/strong> Learn about neuromodulators for the face, neck, migraines, and hyperhidrosis. You will also spend time working on dermal fillers. Add on options for collagen stimulators, PRP aesthetics and Kybella are also available.\n<ul>\n<li>Botox<\/li>\n<li>Fillers<\/li>\n<li>Sculptra<\/li>\n<li>PRP<\/li>\n<li>Kybella<\/li>\n<\/ul>\n<\/li>\n<li><strong> PDO Thread Lift:<\/strong> Learn the ins and outs of this popular procedure. We will focus on face and neck and go into PDO threads as well as Instalift threads.<\/li>\n<li><strong>PRP:<\/strong> In this module, you will learn about the O-shot and the P-shot. There will be ample time for practice with patients.<\/li>\n<li><strong> Laser Training:<\/strong> In our final module, you will learn about laser procedures including hair removal, veins, tattoo removal, pigmentation, IPL, and CO2.<\/li>\n<li><strong>Liposuction:<\/strong> Learn everything you need to preform liposuction in your office. Hands on training available with our surgeons. We teach you procedures and also offer assistance in setting up your surgery center if needed.\n<ul class=\"no-ol\">\n<li>2 days Training in liposuction including 3-4 hands on cases, option to add on dat grafting. Always one on one. Certificate available upon completion.<\/li>\n<li>Consulting for setting up and office based surgery level 1,2,3.<\/li>\n<\/ul>\n<\/li>\n<\/ol>\n<h2 style=\"text-align: justify;\">Your Investment<\/h2>\n<p style=\"text-align: justify;\">By furthering your medical training in this specialized field, you can expect new career opportunities and job security. Treatments such as laser hair removal, threading, and injectables are gaining popularity and you can put your skills to use in a variety of settings. For hands-on, specialized training with Dr. Arviv, classes start at $3500.<\/p>\n<h2 style=\"text-align: justify;\">Sign Up for Training<\/h2>\n<p style=\"text-align: justify;\">For those with medical training, <u><a href=\"https:\/\/arvivaesthetics.com\/\">contact us<\/a><\/u> to start your training with Dr. Arviv today. You may choose to work one-on-one or in small groups depending on your needs.<\/p>\n<p>[\/spb_text_block] [spb_row element_name=&#8221;Row&#8221; wrap_type=&#8221;content-width&#8221; parallax_image_height=&#8221;content-height&#8221; parallax_image_movement=&#8221;fixed&#8221; parallax_image_speed=&#8221;0.5&#8243; bg_video_loop=&#8221;yes&#8221; parallax_video_height=&#8221;window-height&#8221; parallax_video_overlay=&#8221;none&#8221; row_overlay_opacity=&#8221;0&#8243; row_col_pos=&#8221;default&#8221; width=&#8221;1\/1&#8243; el_position=&#8221;first last&#8221;] [spb_text_block animation=&#8221;none&#8221; animation_delay=&#8221;0&#8243; simplified_controls=&#8221;yes&#8221; custom_css_percentage=&#8221;no&#8221; padding_vertical=&#8221;0&#8243; padding_horizontal=&#8221;0&#8243; margin_vertical=&#8221;0&#8243; custom_css=&#8221;margin-top: 0px;margin-bottom: 0px;&#8221; border_size=&#8221;0&#8243; border_styling_global=&#8221;default&#8221; width=&#8221;1\/1&#8243; el_position=&#8221;first last&#8221;]<\/p>\n<h2 style=\"text-align: justify;\">Specialty MED Training Partnership<\/h2>\n<p>Dr. Tali Arviv is also proud to be part of the Specialty MED Training team of expert educators. Specialty MED Training is a nationally recognized physician network that offers both online and hands-on courses in an outstanding membership model for all types of providers, including MD\u2019s, DO\u2019s, NP\u2019s, PA\u2019s, RN\u2019s, ND\u2019s and DC\u2019s.<\/p>\n<p>Specialty MED Training and Dr. Tali Arviv prepared a unique sequence of <strong>hands-on training for facial aesthetics, regenerative hair regrowth and male and female sexual wellness<\/strong> that will include a special gift: a lifetime Specialty MED Training membership with access to online courses on the trained techniques along with all the benefits of being an SMT member, including access to Specialty MED Training proprietary practice forms, customized marketing material, recognized certification, research studies, plus discounts on equipment and devices.<\/p>\n<p>The trainings will take place in Arviv\u2019s Tampa location and are limited to only 5 attendees. For a list of all the 2023 dates, visit <a style=\"text-decoration: underline;\" href=\"http:\/\/www.specialtymedtraining.com\" target=\"_blank\" rel=\"noopener\">www.specialtymedtraining.com<\/a> or call <a style=\"text-decoration: underline;\" href=\"tel:8138550111\">(813) 855-0111<\/a>! Reserve your spot NOW!<\/p>\n<p>[\/spb_text_block] [\/spb_row] [spb_row element_name=&#8221;Row&#8221; wrap_type=&#8221;standard-width&#8221; row_bg_type=&#8221;color&#8221; color_row_height=&#8221;content-height&#8221; bg_type=&#8221;cover&#8221; parallax_image_height=&#8221;content-height&#8221; parallax_image_movement=&#8221;fixed&#8221; parallax_image_speed=&#8221;standard&#8221; bg_video_loop=&#8221;yes&#8221; parallax_video_height=&#8221;window-height&#8221; row_top_style=&#8221;none&#8221; row_bottom_style=&#8221;none&#8221; parallax_video_overlay=&#8221;none&#8221; row_overlay_opacity=&#8221;0&#8243; remove_element_spacing=&#8221;no&#8221; row_col_spacing=&#8221;0&#8243; row_col_pos=&#8221;default&#8221; row_col_equal_heights=&#8221;no&#8221; row_expanding=&#8221;no&#8221; row_animation=&#8221;none&#8221; row_animation_delay=&#8221;0&#8243; minimize_row=&#8221;yes&#8221; simplified_controls=&#8221;yes&#8221; custom_css_percentage=&#8221;no&#8221; custom_css=&#8221;margin-top: 0px;margin-bottom: 0px;&#8221; border_styling_global=&#8221;default&#8221; width=&#8221;1\/1&#8243; el_position=&#8221;first last&#8221;] [spb_video link=&#8221;https:\/\/www.youtube.com\/watch?v=QtN3Lje6VXw&#8221; remove_related=&#8221;yes&#8221; autoplay=&#8221;no&#8221; full_width=&#8221;yes&#8221; width=&#8221;1\/2&#8243; el_position=&#8221;first&#8221;] [spb_text_block animation=&#8221;none&#8221; animation_delay=&#8221;0&#8243; simplified_controls=&#8221;yes&#8221; custom_css_percentage=&#8221;no&#8221; padding_vertical=&#8221;0&#8243; padding_horizontal=&#8221;0&#8243; margin_vertical=&#8221;0&#8243; custom_css=&#8221;margin-top: 0px;margin-bottom: 0px;&#8221; border_size=&#8221;0&#8243; border_styling_global=&#8221;default&#8221; el_class=&#8221;video-column&#8221; width=&#8221;1\/2&#8243; el_position=&#8221;last&#8221;]<\/p>\n<div style=\"width: 720px;\" class=\"wp-video\"><video class=\"wp-video-shortcode\" id=\"video-8571-1\" width=\"720\" height=\"400\" preload=\"metadata\" controls=\"controls\"><source type=\"video\/mp4\" src=\"https:\/\/arvivaesthetics.com\/wp-content\/uploads\/2023\/02\/Dr.-Victoria-Rons-Testimonial-720p.mp4?_=1\" \/><a href=\"https:\/\/arvivaesthetics.com\/wp-content\/uploads\/2023\/02\/Dr.-Victoria-Rons-Testimonial-720p.mp4\">https:\/\/arvivaesthetics.com\/wp-content\/uploads\/2023\/02\/Dr.-Victoria-Rons-Testimonial-720p.mp4<\/a><\/video><\/div>\n<p>[\/spb_text_block] [\/spb_row] [spb_blank_spacer height=&#8221;30px&#8221; width=&#8221;1\/1&#8243; el_position=&#8221;first last&#8221;]<\/p>\n","protected":false},"excerpt":{"rendered":"<p>[spb_row element_name=&#8221;Row&#8221; wrap_type=&#8221;full-width-stretch&#8221; row_bg_type=&#8221;color&#8221; color_row_height=&#8221;content-height&#8221; bg_type=&#8221;cover&#8221; parallax_image_height=&#8221;content-height&#8221; parallax_image_movement=&#8221;fixed&#8221; parallax_image_speed=&#8221;standard&#8221; bg_video_loop=&#8221;yes&#8221; parallax_video_height=&#8221;window-height&#8221; row_id=&#8221;hero-row&#8221; row_top_style=&#8221;none&#8221; row_bottom_style=&#8221;none&#8221; parallax_video_overlay=&#8221;none&#8221; row_overlay_opacity=&#8221;0&#8243; remove_element_spacing=&#8221;no&#8221; row_col_spacing=&#8221;0&#8243; row_col_pos=&#8221;default&#8221; row_col_equal_heights=&#8221;no&#8221; row_expanding=&#8221;no&#8221; row_animation=&#8221;none&#8221; row_animation_delay=&#8221;0&#8243; minimize_row=&#8221;no&#8221; simplified_controls=&#8221;yes&#8221; custom_css_percentage=&#8221;no&#8221; custom_css=&#8221;margin-top: 0px;margin-bottom: 0px;&#8221; border_styling_global=&#8221;default&#8221; width=&#8221;1\/1&#8243; el_position=&#8221;first last&#8221;] [spb_text_block animation=&#8221;none&#8221; animation_delay=&#8221;0&#8243; simplified_controls=&#8221;yes&#8221; custom_css_percentage=&#8221;no&#8221; padding_vertical=&#8221;0&#8243; padding_horizontal=&#8221;0&#8243; margin_vertical=&#8221;0&#8243; custom_css=&#8221;margin-top: 0px;margin-bottom: 0px;&#8221; border_size=&#8221;0&#8243; border_styling_global=&#8221;default&#8221; width=&#8221;1\/1&#8243; el_position=&#8221;first last&#8221;] [\/spb_text_block] [\/spb_row] [spb_row element_name=&#8221;Row&#8221; wrap_type=&#8221;full-width-stretch&#8221; row_bg_type=&#8221;color&#8221; row_bg_color=&#8221;#3fbbc3&#8243; color_row_height=&#8221;content-height&#8221; bg_type=&#8221;cover&#8221; parallax_image_height=&#8221;content-height&#8221; parallax_image_movement=&#8221;fixed&#8221; [&hellip;]<\/p>\n","protected":false},"author":32,"featured_media":0,"parent":0,"menu_order":0,"comment_status":"closed","ping_status":"closed","template":"","meta":{"footnotes":""},"class_list":["post-8571","page","type-page","status-publish","hentry"],"yoast_head":"<!-- This site is optimized with the Yoast SEO plugin v27.4 - https:\/\/yoast.com\/product\/yoast-seo-wordpress\/ -->\n<title>AMET - Medical Aesthetics Training Miami &amp; Tampa | Arviv Medical Aesthetics<\/title>\n<meta name=\"description\" content=\"Dr. Tal Arviv and her team offer aesthetics training for in-demand procedures including laser hair removal, injectables, PRP, and threading. Get started now! Botox training and certifications.\" \/>\n<meta name=\"robots\" content=\"index, follow, max-snippet:-1, max-image-preview:large, max-video-preview:-1\" \/>\n<link rel=\"canonical\" href=\"https:\/\/arvivaesthetics.com\/es\/formacion-en-estetica\/\" \/>\n<meta property=\"og:locale\" content=\"es_MX\" \/>\n<meta property=\"og:type\" content=\"article\" \/>\n<meta property=\"og:title\" content=\"AMET - Medical Aesthetics Training Miami &amp; Tampa | Arviv Medical Aesthetics\" \/>\n<meta property=\"og:description\" content=\"Dr. Tal Arviv and her team offer aesthetics training for in-demand procedures including laser hair removal, injectables, PRP, and threading. Get started now! Botox training and certifications.\" \/>\n<meta property=\"og:url\" content=\"https:\/\/arvivaesthetics.com\/es\/formacion-en-estetica\/\" \/>\n<meta property=\"og:site_name\" content=\"Arviv Medical Aesthetics\" \/>\n<meta property=\"article:publisher\" content=\"https:\/\/www.facebook.com\/arvivmedicalaesthetics\/\" \/>\n<meta property=\"article:modified_time\" content=\"2025-03-14T16:40:33+00:00\" \/>\n<meta property=\"og:image\" content=\"https:\/\/arvivaesthetics.com\/wp-content\/uploads\/2019\/01\/Aesthetics-Training.jpg\" \/>\n\t<meta property=\"og:image:width\" content=\"1920\" \/>\n\t<meta property=\"og:image:height\" content=\"683\" \/>\n\t<meta property=\"og:image:type\" content=\"image\/jpeg\" \/>\n<meta name=\"twitter:card\" content=\"summary_large_image\" \/>\n<meta name=\"twitter:site\" content=\"@ArvivAesthetics\" \/>\n<meta name=\"twitter:label1\" content=\"Tiempo de lectura\" \/>\n\t<meta name=\"twitter:data1\" content=\"6 minutos\" \/>\n<script type=\"application\/ld+json\" class=\"yoast-schema-graph\">{\"@context\":\"https:\\\/\\\/schema.org\",\"@graph\":[{\"@type\":\"WebPage\",\"@id\":\"https:\\\/\\\/arvivaesthetics.com\\\/aesthetics-training\\\/\",\"url\":\"https:\\\/\\\/arvivaesthetics.com\\\/aesthetics-training\\\/\",\"name\":\"AMET - Medical Aesthetics Training Miami & Tampa | Arviv Medical Aesthetics\",\"isPartOf\":{\"@id\":\"https:\\\/\\\/arvivaesthetics.com\\\/#website\"},\"primaryImageOfPage\":{\"@id\":\"https:\\\/\\\/arvivaesthetics.com\\\/aesthetics-training\\\/#primaryimage\"},\"image\":{\"@id\":\"https:\\\/\\\/arvivaesthetics.com\\\/aesthetics-training\\\/#primaryimage\"},\"thumbnailUrl\":\"https:\\\/\\\/arvivaesthetics.com\\\/wp-content\\\/uploads\\\/2019\\\/01\\\/Aesthetics-Training.jpg\",\"datePublished\":\"2019-01-17T01:13:49+00:00\",\"dateModified\":\"2025-03-14T16:40:33+00:00\",\"description\":\"Dr. Tal Arviv and her team offer aesthetics training for in-demand procedures including laser hair removal, injectables, PRP, and threading. Get started now! Botox training and certifications.\",\"breadcrumb\":{\"@id\":\"https:\\\/\\\/arvivaesthetics.com\\\/aesthetics-training\\\/#breadcrumb\"},\"inLanguage\":\"es\",\"potentialAction\":[{\"@type\":\"ReadAction\",\"target\":[\"https:\\\/\\\/arvivaesthetics.com\\\/aesthetics-training\\\/\"]}]},{\"@type\":\"ImageObject\",\"inLanguage\":\"es\",\"@id\":\"https:\\\/\\\/arvivaesthetics.com\\\/aesthetics-training\\\/#primaryimage\",\"url\":\"https:\\\/\\\/arvivaesthetics.com\\\/wp-content\\\/uploads\\\/2019\\\/01\\\/Aesthetics-Training.jpg\",\"contentUrl\":\"https:\\\/\\\/arvivaesthetics.com\\\/wp-content\\\/uploads\\\/2019\\\/01\\\/Aesthetics-Training.jpg\"},{\"@type\":\"BreadcrumbList\",\"@id\":\"https:\\\/\\\/arvivaesthetics.com\\\/aesthetics-training\\\/#breadcrumb\",\"itemListElement\":[{\"@type\":\"ListItem\",\"position\":1,\"name\":\"Home\",\"item\":\"https:\\\/\\\/arvivaesthetics.com\\\/\"},{\"@type\":\"ListItem\",\"position\":2,\"name\":\"Aesthetics Certification Classes\"}]},{\"@type\":\"WebSite\",\"@id\":\"https:\\\/\\\/arvivaesthetics.com\\\/#website\",\"url\":\"https:\\\/\\\/arvivaesthetics.com\\\/\",\"name\":\"Arviv Medical Aesthetics\",\"description\":\"\",\"publisher\":{\"@id\":\"https:\\\/\\\/arvivaesthetics.com\\\/#organization\"},\"potentialAction\":[{\"@type\":\"SearchAction\",\"target\":{\"@type\":\"EntryPoint\",\"urlTemplate\":\"https:\\\/\\\/arvivaesthetics.com\\\/?s={search_term_string}\"},\"query-input\":{\"@type\":\"PropertyValueSpecification\",\"valueRequired\":true,\"valueName\":\"search_term_string\"}}],\"inLanguage\":\"es\"},{\"@type\":\"Organization\",\"@id\":\"https:\\\/\\\/arvivaesthetics.com\\\/#organization\",\"name\":\"Arviv Medical Aesthetics\",\"url\":\"https:\\\/\\\/arvivaesthetics.com\\\/\",\"logo\":{\"@type\":\"ImageObject\",\"inLanguage\":\"es\",\"@id\":\"https:\\\/\\\/arvivaesthetics.com\\\/#\\\/schema\\\/logo\\\/image\\\/\",\"url\":\"https:\\\/\\\/arvivaesthetics.com\\\/wp-content\\\/uploads\\\/2016\\\/11\\\/arvivIcon.png\",\"contentUrl\":\"https:\\\/\\\/arvivaesthetics.com\\\/wp-content\\\/uploads\\\/2016\\\/11\\\/arvivIcon.png\",\"width\":86,\"height\":42,\"caption\":\"Arviv Medical Aesthetics\"},\"image\":{\"@id\":\"https:\\\/\\\/arvivaesthetics.com\\\/#\\\/schema\\\/logo\\\/image\\\/\"},\"sameAs\":[\"https:\\\/\\\/www.facebook.com\\\/arvivmedicalaesthetics\\\/\",\"https:\\\/\\\/x.com\\\/ArvivAesthetics\",\"https:\\\/\\\/www.instagram.com\\\/arviv_aesthetics\\\/\",\"https:\\\/\\\/www.youtube.com\\\/user\\\/Arvivaesthetics\"]}]}<\/script>\n<!-- \/ Yoast SEO plugin. -->","yoast_head_json":{"title":"AMET - Formaci\u00f3n en Est\u00e9tica M\u00e9dica Miami &amp; Tampa | Arviv Medical Aesthetics","description":"La Dra. Tal Arviv y su equipo ofrecen formaci\u00f3n en est\u00e9tica para los procedimientos m\u00e1s demandados, como depilaci\u00f3n l\u00e1ser, inyectables, PRP y depilaci\u00f3n con hilo. \u00a1Empieza ya! Formaci\u00f3n y certificaciones en Botox.","robots":{"index":"index","follow":"follow","max-snippet":"max-snippet:-1","max-image-preview":"max-image-preview:large","max-video-preview":"max-video-preview:-1"},"canonical":"https:\/\/arvivaesthetics.com\/es\/formacion-en-estetica\/","og_locale":"es_MX","og_type":"article","og_title":"AMET - Medical Aesthetics Training Miami & Tampa | Arviv Medical Aesthetics","og_description":"Dr. Tal Arviv and her team offer aesthetics training for in-demand procedures including laser hair removal, injectables, PRP, and threading. Get started now! Botox training and certifications.","og_url":"https:\/\/arvivaesthetics.com\/es\/formacion-en-estetica\/","og_site_name":"Arviv Medical Aesthetics","article_publisher":"https:\/\/www.facebook.com\/arvivmedicalaesthetics\/","article_modified_time":"2025-03-14T16:40:33+00:00","og_image":[{"width":1920,"height":683,"url":"https:\/\/arvivaesthetics.com\/wp-content\/uploads\/2019\/01\/Aesthetics-Training.jpg","type":"image\/jpeg"}],"twitter_card":"summary_large_image","twitter_site":"@ArvivAesthetics","twitter_misc":{"Tiempo de lectura":"6 minutos"},"schema":{"@context":"https:\/\/schema.org","@graph":[{"@type":"WebPage","@id":"https:\/\/arvivaesthetics.com\/aesthetics-training\/","url":"https:\/\/arvivaesthetics.com\/aesthetics-training\/","name":"AMET - Formaci\u00f3n en Est\u00e9tica M\u00e9dica Miami &amp; Tampa | Arviv Medical Aesthetics","isPartOf":{"@id":"https:\/\/arvivaesthetics.com\/#website"},"primaryImageOfPage":{"@id":"https:\/\/arvivaesthetics.com\/aesthetics-training\/#primaryimage"},"image":{"@id":"https:\/\/arvivaesthetics.com\/aesthetics-training\/#primaryimage"},"thumbnailUrl":"https:\/\/arvivaesthetics.com\/wp-content\/uploads\/2019\/01\/Aesthetics-Training.jpg","datePublished":"2019-01-17T01:13:49+00:00","dateModified":"2025-03-14T16:40:33+00:00","description":"La Dra. Tal Arviv y su equipo ofrecen formaci\u00f3n en est\u00e9tica para los procedimientos m\u00e1s demandados, como depilaci\u00f3n l\u00e1ser, inyectables, PRP y depilaci\u00f3n con hilo. \u00a1Empieza ya! Formaci\u00f3n y certificaciones en Botox.","breadcrumb":{"@id":"https:\/\/arvivaesthetics.com\/aesthetics-training\/#breadcrumb"},"inLanguage":"es","potentialAction":[{"@type":"ReadAction","target":["https:\/\/arvivaesthetics.com\/aesthetics-training\/"]}]},{"@type":"ImageObject","inLanguage":"es","@id":"https:\/\/arvivaesthetics.com\/aesthetics-training\/#primaryimage","url":"https:\/\/arvivaesthetics.com\/wp-content\/uploads\/2019\/01\/Aesthetics-Training.jpg","contentUrl":"https:\/\/arvivaesthetics.com\/wp-content\/uploads\/2019\/01\/Aesthetics-Training.jpg"},{"@type":"BreadcrumbList","@id":"https:\/\/arvivaesthetics.com\/aesthetics-training\/#breadcrumb","itemListElement":[{"@type":"ListItem","position":1,"name":"Home","item":"https:\/\/arvivaesthetics.com\/"},{"@type":"ListItem","position":2,"name":"Aesthetics Certification Classes"}]},{"@type":"WebSite","@id":"https:\/\/arvivaesthetics.com\/#website","url":"https:\/\/arvivaesthetics.com\/","name":"Arviv Est\u00e9tica M\u00e9dica","description":"","publisher":{"@id":"https:\/\/arvivaesthetics.com\/#organization"},"potentialAction":[{"@type":"SearchAction","target":{"@type":"EntryPoint","urlTemplate":"https:\/\/arvivaesthetics.com\/?s={search_term_string}"},"query-input":{"@type":"PropertyValueSpecification","valueRequired":true,"valueName":"search_term_string"}}],"inLanguage":"es"},{"@type":"Organization","@id":"https:\/\/arvivaesthetics.com\/#organization","name":"Arviv Est\u00e9tica M\u00e9dica","url":"https:\/\/arvivaesthetics.com\/","logo":{"@type":"ImageObject","inLanguage":"es","@id":"https:\/\/arvivaesthetics.com\/#\/schema\/logo\/image\/","url":"https:\/\/arvivaesthetics.com\/wp-content\/uploads\/2016\/11\/arvivIcon.png","contentUrl":"https:\/\/arvivaesthetics.com\/wp-content\/uploads\/2016\/11\/arvivIcon.png","width":86,"height":42,"caption":"Arviv Medical Aesthetics"},"image":{"@id":"https:\/\/arvivaesthetics.com\/#\/schema\/logo\/image\/"},"sameAs":["https:\/\/www.facebook.com\/arvivmedicalaesthetics\/","https:\/\/x.com\/ArvivAesthetics","https:\/\/www.instagram.com\/arviv_aesthetics\/","https:\/\/www.youtube.com\/user\/Arvivaesthetics"]}]}},"_links":{"self":[{"href":"https:\/\/arvivaesthetics.com\/es\/wp-json\/wp\/v2\/pages\/8571","targetHints":{"allow":["GET"]}}],"collection":[{"href":"https:\/\/arvivaesthetics.com\/es\/wp-json\/wp\/v2\/pages"}],"about":[{"href":"https:\/\/arvivaesthetics.com\/es\/wp-json\/wp\/v2\/types\/page"}],"author":[{"embeddable":true,"href":"https:\/\/arvivaesthetics.com\/es\/wp-json\/wp\/v2\/users\/32"}],"replies":[{"embeddable":true,"href":"https:\/\/arvivaesthetics.com\/es\/wp-json\/wp\/v2\/comments?post=8571"}],"version-history":[{"count":0,"href":"https:\/\/arvivaesthetics.com\/es\/wp-json\/wp\/v2\/pages\/8571\/revisions"}],"wp:attachment":[{"href":"https:\/\/arvivaesthetics.com\/es\/wp-json\/wp\/v2\/media?parent=8571"}],"curies":[{"name":"wp","href":"https:\/\/api.w.org\/{rel}","templated":true}]}}