{"id":9442,"date":"2020-05-21T14:11:05","date_gmt":"2020-05-21T19:11:05","guid":{"rendered":"http:\/\/arvivaesthetics.com\/?page_id=9442"},"modified":"2025-12-19T16:40:44","modified_gmt":"2025-12-19T21:40:44","slug":"fibroblastos-estiramiento-de-la-piel","status":"publish","type":"page","link":"https:\/\/arvivaesthetics.com\/es\/miami\/fibroblast-skin-tightening\/","title":{"rendered":"Estiramiento de la piel con fibroblastos en Miami"},"content":{"rendered":"<p>[spb_row element_name=&#8221;Row&#8221; wrap_type=&#8221;full-width-stretch&#8221; row_bg_type=&#8221;color&#8221; color_row_height=&#8221;content-height&#8221; bg_type=&#8221;cover&#8221; parallax_image_height=&#8221;content-height&#8221; parallax_image_movement=&#8221;fixed&#8221; parallax_image_speed=&#8221;standard&#8221; bg_video_loop=&#8221;yes&#8221; parallax_video_height=&#8221;window-height&#8221; row_top_style=&#8221;none&#8221; row_bottom_style=&#8221;none&#8221; parallax_video_overlay=&#8221;none&#8221; row_overlay_opacity=&#8221;0&#8243; remove_element_spacing=&#8221;no&#8221; row_col_spacing=&#8221;0&#8243; row_col_pos=&#8221;default&#8221; row_col_equal_heights=&#8221;no&#8221; row_expanding=&#8221;no&#8221; row_animation=&#8221;none&#8221; row_animation_delay=&#8221;0&#8243; minimize_row=&#8221;no&#8221; simplified_controls=&#8221;yes&#8221; custom_css_percentage=&#8221;no&#8221; custom_css=&#8221;margin-top: 0px;margin-bottom: 0px;&#8221; border_styling_global=&#8221;default&#8221; width=&#8221;1\/1&#8243; el_position=&#8221;first last&#8221;] [spb_text_block animation=&#8221;none&#8221; animation_delay=&#8221;0&#8243; simplified_controls=&#8221;yes&#8221; custom_css_percentage=&#8221;no&#8221; padding_vertical=&#8221;0&#8243; padding_horizontal=&#8221;0&#8243; margin_vertical=&#8221;0&#8243; custom_css=&#8221;margin-top: 0px;margin-bottom: 0px;&#8221; border_size=&#8221;0&#8243; border_styling_global=&#8221;default&#8221; width=&#8221;1\/1&#8243; el_position=&#8221;first last&#8221;]<\/p>\n<p><img loading=\"lazy\" decoding=\"async\" class=\"aligncenter wp-image-12056 size-full\" src=\"https:\/\/arvivaesthetics.com\/wp-content\/uploads\/2020\/11\/fibroblast-skin-tightening-1280x467-1.jpg\" alt=\"fibroblast-skin-tightening-1280&amp;#215;467\" width=\"1280\" height=\"467\" srcset=\"https:\/\/arvivaesthetics.com\/wp-content\/uploads\/2020\/11\/fibroblast-skin-tightening-1280x467-1.jpg 1280w, https:\/\/arvivaesthetics.com\/wp-content\/uploads\/2020\/11\/fibroblast-skin-tightening-1280x467-1-300x109.jpg 300w, https:\/\/arvivaesthetics.com\/wp-content\/uploads\/2020\/11\/fibroblast-skin-tightening-1280x467-1-1024x374.jpg 1024w, https:\/\/arvivaesthetics.com\/wp-content\/uploads\/2020\/11\/fibroblast-skin-tightening-1280x467-1-768x280.jpg 768w, https:\/\/arvivaesthetics.com\/wp-content\/uploads\/2020\/11\/fibroblast-skin-tightening-1280x467-1-1000x365.jpg 1000w\" sizes=\"auto, (max-width: 1280px) 100vw, 1280px\" \/><\/p>\n<p>[\/spb_text_block] [\/spb_row] [spb_row element_name=&#8221;Row&#8221; wrap_type=&#8221;full-width-stretch&#8221; row_bg_type=&#8221;color&#8221; row_bg_color=&#8221;#3fbbc3&#8243; color_row_height=&#8221;content-height&#8221; bg_type=&#8221;cover&#8221; parallax_image_height=&#8221;content-height&#8221; parallax_image_movement=&#8221;fixed&#8221; parallax_image_speed=&#8221;standard&#8221; bg_video_loop=&#8221;yes&#8221; parallax_video_height=&#8221;window-height&#8221; row_top_style=&#8221;none&#8221; row_bottom_style=&#8221;none&#8221; parallax_video_overlay=&#8221;none&#8221; row_overlay_opacity=&#8221;0&#8243; remove_element_spacing=&#8221;no&#8221; row_col_spacing=&#8221;0&#8243; row_col_pos=&#8221;default&#8221; row_col_equal_heights=&#8221;no&#8221; row_expanding=&#8221;no&#8221; row_animation=&#8221;none&#8221; row_animation_delay=&#8221;0&#8243; minimize_row=&#8221;no&#8221; simplified_controls=&#8221;yes&#8221; custom_css_percentage=&#8221;no&#8221; custom_css=&#8221;margin-top: 0px;margin-bottom: 0px;&#8221; border_styling_global=&#8221;default&#8221; width=&#8221;1\/1&#8243; el_position=&#8221;first last&#8221;] [spb_text_block animation=&#8221;none&#8221; animation_delay=&#8221;0&#8243; simplified_controls=&#8221;yes&#8221; custom_css_percentage=&#8221;no&#8221; padding_vertical=&#8221;0&#8243; padding_horizontal=&#8221;0&#8243; margin_vertical=&#8221;0&#8243; custom_css=&#8221;margin-top: 0px;margin-bottom: 0px;&#8221; border_size=&#8221;0&#8243; border_styling_global=&#8221;default&#8221; width=&#8221;1\/1&#8243; el_position=&#8221;first last&#8221;]<\/p>\n<p class=\"service-titles\">Call (813) 855-0111 to schedule your consultation.<\/p>\n<p>[\/spb_text_block] [\/spb_row] [spb_text_block animation=&#8221;none&#8221; animation_delay=&#8221;0&#8243; simplified_controls=&#8221;yes&#8221; custom_css_percentage=&#8221;no&#8221; padding_vertical=&#8221;0&#8243; padding_horizontal=&#8221;0&#8243; margin_vertical=&#8221;0&#8243; custom_css=&#8221;margin-top: 0px;margin-bottom: 0px;&#8221; border_size=&#8221;0&#8243; border_styling_global=&#8221;default&#8221; width=&#8221;1\/1&#8243; el_position=&#8221;first last&#8221;]<\/p>\n<div class=\"service-spacer\"><\/div>\n<p>[\/spb_text_block] [spb_text_block animation=&#8221;none&#8221; animation_delay=&#8221;0&#8243; simplified_controls=&#8221;yes&#8221; custom_css_percentage=&#8221;no&#8221; padding_vertical=&#8221;0&#8243; padding_horizontal=&#8221;0&#8243; margin_vertical=&#8221;0&#8243; custom_css=&#8221;margin-top: 0px;margin-bottom: 0px;&#8221; border_size=&#8221;0&#8243; border_styling_global=&#8221;default&#8221; width=&#8221;1\/1&#8243; el_position=&#8221;first last&#8221;]<\/p>\n<h2>What is Fibroblast skin tightening?<\/h2>\n<div class=\"service-spacer\">Fibroblast Plasma Skin Tightening is a cosmetic treatment that uses plasma, an ionized gas, to tighten skin non-surgically.<\/div>\n<p>[\/spb_text_block] [spb_row element_name=&#8221;Row&#8221; wrap_type=&#8221;standard-width&#8221; row_bg_type=&#8221;color&#8221; color_row_height=&#8221;content-height&#8221; bg_type=&#8221;cover&#8221; parallax_image_height=&#8221;content-height&#8221; parallax_image_movement=&#8221;fixed&#8221; parallax_image_speed=&#8221;standard&#8221; bg_video_loop=&#8221;yes&#8221; parallax_video_height=&#8221;window-height&#8221; row_top_style=&#8221;none&#8221; row_bottom_style=&#8221;none&#8221; parallax_video_overlay=&#8221;none&#8221; row_overlay_opacity=&#8221;0&#8243; remove_element_spacing=&#8221;no&#8221; row_col_spacing=&#8221;0&#8243; row_col_pos=&#8221;center&#8221; row_col_content_pos=&#8221;center&#8221; row_col_equal_heights=&#8221;yes&#8221; row_expanding=&#8221;no&#8221; row_animation=&#8221;none&#8221; row_animation_delay=&#8221;0&#8243; minimize_row=&#8221;no&#8221; simplified_controls=&#8221;yes&#8221; custom_css_percentage=&#8221;no&#8221; custom_css=&#8221;margin-top: 0px;margin-bottom: 0px;&#8221; border_styling_global=&#8221;default&#8221; width=&#8221;1\/1&#8243; el_position=&#8221;first last&#8221;] [spb_text_block animation=&#8221;none&#8221; animation_delay=&#8221;0&#8243; simplified_controls=&#8221;no&#8221; custom_css_percentage=&#8221;no&#8221; padding_vertical=&#8221;0&#8243; padding_horizontal=&#8221;0&#8243; margin_vertical=&#8221;0&#8243; custom_css=&#8221;margin-top: 0px;margin-bottom: 0px;padding-right: 30px;&#8221; border_size=&#8221;0&#8243; border_styling_global=&#8221;default&#8221; width=&#8221;1\/1&#8243; el_position=&#8221;first last&#8221;]<\/p>\n<h2><strong>Non-Invasive Treatments<\/strong><\/h2>\n<p><strong>Fibroblast Plasma Skin Tightening is able to treat a number of areas non- invasively, including: <\/strong><\/p>\n<ul>\n<li>Forehead lines<\/li>\n<li>Frown lines<\/li>\n<li>Crow\u2019s feet<\/li>\n<li>Upper eyelids<\/li>\n<li>Nasolabial folds<\/li>\n<li>Upper lip<\/li>\n<li>Lower lip<\/li>\n<li>Jowls<\/li>\n<li>Neck<\/li>\n<li>Tummy\/belly button<\/li>\n<li>Stretch marks<\/li>\n<li>Skin tags<\/li>\n<li>Crepey skin<\/li>\n<\/ul>\n<h2><strong>What can I expect from a treatment? <\/strong><\/h2>\n<p>Usually, Fibroblast treatments last approximately one hour. The treatment is virtually painless, requires no anesthesia, and there are no cuts or blood. While the treatment device itself never touches the skin, the plasma flash creates a tiny dot (carbon crusts) upon contact. These superficial dots, which form in a symmetrical grid over the treatment area, are part of the normal healing process and will fall off 5-7 days post-treatment. Patients can return to their normal activities right away with minimal discomfort.<\/p>\n<h2><strong>How soon will I see results?<\/strong><\/h2>\n<p>Most patients see results instantly, which continue to improve over the course of the following 90 days.<\/p>\n<h2><strong>Who is not suitable for fibroblast skin tightening:<\/strong><\/h2>\n<ul>\n<li>Pregnant<\/li>\n<li>UV exposure<\/li>\n<li>Autoimmune disease<\/li>\n<li>Vitiligo<\/li>\n<li>Pacemaker<\/li>\n<li>Severe circulatory disease<\/li>\n<li>Metal plates or pins<\/li>\n<li>Severe cardiovascular conditions<\/li>\n<li>Current or recent hemorrhage<\/li>\n<li>Malignancy and chemotherapy in the past 3 years<\/li>\n<li>Has taken Accutane in the past year<\/li>\n<li>Skin types 5 and 6<\/li>\n<\/ul>\n<p>[\/spb_text_block] [\/spb_row] [spb_text_block animation=&#8221;none&#8221; animation_delay=&#8221;0&#8243; simplified_controls=&#8221;yes&#8221; custom_css_percentage=&#8221;no&#8221; padding_vertical=&#8221;0&#8243; padding_horizontal=&#8221;0&#8243; margin_vertical=&#8221;0&#8243; custom_css=&#8221;margin-top: 0px;margin-bottom: 0px;&#8221; border_size=&#8221;0&#8243; border_styling_global=&#8221;default&#8221; width=&#8221;1\/1&#8243; el_position=&#8221;first last&#8221;]<\/p>\n<div style=\"box-shadow: 8px 8px 8px #888888; padding: 30px 0 40px 0; background-color: #3fbbc3; text-align: center; width: 80%; margin: 30px auto 50px auto;\">\n<p style=\"font-size: 30px; color: #ffffff; font-weight: 600;\">Call to schedule your consultation with our Miami office.<\/p>\n<p><button>Call Now<\/button><\/p>\n<\/div>\n<p>[\/spb_text_block] [spb_text_block animation=&#8221;none&#8221; animation_delay=&#8221;0&#8243; simplified_controls=&#8221;yes&#8221; custom_css_percentage=&#8221;no&#8221; padding_vertical=&#8221;0&#8243; padding_horizontal=&#8221;0&#8243; margin_vertical=&#8221;0&#8243; custom_css=&#8221;margin-top: 0px;margin-bottom: 0px;&#8221; border_size=&#8221;0&#8243; border_styling_global=&#8221;default&#8221; width=&#8221;1\/1&#8243; el_position=&#8221;first last&#8221;]<\/p>\n<p><small>image credit: getty, Viktor_Gladkov<\/small><\/p>\n<p>[\/spb_text_block] [spb_row element_name=&#8221;Row&#8221; wrap_type=&#8221;content-width&#8221; parallax_image_height=&#8221;content-height&#8221; parallax_image_movement=&#8221;fixed&#8221; parallax_image_speed=&#8221;0.5&#8243; bg_video_loop=&#8221;yes&#8221; parallax_video_height=&#8221;window-height&#8221; parallax_video_overlay=&#8221;none&#8221; row_overlay_opacity=&#8221;0&#8243; row_col_pos=&#8221;default&#8221; width=&#8221;1\/1&#8243; el_position=&#8221;first last&#8221;] [spb_image image=&#8221;15085&#8243; image_size=&#8221;full&#8221; frame=&#8221;noframe&#8221; caption_pos=&#8221;hover&#8221; remove_rounded=&#8221;yes&#8221; fullwidth=&#8221;no&#8221; overflow_mode=&#8221;none&#8221; link_target=&#8221;_self&#8221; lightbox=&#8221;no&#8221; intro_animation=&#8221;none&#8221; animation_delay=&#8221;200&#8243; width=&#8221;1\/3&#8243; el_position=&#8221;first last&#8221;][\/spb_image] [\/spb_row]<\/p>\n","protected":false},"excerpt":{"rendered":"<p>[spb_row element_name=&#8221;Row&#8221; wrap_type=&#8221;full-width-stretch&#8221; row_bg_type=&#8221;color&#8221; color_row_height=&#8221;content-height&#8221; bg_type=&#8221;cover&#8221; parallax_image_height=&#8221;content-height&#8221; parallax_image_movement=&#8221;fixed&#8221; parallax_image_speed=&#8221;standard&#8221; bg_video_loop=&#8221;yes&#8221; parallax_video_height=&#8221;window-height&#8221; row_top_style=&#8221;none&#8221; row_bottom_style=&#8221;none&#8221; parallax_video_overlay=&#8221;none&#8221; row_overlay_opacity=&#8221;0&#8243; remove_element_spacing=&#8221;no&#8221; row_col_spacing=&#8221;0&#8243; row_col_pos=&#8221;default&#8221; row_col_equal_heights=&#8221;no&#8221; row_expanding=&#8221;no&#8221; row_animation=&#8221;none&#8221; row_animation_delay=&#8221;0&#8243; minimize_row=&#8221;no&#8221; simplified_controls=&#8221;yes&#8221; custom_css_percentage=&#8221;no&#8221; custom_css=&#8221;margin-top: 0px;margin-bottom: 0px;&#8221; border_styling_global=&#8221;default&#8221; width=&#8221;1\/1&#8243; el_position=&#8221;first last&#8221;] [spb_text_block animation=&#8221;none&#8221; animation_delay=&#8221;0&#8243; simplified_controls=&#8221;yes&#8221; custom_css_percentage=&#8221;no&#8221; padding_vertical=&#8221;0&#8243; padding_horizontal=&#8221;0&#8243; margin_vertical=&#8221;0&#8243; custom_css=&#8221;margin-top: 0px;margin-bottom: 0px;&#8221; border_size=&#8221;0&#8243; border_styling_global=&#8221;default&#8221; width=&#8221;1\/1&#8243; el_position=&#8221;first last&#8221;] [\/spb_text_block] [\/spb_row] [spb_row element_name=&#8221;Row&#8221; wrap_type=&#8221;full-width-stretch&#8221; row_bg_type=&#8221;color&#8221; row_bg_color=&#8221;#3fbbc3&#8243; color_row_height=&#8221;content-height&#8221; bg_type=&#8221;cover&#8221; parallax_image_height=&#8221;content-height&#8221; parallax_image_movement=&#8221;fixed&#8221; parallax_image_speed=&#8221;standard&#8221; [&hellip;]<\/p>\n","protected":false},"author":32,"featured_media":0,"parent":18731,"menu_order":0,"comment_status":"closed","ping_status":"closed","template":"","meta":{"footnotes":""},"class_list":["post-9442","page","type-page","status-publish","hentry"],"yoast_head":"<!-- This site is optimized with the Yoast SEO plugin v27.5 - https:\/\/yoast.com\/product\/yoast-seo-wordpress\/ -->\n<title>Plasma Fibroblast Skin Tightening Treatment Miami | Arviv Medical Aesthetics<\/title>\n<meta name=\"description\" content=\"Our Fibroblast Skin Tightening treatments will tighten areas on our face and body without surgery. Call us in Miami to schedule an appointment (813) 855-0111\" \/>\n<meta name=\"robots\" content=\"index, follow, max-snippet:-1, max-image-preview:large, max-video-preview:-1\" \/>\n<link rel=\"canonical\" href=\"https:\/\/arvivaesthetics.com\/es\/miami\/fibroblastos-estiramiento-de-la-piel\/\" \/>\n<meta property=\"og:locale\" content=\"es_MX\" \/>\n<meta property=\"og:type\" content=\"article\" \/>\n<meta property=\"og:title\" content=\"Plasma Fibroblast Skin Tightening Treatment Miami | Arviv Medical Aesthetics\" \/>\n<meta property=\"og:description\" content=\"Our Fibroblast Skin Tightening treatments will tighten areas on our face and body without surgery. Call us in Miami to schedule an appointment (813) 855-0111\" \/>\n<meta property=\"og:url\" content=\"https:\/\/arvivaesthetics.com\/es\/miami\/fibroblastos-estiramiento-de-la-piel\/\" \/>\n<meta property=\"og:site_name\" content=\"Arviv Medical Aesthetics\" \/>\n<meta property=\"article:publisher\" content=\"https:\/\/www.facebook.com\/arvivmedicalaesthetics\/\" \/>\n<meta property=\"article:modified_time\" content=\"2025-12-19T21:40:44+00:00\" \/>\n<meta property=\"og:image\" content=\"https:\/\/arvivaesthetics.com\/wp-content\/uploads\/2020\/11\/fibroblast-skin-tightening-1280x467-1.jpg\" \/>\n\t<meta property=\"og:image:width\" content=\"1280\" \/>\n\t<meta property=\"og:image:height\" content=\"467\" \/>\n\t<meta property=\"og:image:type\" content=\"image\/jpeg\" \/>\n<meta name=\"twitter:card\" content=\"summary_large_image\" \/>\n<meta name=\"twitter:site\" content=\"@ArvivAesthetics\" \/>\n<meta name=\"twitter:label1\" content=\"Tiempo de lectura\" \/>\n\t<meta name=\"twitter:data1\" content=\"3 minutos\" \/>\n<script type=\"application\/ld+json\" class=\"yoast-schema-graph\">{\"@context\":\"https:\\\/\\\/schema.org\",\"@graph\":[{\"@type\":\"WebPage\",\"@id\":\"https:\\\/\\\/arvivaesthetics.com\\\/miami\\\/fibroblast-skin-tightening\\\/\",\"url\":\"https:\\\/\\\/arvivaesthetics.com\\\/miami\\\/fibroblast-skin-tightening\\\/\",\"name\":\"Plasma Fibroblast Skin Tightening Treatment Miami | Arviv Medical Aesthetics\",\"isPartOf\":{\"@id\":\"https:\\\/\\\/arvivaesthetics.com\\\/#website\"},\"primaryImageOfPage\":{\"@id\":\"https:\\\/\\\/arvivaesthetics.com\\\/miami\\\/fibroblast-skin-tightening\\\/#primaryimage\"},\"image\":{\"@id\":\"https:\\\/\\\/arvivaesthetics.com\\\/miami\\\/fibroblast-skin-tightening\\\/#primaryimage\"},\"thumbnailUrl\":\"https:\\\/\\\/arvivaesthetics.com\\\/wp-content\\\/uploads\\\/2020\\\/11\\\/fibroblast-skin-tightening-1280x467-1.jpg\",\"datePublished\":\"2020-05-21T19:11:05+00:00\",\"dateModified\":\"2025-12-19T21:40:44+00:00\",\"description\":\"Our Fibroblast Skin Tightening treatments will tighten areas on our face and body without surgery. Call us in Miami to schedule an appointment (813) 855-0111\",\"breadcrumb\":{\"@id\":\"https:\\\/\\\/arvivaesthetics.com\\\/miami\\\/fibroblast-skin-tightening\\\/#breadcrumb\"},\"inLanguage\":\"es\",\"potentialAction\":[{\"@type\":\"ReadAction\",\"target\":[\"https:\\\/\\\/arvivaesthetics.com\\\/miami\\\/fibroblast-skin-tightening\\\/\"]}]},{\"@type\":\"ImageObject\",\"inLanguage\":\"es\",\"@id\":\"https:\\\/\\\/arvivaesthetics.com\\\/miami\\\/fibroblast-skin-tightening\\\/#primaryimage\",\"url\":\"https:\\\/\\\/arvivaesthetics.com\\\/wp-content\\\/uploads\\\/2020\\\/11\\\/fibroblast-skin-tightening-1280x467-1.jpg\",\"contentUrl\":\"https:\\\/\\\/arvivaesthetics.com\\\/wp-content\\\/uploads\\\/2020\\\/11\\\/fibroblast-skin-tightening-1280x467-1.jpg\"},{\"@type\":\"BreadcrumbList\",\"@id\":\"https:\\\/\\\/arvivaesthetics.com\\\/miami\\\/fibroblast-skin-tightening\\\/#breadcrumb\",\"itemListElement\":[{\"@type\":\"ListItem\",\"position\":1,\"name\":\"Home\",\"item\":\"https:\\\/\\\/arvivaesthetics.com\\\/\"},{\"@type\":\"ListItem\",\"position\":2,\"name\":\"Miami\",\"item\":\"https:\\\/\\\/arvivaesthetics.com\\\/miami\\\/\"},{\"@type\":\"ListItem\",\"position\":3,\"name\":\"Fibroblast Skin Tightening in Miami\"}]},{\"@type\":\"WebSite\",\"@id\":\"https:\\\/\\\/arvivaesthetics.com\\\/#website\",\"url\":\"https:\\\/\\\/arvivaesthetics.com\\\/\",\"name\":\"Arviv Medical Aesthetics\",\"description\":\"\",\"publisher\":{\"@id\":\"https:\\\/\\\/arvivaesthetics.com\\\/#organization\"},\"potentialAction\":[{\"@type\":\"SearchAction\",\"target\":{\"@type\":\"EntryPoint\",\"urlTemplate\":\"https:\\\/\\\/arvivaesthetics.com\\\/?s={search_term_string}\"},\"query-input\":{\"@type\":\"PropertyValueSpecification\",\"valueRequired\":true,\"valueName\":\"search_term_string\"}}],\"inLanguage\":\"es\"},{\"@type\":\"Organization\",\"@id\":\"https:\\\/\\\/arvivaesthetics.com\\\/#organization\",\"name\":\"Arviv Medical Aesthetics\",\"url\":\"https:\\\/\\\/arvivaesthetics.com\\\/\",\"logo\":{\"@type\":\"ImageObject\",\"inLanguage\":\"es\",\"@id\":\"https:\\\/\\\/arvivaesthetics.com\\\/#\\\/schema\\\/logo\\\/image\\\/\",\"url\":\"https:\\\/\\\/arvivaesthetics.com\\\/wp-content\\\/uploads\\\/2016\\\/11\\\/arvivIcon.png\",\"contentUrl\":\"https:\\\/\\\/arvivaesthetics.com\\\/wp-content\\\/uploads\\\/2016\\\/11\\\/arvivIcon.png\",\"width\":86,\"height\":42,\"caption\":\"Arviv Medical Aesthetics\"},\"image\":{\"@id\":\"https:\\\/\\\/arvivaesthetics.com\\\/#\\\/schema\\\/logo\\\/image\\\/\"},\"sameAs\":[\"https:\\\/\\\/www.facebook.com\\\/arvivmedicalaesthetics\\\/\",\"https:\\\/\\\/x.com\\\/ArvivAesthetics\",\"https:\\\/\\\/www.instagram.com\\\/arviv_aesthetics\\\/\",\"https:\\\/\\\/www.youtube.com\\\/user\\\/Arvivaesthetics\"]}]}<\/script>\n<!-- \/ Yoast SEO plugin. -->","yoast_head_json":{"title":"Tratamiento Plasma Fibroblastos Miami | Arviv Medical Aesthetics","description":"Nuestros tratamientos de Estiramiento de la Piel con Fibroblastos estirar\u00e1n \u00e1reas de nuestro rostro y cuerpo sin cirug\u00eda. Ll\u00e1menos en Miami para programar una cita (813) 855-0111","robots":{"index":"index","follow":"follow","max-snippet":"max-snippet:-1","max-image-preview":"max-image-preview:large","max-video-preview":"max-video-preview:-1"},"canonical":"https:\/\/arvivaesthetics.com\/es\/miami\/fibroblastos-estiramiento-de-la-piel\/","og_locale":"es_MX","og_type":"article","og_title":"Plasma Fibroblast Skin Tightening Treatment Miami | Arviv Medical Aesthetics","og_description":"Our Fibroblast Skin Tightening treatments will tighten areas on our face and body without surgery. Call us in Miami to schedule an appointment (813) 855-0111","og_url":"https:\/\/arvivaesthetics.com\/es\/miami\/fibroblastos-estiramiento-de-la-piel\/","og_site_name":"Arviv Medical Aesthetics","article_publisher":"https:\/\/www.facebook.com\/arvivmedicalaesthetics\/","article_modified_time":"2025-12-19T21:40:44+00:00","og_image":[{"width":1280,"height":467,"url":"https:\/\/arvivaesthetics.com\/wp-content\/uploads\/2020\/11\/fibroblast-skin-tightening-1280x467-1.jpg","type":"image\/jpeg"}],"twitter_card":"summary_large_image","twitter_site":"@ArvivAesthetics","twitter_misc":{"Tiempo de lectura":"3 minutos"},"schema":{"@context":"https:\/\/schema.org","@graph":[{"@type":"WebPage","@id":"https:\/\/arvivaesthetics.com\/miami\/fibroblast-skin-tightening\/","url":"https:\/\/arvivaesthetics.com\/miami\/fibroblast-skin-tightening\/","name":"Tratamiento Plasma Fibroblastos Miami | Arviv Medical Aesthetics","isPartOf":{"@id":"https:\/\/arvivaesthetics.com\/#website"},"primaryImageOfPage":{"@id":"https:\/\/arvivaesthetics.com\/miami\/fibroblast-skin-tightening\/#primaryimage"},"image":{"@id":"https:\/\/arvivaesthetics.com\/miami\/fibroblast-skin-tightening\/#primaryimage"},"thumbnailUrl":"https:\/\/arvivaesthetics.com\/wp-content\/uploads\/2020\/11\/fibroblast-skin-tightening-1280x467-1.jpg","datePublished":"2020-05-21T19:11:05+00:00","dateModified":"2025-12-19T21:40:44+00:00","description":"Nuestros tratamientos de Estiramiento de la Piel con Fibroblastos estirar\u00e1n \u00e1reas de nuestro rostro y cuerpo sin cirug\u00eda. Ll\u00e1menos en Miami para programar una cita (813) 855-0111","breadcrumb":{"@id":"https:\/\/arvivaesthetics.com\/miami\/fibroblast-skin-tightening\/#breadcrumb"},"inLanguage":"es","potentialAction":[{"@type":"ReadAction","target":["https:\/\/arvivaesthetics.com\/miami\/fibroblast-skin-tightening\/"]}]},{"@type":"ImageObject","inLanguage":"es","@id":"https:\/\/arvivaesthetics.com\/miami\/fibroblast-skin-tightening\/#primaryimage","url":"https:\/\/arvivaesthetics.com\/wp-content\/uploads\/2020\/11\/fibroblast-skin-tightening-1280x467-1.jpg","contentUrl":"https:\/\/arvivaesthetics.com\/wp-content\/uploads\/2020\/11\/fibroblast-skin-tightening-1280x467-1.jpg"},{"@type":"BreadcrumbList","@id":"https:\/\/arvivaesthetics.com\/miami\/fibroblast-skin-tightening\/#breadcrumb","itemListElement":[{"@type":"ListItem","position":1,"name":"Home","item":"https:\/\/arvivaesthetics.com\/"},{"@type":"ListItem","position":2,"name":"Miami","item":"https:\/\/arvivaesthetics.com\/miami\/"},{"@type":"ListItem","position":3,"name":"Fibroblast Skin Tightening in Miami"}]},{"@type":"WebSite","@id":"https:\/\/arvivaesthetics.com\/#website","url":"https:\/\/arvivaesthetics.com\/","name":"Arviv Est\u00e9tica M\u00e9dica","description":"","publisher":{"@id":"https:\/\/arvivaesthetics.com\/#organization"},"potentialAction":[{"@type":"SearchAction","target":{"@type":"EntryPoint","urlTemplate":"https:\/\/arvivaesthetics.com\/?s={search_term_string}"},"query-input":{"@type":"PropertyValueSpecification","valueRequired":true,"valueName":"search_term_string"}}],"inLanguage":"es"},{"@type":"Organization","@id":"https:\/\/arvivaesthetics.com\/#organization","name":"Arviv Est\u00e9tica M\u00e9dica","url":"https:\/\/arvivaesthetics.com\/","logo":{"@type":"ImageObject","inLanguage":"es","@id":"https:\/\/arvivaesthetics.com\/#\/schema\/logo\/image\/","url":"https:\/\/arvivaesthetics.com\/wp-content\/uploads\/2016\/11\/arvivIcon.png","contentUrl":"https:\/\/arvivaesthetics.com\/wp-content\/uploads\/2016\/11\/arvivIcon.png","width":86,"height":42,"caption":"Arviv Medical Aesthetics"},"image":{"@id":"https:\/\/arvivaesthetics.com\/#\/schema\/logo\/image\/"},"sameAs":["https:\/\/www.facebook.com\/arvivmedicalaesthetics\/","https:\/\/x.com\/ArvivAesthetics","https:\/\/www.instagram.com\/arviv_aesthetics\/","https:\/\/www.youtube.com\/user\/Arvivaesthetics"]}]}},"_links":{"self":[{"href":"https:\/\/arvivaesthetics.com\/es\/wp-json\/wp\/v2\/pages\/9442","targetHints":{"allow":["GET"]}}],"collection":[{"href":"https:\/\/arvivaesthetics.com\/es\/wp-json\/wp\/v2\/pages"}],"about":[{"href":"https:\/\/arvivaesthetics.com\/es\/wp-json\/wp\/v2\/types\/page"}],"author":[{"embeddable":true,"href":"https:\/\/arvivaesthetics.com\/es\/wp-json\/wp\/v2\/users\/32"}],"replies":[{"embeddable":true,"href":"https:\/\/arvivaesthetics.com\/es\/wp-json\/wp\/v2\/comments?post=9442"}],"version-history":[{"count":0,"href":"https:\/\/arvivaesthetics.com\/es\/wp-json\/wp\/v2\/pages\/9442\/revisions"}],"up":[{"embeddable":true,"href":"https:\/\/arvivaesthetics.com\/es\/wp-json\/wp\/v2\/pages\/18731"}],"wp:attachment":[{"href":"https:\/\/arvivaesthetics.com\/es\/wp-json\/wp\/v2\/media?parent=9442"}],"curies":[{"name":"wp","href":"https:\/\/api.w.org\/{rel}","templated":true}]}}