{"id":9944,"date":"2019-09-11T14:50:55","date_gmt":"2019-09-11T19:50:55","guid":{"rendered":"http:\/\/arvivaesthetics.com\/?page_id=9944"},"modified":"2025-04-06T18:12:18","modified_gmt":"2025-04-06T23:12:18","slug":"tratamiento-con-ondas-de-choque-para-la-disfuncion-erectil","status":"publish","type":"page","link":"https:\/\/arvivaesthetics.com\/es\/tampa\/shockwave-treatment-for-erectile-dysfunction\/","title":{"rendered":"Tratamiento con ondas de choque para la disfunci\u00f3n er\u00e9ctil en Tampa"},"content":{"rendered":"<p>[spb_row element_name=&#8221;Row&#8221; wrap_type=&#8221;full-width-stretch&#8221; row_bg_type=&#8221;color&#8221; color_row_height=&#8221;content-height&#8221; bg_type=&#8221;cover&#8221; parallax_image_height=&#8221;content-height&#8221; parallax_image_movement=&#8221;fixed&#8221; parallax_image_speed=&#8221;standard&#8221; bg_video_loop=&#8221;yes&#8221; parallax_video_height=&#8221;window-height&#8221; row_top_style=&#8221;none&#8221; row_bottom_style=&#8221;none&#8221; parallax_video_overlay=&#8221;none&#8221; row_overlay_opacity=&#8221;0&#8243; remove_element_spacing=&#8221;no&#8221; row_col_spacing=&#8221;0&#8243; row_col_pos=&#8221;default&#8221; row_col_equal_heights=&#8221;no&#8221; row_expanding=&#8221;no&#8221; row_animation=&#8221;none&#8221; row_animation_delay=&#8221;0&#8243; minimize_row=&#8221;no&#8221; simplified_controls=&#8221;yes&#8221; custom_css_percentage=&#8221;no&#8221; custom_css=&#8221;margin-top: 0px;margin-bottom: 0px;&#8221; border_styling_global=&#8221;default&#8221; width=&#8221;1\/1&#8243; el_position=&#8221;first last&#8221;] [spb_text_block animation=&#8221;none&#8221; animation_delay=&#8221;0&#8243; simplified_controls=&#8221;yes&#8221; custom_css_percentage=&#8221;no&#8221; padding_vertical=&#8221;0&#8243; padding_horizontal=&#8221;0&#8243; margin_vertical=&#8221;0&#8243; custom_css=&#8221;margin-top: 0px;margin-bottom: 0px;&#8221; border_size=&#8221;0&#8243; border_styling_global=&#8221;default&#8221; bk_image_global=&#8221;8369&#8243; width=&#8221;1\/1&#8243; el_position=&#8221;first last&#8221;]<\/p>\n<p><img loading=\"lazy\" decoding=\"async\" class=\"alignright wp-image-8367 size-full\" title=\"erectile-dysfuction-treatment-tampa-miami\" src=\"http:\/\/arvivaesthetics.com\/wp-content\/uploads\/2018\/11\/erectile-dysfuction-treatment-tampa-miami.jpg\" alt=\"erectile-dysfuction-treatment-tampa-miami\" width=\"1920\" height=\"683\" srcset=\"https:\/\/arvivaesthetics.com\/wp-content\/uploads\/2018\/11\/erectile-dysfuction-treatment-tampa-miami.jpg 1920w, https:\/\/arvivaesthetics.com\/wp-content\/uploads\/2018\/11\/erectile-dysfuction-treatment-tampa-miami-300x107.jpg 300w, https:\/\/arvivaesthetics.com\/wp-content\/uploads\/2018\/11\/erectile-dysfuction-treatment-tampa-miami-1024x364.jpg 1024w, https:\/\/arvivaesthetics.com\/wp-content\/uploads\/2018\/11\/erectile-dysfuction-treatment-tampa-miami-768x273.jpg 768w, https:\/\/arvivaesthetics.com\/wp-content\/uploads\/2018\/11\/erectile-dysfuction-treatment-tampa-miami-1536x546.jpg 1536w, https:\/\/arvivaesthetics.com\/wp-content\/uploads\/2018\/11\/erectile-dysfuction-treatment-tampa-miami-1280x455.jpg 1280w, https:\/\/arvivaesthetics.com\/wp-content\/uploads\/2018\/11\/erectile-dysfuction-treatment-tampa-miami-1000x356.jpg 1000w\" sizes=\"auto, (max-width: 1920px) 100vw, 1920px\" \/><\/p>\n<p>[\/spb_text_block] [\/spb_row] [spb_row element_name=&#8221;Row&#8221; wrap_type=&#8221;full-width-stretch&#8221; row_bg_type=&#8221;color&#8221; row_bg_color=&#8221;#3fbbc3&#8243; color_row_height=&#8221;content-height&#8221; bg_type=&#8221;cover&#8221; parallax_image_height=&#8221;content-height&#8221; parallax_image_movement=&#8221;fixed&#8221; parallax_image_speed=&#8221;standard&#8221; bg_video_loop=&#8221;yes&#8221; parallax_video_height=&#8221;window-height&#8221; row_top_style=&#8221;none&#8221; row_bottom_style=&#8221;none&#8221; parallax_video_overlay=&#8221;none&#8221; row_overlay_opacity=&#8221;0&#8243; remove_element_spacing=&#8221;no&#8221; row_col_spacing=&#8221;0&#8243; row_col_pos=&#8221;default&#8221; row_col_equal_heights=&#8221;no&#8221; row_expanding=&#8221;no&#8221; row_animation=&#8221;none&#8221; row_animation_delay=&#8221;0&#8243; minimize_row=&#8221;no&#8221; simplified_controls=&#8221;yes&#8221; custom_css_percentage=&#8221;no&#8221; custom_css=&#8221;margin-top: 0px;margin-bottom: 0px;&#8221; border_styling_global=&#8221;default&#8221; width=&#8221;1\/1&#8243; el_position=&#8221;first last&#8221;] [spb_text_block animation=&#8221;none&#8221; animation_delay=&#8221;0&#8243; simplified_controls=&#8221;yes&#8221; custom_css_percentage=&#8221;no&#8221; padding_vertical=&#8221;0&#8243; padding_horizontal=&#8221;0&#8243; margin_vertical=&#8221;0&#8243; custom_css=&#8221;margin-top: 0px;margin-bottom: 0px;&#8221; border_size=&#8221;0&#8243; border_styling_global=&#8221;default&#8221; width=&#8221;1\/1&#8243; el_position=&#8221;first last&#8221;]<\/p>\n<h3 class=\"service-titles\"><strong>Call <a href=\"tel:\/\/+1-813-855-0111\" target=\"_blank\" rel=\"noopener\">(813) 855-0111<\/a> to schedule your consultation at our Tampa office.<\/strong><\/h3>\n<p>[\/spb_text_block] [spb_blank_spacer height=&#8221;30px&#8221; width=&#8221;1\/1&#8243; el_position=&#8221;first last&#8221;] [\/spb_row] [spb_text_block animation=&#8221;none&#8221; animation_delay=&#8221;0&#8243; simplified_controls=&#8221;yes&#8221; custom_css_percentage=&#8221;no&#8221; padding_vertical=&#8221;0&#8243; padding_horizontal=&#8221;0&#8243; margin_vertical=&#8221;0&#8243; custom_css=&#8221;margin-top: 0px;margin-bottom: 0px;&#8221; border_size=&#8221;0&#8243; border_styling_global=&#8221;default&#8221; width=&#8221;1\/1&#8243; el_position=&#8221;first last&#8221;]<\/p>\n<p>&nbsp;<\/p>\n<p>If you\u2019ve been diagnosed with erectile dysfunction, or ED, it can be difficult to know where to turn. There are many treatment options available, but a promising alternative to surgery is shockwave treatment.<\/p>\n<p>Find out whether <a href=\"https:\/\/arvivaesthetics.com\/tampa\/erectile-dysfunction\/\">shockwave treatment for ED<\/a> is right for you and learn why Arviv Medical Aesthetics is an excellent option of professional treatment centers in Tampa.<\/p>\n<p>&nbsp;<\/p>\n<h2>What Are Common Signs of ED?<\/h2>\n<p>Erectile dysfunction can have many signs, symptoms and treatment options. Living with ED can be very stressful and cause a range of difficulties. While you should check with your doctor for an accurate diagnosis, here are some common signs of ED:<\/p>\n<p>\u2022 Difficulty getting or maintaining an erection<\/p>\n<p>\u2022 Lower interest in sex<\/p>\n<p>While occasional symptoms are normal, when these difficulties last two months or more, they may be diagnosed as ED.<\/p>\n<p>While there are medicinal and surgical treatments available, shockwave treatment is an alternative that is proving effective and relatively pain-free.<\/p>\n<p>There are many related sexual problems, so if you have difficulties with delayed or premature ejaculation, these may be signs of another issue. Lack of ejeculation is also typically a symptom of another sexual problem, not ED.<\/p>\n<p>These symptoms may not be improved by shockwave treatment, so consider talking to a medical professional before choosing this treatment option.<\/p>\n<p>&nbsp;<\/p>\n<h2>Benefits of Shockwave Treatment<\/h2>\n<p>There are many causes of ED. However, if your specific cause is scarred erectile tissue, then shockwave treatment has been shown to improve natural abilities for many individuals.<\/p>\n<p>This dynamic treatment works by using a probe to deliver targeted shockwaves to target areas. These shockwaves are <a href=\"https:\/\/www.issm.info\/sexual-health-qa\/what-is-shockwave-therapy-and-how-might-it-help-men-with-erectile-dysfuncti\/\" target=\"_blank\" rel=\"noopener\">typically painless<\/a>, and the entire process should be completed in 20 minutes or less.<\/p>\n<p>While benefits can vary among patients, the results are encouraging for many individuals. Successful shockwave treatment for erectile dysfunction allows individuals to achieve natural, spontaneous erections and sustain erections without taking a pill.<\/p>\n<p>Many of the benefits of shockwave treatment can be achieved naturally and in just a few treatments.<\/p>\n<p>&nbsp;<\/p>\n<h2>Learn More at Arviv Medical Aesthetics<\/h2>\n<p>Restore your confidence, your mood, and your lifestyle with shockwave treatment. Don\u2019t allow ED to keep you from natural, sustained erections. <a href=\"https:\/\/arvivaesthetics.com\/tampa\/\" target=\"_blank\" rel=\"noopener\">Schedule an appointment at our Tampa location today<\/a> to<\/p>\n<p>discuss your treatment options. Find out if shockwave treatment is right for you and take back your life without the pain and adverse side-effects of surgery or medicinal alternatives. Our medical professionals are experienced in this treatment option and can help you discuss your other ED treatment options.<\/p>\n<p>[\/spb_text_block] [spb_text_block animation=&#8221;none&#8221; animation_delay=&#8221;0&#8243; simplified_controls=&#8221;yes&#8221; custom_css_percentage=&#8221;no&#8221; padding_vertical=&#8221;0&#8243; padding_horizontal=&#8221;0&#8243; margin_vertical=&#8221;0&#8243; custom_css=&#8221;margin-top: 0px;margin-bottom: 0px;&#8221; border_size=&#8221;0&#8243; border_styling_global=&#8221;default&#8221; width=&#8221;1\/1&#8243; el_position=&#8221;first last&#8221;]<\/p>\n<div class=\"service-spacer\"><\/div>\n<p>[\/spb_text_block] [spb_row element_name=&#8221;Row&#8221; wrap_type=&#8221;full-width-stretch&#8221; row_bg_type=&#8221;color&#8221; row_bg_color=&#8221;#3fbbc3&#8243; color_row_height=&#8221;content-height&#8221; bg_type=&#8221;cover&#8221; parallax_image_height=&#8221;content-height&#8221; parallax_image_movement=&#8221;fixed&#8221; parallax_image_speed=&#8221;standard&#8221; bg_video_loop=&#8221;yes&#8221; parallax_video_height=&#8221;window-height&#8221; row_top_style=&#8221;none&#8221; row_bottom_style=&#8221;none&#8221; parallax_video_overlay=&#8221;none&#8221; row_overlay_opacity=&#8221;0&#8243; remove_element_spacing=&#8221;no&#8221; row_col_spacing=&#8221;0&#8243; row_col_pos=&#8221;default&#8221; row_col_equal_heights=&#8221;no&#8221; row_expanding=&#8221;no&#8221; row_animation=&#8221;none&#8221; row_animation_delay=&#8221;0&#8243; minimize_row=&#8221;no&#8221; simplified_controls=&#8221;yes&#8221; custom_css_percentage=&#8221;no&#8221; custom_css=&#8221;margin-top: 0px;margin-bottom: 0px;&#8221; border_styling_global=&#8221;default&#8221; width=&#8221;1\/1&#8243; el_position=&#8221;first last&#8221;] [spb_text_block animation=&#8221;none&#8221; animation_delay=&#8221;0&#8243; simplified_controls=&#8221;yes&#8221; custom_css_percentage=&#8221;no&#8221; padding_vertical=&#8221;0&#8243; padding_horizontal=&#8221;0&#8243; margin_vertical=&#8221;0&#8243; custom_css=&#8221;margin-top: 0px;margin-bottom: 0px;&#8221; border_size=&#8221;0&#8243; border_styling_global=&#8221;default&#8221; width=&#8221;1\/1&#8243; el_position=&#8221;first last&#8221;]<\/p>\n<h2 class=\"service-titles\">ERECTILE DYSFUNCTION PRICING &amp; INFORMATION<\/h2>\n<p>[\/spb_text_block] [\/spb_row] [spb_text_block animation=&#8221;none&#8221; animation_delay=&#8221;0&#8243; simplified_controls=&#8221;yes&#8221; custom_css_percentage=&#8221;no&#8221; padding_vertical=&#8221;0&#8243; padding_horizontal=&#8221;0&#8243; margin_vertical=&#8221;0&#8243; custom_css=&#8221;margin-top: 0px;margin-bottom: 0px;&#8221; border_size=&#8221;0&#8243; border_styling_global=&#8221;default&#8221; width=&#8221;1\/1&#8243; el_position=&#8221;first last&#8221;]<\/p>\n<p style=\"text-align: center;\"><strong>Prices are subject to change and personalized prices will be provided upon consultation.<\/strong><\/p>\n<p>[\/spb_text_block]<\/p>\n","protected":false},"excerpt":{"rendered":"<p>[spb_row element_name=&#8221;Row&#8221; wrap_type=&#8221;full-width-stretch&#8221; row_bg_type=&#8221;color&#8221; color_row_height=&#8221;content-height&#8221; bg_type=&#8221;cover&#8221; parallax_image_height=&#8221;content-height&#8221; parallax_image_movement=&#8221;fixed&#8221; parallax_image_speed=&#8221;standard&#8221; bg_video_loop=&#8221;yes&#8221; parallax_video_height=&#8221;window-height&#8221; row_top_style=&#8221;none&#8221; row_bottom_style=&#8221;none&#8221; parallax_video_overlay=&#8221;none&#8221; row_overlay_opacity=&#8221;0&#8243; remove_element_spacing=&#8221;no&#8221; row_col_spacing=&#8221;0&#8243; row_col_pos=&#8221;default&#8221; row_col_equal_heights=&#8221;no&#8221; row_expanding=&#8221;no&#8221; row_animation=&#8221;none&#8221; row_animation_delay=&#8221;0&#8243; minimize_row=&#8221;no&#8221; simplified_controls=&#8221;yes&#8221; custom_css_percentage=&#8221;no&#8221; custom_css=&#8221;margin-top: 0px;margin-bottom: 0px;&#8221; border_styling_global=&#8221;default&#8221; width=&#8221;1\/1&#8243; el_position=&#8221;first last&#8221;] [spb_text_block animation=&#8221;none&#8221; animation_delay=&#8221;0&#8243; simplified_controls=&#8221;yes&#8221; custom_css_percentage=&#8221;no&#8221; padding_vertical=&#8221;0&#8243; padding_horizontal=&#8221;0&#8243; margin_vertical=&#8221;0&#8243; custom_css=&#8221;margin-top: 0px;margin-bottom: 0px;&#8221; border_size=&#8221;0&#8243; border_styling_global=&#8221;default&#8221; bk_image_global=&#8221;8369&#8243; width=&#8221;1\/1&#8243; el_position=&#8221;first last&#8221;] [\/spb_text_block] [\/spb_row] [spb_row element_name=&#8221;Row&#8221; wrap_type=&#8221;full-width-stretch&#8221; row_bg_type=&#8221;color&#8221; row_bg_color=&#8221;#3fbbc3&#8243; color_row_height=&#8221;content-height&#8221; bg_type=&#8221;cover&#8221; parallax_image_height=&#8221;content-height&#8221; parallax_image_movement=&#8221;fixed&#8221; [&hellip;]<\/p>\n","protected":false},"author":32,"featured_media":0,"parent":171,"menu_order":0,"comment_status":"closed","ping_status":"closed","template":"","meta":{"footnotes":""},"class_list":["post-9944","page","type-page","status-publish","hentry"],"yoast_head":"<!-- This site is optimized with the Yoast SEO plugin v27.5 - https:\/\/yoast.com\/product\/yoast-seo-wordpress\/ -->\n<title>Erectile Dysfunction Treatment in Tampa | Prices &amp; Info | Arviv Medical Aesthetics<\/title>\n<meta name=\"description\" content=\"Do you have Erectile Dysfunction? Discover the Shockwave Treatment for Erectile Dysfunction by Arviv Aesthetics in Tampa, FL. Restore your confidence today.\" \/>\n<meta name=\"robots\" content=\"index, follow, max-snippet:-1, max-image-preview:large, max-video-preview:-1\" \/>\n<link rel=\"canonical\" href=\"https:\/\/arvivaesthetics.com\/es\/tampa\/disfuncion-erectil\/\" \/>\n<meta property=\"og:locale\" content=\"es_MX\" \/>\n<meta property=\"og:type\" content=\"article\" \/>\n<meta property=\"og:title\" content=\"Erectile Dysfunction Treatment in Tampa | Prices &amp; Info | Arviv Medical Aesthetics\" \/>\n<meta property=\"og:description\" content=\"Do you have Erectile Dysfunction? Discover the Shockwave Treatment for Erectile Dysfunction by Arviv Aesthetics in Tampa, FL. Restore your confidence today.\" \/>\n<meta property=\"og:url\" content=\"https:\/\/arvivaesthetics.com\/es\/tampa\/disfuncion-erectil\/\" \/>\n<meta property=\"og:site_name\" content=\"Arviv Medical Aesthetics\" \/>\n<meta property=\"article:publisher\" content=\"https:\/\/www.facebook.com\/arvivmedicalaesthetics\/\" \/>\n<meta property=\"article:modified_time\" content=\"2025-04-06T23:12:18+00:00\" \/>\n<meta property=\"og:image\" content=\"https:\/\/arvivaesthetics.com\/wp-content\/uploads\/2018\/11\/erectile-dysfuction-treatment-tampa-miami.jpg\" \/>\n\t<meta property=\"og:image:width\" content=\"1920\" \/>\n\t<meta property=\"og:image:height\" content=\"683\" \/>\n\t<meta property=\"og:image:type\" content=\"image\/jpeg\" \/>\n<meta name=\"twitter:card\" content=\"summary_large_image\" \/>\n<meta name=\"twitter:site\" content=\"@ArvivAesthetics\" \/>\n<meta name=\"twitter:label1\" content=\"Tiempo de lectura\" \/>\n\t<meta name=\"twitter:data1\" content=\"5 minutos\" \/>\n<script type=\"application\/ld+json\" class=\"yoast-schema-graph\">{\"@context\":\"https:\\\/\\\/schema.org\",\"@graph\":[{\"@type\":\"WebPage\",\"@id\":\"https:\\\/\\\/arvivaesthetics.com\\\/tampa\\\/shockwave-treatment-for-erectile-dysfunction\\\/\",\"url\":\"https:\\\/\\\/arvivaesthetics.com\\\/tampa\\\/erectile-dysfunction\\\/\",\"name\":\"Erectile Dysfunction Treatment in Tampa | Prices & Info | Arviv Medical Aesthetics\",\"isPartOf\":{\"@id\":\"https:\\\/\\\/arvivaesthetics.com\\\/#website\"},\"primaryImageOfPage\":{\"@id\":\"https:\\\/\\\/arvivaesthetics.com\\\/tampa\\\/erectile-dysfunction\\\/#primaryimage\"},\"image\":{\"@id\":\"https:\\\/\\\/arvivaesthetics.com\\\/tampa\\\/erectile-dysfunction\\\/#primaryimage\"},\"thumbnailUrl\":\"http:\\\/\\\/arvivaesthetics.com\\\/wp-content\\\/uploads\\\/2018\\\/11\\\/erectile-dysfuction-treatment-tampa-miami.jpg\",\"datePublished\":\"2019-09-11T19:50:55+00:00\",\"dateModified\":\"2025-04-06T23:12:18+00:00\",\"description\":\"Do you have Erectile Dysfunction? Discover the Shockwave Treatment for Erectile Dysfunction by Arviv Aesthetics in Tampa, FL. Restore your confidence today.\",\"breadcrumb\":{\"@id\":\"https:\\\/\\\/arvivaesthetics.com\\\/tampa\\\/erectile-dysfunction\\\/#breadcrumb\"},\"inLanguage\":\"es\",\"potentialAction\":[{\"@type\":\"ReadAction\",\"target\":[\"https:\\\/\\\/arvivaesthetics.com\\\/tampa\\\/erectile-dysfunction\\\/\"]}]},{\"@type\":\"ImageObject\",\"inLanguage\":\"es\",\"@id\":\"https:\\\/\\\/arvivaesthetics.com\\\/tampa\\\/erectile-dysfunction\\\/#primaryimage\",\"url\":\"http:\\\/\\\/arvivaesthetics.com\\\/wp-content\\\/uploads\\\/2018\\\/11\\\/erectile-dysfuction-treatment-tampa-miami.jpg\",\"contentUrl\":\"http:\\\/\\\/arvivaesthetics.com\\\/wp-content\\\/uploads\\\/2018\\\/11\\\/erectile-dysfuction-treatment-tampa-miami.jpg\"},{\"@type\":\"BreadcrumbList\",\"@id\":\"https:\\\/\\\/arvivaesthetics.com\\\/tampa\\\/erectile-dysfunction\\\/#breadcrumb\",\"itemListElement\":[{\"@type\":\"ListItem\",\"position\":1,\"name\":\"Home\",\"item\":\"https:\\\/\\\/arvivaesthetics.com\\\/\"},{\"@type\":\"ListItem\",\"position\":2,\"name\":\"Tampa Med Spa for Injectables &#038; Cosmetic Treatments\",\"item\":\"https:\\\/\\\/arvivaesthetics.com\\\/tampa\\\/\"},{\"@type\":\"ListItem\",\"position\":3,\"name\":\"Shockwave Treatment for Erectile Dysfunction in Tampa\"}]},{\"@type\":\"WebSite\",\"@id\":\"https:\\\/\\\/arvivaesthetics.com\\\/#website\",\"url\":\"https:\\\/\\\/arvivaesthetics.com\\\/\",\"name\":\"Arviv Medical Aesthetics\",\"description\":\"\",\"publisher\":{\"@id\":\"https:\\\/\\\/arvivaesthetics.com\\\/#organization\"},\"potentialAction\":[{\"@type\":\"SearchAction\",\"target\":{\"@type\":\"EntryPoint\",\"urlTemplate\":\"https:\\\/\\\/arvivaesthetics.com\\\/?s={search_term_string}\"},\"query-input\":{\"@type\":\"PropertyValueSpecification\",\"valueRequired\":true,\"valueName\":\"search_term_string\"}}],\"inLanguage\":\"es\"},{\"@type\":\"Organization\",\"@id\":\"https:\\\/\\\/arvivaesthetics.com\\\/#organization\",\"name\":\"Arviv Medical Aesthetics\",\"url\":\"https:\\\/\\\/arvivaesthetics.com\\\/\",\"logo\":{\"@type\":\"ImageObject\",\"inLanguage\":\"es\",\"@id\":\"https:\\\/\\\/arvivaesthetics.com\\\/#\\\/schema\\\/logo\\\/image\\\/\",\"url\":\"https:\\\/\\\/arvivaesthetics.com\\\/wp-content\\\/uploads\\\/2016\\\/11\\\/arvivIcon.png\",\"contentUrl\":\"https:\\\/\\\/arvivaesthetics.com\\\/wp-content\\\/uploads\\\/2016\\\/11\\\/arvivIcon.png\",\"width\":86,\"height\":42,\"caption\":\"Arviv Medical Aesthetics\"},\"image\":{\"@id\":\"https:\\\/\\\/arvivaesthetics.com\\\/#\\\/schema\\\/logo\\\/image\\\/\"},\"sameAs\":[\"https:\\\/\\\/www.facebook.com\\\/arvivmedicalaesthetics\\\/\",\"https:\\\/\\\/x.com\\\/ArvivAesthetics\",\"https:\\\/\\\/www.instagram.com\\\/arviv_aesthetics\\\/\",\"https:\\\/\\\/www.youtube.com\\\/user\\\/Arvivaesthetics\"]}]}<\/script>\n<!-- \/ Yoast SEO plugin. -->","yoast_head_json":{"title":"Tratamiento de la Disfunci\u00f3n Er\u00e9ctil en Tampa | Precios &amp; Info | Arviv Medical Aesthetics","description":"\u00bfTiene Disfunci\u00f3n Er\u00e9ctil? Descubra el Tratamiento de Ondas de Choque para la Disfunci\u00f3n Er\u00e9ctil por Arviv Aesthetics en Tampa, FL. Recupere su confianza hoy mismo.","robots":{"index":"index","follow":"follow","max-snippet":"max-snippet:-1","max-image-preview":"max-image-preview:large","max-video-preview":"max-video-preview:-1"},"canonical":"https:\/\/arvivaesthetics.com\/es\/tampa\/disfuncion-erectil\/","og_locale":"es_MX","og_type":"article","og_title":"Erectile Dysfunction Treatment in Tampa | Prices & Info | Arviv Medical Aesthetics","og_description":"Do you have Erectile Dysfunction? Discover the Shockwave Treatment for Erectile Dysfunction by Arviv Aesthetics in Tampa, FL. Restore your confidence today.","og_url":"https:\/\/arvivaesthetics.com\/es\/tampa\/disfuncion-erectil\/","og_site_name":"Arviv Medical Aesthetics","article_publisher":"https:\/\/www.facebook.com\/arvivmedicalaesthetics\/","article_modified_time":"2025-04-06T23:12:18+00:00","og_image":[{"width":1920,"height":683,"url":"https:\/\/arvivaesthetics.com\/wp-content\/uploads\/2018\/11\/erectile-dysfuction-treatment-tampa-miami.jpg","type":"image\/jpeg"}],"twitter_card":"summary_large_image","twitter_site":"@ArvivAesthetics","twitter_misc":{"Tiempo de lectura":"5 minutos"},"schema":{"@context":"https:\/\/schema.org","@graph":[{"@type":"WebPage","@id":"https:\/\/arvivaesthetics.com\/tampa\/shockwave-treatment-for-erectile-dysfunction\/","url":"https:\/\/arvivaesthetics.com\/tampa\/erectile-dysfunction\/","name":"Tratamiento de la Disfunci\u00f3n Er\u00e9ctil en Tampa | Precios &amp; Info | Arviv Medical Aesthetics","isPartOf":{"@id":"https:\/\/arvivaesthetics.com\/#website"},"primaryImageOfPage":{"@id":"https:\/\/arvivaesthetics.com\/tampa\/erectile-dysfunction\/#primaryimage"},"image":{"@id":"https:\/\/arvivaesthetics.com\/tampa\/erectile-dysfunction\/#primaryimage"},"thumbnailUrl":"http:\/\/arvivaesthetics.com\/wp-content\/uploads\/2018\/11\/erectile-dysfuction-treatment-tampa-miami.jpg","datePublished":"2019-09-11T19:50:55+00:00","dateModified":"2025-04-06T23:12:18+00:00","description":"\u00bfTiene Disfunci\u00f3n Er\u00e9ctil? Descubra el Tratamiento de Ondas de Choque para la Disfunci\u00f3n Er\u00e9ctil por Arviv Aesthetics en Tampa, FL. Recupere su confianza hoy mismo.","breadcrumb":{"@id":"https:\/\/arvivaesthetics.com\/tampa\/erectile-dysfunction\/#breadcrumb"},"inLanguage":"es","potentialAction":[{"@type":"ReadAction","target":["https:\/\/arvivaesthetics.com\/tampa\/erectile-dysfunction\/"]}]},{"@type":"ImageObject","inLanguage":"es","@id":"https:\/\/arvivaesthetics.com\/tampa\/erectile-dysfunction\/#primaryimage","url":"http:\/\/arvivaesthetics.com\/wp-content\/uploads\/2018\/11\/erectile-dysfuction-treatment-tampa-miami.jpg","contentUrl":"http:\/\/arvivaesthetics.com\/wp-content\/uploads\/2018\/11\/erectile-dysfuction-treatment-tampa-miami.jpg"},{"@type":"BreadcrumbList","@id":"https:\/\/arvivaesthetics.com\/tampa\/erectile-dysfunction\/#breadcrumb","itemListElement":[{"@type":"ListItem","position":1,"name":"Home","item":"https:\/\/arvivaesthetics.com\/"},{"@type":"ListItem","position":2,"name":"Tampa Med Spa for Injectables &#038; Cosmetic Treatments","item":"https:\/\/arvivaesthetics.com\/tampa\/"},{"@type":"ListItem","position":3,"name":"Shockwave Treatment for Erectile Dysfunction in Tampa"}]},{"@type":"WebSite","@id":"https:\/\/arvivaesthetics.com\/#website","url":"https:\/\/arvivaesthetics.com\/","name":"Arviv Est\u00e9tica M\u00e9dica","description":"","publisher":{"@id":"https:\/\/arvivaesthetics.com\/#organization"},"potentialAction":[{"@type":"SearchAction","target":{"@type":"EntryPoint","urlTemplate":"https:\/\/arvivaesthetics.com\/?s={search_term_string}"},"query-input":{"@type":"PropertyValueSpecification","valueRequired":true,"valueName":"search_term_string"}}],"inLanguage":"es"},{"@type":"Organization","@id":"https:\/\/arvivaesthetics.com\/#organization","name":"Arviv Est\u00e9tica M\u00e9dica","url":"https:\/\/arvivaesthetics.com\/","logo":{"@type":"ImageObject","inLanguage":"es","@id":"https:\/\/arvivaesthetics.com\/#\/schema\/logo\/image\/","url":"https:\/\/arvivaesthetics.com\/wp-content\/uploads\/2016\/11\/arvivIcon.png","contentUrl":"https:\/\/arvivaesthetics.com\/wp-content\/uploads\/2016\/11\/arvivIcon.png","width":86,"height":42,"caption":"Arviv Medical Aesthetics"},"image":{"@id":"https:\/\/arvivaesthetics.com\/#\/schema\/logo\/image\/"},"sameAs":["https:\/\/www.facebook.com\/arvivmedicalaesthetics\/","https:\/\/x.com\/ArvivAesthetics","https:\/\/www.instagram.com\/arviv_aesthetics\/","https:\/\/www.youtube.com\/user\/Arvivaesthetics"]}]}},"_links":{"self":[{"href":"https:\/\/arvivaesthetics.com\/es\/wp-json\/wp\/v2\/pages\/9944","targetHints":{"allow":["GET"]}}],"collection":[{"href":"https:\/\/arvivaesthetics.com\/es\/wp-json\/wp\/v2\/pages"}],"about":[{"href":"https:\/\/arvivaesthetics.com\/es\/wp-json\/wp\/v2\/types\/page"}],"author":[{"embeddable":true,"href":"https:\/\/arvivaesthetics.com\/es\/wp-json\/wp\/v2\/users\/32"}],"replies":[{"embeddable":true,"href":"https:\/\/arvivaesthetics.com\/es\/wp-json\/wp\/v2\/comments?post=9944"}],"version-history":[{"count":0,"href":"https:\/\/arvivaesthetics.com\/es\/wp-json\/wp\/v2\/pages\/9944\/revisions"}],"up":[{"embeddable":true,"href":"https:\/\/arvivaesthetics.com\/es\/wp-json\/wp\/v2\/pages\/171"}],"wp:attachment":[{"href":"https:\/\/arvivaesthetics.com\/es\/wp-json\/wp\/v2\/media?parent=9944"}],"curies":[{"name":"wp","href":"https:\/\/api.w.org\/{rel}","templated":true}]}}